{"id":997,"date":"2024-09-17T19:36:47","date_gmt":"2024-09-17T19:36:47","guid":{"rendered":"https:\/\/mystictemple.cz\/?post_type=product&#038;p=997"},"modified":"2025-08-14T21:27:29","modified_gmt":"2025-08-14T21:27:29","slug":"thalgo-kosmetika-pletova","status":"publish","type":"product","link":"https:\/\/mystictemple.cz\/en\/product\/thalgo-kosmetika-pletova\/","title":{"rendered":"THALGO \u2013 facial skincare"},"content":{"rendered":"<div class=\"av-special-heading av-2n1per-07761c0471f102c325d6480da552a674 av-special-heading-h1 custom-color-heading blockquote modern-quote avia-builder-el-2 el_after_av_gallery el_before_av_textblock\">\n<div class=\"av-special-heading av-2km99i-fabece1403dc5ef936d099f75070df8c av-special-heading-h1 custom-color-heading blockquote modern-quote avia-builder-el-2 el_after_av_gallery el_before_av_textblock\">\n<div class=\"av-special-heading av-87mu0-27d34b47e3e989c950cbf58d1c1eec61 av-special-heading-h1 custom-color-heading blockquote modern-quote avia-builder-el-2 el_after_av_gallery el_before_av_textblock\">\n<div class=\"av-special-heading av-35kabx-3a0a6c2ba469f913ceb665f8f59dab1c av-special-heading-h1 custom-color-heading blockquote modern-quote avia-builder-el-2 el_after_av_gallery el_before_av_textblock\">\n<p><strong>Hydrating treatment<\/strong><\/p>\n<p>This treatment combats dehydration. It includes cleansing, peeling, raspberry extract, massage, a hydrating mask, hydrating serum, sea nectar, and a day cream.<\/p>\n<p><strong>Cleansing treatment<\/strong><\/p>\n<p>Treatment for very problematic, oily, and acne-prone skin. To help customers get rid of small skin inflammations and imperfections, it is recommended to undergo the entire treatment course.<\/p>\n<p><strong>Vy\u017eivuj\u00edc\u00ed o\u0161et\u0159en\u00ed<\/strong><\/p>\n<p>Oxygenate and invigorate sagging, pale and stressed skin suffering in a polluted urban environment. Especially suitable for smokers.<\/p>\n<p><strong>Prodige Anti Age<\/strong><\/p>\n<p>A treatment suitable for mature skin for women aged 35 and over, firming and reducing wrinkles. Includes make-up removal, exfoliation, facial contouring cream containing marine nectar.<\/p>\n<\/div>\n<\/div>\n<\/div>\n<\/div>","protected":false},"excerpt":{"rendered":"<p>Hydrating treatment<\/p>\n<p>Cleansing treatment<\/p>\n<p>Vy\u017eivuj\u00edc\u00ed<\/p>\n<p>Prodige Anti Age<\/p>\n<p>&nbsp;<\/p>","protected":false},"featured_media":1003,"template":"","meta":[],"product_brand":[],"product_cat":[33],"product_tag":[],"class_list":{"0":"post-997","1":"product","2":"type-product","3":"status-publish","4":"has-post-thumbnail","6":"product_cat-kosmetika","8":"first","9":"instock","10":"sold-individually","11":"taxable","12":"shipping-taxable","13":"purchasable","14":"product-type-variable"},"yoast_head":"<!-- This site is optimized with the Yoast SEO plugin v27.1.1 - https:\/\/yoast.com\/product\/yoast-seo-wordpress\/ -->\n<title>Luxusn\u00ed ple\u0165ov\u00e1 kosmetika v centru Prahy<\/title>\n<meta name=\"description\" content=\"Luxusn\u00ed ple\u0165ov\u00e1 kosmetika v centru Prahy. Blahod\u00e1rn\u00e1 o\u0161et\u0159en\u00ed spojen\u00e1 s mas\u00e1\u017eemi, ozdravn\u00fdmi ritu\u00e1ly i aromaterapi\u00ed. \u27b0\" \/>\n<meta name=\"robots\" content=\"index, follow, max-snippet:-1, max-image-preview:large, max-video-preview:-1\" \/>\n<link rel=\"canonical\" href=\"https:\/\/mystictemple.cz\/en\/product\/thalgo-kosmetika-pletova\/\" \/>\n<meta property=\"og:locale\" content=\"en_US\" \/>\n<meta property=\"og:type\" content=\"article\" \/>\n<meta property=\"og:title\" content=\"Luxusn\u00ed ple\u0165ov\u00e1 kosmetika v centru Prahy\" \/>\n<meta property=\"og:description\" content=\"Luxusn\u00ed ple\u0165ov\u00e1 kosmetika v centru Prahy. Blahod\u00e1rn\u00e1 o\u0161et\u0159en\u00ed spojen\u00e1 s mas\u00e1\u017eemi, ozdravn\u00fdmi ritu\u00e1ly i aromaterapi\u00ed. \u27b0\" \/>\n<meta property=\"og:url\" content=\"https:\/\/mystictemple.cz\/en\/product\/thalgo-kosmetika-pletova\/\" \/>\n<meta property=\"og:site_name\" content=\"Mystic Temple\" \/>\n<meta property=\"article:modified_time\" content=\"2025-08-14T21:27:29+00:00\" \/>\n<meta property=\"og:image\" content=\"https:\/\/mystictemple.cz\/wp-content\/uploads\/2024\/09\/23376390_1921596211191087_1071868302155520399_n.jpg\" \/>\n\t<meta property=\"og:image:width\" content=\"960\" \/>\n\t<meta property=\"og:image:height\" content=\"638\" \/>\n\t<meta property=\"og:image:type\" content=\"image\/jpeg\" \/>\n<meta name=\"twitter:card\" content=\"summary_large_image\" \/>\n<meta name=\"twitter:label1\" content=\"Est. reading time\" \/>\n\t<meta name=\"twitter:data1\" content=\"1 minute\" \/>\n<script type=\"application\/ld+json\" class=\"yoast-schema-graph\">{\"@context\":\"https:\/\/schema.org\",\"@graph\":[{\"@type\":\"WebPage\",\"@id\":\"https:\/\/mystictemple.cz\/product\/thalgo-kosmetika-pletova\/\",\"url\":\"https:\/\/mystictemple.cz\/product\/thalgo-kosmetika-pletova\/\",\"name\":\"Luxusn\u00ed ple\u0165ov\u00e1 kosmetika v centru Prahy\",\"isPartOf\":{\"@id\":\"https:\/\/mystictemple.cz\/#website\"},\"primaryImageOfPage\":{\"@id\":\"https:\/\/mystictemple.cz\/product\/thalgo-kosmetika-pletova\/#primaryimage\"},\"image\":{\"@id\":\"https:\/\/mystictemple.cz\/product\/thalgo-kosmetika-pletova\/#primaryimage\"},\"thumbnailUrl\":\"https:\/\/mystictemple.cz\/wp-content\/uploads\/2024\/09\/23376390_1921596211191087_1071868302155520399_n.jpg\",\"datePublished\":\"2024-09-17T19:36:47+00:00\",\"dateModified\":\"2025-08-14T21:27:29+00:00\",\"description\":\"Luxusn\u00ed ple\u0165ov\u00e1 kosmetika v centru Prahy. Blahod\u00e1rn\u00e1 o\u0161et\u0159en\u00ed spojen\u00e1 s mas\u00e1\u017eemi, ozdravn\u00fdmi ritu\u00e1ly i aromaterapi\u00ed. \u27b0\",\"breadcrumb\":{\"@id\":\"https:\/\/mystictemple.cz\/product\/thalgo-kosmetika-pletova\/#breadcrumb\"},\"inLanguage\":\"en-US\",\"potentialAction\":[{\"@type\":\"ReadAction\",\"target\":[\"https:\/\/mystictemple.cz\/product\/thalgo-kosmetika-pletova\/\"]}]},{\"@type\":\"ImageObject\",\"inLanguage\":\"en-US\",\"@id\":\"https:\/\/mystictemple.cz\/product\/thalgo-kosmetika-pletova\/#primaryimage\",\"url\":\"https:\/\/mystictemple.cz\/wp-content\/uploads\/2024\/09\/23376390_1921596211191087_1071868302155520399_n.jpg\",\"contentUrl\":\"https:\/\/mystictemple.cz\/wp-content\/uploads\/2024\/09\/23376390_1921596211191087_1071868302155520399_n.jpg\",\"width\":960,\"height\":638,\"caption\":\"Luxusn\u00ed ple\u0165ov\u00e1 kosmetika v centru Prahy\"},{\"@type\":\"BreadcrumbList\",\"@id\":\"https:\/\/mystictemple.cz\/product\/thalgo-kosmetika-pletova\/#breadcrumb\",\"itemListElement\":[{\"@type\":\"ListItem\",\"position\":1,\"name\":\"Dom\u016f\",\"item\":\"https:\/\/mystictemple.cz\/\"},{\"@type\":\"ListItem\",\"position\":2,\"name\":\"Produkty\",\"item\":\"https:\/\/mystictemple.cz\/shop\/\"},{\"@type\":\"ListItem\",\"position\":3,\"name\":\"THALGO \u2013 kosmetika ple\u0165ov\u00e1\"}]},{\"@type\":\"WebSite\",\"@id\":\"https:\/\/mystictemple.cz\/#website\",\"url\":\"https:\/\/mystictemple.cz\/\",\"name\":\"Mystic Temple\",\"description\":\"Mystic Temple je mas\u00e1\u017en\u00ed salon v centru Prahy, kter\u00fd nab\u00edz\u00ed \u0161irokou \u0161k\u00e1lu relaxa\u010dn\u00edch a terapeutick\u00fdch mas\u00e1\u017e\u00ed. Na na\u0161em webu si m\u016f\u017eete snadno vybrat mas\u00e1\u017e, vlo\u017eit ji do ko\u0161\u00edku, zaplatit online a ihned obdr\u017eet d\u00e1rkov\u00fd voucher s unik\u00e1tn\u00edm k\u00f3dem. Voucher pak m\u016f\u017eete uplatnit p\u0159\u00edmo na recepci salonu. Rezervace je mo\u017en\u00e1 telefonicky nebo online. Otev\u0159eno m\u00e1me denn\u011b od 9:00 do 21:00.\",\"publisher\":{\"@id\":\"https:\/\/mystictemple.cz\/#organization\"},\"potentialAction\":[{\"@type\":\"SearchAction\",\"target\":{\"@type\":\"EntryPoint\",\"urlTemplate\":\"https:\/\/mystictemple.cz\/?s={search_term_string}\"},\"query-input\":{\"@type\":\"PropertyValueSpecification\",\"valueRequired\":true,\"valueName\":\"search_term_string\"}}],\"inLanguage\":\"en-US\"},{\"@type\":\"Organization\",\"@id\":\"https:\/\/mystictemple.cz\/#organization\",\"name\":\"Mystic Temple\",\"url\":\"https:\/\/mystictemple.cz\/\",\"logo\":{\"@type\":\"ImageObject\",\"inLanguage\":\"en-US\",\"@id\":\"https:\/\/mystictemple.cz\/#\/schema\/logo\/image\/\",\"url\":\"https:\/\/mystictemple.cz\/wp-content\/uploads\/2024\/02\/logo_temple_transparentni-2.png\",\"contentUrl\":\"https:\/\/mystictemple.cz\/wp-content\/uploads\/2024\/02\/logo_temple_transparentni-2.png\",\"width\":781,\"height\":586,\"caption\":\"Mystic Temple\"},\"image\":{\"@id\":\"https:\/\/mystictemple.cz\/#\/schema\/logo\/image\/\"}}]}<\/script>\n<!-- \/ Yoast SEO plugin. -->","yoast_head_json":{"title":"Luxusn\u00ed ple\u0165ov\u00e1 kosmetika v centru Prahy","description":"Luxusn\u00ed ple\u0165ov\u00e1 kosmetika v centru Prahy. Blahod\u00e1rn\u00e1 o\u0161et\u0159en\u00ed spojen\u00e1 s mas\u00e1\u017eemi, ozdravn\u00fdmi ritu\u00e1ly i aromaterapi\u00ed. \u27b0","robots":{"index":"index","follow":"follow","max-snippet":"max-snippet:-1","max-image-preview":"max-image-preview:large","max-video-preview":"max-video-preview:-1"},"canonical":"https:\/\/mystictemple.cz\/en\/product\/thalgo-kosmetika-pletova\/","og_locale":"en_US","og_type":"article","og_title":"Luxusn\u00ed ple\u0165ov\u00e1 kosmetika v centru Prahy","og_description":"Luxusn\u00ed ple\u0165ov\u00e1 kosmetika v centru Prahy. Blahod\u00e1rn\u00e1 o\u0161et\u0159en\u00ed spojen\u00e1 s mas\u00e1\u017eemi, ozdravn\u00fdmi ritu\u00e1ly i aromaterapi\u00ed. \u27b0","og_url":"https:\/\/mystictemple.cz\/en\/product\/thalgo-kosmetika-pletova\/","og_site_name":"Mystic Temple","article_modified_time":"2025-08-14T21:27:29+00:00","og_image":[{"width":960,"height":638,"url":"https:\/\/mystictemple.cz\/wp-content\/uploads\/2024\/09\/23376390_1921596211191087_1071868302155520399_n.jpg","type":"image\/jpeg"}],"twitter_card":"summary_large_image","twitter_misc":{"Est. reading time":"1 minute"},"schema":{"@context":"https:\/\/schema.org","@graph":[{"@type":"WebPage","@id":"https:\/\/mystictemple.cz\/product\/thalgo-kosmetika-pletova\/","url":"https:\/\/mystictemple.cz\/product\/thalgo-kosmetika-pletova\/","name":"Luxusn\u00ed ple\u0165ov\u00e1 kosmetika v centru Prahy","isPartOf":{"@id":"https:\/\/mystictemple.cz\/#website"},"primaryImageOfPage":{"@id":"https:\/\/mystictemple.cz\/product\/thalgo-kosmetika-pletova\/#primaryimage"},"image":{"@id":"https:\/\/mystictemple.cz\/product\/thalgo-kosmetika-pletova\/#primaryimage"},"thumbnailUrl":"https:\/\/mystictemple.cz\/wp-content\/uploads\/2024\/09\/23376390_1921596211191087_1071868302155520399_n.jpg","datePublished":"2024-09-17T19:36:47+00:00","dateModified":"2025-08-14T21:27:29+00:00","description":"Luxusn\u00ed ple\u0165ov\u00e1 kosmetika v centru Prahy. Blahod\u00e1rn\u00e1 o\u0161et\u0159en\u00ed spojen\u00e1 s mas\u00e1\u017eemi, ozdravn\u00fdmi ritu\u00e1ly i aromaterapi\u00ed. \u27b0","breadcrumb":{"@id":"https:\/\/mystictemple.cz\/product\/thalgo-kosmetika-pletova\/#breadcrumb"},"inLanguage":"en-US","potentialAction":[{"@type":"ReadAction","target":["https:\/\/mystictemple.cz\/product\/thalgo-kosmetika-pletova\/"]}]},{"@type":"ImageObject","inLanguage":"en-US","@id":"https:\/\/mystictemple.cz\/product\/thalgo-kosmetika-pletova\/#primaryimage","url":"https:\/\/mystictemple.cz\/wp-content\/uploads\/2024\/09\/23376390_1921596211191087_1071868302155520399_n.jpg","contentUrl":"https:\/\/mystictemple.cz\/wp-content\/uploads\/2024\/09\/23376390_1921596211191087_1071868302155520399_n.jpg","width":960,"height":638,"caption":"Luxusn\u00ed ple\u0165ov\u00e1 kosmetika v centru Prahy"},{"@type":"BreadcrumbList","@id":"https:\/\/mystictemple.cz\/product\/thalgo-kosmetika-pletova\/#breadcrumb","itemListElement":[{"@type":"ListItem","position":1,"name":"Dom\u016f","item":"https:\/\/mystictemple.cz\/"},{"@type":"ListItem","position":2,"name":"Produkty","item":"https:\/\/mystictemple.cz\/shop\/"},{"@type":"ListItem","position":3,"name":"THALGO \u2013 kosmetika ple\u0165ov\u00e1"}]},{"@type":"WebSite","@id":"https:\/\/mystictemple.cz\/#website","url":"https:\/\/mystictemple.cz\/","name":"Mystic Temple","description":"Mystic Temple je mas\u00e1\u017en\u00ed salon v centru Prahy, kter\u00fd nab\u00edz\u00ed \u0161irokou \u0161k\u00e1lu relaxa\u010dn\u00edch a terapeutick\u00fdch mas\u00e1\u017e\u00ed. Na na\u0161em webu si m\u016f\u017eete snadno vybrat mas\u00e1\u017e, vlo\u017eit ji do ko\u0161\u00edku, zaplatit online a ihned obdr\u017eet d\u00e1rkov\u00fd voucher s unik\u00e1tn\u00edm k\u00f3dem. Voucher pak m\u016f\u017eete uplatnit p\u0159\u00edmo na recepci salonu. Rezervace je mo\u017en\u00e1 telefonicky nebo online. Otev\u0159eno m\u00e1me denn\u011b od 9:00 do 21:00.","publisher":{"@id":"https:\/\/mystictemple.cz\/#organization"},"potentialAction":[{"@type":"SearchAction","target":{"@type":"EntryPoint","urlTemplate":"https:\/\/mystictemple.cz\/?s={search_term_string}"},"query-input":{"@type":"PropertyValueSpecification","valueRequired":true,"valueName":"search_term_string"}}],"inLanguage":"en-US"},{"@type":"Organization","@id":"https:\/\/mystictemple.cz\/#organization","name":"Mystic Temple","url":"https:\/\/mystictemple.cz\/","logo":{"@type":"ImageObject","inLanguage":"en-US","@id":"https:\/\/mystictemple.cz\/#\/schema\/logo\/image\/","url":"https:\/\/mystictemple.cz\/wp-content\/uploads\/2024\/02\/logo_temple_transparentni-2.png","contentUrl":"https:\/\/mystictemple.cz\/wp-content\/uploads\/2024\/02\/logo_temple_transparentni-2.png","width":781,"height":586,"caption":"Mystic Temple"},"image":{"@id":"https:\/\/mystictemple.cz\/#\/schema\/logo\/image\/"}}]}},"_links":{"self":[{"href":"https:\/\/mystictemple.cz\/en\/wp-json\/wp\/v2\/product\/997","targetHints":{"allow":["GET"]}}],"collection":[{"href":"https:\/\/mystictemple.cz\/en\/wp-json\/wp\/v2\/product"}],"about":[{"href":"https:\/\/mystictemple.cz\/en\/wp-json\/wp\/v2\/types\/product"}],"wp:featuredmedia":[{"embeddable":true,"href":"https:\/\/mystictemple.cz\/en\/wp-json\/wp\/v2\/media\/1003"}],"wp:attachment":[{"href":"https:\/\/mystictemple.cz\/en\/wp-json\/wp\/v2\/media?parent=997"}],"wp:term":[{"taxonomy":"product_brand","embeddable":true,"href":"https:\/\/mystictemple.cz\/en\/wp-json\/wp\/v2\/product_brand?post=997"},{"taxonomy":"product_cat","embeddable":true,"href":"https:\/\/mystictemple.cz\/en\/wp-json\/wp\/v2\/product_cat?post=997"},{"taxonomy":"product_tag","embeddable":true,"href":"https:\/\/mystictemple.cz\/en\/wp-json\/wp\/v2\/product_tag?post=997"}],"curies":[{"name":"wp","href":"https:\/\/api.w.org\/{rel}","templated":true}]}}