{"id":991,"date":"2024-09-16T21:05:58","date_gmt":"2024-09-16T21:05:58","guid":{"rendered":"https:\/\/mystictemple.cz\/?post_type=product&#038;p=991"},"modified":"2025-08-14T21:34:04","modified_gmt":"2025-08-14T21:34:04","slug":"thalgo-kosmetika-telova","status":"publish","type":"product","link":"https:\/\/mystictemple.cz\/en\/product\/thalgo-kosmetika-telova\/","title":{"rendered":"THALGO \u2013 body skincare"},"content":{"rendered":"<div class=\"av-special-heading av-2n1per-07761c0471f102c325d6480da552a674 av-special-heading-h1 custom-color-heading blockquote modern-quote avia-builder-el-2 el_after_av_gallery el_before_av_textblock\">\n<div class=\"av-special-heading av-2km99i-fabece1403dc5ef936d099f75070df8c av-special-heading-h1 custom-color-heading blockquote modern-quote avia-builder-el-2 el_after_av_gallery el_before_av_textblock\">\n<div class=\"av-special-heading av-87mu0-27d34b47e3e989c950cbf58d1c1eec61 av-special-heading-h1 custom-color-heading blockquote modern-quote avia-builder-el-2 el_after_av_gallery el_before_av_textblock\">\n<div class=\"av-special-heading av-35kabx-3a0a6c2ba469f913ceb665f8f59dab1c av-special-heading-h1 custom-color-heading blockquote modern-quote avia-builder-el-2 el_after_av_gallery el_before_av_textblock\">\n<p><strong>Cleansing treatment for the back<\/strong><br \/>\nIt is a deep cleansing treatment for acne and rash-prone skin. Suitable for psoriasis, eczema, and other skin issues.<\/p>\n<\/div>\n<\/div>\n<\/div>\n<\/div>","protected":false},"excerpt":{"rendered":"<div class=\"av-special-heading av-35kabx-3a0a6c2ba469f913ceb665f8f59dab1c av-special-heading-h1 custom-color-heading blockquote modern-quote avia-builder-el-2 el_after_av_gallery el_before_av_textblock\">\n<p>Cleansing treatment for the back<\/p>\n<p>It is a deep cleansing treatment for acne and rash-prone skin. Suitable for psoriasis, eczema, and other skin issues.<\/p>\n<\/div>","protected":false},"featured_media":995,"template":"","meta":[],"product_brand":[],"product_cat":[33],"product_tag":[],"class_list":{"0":"post-991","1":"product","2":"type-product","3":"status-publish","4":"has-post-thumbnail","6":"product_cat-kosmetika","8":"first","9":"instock","10":"sold-individually","11":"taxable","12":"shipping-taxable","13":"purchasable","14":"product-type-variable"},"yoast_head":"<!-- This site is optimized with the Yoast SEO plugin v27.1.1 - https:\/\/yoast.com\/product\/yoast-seo-wordpress\/ -->\n<title>T\u011blov\u00e1 kosmetika Thalgo v kosmetick\u00e9m studiu<\/title>\n<meta name=\"description\" content=\"V na\u0161em kosmetick\u00e9m studiu v centru Prahy hraje prim t\u011blov\u00e1 kosmetika Thalgo. Vyzkou\u0161ejte luxusn\u00ed o\u0161et\u0159en\u00ed na vlastn\u00ed k\u016f\u017ei. \u2728\" \/>\n<meta name=\"robots\" content=\"index, follow, max-snippet:-1, max-image-preview:large, max-video-preview:-1\" \/>\n<link rel=\"canonical\" href=\"https:\/\/mystictemple.cz\/en\/product\/thalgo-kosmetika-telova\/\" \/>\n<meta property=\"og:locale\" content=\"en_US\" \/>\n<meta property=\"og:type\" content=\"article\" \/>\n<meta property=\"og:title\" content=\"T\u011blov\u00e1 kosmetika Thalgo v kosmetick\u00e9m studiu\" \/>\n<meta property=\"og:description\" content=\"V na\u0161em kosmetick\u00e9m studiu v centru Prahy hraje prim t\u011blov\u00e1 kosmetika Thalgo. Vyzkou\u0161ejte luxusn\u00ed o\u0161et\u0159en\u00ed na vlastn\u00ed k\u016f\u017ei. \u2728\" \/>\n<meta property=\"og:url\" content=\"https:\/\/mystictemple.cz\/en\/product\/thalgo-kosmetika-telova\/\" \/>\n<meta property=\"og:site_name\" content=\"Mystic Temple\" \/>\n<meta property=\"article:modified_time\" content=\"2025-08-14T21:34:04+00:00\" \/>\n<meta property=\"og:image\" content=\"https:\/\/mystictemple.cz\/wp-content\/uploads\/2024\/09\/photos_fichier_1431.jpg\" \/>\n\t<meta property=\"og:image:width\" content=\"1000\" \/>\n\t<meta property=\"og:image:height\" content=\"1000\" \/>\n\t<meta property=\"og:image:type\" content=\"image\/jpeg\" \/>\n<meta name=\"twitter:card\" content=\"summary_large_image\" \/>\n<meta name=\"twitter:label1\" content=\"Est. reading time\" \/>\n\t<meta name=\"twitter:data1\" content=\"1 minute\" \/>\n<script type=\"application\/ld+json\" class=\"yoast-schema-graph\">{\"@context\":\"https:\/\/schema.org\",\"@graph\":[{\"@type\":\"WebPage\",\"@id\":\"https:\/\/mystictemple.cz\/product\/thalgo-kosmetika-telova\/\",\"url\":\"https:\/\/mystictemple.cz\/product\/thalgo-kosmetika-telova\/\",\"name\":\"T\u011blov\u00e1 kosmetika Thalgo v kosmetick\u00e9m studiu\",\"isPartOf\":{\"@id\":\"https:\/\/mystictemple.cz\/#website\"},\"primaryImageOfPage\":{\"@id\":\"https:\/\/mystictemple.cz\/product\/thalgo-kosmetika-telova\/#primaryimage\"},\"image\":{\"@id\":\"https:\/\/mystictemple.cz\/product\/thalgo-kosmetika-telova\/#primaryimage\"},\"thumbnailUrl\":\"https:\/\/mystictemple.cz\/wp-content\/uploads\/2024\/09\/photos_fichier_1431.jpg\",\"datePublished\":\"2024-09-16T21:05:58+00:00\",\"dateModified\":\"2025-08-14T21:34:04+00:00\",\"description\":\"V na\u0161em kosmetick\u00e9m studiu v centru Prahy hraje prim t\u011blov\u00e1 kosmetika Thalgo. Vyzkou\u0161ejte luxusn\u00ed o\u0161et\u0159en\u00ed na vlastn\u00ed k\u016f\u017ei. \u2728\",\"breadcrumb\":{\"@id\":\"https:\/\/mystictemple.cz\/product\/thalgo-kosmetika-telova\/#breadcrumb\"},\"inLanguage\":\"en-US\",\"potentialAction\":[{\"@type\":\"ReadAction\",\"target\":[\"https:\/\/mystictemple.cz\/product\/thalgo-kosmetika-telova\/\"]}]},{\"@type\":\"ImageObject\",\"inLanguage\":\"en-US\",\"@id\":\"https:\/\/mystictemple.cz\/product\/thalgo-kosmetika-telova\/#primaryimage\",\"url\":\"https:\/\/mystictemple.cz\/wp-content\/uploads\/2024\/09\/photos_fichier_1431.jpg\",\"contentUrl\":\"https:\/\/mystictemple.cz\/wp-content\/uploads\/2024\/09\/photos_fichier_1431.jpg\",\"width\":1000,\"height\":1000,\"caption\":\"T\u011blov\u00e1 kosmetika Thalgo v kosmetick\u00e9m studiu\"},{\"@type\":\"BreadcrumbList\",\"@id\":\"https:\/\/mystictemple.cz\/product\/thalgo-kosmetika-telova\/#breadcrumb\",\"itemListElement\":[{\"@type\":\"ListItem\",\"position\":1,\"name\":\"Dom\u016f\",\"item\":\"https:\/\/mystictemple.cz\/\"},{\"@type\":\"ListItem\",\"position\":2,\"name\":\"Produkty\",\"item\":\"https:\/\/mystictemple.cz\/shop\/\"},{\"@type\":\"ListItem\",\"position\":3,\"name\":\"THALGO \u2013 kosmetika t\u011blov\u00e1\"}]},{\"@type\":\"WebSite\",\"@id\":\"https:\/\/mystictemple.cz\/#website\",\"url\":\"https:\/\/mystictemple.cz\/\",\"name\":\"Mystic Temple\",\"description\":\"Mystic Temple je mas\u00e1\u017en\u00ed salon v centru Prahy, kter\u00fd nab\u00edz\u00ed \u0161irokou \u0161k\u00e1lu relaxa\u010dn\u00edch a terapeutick\u00fdch mas\u00e1\u017e\u00ed. Na na\u0161em webu si m\u016f\u017eete snadno vybrat mas\u00e1\u017e, vlo\u017eit ji do ko\u0161\u00edku, zaplatit online a ihned obdr\u017eet d\u00e1rkov\u00fd voucher s unik\u00e1tn\u00edm k\u00f3dem. Voucher pak m\u016f\u017eete uplatnit p\u0159\u00edmo na recepci salonu. Rezervace je mo\u017en\u00e1 telefonicky nebo online. Otev\u0159eno m\u00e1me denn\u011b od 9:00 do 21:00.\",\"publisher\":{\"@id\":\"https:\/\/mystictemple.cz\/#organization\"},\"potentialAction\":[{\"@type\":\"SearchAction\",\"target\":{\"@type\":\"EntryPoint\",\"urlTemplate\":\"https:\/\/mystictemple.cz\/?s={search_term_string}\"},\"query-input\":{\"@type\":\"PropertyValueSpecification\",\"valueRequired\":true,\"valueName\":\"search_term_string\"}}],\"inLanguage\":\"en-US\"},{\"@type\":\"Organization\",\"@id\":\"https:\/\/mystictemple.cz\/#organization\",\"name\":\"Mystic Temple\",\"url\":\"https:\/\/mystictemple.cz\/\",\"logo\":{\"@type\":\"ImageObject\",\"inLanguage\":\"en-US\",\"@id\":\"https:\/\/mystictemple.cz\/#\/schema\/logo\/image\/\",\"url\":\"https:\/\/mystictemple.cz\/wp-content\/uploads\/2024\/02\/logo_temple_transparentni-2.png\",\"contentUrl\":\"https:\/\/mystictemple.cz\/wp-content\/uploads\/2024\/02\/logo_temple_transparentni-2.png\",\"width\":781,\"height\":586,\"caption\":\"Mystic Temple\"},\"image\":{\"@id\":\"https:\/\/mystictemple.cz\/#\/schema\/logo\/image\/\"}}]}<\/script>\n<!-- \/ Yoast SEO plugin. -->","yoast_head_json":{"title":"Thalgo body cosmetics in the beauty salon","description":"V na\u0161em kosmetick\u00e9m studiu v centru Prahy hraje prim t\u011blov\u00e1 kosmetika Thalgo. Vyzkou\u0161ejte luxusn\u00ed o\u0161et\u0159en\u00ed na vlastn\u00ed k\u016f\u017ei. \u2728","robots":{"index":"index","follow":"follow","max-snippet":"max-snippet:-1","max-image-preview":"max-image-preview:large","max-video-preview":"max-video-preview:-1"},"canonical":"https:\/\/mystictemple.cz\/en\/product\/thalgo-kosmetika-telova\/","og_locale":"en_US","og_type":"article","og_title":"T\u011blov\u00e1 kosmetika Thalgo v kosmetick\u00e9m studiu","og_description":"V na\u0161em kosmetick\u00e9m studiu v centru Prahy hraje prim t\u011blov\u00e1 kosmetika Thalgo. Vyzkou\u0161ejte luxusn\u00ed o\u0161et\u0159en\u00ed na vlastn\u00ed k\u016f\u017ei. \u2728","og_url":"https:\/\/mystictemple.cz\/en\/product\/thalgo-kosmetika-telova\/","og_site_name":"Mystic Temple","article_modified_time":"2025-08-14T21:34:04+00:00","og_image":[{"width":1000,"height":1000,"url":"https:\/\/mystictemple.cz\/wp-content\/uploads\/2024\/09\/photos_fichier_1431.jpg","type":"image\/jpeg"}],"twitter_card":"summary_large_image","twitter_misc":{"Est. reading time":"1 minute"},"schema":{"@context":"https:\/\/schema.org","@graph":[{"@type":"WebPage","@id":"https:\/\/mystictemple.cz\/product\/thalgo-kosmetika-telova\/","url":"https:\/\/mystictemple.cz\/product\/thalgo-kosmetika-telova\/","name":"Thalgo body cosmetics in the beauty salon","isPartOf":{"@id":"https:\/\/mystictemple.cz\/#website"},"primaryImageOfPage":{"@id":"https:\/\/mystictemple.cz\/product\/thalgo-kosmetika-telova\/#primaryimage"},"image":{"@id":"https:\/\/mystictemple.cz\/product\/thalgo-kosmetika-telova\/#primaryimage"},"thumbnailUrl":"https:\/\/mystictemple.cz\/wp-content\/uploads\/2024\/09\/photos_fichier_1431.jpg","datePublished":"2024-09-16T21:05:58+00:00","dateModified":"2025-08-14T21:34:04+00:00","description":"V na\u0161em kosmetick\u00e9m studiu v centru Prahy hraje prim t\u011blov\u00e1 kosmetika Thalgo. Vyzkou\u0161ejte luxusn\u00ed o\u0161et\u0159en\u00ed na vlastn\u00ed k\u016f\u017ei. \u2728","breadcrumb":{"@id":"https:\/\/mystictemple.cz\/product\/thalgo-kosmetika-telova\/#breadcrumb"},"inLanguage":"en-US","potentialAction":[{"@type":"ReadAction","target":["https:\/\/mystictemple.cz\/product\/thalgo-kosmetika-telova\/"]}]},{"@type":"ImageObject","inLanguage":"en-US","@id":"https:\/\/mystictemple.cz\/product\/thalgo-kosmetika-telova\/#primaryimage","url":"https:\/\/mystictemple.cz\/wp-content\/uploads\/2024\/09\/photos_fichier_1431.jpg","contentUrl":"https:\/\/mystictemple.cz\/wp-content\/uploads\/2024\/09\/photos_fichier_1431.jpg","width":1000,"height":1000,"caption":"T\u011blov\u00e1 kosmetika Thalgo v kosmetick\u00e9m studiu"},{"@type":"BreadcrumbList","@id":"https:\/\/mystictemple.cz\/product\/thalgo-kosmetika-telova\/#breadcrumb","itemListElement":[{"@type":"ListItem","position":1,"name":"Dom\u016f","item":"https:\/\/mystictemple.cz\/"},{"@type":"ListItem","position":2,"name":"Produkty","item":"https:\/\/mystictemple.cz\/shop\/"},{"@type":"ListItem","position":3,"name":"THALGO \u2013 kosmetika t\u011blov\u00e1"}]},{"@type":"WebSite","@id":"https:\/\/mystictemple.cz\/#website","url":"https:\/\/mystictemple.cz\/","name":"Mystic Temple","description":"Mystic Temple je mas\u00e1\u017en\u00ed salon v centru Prahy, kter\u00fd nab\u00edz\u00ed \u0161irokou \u0161k\u00e1lu relaxa\u010dn\u00edch a terapeutick\u00fdch mas\u00e1\u017e\u00ed. Na na\u0161em webu si m\u016f\u017eete snadno vybrat mas\u00e1\u017e, vlo\u017eit ji do ko\u0161\u00edku, zaplatit online a ihned obdr\u017eet d\u00e1rkov\u00fd voucher s unik\u00e1tn\u00edm k\u00f3dem. Voucher pak m\u016f\u017eete uplatnit p\u0159\u00edmo na recepci salonu. Rezervace je mo\u017en\u00e1 telefonicky nebo online. Otev\u0159eno m\u00e1me denn\u011b od 9:00 do 21:00.","publisher":{"@id":"https:\/\/mystictemple.cz\/#organization"},"potentialAction":[{"@type":"SearchAction","target":{"@type":"EntryPoint","urlTemplate":"https:\/\/mystictemple.cz\/?s={search_term_string}"},"query-input":{"@type":"PropertyValueSpecification","valueRequired":true,"valueName":"search_term_string"}}],"inLanguage":"en-US"},{"@type":"Organization","@id":"https:\/\/mystictemple.cz\/#organization","name":"Mystic Temple","url":"https:\/\/mystictemple.cz\/","logo":{"@type":"ImageObject","inLanguage":"en-US","@id":"https:\/\/mystictemple.cz\/#\/schema\/logo\/image\/","url":"https:\/\/mystictemple.cz\/wp-content\/uploads\/2024\/02\/logo_temple_transparentni-2.png","contentUrl":"https:\/\/mystictemple.cz\/wp-content\/uploads\/2024\/02\/logo_temple_transparentni-2.png","width":781,"height":586,"caption":"Mystic Temple"},"image":{"@id":"https:\/\/mystictemple.cz\/#\/schema\/logo\/image\/"}}]}},"_links":{"self":[{"href":"https:\/\/mystictemple.cz\/en\/wp-json\/wp\/v2\/product\/991","targetHints":{"allow":["GET"]}}],"collection":[{"href":"https:\/\/mystictemple.cz\/en\/wp-json\/wp\/v2\/product"}],"about":[{"href":"https:\/\/mystictemple.cz\/en\/wp-json\/wp\/v2\/types\/product"}],"wp:featuredmedia":[{"embeddable":true,"href":"https:\/\/mystictemple.cz\/en\/wp-json\/wp\/v2\/media\/995"}],"wp:attachment":[{"href":"https:\/\/mystictemple.cz\/en\/wp-json\/wp\/v2\/media?parent=991"}],"wp:term":[{"taxonomy":"product_brand","embeddable":true,"href":"https:\/\/mystictemple.cz\/en\/wp-json\/wp\/v2\/product_brand?post=991"},{"taxonomy":"product_cat","embeddable":true,"href":"https:\/\/mystictemple.cz\/en\/wp-json\/wp\/v2\/product_cat?post=991"},{"taxonomy":"product_tag","embeddable":true,"href":"https:\/\/mystictemple.cz\/en\/wp-json\/wp\/v2\/product_tag?post=991"}],"curies":[{"name":"wp","href":"https:\/\/api.w.org\/{rel}","templated":true}]}}