{"id":925,"date":"2024-09-16T19:55:44","date_gmt":"2024-09-16T19:55:44","guid":{"rendered":"https:\/\/mystictemple.cz\/?post_type=product&#038;p=925"},"modified":"2026-02-04T14:16:18","modified_gmt":"2026-02-04T14:16:18","slug":"phyts-kosmetika-pletova","status":"publish","type":"product","link":"https:\/\/mystictemple.cz\/en\/product\/phyts-kosmetika-pletova\/","title":{"rendered":"PHYT&#8217;S \u2013 kosmetika ple\u0165ov\u00e1"},"content":{"rendered":"<div class=\"av-special-heading av-2n1per-07761c0471f102c325d6480da552a674 av-special-heading-h1 custom-color-heading blockquote modern-quote avia-builder-el-2 el_after_av_gallery el_before_av_textblock\">\n<div class=\"av-special-heading av-2km99i-fabece1403dc5ef936d099f75070df8c av-special-heading-h1 custom-color-heading blockquote modern-quote avia-builder-el-2 el_after_av_gallery el_before_av_textblock\">\n<div class=\"av-special-heading av-87mu0-27d34b47e3e989c950cbf58d1c1eec61 av-special-heading-h1 custom-color-heading blockquote modern-quote avia-builder-el-2 el_after_av_gallery el_before_av_textblock\">\n<div class=\"av-special-heading av-35kabx-3a0a6c2ba469f913ceb665f8f59dab1c av-special-heading-h1 custom-color-heading blockquote modern-quote avia-builder-el-2 el_after_av_gallery el_before_av_textblock\">\n<p><strong>AQUAPHYT\u00b4S \u2013 Hydratace a v\u00fd\u017eiva<\/strong><\/p>\n<p>Hloubkov\u00e1 hydrata\u010dn\u00ed a zklid\u0148uj\u00edc\u00ed p\u00e9\u010de. Ur\u010deno pro dehydratovanou ple\u0165 \u2013 norm\u00e1ln\u00ed \u2013 sm\u00ed\u0161enou i suchou.<\/p>\n<p><strong>AROMACLEAR <\/strong><em><strong>\u2013 <\/strong><\/em><strong>Absolutn\u00ed \u010distota<\/strong><em><br \/>\n<\/em><\/p>\n<p>Hloubkov\u011b \u010dist\u00edc\u00ed a detoxika\u010dn\u00ed o\u0161et\u0159en\u00ed pro v\u0161echny typy pleti. Zjem\u0148uje p\u00f3ry a zanech\u00e1v\u00e1 ple\u0165 sv\u011b\u017e\u00ed, projasn\u011bnou a \u010distou.<\/p>\n<p><strong>SENSI <\/strong><em><strong>\u2013 <\/strong><\/em><strong>Zklidn\u011bn\u00ed, v\u00fd\u017eiva a hydratace citliv\u00e9 pleti<\/strong><em><br \/>\n<\/em><\/p>\n<p>Zklid\u0148uj\u00edc\u00ed p\u00e9\u010de pro citlivou a reaguj\u00edc\u00ed ple\u0165. He\u0159m\u00e1nek sn\u00ed\u017e\u00ed za\u010derven\u00e1n\u00ed a zanech\u00e1 ple\u0165 jemnou.<\/p>\n<p><strong>MULTIVITA <\/strong><em><strong>\u2013\u00a0<\/strong><\/em><strong>Dokonal\u00e1 z\u00e1\u0159e a v\u00fd\u017eiva<\/strong><em><br \/>\n<\/em><\/p>\n<p>Omlazuj\u00edc\u00ed p\u00e9\u010de pro zralej\u0161\u00ed ple\u0165. Kam\u00e9lie pom\u00e1h\u00e1 bojovat proti vr\u00e1sk\u00e1m. O\u0161et\u0159en\u00ed je vhodn\u00e9 pro unavenou ple\u0165.<\/p>\n<p>&nbsp;<\/p>\n<\/div>\n<section class=\"av_textblock_section av-jtfnojnb-eab8df139f5c5775eed94ab00d64c14a\">\n<div class=\"avia_textblock\">\n<p>&nbsp;<\/p>\n<\/div>\n<\/section>\n<\/div>\n<section class=\"av_textblock_section av-jtfnojnb-ab56eddf27d4f33c0f666c2ec15eb05b\">\n<div class=\"avia_textblock\"><\/div>\n<\/section>\n<\/div>\n<\/div>","protected":false},"excerpt":{"rendered":"<div class=\"av-special-heading av-35kabx-3a0a6c2ba469f913ceb665f8f59dab1c av-special-heading-h1 custom-color-heading blockquote modern-quote avia-builder-el-2 el_after_av_gallery el_before_av_textblock\">\n<p>Zna\u010dka Phyt\u2019s p\u0159edstavuje \u0161pi\u010dku v profesion\u00e1ln\u00ed p\u0159\u00edrodn\u00ed kosmetice. Nab\u00edz\u00ed 100% p\u0159\u00edrodn\u00ed, certifikovan\u00e9 bioprodukty, kter\u00e9 spojuj\u00ed s\u00edlu rostlinn\u00fdch extrakt\u016f s luxusn\u00edm z\u00e1\u017eitkem z o\u0161et\u0159en\u00ed. V salonu si m\u016f\u017eete dop\u0159\u00e1t jedine\u010dn\u00e9 biokosmetick\u00e9 ritu\u00e1ly, kter\u00e9 respektuj\u00ed p\u0159irozenou rovnov\u00e1hu pleti, p\u0159in\u00e1\u0161ej\u00ed viditeln\u00e9 v\u00fdsledky a z\u00e1rove\u0148 hlubokou relaxaci.<\/p>\n<p>&nbsp;<\/p>\n<\/div>","protected":false},"featured_media":3293,"template":"","meta":[],"product_brand":[],"product_cat":[33],"product_tag":[],"class_list":{"0":"post-925","1":"product","2":"type-product","3":"status-publish","4":"has-post-thumbnail","6":"product_cat-kosmetika","8":"first","9":"instock","10":"sold-individually","11":"taxable","12":"shipping-taxable","13":"purchasable","14":"product-type-variable"},"yoast_head":"<!-- This site is optimized with the Yoast SEO plugin v27.1.1 - https:\/\/yoast.com\/product\/yoast-seo-wordpress\/ -->\n<title>Ple\u0165ov\u00e1 kosmetika Phyt\u00b4s v kosmetick\u00e9m studiu<\/title>\n<meta name=\"description\" content=\"V na\u0161em kosmetick\u00e9m studiu v centru Prahy hraje prim ple\u0165ov\u00e1 kosmetika Phyt\u00b4s. Vyzkou\u0161ejte luxusn\u00ed o\u0161et\u0159en\u00ed na vlastn\u00ed k\u016f\u017ei. \u2728\" \/>\n<meta name=\"robots\" content=\"index, follow, max-snippet:-1, max-image-preview:large, max-video-preview:-1\" \/>\n<link rel=\"canonical\" href=\"https:\/\/mystictemple.cz\/en\/product\/phyts-kosmetika-pletova\/\" \/>\n<meta property=\"og:locale\" content=\"en_US\" \/>\n<meta property=\"og:type\" content=\"article\" \/>\n<meta property=\"og:title\" content=\"Ple\u0165ov\u00e1 kosmetika Phyt\u00b4s v kosmetick\u00e9m studiu\" \/>\n<meta property=\"og:description\" content=\"V na\u0161em kosmetick\u00e9m studiu v centru Prahy hraje prim ple\u0165ov\u00e1 kosmetika Phyt\u00b4s. Vyzkou\u0161ejte luxusn\u00ed o\u0161et\u0159en\u00ed na vlastn\u00ed k\u016f\u017ei. \u2728\" \/>\n<meta property=\"og:url\" content=\"https:\/\/mystictemple.cz\/en\/product\/phyts-kosmetika-pletova\/\" \/>\n<meta property=\"og:site_name\" content=\"Mystic Temple\" \/>\n<meta property=\"article:modified_time\" content=\"2026-02-04T14:16:18+00:00\" \/>\n<meta property=\"og:image\" content=\"https:\/\/mystictemple.cz\/wp-content\/uploads\/2024\/09\/La-Nature-au-coeur-de-nos-formules-copie.jpg\" \/>\n\t<meta property=\"og:image:width\" content=\"1080\" \/>\n\t<meta property=\"og:image:height\" content=\"1080\" \/>\n\t<meta property=\"og:image:type\" content=\"image\/jpeg\" \/>\n<meta name=\"twitter:card\" content=\"summary_large_image\" \/>\n<meta name=\"twitter:label1\" content=\"Est. reading time\" \/>\n\t<meta name=\"twitter:data1\" content=\"1 minute\" \/>\n<script type=\"application\/ld+json\" class=\"yoast-schema-graph\">{\"@context\":\"https:\/\/schema.org\",\"@graph\":[{\"@type\":\"WebPage\",\"@id\":\"https:\/\/mystictemple.cz\/product\/phyts-kosmetika-pletova\/\",\"url\":\"https:\/\/mystictemple.cz\/product\/phyts-kosmetika-pletova\/\",\"name\":\"Ple\u0165ov\u00e1 kosmetika Phyt\u00b4s v kosmetick\u00e9m studiu\",\"isPartOf\":{\"@id\":\"https:\/\/mystictemple.cz\/#website\"},\"primaryImageOfPage\":{\"@id\":\"https:\/\/mystictemple.cz\/product\/phyts-kosmetika-pletova\/#primaryimage\"},\"image\":{\"@id\":\"https:\/\/mystictemple.cz\/product\/phyts-kosmetika-pletova\/#primaryimage\"},\"thumbnailUrl\":\"https:\/\/mystictemple.cz\/wp-content\/uploads\/2024\/09\/La-Nature-au-coeur-de-nos-formules-copie.jpg\",\"datePublished\":\"2024-09-16T19:55:44+00:00\",\"dateModified\":\"2026-02-04T14:16:18+00:00\",\"description\":\"V na\u0161em kosmetick\u00e9m studiu v centru Prahy hraje prim ple\u0165ov\u00e1 kosmetika Phyt\u00b4s. Vyzkou\u0161ejte luxusn\u00ed o\u0161et\u0159en\u00ed na vlastn\u00ed k\u016f\u017ei. \u2728\",\"breadcrumb\":{\"@id\":\"https:\/\/mystictemple.cz\/product\/phyts-kosmetika-pletova\/#breadcrumb\"},\"inLanguage\":\"en-US\",\"potentialAction\":[{\"@type\":\"ReadAction\",\"target\":[\"https:\/\/mystictemple.cz\/product\/phyts-kosmetika-pletova\/\"]}]},{\"@type\":\"ImageObject\",\"inLanguage\":\"en-US\",\"@id\":\"https:\/\/mystictemple.cz\/product\/phyts-kosmetika-pletova\/#primaryimage\",\"url\":\"https:\/\/mystictemple.cz\/wp-content\/uploads\/2024\/09\/La-Nature-au-coeur-de-nos-formules-copie.jpg\",\"contentUrl\":\"https:\/\/mystictemple.cz\/wp-content\/uploads\/2024\/09\/La-Nature-au-coeur-de-nos-formules-copie.jpg\",\"width\":1080,\"height\":1080,\"caption\":\"Ple\u0165ov\u00e9 o\u0161et\u0159en\u00ed Phyt\u00b4s\"},{\"@type\":\"BreadcrumbList\",\"@id\":\"https:\/\/mystictemple.cz\/product\/phyts-kosmetika-pletova\/#breadcrumb\",\"itemListElement\":[{\"@type\":\"ListItem\",\"position\":1,\"name\":\"Dom\u016f\",\"item\":\"https:\/\/mystictemple.cz\/\"},{\"@type\":\"ListItem\",\"position\":2,\"name\":\"Produkty\",\"item\":\"https:\/\/mystictemple.cz\/shop\/\"},{\"@type\":\"ListItem\",\"position\":3,\"name\":\"PHYT&#8217;S \u2013 kosmetika ple\u0165ov\u00e1\"}]},{\"@type\":\"WebSite\",\"@id\":\"https:\/\/mystictemple.cz\/#website\",\"url\":\"https:\/\/mystictemple.cz\/\",\"name\":\"Mystic Temple\",\"description\":\"Mystic Temple je mas\u00e1\u017en\u00ed salon v centru Prahy, kter\u00fd nab\u00edz\u00ed \u0161irokou \u0161k\u00e1lu relaxa\u010dn\u00edch a terapeutick\u00fdch mas\u00e1\u017e\u00ed. Na na\u0161em webu si m\u016f\u017eete snadno vybrat mas\u00e1\u017e, vlo\u017eit ji do ko\u0161\u00edku, zaplatit online a ihned obdr\u017eet d\u00e1rkov\u00fd voucher s unik\u00e1tn\u00edm k\u00f3dem. Voucher pak m\u016f\u017eete uplatnit p\u0159\u00edmo na recepci salonu. Rezervace je mo\u017en\u00e1 telefonicky nebo online. Otev\u0159eno m\u00e1me denn\u011b od 9:00 do 21:00.\",\"publisher\":{\"@id\":\"https:\/\/mystictemple.cz\/#organization\"},\"potentialAction\":[{\"@type\":\"SearchAction\",\"target\":{\"@type\":\"EntryPoint\",\"urlTemplate\":\"https:\/\/mystictemple.cz\/?s={search_term_string}\"},\"query-input\":{\"@type\":\"PropertyValueSpecification\",\"valueRequired\":true,\"valueName\":\"search_term_string\"}}],\"inLanguage\":\"en-US\"},{\"@type\":\"Organization\",\"@id\":\"https:\/\/mystictemple.cz\/#organization\",\"name\":\"Mystic Temple\",\"url\":\"https:\/\/mystictemple.cz\/\",\"logo\":{\"@type\":\"ImageObject\",\"inLanguage\":\"en-US\",\"@id\":\"https:\/\/mystictemple.cz\/#\/schema\/logo\/image\/\",\"url\":\"https:\/\/mystictemple.cz\/wp-content\/uploads\/2024\/02\/logo_temple_transparentni-2.png\",\"contentUrl\":\"https:\/\/mystictemple.cz\/wp-content\/uploads\/2024\/02\/logo_temple_transparentni-2.png\",\"width\":781,\"height\":586,\"caption\":\"Mystic Temple\"},\"image\":{\"@id\":\"https:\/\/mystictemple.cz\/#\/schema\/logo\/image\/\"}}]}<\/script>\n<!-- \/ Yoast SEO plugin. -->","yoast_head_json":{"title":"Ple\u0165ov\u00e1 kosmetika Phyt\u00b4s v kosmetick\u00e9m studiu","description":"V na\u0161em kosmetick\u00e9m studiu v centru Prahy hraje prim ple\u0165ov\u00e1 kosmetika Phyt\u00b4s. Vyzkou\u0161ejte luxusn\u00ed o\u0161et\u0159en\u00ed na vlastn\u00ed k\u016f\u017ei. \u2728","robots":{"index":"index","follow":"follow","max-snippet":"max-snippet:-1","max-image-preview":"max-image-preview:large","max-video-preview":"max-video-preview:-1"},"canonical":"https:\/\/mystictemple.cz\/en\/product\/phyts-kosmetika-pletova\/","og_locale":"en_US","og_type":"article","og_title":"Ple\u0165ov\u00e1 kosmetika Phyt\u00b4s v kosmetick\u00e9m studiu","og_description":"V na\u0161em kosmetick\u00e9m studiu v centru Prahy hraje prim ple\u0165ov\u00e1 kosmetika Phyt\u00b4s. Vyzkou\u0161ejte luxusn\u00ed o\u0161et\u0159en\u00ed na vlastn\u00ed k\u016f\u017ei. \u2728","og_url":"https:\/\/mystictemple.cz\/en\/product\/phyts-kosmetika-pletova\/","og_site_name":"Mystic Temple","article_modified_time":"2026-02-04T14:16:18+00:00","og_image":[{"width":1080,"height":1080,"url":"https:\/\/mystictemple.cz\/wp-content\/uploads\/2024\/09\/La-Nature-au-coeur-de-nos-formules-copie.jpg","type":"image\/jpeg"}],"twitter_card":"summary_large_image","twitter_misc":{"Est. reading time":"1 minute"},"schema":{"@context":"https:\/\/schema.org","@graph":[{"@type":"WebPage","@id":"https:\/\/mystictemple.cz\/product\/phyts-kosmetika-pletova\/","url":"https:\/\/mystictemple.cz\/product\/phyts-kosmetika-pletova\/","name":"Ple\u0165ov\u00e1 kosmetika Phyt\u00b4s v kosmetick\u00e9m studiu","isPartOf":{"@id":"https:\/\/mystictemple.cz\/#website"},"primaryImageOfPage":{"@id":"https:\/\/mystictemple.cz\/product\/phyts-kosmetika-pletova\/#primaryimage"},"image":{"@id":"https:\/\/mystictemple.cz\/product\/phyts-kosmetika-pletova\/#primaryimage"},"thumbnailUrl":"https:\/\/mystictemple.cz\/wp-content\/uploads\/2024\/09\/La-Nature-au-coeur-de-nos-formules-copie.jpg","datePublished":"2024-09-16T19:55:44+00:00","dateModified":"2026-02-04T14:16:18+00:00","description":"V na\u0161em kosmetick\u00e9m studiu v centru Prahy hraje prim ple\u0165ov\u00e1 kosmetika Phyt\u00b4s. Vyzkou\u0161ejte luxusn\u00ed o\u0161et\u0159en\u00ed na vlastn\u00ed k\u016f\u017ei. \u2728","breadcrumb":{"@id":"https:\/\/mystictemple.cz\/product\/phyts-kosmetika-pletova\/#breadcrumb"},"inLanguage":"en-US","potentialAction":[{"@type":"ReadAction","target":["https:\/\/mystictemple.cz\/product\/phyts-kosmetika-pletova\/"]}]},{"@type":"ImageObject","inLanguage":"en-US","@id":"https:\/\/mystictemple.cz\/product\/phyts-kosmetika-pletova\/#primaryimage","url":"https:\/\/mystictemple.cz\/wp-content\/uploads\/2024\/09\/La-Nature-au-coeur-de-nos-formules-copie.jpg","contentUrl":"https:\/\/mystictemple.cz\/wp-content\/uploads\/2024\/09\/La-Nature-au-coeur-de-nos-formules-copie.jpg","width":1080,"height":1080,"caption":"Ple\u0165ov\u00e9 o\u0161et\u0159en\u00ed Phyt\u00b4s"},{"@type":"BreadcrumbList","@id":"https:\/\/mystictemple.cz\/product\/phyts-kosmetika-pletova\/#breadcrumb","itemListElement":[{"@type":"ListItem","position":1,"name":"Dom\u016f","item":"https:\/\/mystictemple.cz\/"},{"@type":"ListItem","position":2,"name":"Produkty","item":"https:\/\/mystictemple.cz\/shop\/"},{"@type":"ListItem","position":3,"name":"PHYT&#8217;S \u2013 kosmetika ple\u0165ov\u00e1"}]},{"@type":"WebSite","@id":"https:\/\/mystictemple.cz\/#website","url":"https:\/\/mystictemple.cz\/","name":"Mystic Temple","description":"Mystic Temple je mas\u00e1\u017en\u00ed salon v centru Prahy, kter\u00fd nab\u00edz\u00ed \u0161irokou \u0161k\u00e1lu relaxa\u010dn\u00edch a terapeutick\u00fdch mas\u00e1\u017e\u00ed. Na na\u0161em webu si m\u016f\u017eete snadno vybrat mas\u00e1\u017e, vlo\u017eit ji do ko\u0161\u00edku, zaplatit online a ihned obdr\u017eet d\u00e1rkov\u00fd voucher s unik\u00e1tn\u00edm k\u00f3dem. Voucher pak m\u016f\u017eete uplatnit p\u0159\u00edmo na recepci salonu. Rezervace je mo\u017en\u00e1 telefonicky nebo online. Otev\u0159eno m\u00e1me denn\u011b od 9:00 do 21:00.","publisher":{"@id":"https:\/\/mystictemple.cz\/#organization"},"potentialAction":[{"@type":"SearchAction","target":{"@type":"EntryPoint","urlTemplate":"https:\/\/mystictemple.cz\/?s={search_term_string}"},"query-input":{"@type":"PropertyValueSpecification","valueRequired":true,"valueName":"search_term_string"}}],"inLanguage":"en-US"},{"@type":"Organization","@id":"https:\/\/mystictemple.cz\/#organization","name":"Mystic Temple","url":"https:\/\/mystictemple.cz\/","logo":{"@type":"ImageObject","inLanguage":"en-US","@id":"https:\/\/mystictemple.cz\/#\/schema\/logo\/image\/","url":"https:\/\/mystictemple.cz\/wp-content\/uploads\/2024\/02\/logo_temple_transparentni-2.png","contentUrl":"https:\/\/mystictemple.cz\/wp-content\/uploads\/2024\/02\/logo_temple_transparentni-2.png","width":781,"height":586,"caption":"Mystic Temple"},"image":{"@id":"https:\/\/mystictemple.cz\/#\/schema\/logo\/image\/"}}]}},"_links":{"self":[{"href":"https:\/\/mystictemple.cz\/en\/wp-json\/wp\/v2\/product\/925","targetHints":{"allow":["GET"]}}],"collection":[{"href":"https:\/\/mystictemple.cz\/en\/wp-json\/wp\/v2\/product"}],"about":[{"href":"https:\/\/mystictemple.cz\/en\/wp-json\/wp\/v2\/types\/product"}],"wp:featuredmedia":[{"embeddable":true,"href":"https:\/\/mystictemple.cz\/en\/wp-json\/wp\/v2\/media\/3293"}],"wp:attachment":[{"href":"https:\/\/mystictemple.cz\/en\/wp-json\/wp\/v2\/media?parent=925"}],"wp:term":[{"taxonomy":"product_brand","embeddable":true,"href":"https:\/\/mystictemple.cz\/en\/wp-json\/wp\/v2\/product_brand?post=925"},{"taxonomy":"product_cat","embeddable":true,"href":"https:\/\/mystictemple.cz\/en\/wp-json\/wp\/v2\/product_cat?post=925"},{"taxonomy":"product_tag","embeddable":true,"href":"https:\/\/mystictemple.cz\/en\/wp-json\/wp\/v2\/product_tag?post=925"}],"curies":[{"name":"wp","href":"https:\/\/api.w.org\/{rel}","templated":true}]}}