{"id":866,"date":"2024-09-15T13:59:13","date_gmt":"2024-09-15T13:59:13","guid":{"rendered":"https:\/\/mystictemple.cz\/?post_type=product&#038;p=866"},"modified":"2025-11-13T21:10:53","modified_gmt":"2025-11-13T21:10:53","slug":"thaila-vimardana-masaz-tela-a-hlavy","status":"publish","type":"product","link":"https:\/\/mystictemple.cz\/en\/product\/thaila-vimardana-masaz-tela-a-hlavy\/","title":{"rendered":"Thaila Vimardana &#8211; mas\u00e1\u017e t\u011bla a hlavy"},"content":{"rendered":"<div class=\"av-special-heading av-2n1per-07761c0471f102c325d6480da552a674 av-special-heading-h1 custom-color-heading blockquote modern-quote avia-builder-el-2 el_after_av_gallery el_before_av_textblock\">\n<div class=\"av-special-heading av-2km99i-fabece1403dc5ef936d099f75070df8c av-special-heading-h1 custom-color-heading blockquote modern-quote avia-builder-el-2 el_after_av_gallery el_before_av_textblock\">\n<div class=\"av-special-heading av-87mu0-27d34b47e3e989c950cbf58d1c1eec61 av-special-heading-h1 custom-color-heading blockquote modern-quote avia-builder-el-2 el_after_av_gallery el_before_av_textblock\">\n<div class=\"av-special-heading av-35kabx-3a0a6c2ba469f913ceb665f8f59dab1c av-special-heading-h1 custom-color-heading blockquote modern-quote avia-builder-el-2 el_after_av_gallery el_before_av_textblock\"><\/div>\n<section class=\"av_textblock_section av-jtfnojnb-eab8df139f5c5775eed94ab00d64c14a\">\n<div class=\"avia_textblock\">\n<p>&nbsp;<\/p>\n<\/div>\n<\/section>\n<\/div>\n<section class=\"av_textblock_section av-jtfnojnb-ab56eddf27d4f33c0f666c2ec15eb05b\">\n<div class=\"avia_textblock\"><\/div>\n<\/section>\n<\/div>\n<\/div>","protected":false},"excerpt":{"rendered":"<section class=\"av_textblock_section av-jtfnojnb-56-38f071087cd4499ed3cb06bae4a0ea27\">\n<div class=\"avia_textblock\">\n<div class=\"av-special-heading av-98sz2-7959826c4af0d91b9f905497caaab422 av-special-heading-h3 custom-color-heading blockquote modern-quote avia-builder-el-21 el_after_av_image el_before_av_image\">\n<p class=\"av-special-heading-tag\">Thaila Vimardana \u2013 body and head massage<\/p>\n<\/div>\n<section class=\"av_textblock_section av-jtfnojnb-13-8a8cc55ffb5cf64f7ca8d59c46c374cc\">\n<div class=\"avia_textblock\">\n<p>Relaxing full-body massage including the head. A traditional massage technique popular as a means of comprehensive regeneration and relaxation. It helps in the restoration of both physical and mental strength.<\/p>\n<\/div>\n<\/section>\n<\/div>\n<\/section>","protected":false},"featured_media":823,"template":"","meta":[],"product_brand":[],"product_cat":[30],"product_tag":[],"class_list":{"0":"post-866","1":"product","2":"type-product","3":"status-publish","4":"has-post-thumbnail","6":"product_cat-ayurvedske-masaze","8":"first","9":"instock","10":"sold-individually","11":"taxable","12":"shipping-taxable","13":"purchasable","14":"product-type-variable"},"yoast_head":"<!-- This site is optimized with the Yoast SEO plugin v27.1.1 - https:\/\/yoast.com\/product\/yoast-seo-wordpress\/ -->\n<title>Ayurv\u00e9dsk\u00e1 relaxa\u010dn\u00ed mas\u00e1\u017e<\/title>\n<meta name=\"description\" content=\"Dop\u0159ejte si luxusn\u00ed ayurv\u00e9dskou relaxa\u010dn\u00ed mas\u00e1\u017e Thaila Vimardana. Relaxa\u010dn\u00ed mas\u00e1\u017e cel\u00e9ho t\u011bla a hlavy v luxusn\u00edm mas\u00e1\u017en\u00edm studiu v Praze. \u27b0\" \/>\n<meta name=\"robots\" content=\"index, follow, max-snippet:-1, max-image-preview:large, max-video-preview:-1\" \/>\n<link rel=\"canonical\" href=\"https:\/\/mystictemple.cz\/en\/product\/thaila-vimardana-masaz-tela-a-hlavy\/\" \/>\n<meta property=\"og:locale\" content=\"en_US\" \/>\n<meta property=\"og:type\" content=\"article\" \/>\n<meta property=\"og:title\" content=\"Ayurv\u00e9dsk\u00e1 relaxa\u010dn\u00ed mas\u00e1\u017e\" \/>\n<meta property=\"og:description\" content=\"Dop\u0159ejte si luxusn\u00ed ayurv\u00e9dskou relaxa\u010dn\u00ed mas\u00e1\u017e Thaila Vimardana. Relaxa\u010dn\u00ed mas\u00e1\u017e cel\u00e9ho t\u011bla a hlavy v luxusn\u00edm mas\u00e1\u017en\u00edm studiu v Praze. \u27b0\" \/>\n<meta property=\"og:url\" content=\"https:\/\/mystictemple.cz\/en\/product\/thaila-vimardana-masaz-tela-a-hlavy\/\" \/>\n<meta property=\"og:site_name\" content=\"Mystic Temple\" \/>\n<meta property=\"article:modified_time\" content=\"2025-11-13T21:10:53+00:00\" \/>\n<meta property=\"og:image\" content=\"https:\/\/mystictemple.cz\/wp-content\/uploads\/2024\/09\/sluzby_ritual_candle.jpg\" \/>\n\t<meta property=\"og:image:width\" content=\"500\" \/>\n\t<meta property=\"og:image:height\" content=\"300\" \/>\n\t<meta property=\"og:image:type\" content=\"image\/jpeg\" \/>\n<meta name=\"twitter:card\" content=\"summary_large_image\" \/>\n<meta name=\"twitter:label1\" content=\"Est. reading time\" \/>\n\t<meta name=\"twitter:data1\" content=\"1 minute\" \/>\n<script type=\"application\/ld+json\" class=\"yoast-schema-graph\">{\"@context\":\"https:\/\/schema.org\",\"@graph\":[{\"@type\":\"WebPage\",\"@id\":\"https:\/\/mystictemple.cz\/product\/thaila-vimardana-masaz-tela-a-hlavy\/\",\"url\":\"https:\/\/mystictemple.cz\/product\/thaila-vimardana-masaz-tela-a-hlavy\/\",\"name\":\"Ayurv\u00e9dsk\u00e1 relaxa\u010dn\u00ed mas\u00e1\u017e\",\"isPartOf\":{\"@id\":\"https:\/\/mystictemple.cz\/#website\"},\"primaryImageOfPage\":{\"@id\":\"https:\/\/mystictemple.cz\/product\/thaila-vimardana-masaz-tela-a-hlavy\/#primaryimage\"},\"image\":{\"@id\":\"https:\/\/mystictemple.cz\/product\/thaila-vimardana-masaz-tela-a-hlavy\/#primaryimage\"},\"thumbnailUrl\":\"https:\/\/mystictemple.cz\/wp-content\/uploads\/2024\/09\/sluzby_ritual_candle.jpg\",\"datePublished\":\"2024-09-15T13:59:13+00:00\",\"dateModified\":\"2025-11-13T21:10:53+00:00\",\"description\":\"Dop\u0159ejte si luxusn\u00ed ayurv\u00e9dskou relaxa\u010dn\u00ed mas\u00e1\u017e Thaila Vimardana. Relaxa\u010dn\u00ed mas\u00e1\u017e cel\u00e9ho t\u011bla a hlavy v luxusn\u00edm mas\u00e1\u017en\u00edm studiu v Praze. \u27b0\",\"breadcrumb\":{\"@id\":\"https:\/\/mystictemple.cz\/product\/thaila-vimardana-masaz-tela-a-hlavy\/#breadcrumb\"},\"inLanguage\":\"en-US\",\"potentialAction\":[{\"@type\":\"ReadAction\",\"target\":[\"https:\/\/mystictemple.cz\/product\/thaila-vimardana-masaz-tela-a-hlavy\/\"]}]},{\"@type\":\"ImageObject\",\"inLanguage\":\"en-US\",\"@id\":\"https:\/\/mystictemple.cz\/product\/thaila-vimardana-masaz-tela-a-hlavy\/#primaryimage\",\"url\":\"https:\/\/mystictemple.cz\/wp-content\/uploads\/2024\/09\/sluzby_ritual_candle.jpg\",\"contentUrl\":\"https:\/\/mystictemple.cz\/wp-content\/uploads\/2024\/09\/sluzby_ritual_candle.jpg\",\"width\":500,\"height\":300,\"caption\":\"Ayurv\u00e9dsk\u00e1 relaxa\u010dn\u00ed mas\u00e1\u017e\"},{\"@type\":\"BreadcrumbList\",\"@id\":\"https:\/\/mystictemple.cz\/product\/thaila-vimardana-masaz-tela-a-hlavy\/#breadcrumb\",\"itemListElement\":[{\"@type\":\"ListItem\",\"position\":1,\"name\":\"Dom\u016f\",\"item\":\"https:\/\/mystictemple.cz\/\"},{\"@type\":\"ListItem\",\"position\":2,\"name\":\"Produkty\",\"item\":\"https:\/\/mystictemple.cz\/shop\/\"},{\"@type\":\"ListItem\",\"position\":3,\"name\":\"Thaila Vimardana &#8211; mas\u00e1\u017e t\u011bla a hlavy\"}]},{\"@type\":\"WebSite\",\"@id\":\"https:\/\/mystictemple.cz\/#website\",\"url\":\"https:\/\/mystictemple.cz\/\",\"name\":\"Mystic Temple\",\"description\":\"Mystic Temple je mas\u00e1\u017en\u00ed salon v centru Prahy, kter\u00fd nab\u00edz\u00ed \u0161irokou \u0161k\u00e1lu relaxa\u010dn\u00edch a terapeutick\u00fdch mas\u00e1\u017e\u00ed. Na na\u0161em webu si m\u016f\u017eete snadno vybrat mas\u00e1\u017e, vlo\u017eit ji do ko\u0161\u00edku, zaplatit online a ihned obdr\u017eet d\u00e1rkov\u00fd voucher s unik\u00e1tn\u00edm k\u00f3dem. Voucher pak m\u016f\u017eete uplatnit p\u0159\u00edmo na recepci salonu. Rezervace je mo\u017en\u00e1 telefonicky nebo online. Otev\u0159eno m\u00e1me denn\u011b od 9:00 do 21:00.\",\"publisher\":{\"@id\":\"https:\/\/mystictemple.cz\/#organization\"},\"potentialAction\":[{\"@type\":\"SearchAction\",\"target\":{\"@type\":\"EntryPoint\",\"urlTemplate\":\"https:\/\/mystictemple.cz\/?s={search_term_string}\"},\"query-input\":{\"@type\":\"PropertyValueSpecification\",\"valueRequired\":true,\"valueName\":\"search_term_string\"}}],\"inLanguage\":\"en-US\"},{\"@type\":\"Organization\",\"@id\":\"https:\/\/mystictemple.cz\/#organization\",\"name\":\"Mystic Temple\",\"url\":\"https:\/\/mystictemple.cz\/\",\"logo\":{\"@type\":\"ImageObject\",\"inLanguage\":\"en-US\",\"@id\":\"https:\/\/mystictemple.cz\/#\/schema\/logo\/image\/\",\"url\":\"https:\/\/mystictemple.cz\/wp-content\/uploads\/2024\/02\/logo_temple_transparentni-2.png\",\"contentUrl\":\"https:\/\/mystictemple.cz\/wp-content\/uploads\/2024\/02\/logo_temple_transparentni-2.png\",\"width\":781,\"height\":586,\"caption\":\"Mystic Temple\"},\"image\":{\"@id\":\"https:\/\/mystictemple.cz\/#\/schema\/logo\/image\/\"}}]}<\/script>\n<!-- \/ Yoast SEO plugin. -->","yoast_head_json":{"title":"Ayurvedic relaxation massage","description":"Dop\u0159ejte si luxusn\u00ed ayurv\u00e9dskou relaxa\u010dn\u00ed mas\u00e1\u017e Thaila Vimardana. Relaxa\u010dn\u00ed mas\u00e1\u017e cel\u00e9ho t\u011bla a hlavy v luxusn\u00edm mas\u00e1\u017en\u00edm studiu v Praze. \u27b0","robots":{"index":"index","follow":"follow","max-snippet":"max-snippet:-1","max-image-preview":"max-image-preview:large","max-video-preview":"max-video-preview:-1"},"canonical":"https:\/\/mystictemple.cz\/en\/product\/thaila-vimardana-masaz-tela-a-hlavy\/","og_locale":"en_US","og_type":"article","og_title":"Ayurv\u00e9dsk\u00e1 relaxa\u010dn\u00ed mas\u00e1\u017e","og_description":"Dop\u0159ejte si luxusn\u00ed ayurv\u00e9dskou relaxa\u010dn\u00ed mas\u00e1\u017e Thaila Vimardana. Relaxa\u010dn\u00ed mas\u00e1\u017e cel\u00e9ho t\u011bla a hlavy v luxusn\u00edm mas\u00e1\u017en\u00edm studiu v Praze. \u27b0","og_url":"https:\/\/mystictemple.cz\/en\/product\/thaila-vimardana-masaz-tela-a-hlavy\/","og_site_name":"Mystic Temple","article_modified_time":"2025-11-13T21:10:53+00:00","og_image":[{"width":500,"height":300,"url":"https:\/\/mystictemple.cz\/wp-content\/uploads\/2024\/09\/sluzby_ritual_candle.jpg","type":"image\/jpeg"}],"twitter_card":"summary_large_image","twitter_misc":{"Est. reading time":"1 minute"},"schema":{"@context":"https:\/\/schema.org","@graph":[{"@type":"WebPage","@id":"https:\/\/mystictemple.cz\/product\/thaila-vimardana-masaz-tela-a-hlavy\/","url":"https:\/\/mystictemple.cz\/product\/thaila-vimardana-masaz-tela-a-hlavy\/","name":"Ayurvedic relaxation massage","isPartOf":{"@id":"https:\/\/mystictemple.cz\/#website"},"primaryImageOfPage":{"@id":"https:\/\/mystictemple.cz\/product\/thaila-vimardana-masaz-tela-a-hlavy\/#primaryimage"},"image":{"@id":"https:\/\/mystictemple.cz\/product\/thaila-vimardana-masaz-tela-a-hlavy\/#primaryimage"},"thumbnailUrl":"https:\/\/mystictemple.cz\/wp-content\/uploads\/2024\/09\/sluzby_ritual_candle.jpg","datePublished":"2024-09-15T13:59:13+00:00","dateModified":"2025-11-13T21:10:53+00:00","description":"Dop\u0159ejte si luxusn\u00ed ayurv\u00e9dskou relaxa\u010dn\u00ed mas\u00e1\u017e Thaila Vimardana. Relaxa\u010dn\u00ed mas\u00e1\u017e cel\u00e9ho t\u011bla a hlavy v luxusn\u00edm mas\u00e1\u017en\u00edm studiu v Praze. \u27b0","breadcrumb":{"@id":"https:\/\/mystictemple.cz\/product\/thaila-vimardana-masaz-tela-a-hlavy\/#breadcrumb"},"inLanguage":"en-US","potentialAction":[{"@type":"ReadAction","target":["https:\/\/mystictemple.cz\/product\/thaila-vimardana-masaz-tela-a-hlavy\/"]}]},{"@type":"ImageObject","inLanguage":"en-US","@id":"https:\/\/mystictemple.cz\/product\/thaila-vimardana-masaz-tela-a-hlavy\/#primaryimage","url":"https:\/\/mystictemple.cz\/wp-content\/uploads\/2024\/09\/sluzby_ritual_candle.jpg","contentUrl":"https:\/\/mystictemple.cz\/wp-content\/uploads\/2024\/09\/sluzby_ritual_candle.jpg","width":500,"height":300,"caption":"Ayurv\u00e9dsk\u00e1 relaxa\u010dn\u00ed mas\u00e1\u017e"},{"@type":"BreadcrumbList","@id":"https:\/\/mystictemple.cz\/product\/thaila-vimardana-masaz-tela-a-hlavy\/#breadcrumb","itemListElement":[{"@type":"ListItem","position":1,"name":"Dom\u016f","item":"https:\/\/mystictemple.cz\/"},{"@type":"ListItem","position":2,"name":"Produkty","item":"https:\/\/mystictemple.cz\/shop\/"},{"@type":"ListItem","position":3,"name":"Thaila Vimardana &#8211; mas\u00e1\u017e t\u011bla a hlavy"}]},{"@type":"WebSite","@id":"https:\/\/mystictemple.cz\/#website","url":"https:\/\/mystictemple.cz\/","name":"Mystic Temple","description":"Mystic Temple je mas\u00e1\u017en\u00ed salon v centru Prahy, kter\u00fd nab\u00edz\u00ed \u0161irokou \u0161k\u00e1lu relaxa\u010dn\u00edch a terapeutick\u00fdch mas\u00e1\u017e\u00ed. Na na\u0161em webu si m\u016f\u017eete snadno vybrat mas\u00e1\u017e, vlo\u017eit ji do ko\u0161\u00edku, zaplatit online a ihned obdr\u017eet d\u00e1rkov\u00fd voucher s unik\u00e1tn\u00edm k\u00f3dem. Voucher pak m\u016f\u017eete uplatnit p\u0159\u00edmo na recepci salonu. Rezervace je mo\u017en\u00e1 telefonicky nebo online. Otev\u0159eno m\u00e1me denn\u011b od 9:00 do 21:00.","publisher":{"@id":"https:\/\/mystictemple.cz\/#organization"},"potentialAction":[{"@type":"SearchAction","target":{"@type":"EntryPoint","urlTemplate":"https:\/\/mystictemple.cz\/?s={search_term_string}"},"query-input":{"@type":"PropertyValueSpecification","valueRequired":true,"valueName":"search_term_string"}}],"inLanguage":"en-US"},{"@type":"Organization","@id":"https:\/\/mystictemple.cz\/#organization","name":"Mystic Temple","url":"https:\/\/mystictemple.cz\/","logo":{"@type":"ImageObject","inLanguage":"en-US","@id":"https:\/\/mystictemple.cz\/#\/schema\/logo\/image\/","url":"https:\/\/mystictemple.cz\/wp-content\/uploads\/2024\/02\/logo_temple_transparentni-2.png","contentUrl":"https:\/\/mystictemple.cz\/wp-content\/uploads\/2024\/02\/logo_temple_transparentni-2.png","width":781,"height":586,"caption":"Mystic Temple"},"image":{"@id":"https:\/\/mystictemple.cz\/#\/schema\/logo\/image\/"}}]}},"_links":{"self":[{"href":"https:\/\/mystictemple.cz\/en\/wp-json\/wp\/v2\/product\/866","targetHints":{"allow":["GET"]}}],"collection":[{"href":"https:\/\/mystictemple.cz\/en\/wp-json\/wp\/v2\/product"}],"about":[{"href":"https:\/\/mystictemple.cz\/en\/wp-json\/wp\/v2\/types\/product"}],"wp:featuredmedia":[{"embeddable":true,"href":"https:\/\/mystictemple.cz\/en\/wp-json\/wp\/v2\/media\/823"}],"wp:attachment":[{"href":"https:\/\/mystictemple.cz\/en\/wp-json\/wp\/v2\/media?parent=866"}],"wp:term":[{"taxonomy":"product_brand","embeddable":true,"href":"https:\/\/mystictemple.cz\/en\/wp-json\/wp\/v2\/product_brand?post=866"},{"taxonomy":"product_cat","embeddable":true,"href":"https:\/\/mystictemple.cz\/en\/wp-json\/wp\/v2\/product_cat?post=866"},{"taxonomy":"product_tag","embeddable":true,"href":"https:\/\/mystictemple.cz\/en\/wp-json\/wp\/v2\/product_tag?post=866"}],"curies":[{"name":"wp","href":"https:\/\/api.w.org\/{rel}","templated":true}]}}