{"id":854,"date":"2024-09-15T13:31:45","date_gmt":"2024-09-15T13:31:45","guid":{"rendered":"https:\/\/mystictemple.cz\/?post_type=product&#038;p=854"},"modified":"2025-08-14T13:18:20","modified_gmt":"2025-08-14T13:18:20","slug":"indicka-masaz","status":"publish","type":"product","link":"https:\/\/mystictemple.cz\/en\/product\/indicka-masaz\/","title":{"rendered":"Indian massage"},"content":{"rendered":"<div class=\"av-special-heading av-2n1per-07761c0471f102c325d6480da552a674 av-special-heading-h1 custom-color-heading blockquote modern-quote avia-builder-el-2 el_after_av_gallery el_before_av_textblock\">\n<div class=\"av-special-heading av-2km99i-fabece1403dc5ef936d099f75070df8c av-special-heading-h1 custom-color-heading blockquote modern-quote avia-builder-el-2 el_after_av_gallery el_before_av_textblock\">\n<div class=\"av-special-heading av-87mu0-27d34b47e3e989c950cbf58d1c1eec61 av-special-heading-h1 custom-color-heading blockquote modern-quote avia-builder-el-2 el_after_av_gallery el_before_av_textblock\">\n<h1 class=\"av-special-heading-tag\">Indian massage<\/h1>\n<\/div>\n<section class=\"av_textblock_section av-jtfnojnb-ab56eddf27d4f33c0f666c2ec15eb05b\">\n<div class=\"avia_textblock\">\n<h2 class=\"translation-block\">Antimigraine and anti-stress <b>Indian head massage<\/b><\/h2>\n<p class=\"translation-block\"><b>Oil-free Indian head massage<\/b> is an ancient Ayurvedic technique that uses acupressure techniques on the head, face, neck, and shoulders. It harmonizes the body and mind, effectively relieving stress and tension. This massage is anti-migraine \u2013 it helps with migraines and chronic headaches.<\/p>\n<p class=\"translation-block\">During the massage, there is improved oxygenation of the brain and enhanced concentration. <b>Indian head massage<\/b> helps against depression and anxiety. An additional benefit is the improvement of the scalp and hair quality, which becomes thicker, shinier, and generally healthier with regular massage.<\/p>\n<p>The massage is suitable for all age groups, from children to seniors. It is performed without oil.<\/p>\n<h3>Other massages at Mystic Temple<\/h3>\n<p><a href=\"https:\/\/mystictemple.cz\/en\/ostatni-masaze\/paradise-bali\/\">Paradise Bali<\/a>,\u00a0<a href=\"https:\/\/mystictemple.cz\/en\/ostatni-masaze\/liftingova-masaz\/\">Lifting massage<\/a>,\u00a0<a href=\"https:\/\/mystictemple.cz\/en\/ostatni-masaze\/tibet\/\">Tibetan massage<\/a><\/p>\n<\/div>\n<\/section>\n<\/div>\n<\/div>","protected":false},"excerpt":{"rendered":"<section class=\"av_textblock_section av-jtfnojnb-56-38f071087cd4499ed3cb06bae4a0ea27\">\n<div class=\"avia_textblock\">\n<p>The anti-stress head massage is an Ayurvedic technique that uses acupressure movements on the head, face, neck, and shoulders without the use of oil. It relieves stress, tension, removes migraines, and helps against depression. The massage also leads to better oxygenation of the brain and improves concentration.<\/p>\n<\/div>\n<\/section>","protected":false},"featured_media":787,"template":"","meta":[],"product_brand":[],"product_cat":[29],"product_tag":[],"class_list":{"0":"post-854","1":"product","2":"type-product","3":"status-publish","4":"has-post-thumbnail","6":"product_cat-ostatni-masaze","8":"first","9":"instock","10":"sold-individually","11":"taxable","12":"shipping-taxable","13":"purchasable","14":"product-type-variable"},"yoast_head":"<!-- This site is optimized with the Yoast SEO plugin v27.1.1 - https:\/\/yoast.com\/product\/yoast-seo-wordpress\/ -->\n<title>Indick\u00e1 mas\u00e1\u017e hlavy | Thajsk\u00e9 mas\u00e1\u017ee Mystic Temple Praha<\/title>\n<meta name=\"description\" content=\"Indick\u00e1 mas\u00e1\u017e hlavy je ajurv\u00e9dsk\u00e1 technika, kter\u00e1 zbavuje stresu, nap\u011bt\u00ed a odstra\u0148uje migr\u00e9ny. Nav\u00edc zlep\u0161uje poko\u017eku hlavy i kvalitu vlas\u016f. \u2705\" \/>\n<meta name=\"robots\" content=\"index, follow, max-snippet:-1, max-image-preview:large, max-video-preview:-1\" \/>\n<link rel=\"canonical\" href=\"https:\/\/mystictemple.cz\/en\/product\/indicka-masaz\/\" \/>\n<meta property=\"og:locale\" content=\"en_US\" \/>\n<meta property=\"og:type\" content=\"article\" \/>\n<meta property=\"og:title\" content=\"Indick\u00e1 mas\u00e1\u017e hlavy | Thajsk\u00e9 mas\u00e1\u017ee Mystic Temple Praha\" \/>\n<meta property=\"og:description\" content=\"Indick\u00e1 mas\u00e1\u017e hlavy je ajurv\u00e9dsk\u00e1 technika, kter\u00e1 zbavuje stresu, nap\u011bt\u00ed a odstra\u0148uje migr\u00e9ny. Nav\u00edc zlep\u0161uje poko\u017eku hlavy i kvalitu vlas\u016f. \u2705\" \/>\n<meta property=\"og:url\" content=\"https:\/\/mystictemple.cz\/en\/product\/indicka-masaz\/\" \/>\n<meta property=\"og:site_name\" content=\"Mystic Temple\" \/>\n<meta property=\"article:modified_time\" content=\"2025-08-14T13:18:20+00:00\" \/>\n<meta property=\"og:image\" content=\"https:\/\/mystictemple.cz\/wp-content\/uploads\/2024\/09\/Mystic_set_2016_12-1030x687-1.jpg\" \/>\n\t<meta property=\"og:image:width\" content=\"1030\" \/>\n\t<meta property=\"og:image:height\" content=\"687\" \/>\n\t<meta property=\"og:image:type\" content=\"image\/jpeg\" \/>\n<meta name=\"twitter:card\" content=\"summary_large_image\" \/>\n<meta name=\"twitter:label1\" content=\"Est. reading time\" \/>\n\t<meta name=\"twitter:data1\" content=\"1 minute\" \/>\n<script type=\"application\/ld+json\" class=\"yoast-schema-graph\">{\"@context\":\"https:\/\/schema.org\",\"@graph\":[{\"@type\":\"WebPage\",\"@id\":\"https:\/\/mystictemple.cz\/product\/indicka-masaz\/\",\"url\":\"https:\/\/mystictemple.cz\/product\/indicka-masaz\/\",\"name\":\"Indick\u00e1 mas\u00e1\u017e hlavy | Thajsk\u00e9 mas\u00e1\u017ee Mystic Temple Praha\",\"isPartOf\":{\"@id\":\"https:\/\/mystictemple.cz\/#website\"},\"primaryImageOfPage\":{\"@id\":\"https:\/\/mystictemple.cz\/product\/indicka-masaz\/#primaryimage\"},\"image\":{\"@id\":\"https:\/\/mystictemple.cz\/product\/indicka-masaz\/#primaryimage\"},\"thumbnailUrl\":\"https:\/\/mystictemple.cz\/wp-content\/uploads\/2024\/09\/Mystic_set_2016_12-1030x687-1.jpg\",\"datePublished\":\"2024-09-15T13:31:45+00:00\",\"dateModified\":\"2025-08-14T13:18:20+00:00\",\"description\":\"Indick\u00e1 mas\u00e1\u017e hlavy je ajurv\u00e9dsk\u00e1 technika, kter\u00e1 zbavuje stresu, nap\u011bt\u00ed a odstra\u0148uje migr\u00e9ny. Nav\u00edc zlep\u0161uje poko\u017eku hlavy i kvalitu vlas\u016f. \u2705\",\"breadcrumb\":{\"@id\":\"https:\/\/mystictemple.cz\/product\/indicka-masaz\/#breadcrumb\"},\"inLanguage\":\"en-US\",\"potentialAction\":[{\"@type\":\"ReadAction\",\"target\":[\"https:\/\/mystictemple.cz\/product\/indicka-masaz\/\"]}]},{\"@type\":\"ImageObject\",\"inLanguage\":\"en-US\",\"@id\":\"https:\/\/mystictemple.cz\/product\/indicka-masaz\/#primaryimage\",\"url\":\"https:\/\/mystictemple.cz\/wp-content\/uploads\/2024\/09\/Mystic_set_2016_12-1030x687-1.jpg\",\"contentUrl\":\"https:\/\/mystictemple.cz\/wp-content\/uploads\/2024\/09\/Mystic_set_2016_12-1030x687-1.jpg\",\"width\":1030,\"height\":687,\"caption\":\"Indick\u00e1 mas\u00e1\u017e hlavy\"},{\"@type\":\"BreadcrumbList\",\"@id\":\"https:\/\/mystictemple.cz\/product\/indicka-masaz\/#breadcrumb\",\"itemListElement\":[{\"@type\":\"ListItem\",\"position\":1,\"name\":\"Dom\u016f\",\"item\":\"https:\/\/mystictemple.cz\/\"},{\"@type\":\"ListItem\",\"position\":2,\"name\":\"Produkty\",\"item\":\"https:\/\/mystictemple.cz\/shop\/\"},{\"@type\":\"ListItem\",\"position\":3,\"name\":\"Indick\u00e1 mas\u00e1\u017e\"}]},{\"@type\":\"WebSite\",\"@id\":\"https:\/\/mystictemple.cz\/#website\",\"url\":\"https:\/\/mystictemple.cz\/\",\"name\":\"Mystic Temple\",\"description\":\"Mystic Temple je mas\u00e1\u017en\u00ed salon v centru Prahy, kter\u00fd nab\u00edz\u00ed \u0161irokou \u0161k\u00e1lu relaxa\u010dn\u00edch a terapeutick\u00fdch mas\u00e1\u017e\u00ed. Na na\u0161em webu si m\u016f\u017eete snadno vybrat mas\u00e1\u017e, vlo\u017eit ji do ko\u0161\u00edku, zaplatit online a ihned obdr\u017eet d\u00e1rkov\u00fd voucher s unik\u00e1tn\u00edm k\u00f3dem. Voucher pak m\u016f\u017eete uplatnit p\u0159\u00edmo na recepci salonu. Rezervace je mo\u017en\u00e1 telefonicky nebo online. Otev\u0159eno m\u00e1me denn\u011b od 9:00 do 21:00.\",\"publisher\":{\"@id\":\"https:\/\/mystictemple.cz\/#organization\"},\"potentialAction\":[{\"@type\":\"SearchAction\",\"target\":{\"@type\":\"EntryPoint\",\"urlTemplate\":\"https:\/\/mystictemple.cz\/?s={search_term_string}\"},\"query-input\":{\"@type\":\"PropertyValueSpecification\",\"valueRequired\":true,\"valueName\":\"search_term_string\"}}],\"inLanguage\":\"en-US\"},{\"@type\":\"Organization\",\"@id\":\"https:\/\/mystictemple.cz\/#organization\",\"name\":\"Mystic Temple\",\"url\":\"https:\/\/mystictemple.cz\/\",\"logo\":{\"@type\":\"ImageObject\",\"inLanguage\":\"en-US\",\"@id\":\"https:\/\/mystictemple.cz\/#\/schema\/logo\/image\/\",\"url\":\"https:\/\/mystictemple.cz\/wp-content\/uploads\/2024\/02\/logo_temple_transparentni-2.png\",\"contentUrl\":\"https:\/\/mystictemple.cz\/wp-content\/uploads\/2024\/02\/logo_temple_transparentni-2.png\",\"width\":781,\"height\":586,\"caption\":\"Mystic Temple\"},\"image\":{\"@id\":\"https:\/\/mystictemple.cz\/#\/schema\/logo\/image\/\"}}]}<\/script>\n<!-- \/ Yoast SEO plugin. -->","yoast_head_json":{"title":"Indick\u00e1 mas\u00e1\u017e hlavy | Thajsk\u00e9 mas\u00e1\u017ee Mystic Temple Praha","description":"Indick\u00e1 mas\u00e1\u017e hlavy je ajurv\u00e9dsk\u00e1 technika, kter\u00e1 zbavuje stresu, nap\u011bt\u00ed a odstra\u0148uje migr\u00e9ny. Nav\u00edc zlep\u0161uje poko\u017eku hlavy i kvalitu vlas\u016f. \u2705","robots":{"index":"index","follow":"follow","max-snippet":"max-snippet:-1","max-image-preview":"max-image-preview:large","max-video-preview":"max-video-preview:-1"},"canonical":"https:\/\/mystictemple.cz\/en\/product\/indicka-masaz\/","og_locale":"en_US","og_type":"article","og_title":"Indick\u00e1 mas\u00e1\u017e hlavy | Thajsk\u00e9 mas\u00e1\u017ee Mystic Temple Praha","og_description":"Indick\u00e1 mas\u00e1\u017e hlavy je ajurv\u00e9dsk\u00e1 technika, kter\u00e1 zbavuje stresu, nap\u011bt\u00ed a odstra\u0148uje migr\u00e9ny. Nav\u00edc zlep\u0161uje poko\u017eku hlavy i kvalitu vlas\u016f. \u2705","og_url":"https:\/\/mystictemple.cz\/en\/product\/indicka-masaz\/","og_site_name":"Mystic Temple","article_modified_time":"2025-08-14T13:18:20+00:00","og_image":[{"width":1030,"height":687,"url":"https:\/\/mystictemple.cz\/wp-content\/uploads\/2024\/09\/Mystic_set_2016_12-1030x687-1.jpg","type":"image\/jpeg"}],"twitter_card":"summary_large_image","twitter_misc":{"Est. reading time":"1 minute"},"schema":{"@context":"https:\/\/schema.org","@graph":[{"@type":"WebPage","@id":"https:\/\/mystictemple.cz\/product\/indicka-masaz\/","url":"https:\/\/mystictemple.cz\/product\/indicka-masaz\/","name":"Indick\u00e1 mas\u00e1\u017e hlavy | Thajsk\u00e9 mas\u00e1\u017ee Mystic Temple Praha","isPartOf":{"@id":"https:\/\/mystictemple.cz\/#website"},"primaryImageOfPage":{"@id":"https:\/\/mystictemple.cz\/product\/indicka-masaz\/#primaryimage"},"image":{"@id":"https:\/\/mystictemple.cz\/product\/indicka-masaz\/#primaryimage"},"thumbnailUrl":"https:\/\/mystictemple.cz\/wp-content\/uploads\/2024\/09\/Mystic_set_2016_12-1030x687-1.jpg","datePublished":"2024-09-15T13:31:45+00:00","dateModified":"2025-08-14T13:18:20+00:00","description":"Indick\u00e1 mas\u00e1\u017e hlavy je ajurv\u00e9dsk\u00e1 technika, kter\u00e1 zbavuje stresu, nap\u011bt\u00ed a odstra\u0148uje migr\u00e9ny. Nav\u00edc zlep\u0161uje poko\u017eku hlavy i kvalitu vlas\u016f. \u2705","breadcrumb":{"@id":"https:\/\/mystictemple.cz\/product\/indicka-masaz\/#breadcrumb"},"inLanguage":"en-US","potentialAction":[{"@type":"ReadAction","target":["https:\/\/mystictemple.cz\/product\/indicka-masaz\/"]}]},{"@type":"ImageObject","inLanguage":"en-US","@id":"https:\/\/mystictemple.cz\/product\/indicka-masaz\/#primaryimage","url":"https:\/\/mystictemple.cz\/wp-content\/uploads\/2024\/09\/Mystic_set_2016_12-1030x687-1.jpg","contentUrl":"https:\/\/mystictemple.cz\/wp-content\/uploads\/2024\/09\/Mystic_set_2016_12-1030x687-1.jpg","width":1030,"height":687,"caption":"Indick\u00e1 mas\u00e1\u017e hlavy"},{"@type":"BreadcrumbList","@id":"https:\/\/mystictemple.cz\/product\/indicka-masaz\/#breadcrumb","itemListElement":[{"@type":"ListItem","position":1,"name":"Dom\u016f","item":"https:\/\/mystictemple.cz\/"},{"@type":"ListItem","position":2,"name":"Produkty","item":"https:\/\/mystictemple.cz\/shop\/"},{"@type":"ListItem","position":3,"name":"Indick\u00e1 mas\u00e1\u017e"}]},{"@type":"WebSite","@id":"https:\/\/mystictemple.cz\/#website","url":"https:\/\/mystictemple.cz\/","name":"Mystic Temple","description":"Mystic Temple je mas\u00e1\u017en\u00ed salon v centru Prahy, kter\u00fd nab\u00edz\u00ed \u0161irokou \u0161k\u00e1lu relaxa\u010dn\u00edch a terapeutick\u00fdch mas\u00e1\u017e\u00ed. Na na\u0161em webu si m\u016f\u017eete snadno vybrat mas\u00e1\u017e, vlo\u017eit ji do ko\u0161\u00edku, zaplatit online a ihned obdr\u017eet d\u00e1rkov\u00fd voucher s unik\u00e1tn\u00edm k\u00f3dem. Voucher pak m\u016f\u017eete uplatnit p\u0159\u00edmo na recepci salonu. Rezervace je mo\u017en\u00e1 telefonicky nebo online. Otev\u0159eno m\u00e1me denn\u011b od 9:00 do 21:00.","publisher":{"@id":"https:\/\/mystictemple.cz\/#organization"},"potentialAction":[{"@type":"SearchAction","target":{"@type":"EntryPoint","urlTemplate":"https:\/\/mystictemple.cz\/?s={search_term_string}"},"query-input":{"@type":"PropertyValueSpecification","valueRequired":true,"valueName":"search_term_string"}}],"inLanguage":"en-US"},{"@type":"Organization","@id":"https:\/\/mystictemple.cz\/#organization","name":"Mystic Temple","url":"https:\/\/mystictemple.cz\/","logo":{"@type":"ImageObject","inLanguage":"en-US","@id":"https:\/\/mystictemple.cz\/#\/schema\/logo\/image\/","url":"https:\/\/mystictemple.cz\/wp-content\/uploads\/2024\/02\/logo_temple_transparentni-2.png","contentUrl":"https:\/\/mystictemple.cz\/wp-content\/uploads\/2024\/02\/logo_temple_transparentni-2.png","width":781,"height":586,"caption":"Mystic Temple"},"image":{"@id":"https:\/\/mystictemple.cz\/#\/schema\/logo\/image\/"}}]}},"_links":{"self":[{"href":"https:\/\/mystictemple.cz\/en\/wp-json\/wp\/v2\/product\/854","targetHints":{"allow":["GET"]}}],"collection":[{"href":"https:\/\/mystictemple.cz\/en\/wp-json\/wp\/v2\/product"}],"about":[{"href":"https:\/\/mystictemple.cz\/en\/wp-json\/wp\/v2\/types\/product"}],"wp:featuredmedia":[{"embeddable":true,"href":"https:\/\/mystictemple.cz\/en\/wp-json\/wp\/v2\/media\/787"}],"wp:attachment":[{"href":"https:\/\/mystictemple.cz\/en\/wp-json\/wp\/v2\/media?parent=854"}],"wp:term":[{"taxonomy":"product_brand","embeddable":true,"href":"https:\/\/mystictemple.cz\/en\/wp-json\/wp\/v2\/product_brand?post=854"},{"taxonomy":"product_cat","embeddable":true,"href":"https:\/\/mystictemple.cz\/en\/wp-json\/wp\/v2\/product_cat?post=854"},{"taxonomy":"product_tag","embeddable":true,"href":"https:\/\/mystictemple.cz\/en\/wp-json\/wp\/v2\/product_tag?post=854"}],"curies":[{"name":"wp","href":"https:\/\/api.w.org\/{rel}","templated":true}]}}