{"id":852,"date":"2024-09-15T13:27:34","date_gmt":"2024-09-15T13:27:34","guid":{"rendered":"https:\/\/mystictemple.cz\/?post_type=product&#038;p=852"},"modified":"2025-08-14T13:19:02","modified_gmt":"2025-08-14T13:19:02","slug":"liftingova-masaz","status":"publish","type":"product","link":"https:\/\/mystictemple.cz\/en\/product\/liftingova-masaz\/","title":{"rendered":"Lifting massage"},"content":{"rendered":"<div class=\"av-special-heading av-2n1per-07761c0471f102c325d6480da552a674 av-special-heading-h1 custom-color-heading blockquote modern-quote avia-builder-el-2 el_after_av_gallery el_before_av_textblock\">\n<div class=\"av-special-heading av-2km99i-fabece1403dc5ef936d099f75070df8c av-special-heading-h1 custom-color-heading blockquote modern-quote avia-builder-el-2 el_after_av_gallery el_before_av_textblock\">\n<h1 class=\"av-special-heading-tag\">Lifting massage<\/h1>\n<\/div>\n<section class=\"av_textblock_section av-jtfnojnb-eab8df139f5c5775eed94ab00d64c14a\">\n<div class=\"avia_textblock\">\n<h2 class=\"translation-block\"><b>Lifting massage<\/b> against cellulite with a slimming effect<\/h2>\n<p class=\"translation-block\"><strong>Slimming lifting massage<\/strong> improves blood flow and overall circulation and helps remove excess fluids in the body. Thanks to the lifting massage, <strong>fat deposits are broken down, which also helps in the fight against cellulite (orange peel skin)<\/strong>. While enjoying a soothing massage of the legs and buttocks, the body cleanses and detoxifies itself.<\/p>\n<p>The lifting massage is recommended to be done regularly to maintain a healthy lifestyle and as a supportive aid during weight loss.<\/p>\n<h3>Other massages at Mystic Temple<\/h3>\n<p class=\"translation-block\"><a href=\"https:\/\/mystictemple.cz\/en\/ostatni-masaze\/indicka-masaz\/\" target=\"_self\">Indian head massage<\/a>,\u00a0<a href=\"https:\/\/mystictemple.cz\/en\/ostatni-masaze\/paradise-bali\/\" target=\"_blank\" rel=\"noopener\">Paradise Bali massage<\/a>\u00a0a\u00a0<a href=\"https:\/\/mystictemple.cz\/en\/ostatni-masaze\/tibet\/\" target=\"_blank\" rel=\"noopener\">Tibetan massage<\/a><\/p>\n<\/div>\n<\/section>\n<\/div>\n<section class=\"av_textblock_section av-jtfnojnb-eab8df139f5c5775eed94ab00d64c14a\">\n<div class=\"avia_textblock\"><\/div>\n<\/section>","protected":false},"excerpt":{"rendered":"<section class=\"av_textblock_section av-jtfnojnb-56-38f071087cd4499ed3cb06bae4a0ea27\">\n<div class=\"avia_textblock\">\n<p>Anti-cellulite slimming massage helps break down fat deposits, improve blood flow and circulation, and reduce excess fluid in the body. Additionally, it removes toxins and accelerates metabolism in areas prone to cellulite.<\/p>\n<\/div>\n<\/section>","protected":false},"featured_media":819,"template":"","meta":[],"product_brand":[],"product_cat":[29],"product_tag":[],"class_list":{"0":"post-852","1":"product","2":"type-product","3":"status-publish","4":"has-post-thumbnail","6":"product_cat-ostatni-masaze","8":"first","9":"instock","10":"sold-individually","11":"taxable","12":"shipping-taxable","13":"purchasable","14":"product-type-variable"},"yoast_head":"<!-- This site is optimized with the Yoast SEO plugin v27.1.1 - https:\/\/yoast.com\/product\/yoast-seo-wordpress\/ -->\n<title>Liftingov\u00e1 mas\u00e1\u017e | Thajsk\u00e9 mas\u00e1\u017ee Mystic Temple<\/title>\n<meta name=\"description\" content=\"Liftingov\u00e1 mas\u00e1\u017e se ze\u0161t\u00edhluj\u00edc\u00edm \u00fa\u010dinkem. Odstra\u0148uje toxiny a urychluje metabolismus v oblastech, kter\u00e9 jsou n\u00e1chyln\u00e9 k celulitid\u011b. \u2705\" \/>\n<meta name=\"robots\" content=\"index, follow, max-snippet:-1, max-image-preview:large, max-video-preview:-1\" \/>\n<link rel=\"canonical\" href=\"https:\/\/mystictemple.cz\/en\/product\/liftingova-masaz\/\" \/>\n<meta property=\"og:locale\" content=\"en_US\" \/>\n<meta property=\"og:type\" content=\"article\" \/>\n<meta property=\"og:title\" content=\"Liftingov\u00e1 mas\u00e1\u017e | Thajsk\u00e9 mas\u00e1\u017ee Mystic Temple\" \/>\n<meta property=\"og:description\" content=\"Liftingov\u00e1 mas\u00e1\u017e se ze\u0161t\u00edhluj\u00edc\u00edm \u00fa\u010dinkem. Odstra\u0148uje toxiny a urychluje metabolismus v oblastech, kter\u00e9 jsou n\u00e1chyln\u00e9 k celulitid\u011b. \u2705\" \/>\n<meta property=\"og:url\" content=\"https:\/\/mystictemple.cz\/en\/product\/liftingova-masaz\/\" \/>\n<meta property=\"og:site_name\" content=\"Mystic Temple\" \/>\n<meta property=\"article:modified_time\" content=\"2025-08-14T13:19:02+00:00\" \/>\n<meta property=\"og:image\" content=\"https:\/\/mystictemple.cz\/wp-content\/uploads\/2024\/09\/sluzby_liftingova.jpg\" \/>\n\t<meta property=\"og:image:width\" content=\"500\" \/>\n\t<meta property=\"og:image:height\" content=\"300\" \/>\n\t<meta property=\"og:image:type\" content=\"image\/jpeg\" \/>\n<meta name=\"twitter:card\" content=\"summary_large_image\" \/>\n<meta name=\"twitter:label1\" content=\"Est. reading time\" \/>\n\t<meta name=\"twitter:data1\" content=\"1 minute\" \/>\n<script type=\"application\/ld+json\" class=\"yoast-schema-graph\">{\"@context\":\"https:\/\/schema.org\",\"@graph\":[{\"@type\":\"WebPage\",\"@id\":\"https:\/\/mystictemple.cz\/product\/liftingova-masaz\/\",\"url\":\"https:\/\/mystictemple.cz\/product\/liftingova-masaz\/\",\"name\":\"Liftingov\u00e1 mas\u00e1\u017e | Thajsk\u00e9 mas\u00e1\u017ee Mystic Temple\",\"isPartOf\":{\"@id\":\"https:\/\/mystictemple.cz\/#website\"},\"primaryImageOfPage\":{\"@id\":\"https:\/\/mystictemple.cz\/product\/liftingova-masaz\/#primaryimage\"},\"image\":{\"@id\":\"https:\/\/mystictemple.cz\/product\/liftingova-masaz\/#primaryimage\"},\"thumbnailUrl\":\"https:\/\/mystictemple.cz\/wp-content\/uploads\/2024\/09\/sluzby_liftingova.jpg\",\"datePublished\":\"2024-09-15T13:27:34+00:00\",\"dateModified\":\"2025-08-14T13:19:02+00:00\",\"description\":\"Liftingov\u00e1 mas\u00e1\u017e se ze\u0161t\u00edhluj\u00edc\u00edm \u00fa\u010dinkem. Odstra\u0148uje toxiny a urychluje metabolismus v oblastech, kter\u00e9 jsou n\u00e1chyln\u00e9 k celulitid\u011b. \u2705\",\"breadcrumb\":{\"@id\":\"https:\/\/mystictemple.cz\/product\/liftingova-masaz\/#breadcrumb\"},\"inLanguage\":\"en-US\",\"potentialAction\":[{\"@type\":\"ReadAction\",\"target\":[\"https:\/\/mystictemple.cz\/product\/liftingova-masaz\/\"]}]},{\"@type\":\"ImageObject\",\"inLanguage\":\"en-US\",\"@id\":\"https:\/\/mystictemple.cz\/product\/liftingova-masaz\/#primaryimage\",\"url\":\"https:\/\/mystictemple.cz\/wp-content\/uploads\/2024\/09\/sluzby_liftingova.jpg\",\"contentUrl\":\"https:\/\/mystictemple.cz\/wp-content\/uploads\/2024\/09\/sluzby_liftingova.jpg\",\"width\":500,\"height\":300,\"caption\":\"Liftingov\u00e1 mas\u00e1\u017e\"},{\"@type\":\"BreadcrumbList\",\"@id\":\"https:\/\/mystictemple.cz\/product\/liftingova-masaz\/#breadcrumb\",\"itemListElement\":[{\"@type\":\"ListItem\",\"position\":1,\"name\":\"Dom\u016f\",\"item\":\"https:\/\/mystictemple.cz\/\"},{\"@type\":\"ListItem\",\"position\":2,\"name\":\"Produkty\",\"item\":\"https:\/\/mystictemple.cz\/shop\/\"},{\"@type\":\"ListItem\",\"position\":3,\"name\":\"Liftingov\u00e1 mas\u00e1\u017e\"}]},{\"@type\":\"WebSite\",\"@id\":\"https:\/\/mystictemple.cz\/#website\",\"url\":\"https:\/\/mystictemple.cz\/\",\"name\":\"Mystic Temple\",\"description\":\"Mystic Temple je mas\u00e1\u017en\u00ed salon v centru Prahy, kter\u00fd nab\u00edz\u00ed \u0161irokou \u0161k\u00e1lu relaxa\u010dn\u00edch a terapeutick\u00fdch mas\u00e1\u017e\u00ed. Na na\u0161em webu si m\u016f\u017eete snadno vybrat mas\u00e1\u017e, vlo\u017eit ji do ko\u0161\u00edku, zaplatit online a ihned obdr\u017eet d\u00e1rkov\u00fd voucher s unik\u00e1tn\u00edm k\u00f3dem. Voucher pak m\u016f\u017eete uplatnit p\u0159\u00edmo na recepci salonu. Rezervace je mo\u017en\u00e1 telefonicky nebo online. Otev\u0159eno m\u00e1me denn\u011b od 9:00 do 21:00.\",\"publisher\":{\"@id\":\"https:\/\/mystictemple.cz\/#organization\"},\"potentialAction\":[{\"@type\":\"SearchAction\",\"target\":{\"@type\":\"EntryPoint\",\"urlTemplate\":\"https:\/\/mystictemple.cz\/?s={search_term_string}\"},\"query-input\":{\"@type\":\"PropertyValueSpecification\",\"valueRequired\":true,\"valueName\":\"search_term_string\"}}],\"inLanguage\":\"en-US\"},{\"@type\":\"Organization\",\"@id\":\"https:\/\/mystictemple.cz\/#organization\",\"name\":\"Mystic Temple\",\"url\":\"https:\/\/mystictemple.cz\/\",\"logo\":{\"@type\":\"ImageObject\",\"inLanguage\":\"en-US\",\"@id\":\"https:\/\/mystictemple.cz\/#\/schema\/logo\/image\/\",\"url\":\"https:\/\/mystictemple.cz\/wp-content\/uploads\/2024\/02\/logo_temple_transparentni-2.png\",\"contentUrl\":\"https:\/\/mystictemple.cz\/wp-content\/uploads\/2024\/02\/logo_temple_transparentni-2.png\",\"width\":781,\"height\":586,\"caption\":\"Mystic Temple\"},\"image\":{\"@id\":\"https:\/\/mystictemple.cz\/#\/schema\/logo\/image\/\"}}]}<\/script>\n<!-- \/ Yoast SEO plugin. -->","yoast_head_json":{"title":"Liftingov\u00e1 mas\u00e1\u017e | Thajsk\u00e9 mas\u00e1\u017ee Mystic Temple","description":"Liftingov\u00e1 mas\u00e1\u017e se ze\u0161t\u00edhluj\u00edc\u00edm \u00fa\u010dinkem. Odstra\u0148uje toxiny a urychluje metabolismus v oblastech, kter\u00e9 jsou n\u00e1chyln\u00e9 k celulitid\u011b. \u2705","robots":{"index":"index","follow":"follow","max-snippet":"max-snippet:-1","max-image-preview":"max-image-preview:large","max-video-preview":"max-video-preview:-1"},"canonical":"https:\/\/mystictemple.cz\/en\/product\/liftingova-masaz\/","og_locale":"en_US","og_type":"article","og_title":"Liftingov\u00e1 mas\u00e1\u017e | Thajsk\u00e9 mas\u00e1\u017ee Mystic Temple","og_description":"Liftingov\u00e1 mas\u00e1\u017e se ze\u0161t\u00edhluj\u00edc\u00edm \u00fa\u010dinkem. Odstra\u0148uje toxiny a urychluje metabolismus v oblastech, kter\u00e9 jsou n\u00e1chyln\u00e9 k celulitid\u011b. \u2705","og_url":"https:\/\/mystictemple.cz\/en\/product\/liftingova-masaz\/","og_site_name":"Mystic Temple","article_modified_time":"2025-08-14T13:19:02+00:00","og_image":[{"width":500,"height":300,"url":"https:\/\/mystictemple.cz\/wp-content\/uploads\/2024\/09\/sluzby_liftingova.jpg","type":"image\/jpeg"}],"twitter_card":"summary_large_image","twitter_misc":{"Est. reading time":"1 minute"},"schema":{"@context":"https:\/\/schema.org","@graph":[{"@type":"WebPage","@id":"https:\/\/mystictemple.cz\/product\/liftingova-masaz\/","url":"https:\/\/mystictemple.cz\/product\/liftingova-masaz\/","name":"Liftingov\u00e1 mas\u00e1\u017e | Thajsk\u00e9 mas\u00e1\u017ee Mystic Temple","isPartOf":{"@id":"https:\/\/mystictemple.cz\/#website"},"primaryImageOfPage":{"@id":"https:\/\/mystictemple.cz\/product\/liftingova-masaz\/#primaryimage"},"image":{"@id":"https:\/\/mystictemple.cz\/product\/liftingova-masaz\/#primaryimage"},"thumbnailUrl":"https:\/\/mystictemple.cz\/wp-content\/uploads\/2024\/09\/sluzby_liftingova.jpg","datePublished":"2024-09-15T13:27:34+00:00","dateModified":"2025-08-14T13:19:02+00:00","description":"Liftingov\u00e1 mas\u00e1\u017e se ze\u0161t\u00edhluj\u00edc\u00edm \u00fa\u010dinkem. Odstra\u0148uje toxiny a urychluje metabolismus v oblastech, kter\u00e9 jsou n\u00e1chyln\u00e9 k celulitid\u011b. \u2705","breadcrumb":{"@id":"https:\/\/mystictemple.cz\/product\/liftingova-masaz\/#breadcrumb"},"inLanguage":"en-US","potentialAction":[{"@type":"ReadAction","target":["https:\/\/mystictemple.cz\/product\/liftingova-masaz\/"]}]},{"@type":"ImageObject","inLanguage":"en-US","@id":"https:\/\/mystictemple.cz\/product\/liftingova-masaz\/#primaryimage","url":"https:\/\/mystictemple.cz\/wp-content\/uploads\/2024\/09\/sluzby_liftingova.jpg","contentUrl":"https:\/\/mystictemple.cz\/wp-content\/uploads\/2024\/09\/sluzby_liftingova.jpg","width":500,"height":300,"caption":"Liftingov\u00e1 mas\u00e1\u017e"},{"@type":"BreadcrumbList","@id":"https:\/\/mystictemple.cz\/product\/liftingova-masaz\/#breadcrumb","itemListElement":[{"@type":"ListItem","position":1,"name":"Dom\u016f","item":"https:\/\/mystictemple.cz\/"},{"@type":"ListItem","position":2,"name":"Produkty","item":"https:\/\/mystictemple.cz\/shop\/"},{"@type":"ListItem","position":3,"name":"Liftingov\u00e1 mas\u00e1\u017e"}]},{"@type":"WebSite","@id":"https:\/\/mystictemple.cz\/#website","url":"https:\/\/mystictemple.cz\/","name":"Mystic Temple","description":"Mystic Temple je mas\u00e1\u017en\u00ed salon v centru Prahy, kter\u00fd nab\u00edz\u00ed \u0161irokou \u0161k\u00e1lu relaxa\u010dn\u00edch a terapeutick\u00fdch mas\u00e1\u017e\u00ed. Na na\u0161em webu si m\u016f\u017eete snadno vybrat mas\u00e1\u017e, vlo\u017eit ji do ko\u0161\u00edku, zaplatit online a ihned obdr\u017eet d\u00e1rkov\u00fd voucher s unik\u00e1tn\u00edm k\u00f3dem. Voucher pak m\u016f\u017eete uplatnit p\u0159\u00edmo na recepci salonu. Rezervace je mo\u017en\u00e1 telefonicky nebo online. Otev\u0159eno m\u00e1me denn\u011b od 9:00 do 21:00.","publisher":{"@id":"https:\/\/mystictemple.cz\/#organization"},"potentialAction":[{"@type":"SearchAction","target":{"@type":"EntryPoint","urlTemplate":"https:\/\/mystictemple.cz\/?s={search_term_string}"},"query-input":{"@type":"PropertyValueSpecification","valueRequired":true,"valueName":"search_term_string"}}],"inLanguage":"en-US"},{"@type":"Organization","@id":"https:\/\/mystictemple.cz\/#organization","name":"Mystic Temple","url":"https:\/\/mystictemple.cz\/","logo":{"@type":"ImageObject","inLanguage":"en-US","@id":"https:\/\/mystictemple.cz\/#\/schema\/logo\/image\/","url":"https:\/\/mystictemple.cz\/wp-content\/uploads\/2024\/02\/logo_temple_transparentni-2.png","contentUrl":"https:\/\/mystictemple.cz\/wp-content\/uploads\/2024\/02\/logo_temple_transparentni-2.png","width":781,"height":586,"caption":"Mystic Temple"},"image":{"@id":"https:\/\/mystictemple.cz\/#\/schema\/logo\/image\/"}}]}},"_links":{"self":[{"href":"https:\/\/mystictemple.cz\/en\/wp-json\/wp\/v2\/product\/852","targetHints":{"allow":["GET"]}}],"collection":[{"href":"https:\/\/mystictemple.cz\/en\/wp-json\/wp\/v2\/product"}],"about":[{"href":"https:\/\/mystictemple.cz\/en\/wp-json\/wp\/v2\/types\/product"}],"wp:featuredmedia":[{"embeddable":true,"href":"https:\/\/mystictemple.cz\/en\/wp-json\/wp\/v2\/media\/819"}],"wp:attachment":[{"href":"https:\/\/mystictemple.cz\/en\/wp-json\/wp\/v2\/media?parent=852"}],"wp:term":[{"taxonomy":"product_brand","embeddable":true,"href":"https:\/\/mystictemple.cz\/en\/wp-json\/wp\/v2\/product_brand?post=852"},{"taxonomy":"product_cat","embeddable":true,"href":"https:\/\/mystictemple.cz\/en\/wp-json\/wp\/v2\/product_cat?post=852"},{"taxonomy":"product_tag","embeddable":true,"href":"https:\/\/mystictemple.cz\/en\/wp-json\/wp\/v2\/product_tag?post=852"}],"curies":[{"name":"wp","href":"https:\/\/api.w.org\/{rel}","templated":true}]}}