{"id":850,"date":"2024-09-15T13:23:24","date_gmt":"2024-09-15T13:23:24","guid":{"rendered":"https:\/\/mystictemple.cz\/?post_type=product&#038;p=850"},"modified":"2025-08-14T13:20:34","modified_gmt":"2025-08-14T13:20:34","slug":"paradise-bali","status":"publish","type":"product","link":"https:\/\/mystictemple.cz\/en\/product\/paradise-bali\/","title":{"rendered":"Paradise Bali"},"content":{"rendered":"<div class=\"av-special-heading av-2n1per-07761c0471f102c325d6480da552a674 av-special-heading-h1 custom-color-heading blockquote modern-quote avia-builder-el-2 el_after_av_gallery el_before_av_textblock\">\n<h1 class=\"av-special-heading-tag\">Indonesian massage Paradise Bali<\/h1>\n<\/div>\n<section class=\"av_textblock_section av-jtfnojnb-eab8df139f5c5775eed94ab00d64c14a\">\n<div class=\"avia_textblock\">\n<h2 class=\"translation-block\">Relaxing <b>Indonesian massage<\/b> with exotic fragrance and a bath with live flowers.<\/h2>\n<p class=\"translation-block\">Paradise Bali is a very <strong>traditional Indonesian massage, during which you will relax both your body and mind<\/strong>. The unique element of the massage is the combination of several alternative medical methods: acupressure, reflexology, and aromatherapy.<\/p>\n<p class=\"translation-block\">For this Indonesian massage, we <strong>use high-quality oils<\/strong>, especially exotic BIO coconut oil, which rejuvenates, protects, and smooths the skin. <strong>The massage begins with a calming foot bath<\/strong> enriched with sea salt and flowers.<\/p>\n<p>Paradise Bali is the most popular massage in our salon and can be performed for two people in one room.<\/p>\n<h3>Other massages at Mystic Temple<\/h3>\n<p><a href=\"https:\/\/mystictemple.cz\/en\/ostatni-masaze\/indicka-masaz\/\">Indian head massage<\/a>,\u00a0<a href=\"https:\/\/mystictemple.cz\/en\/ostatni-masaze\/liftingova-masaz\/\">Lifting massage<\/a>,\u00a0<a href=\"https:\/\/mystictemple.cz\/en\/ostatni-masaze\/tibet\/\">Tibetan massage<\/a><\/p>\n<\/div>\n<\/section>","protected":false},"excerpt":{"rendered":"<section class=\"av_textblock_section av-jtfnojnb-56-38f071087cd4499ed3cb06bae4a0ea27\">\n<div class=\"avia_textblock\">\n<p>Indonesian massage combines acupressure, reflexology, and aromatherapy. We use BIO coconut oil, which rejuvenates, protects, and smooths the skin. The massage includes a soothing foot bath in water enriched with sea salt and flowers.<\/p>\n<\/div>\n<\/section>","protected":false},"featured_media":822,"template":"","meta":[],"product_brand":[],"product_cat":[29],"product_tag":[],"class_list":{"0":"post-850","1":"product","2":"type-product","3":"status-publish","4":"has-post-thumbnail","6":"product_cat-ostatni-masaze","8":"first","9":"instock","10":"sold-individually","11":"taxable","12":"shipping-taxable","13":"purchasable","14":"product-type-variable"},"yoast_head":"<!-- This site is optimized with the Yoast SEO plugin v27.1.1 - https:\/\/yoast.com\/product\/yoast-seo-wordpress\/ -->\n<title>Indon\u00e9sk\u00e1 mas\u00e1\u017e Paradise Bali | Mystic Temple Praha<\/title>\n<meta name=\"description\" content=\"Paradise Bali je relaxa\u010dn\u00ed indon\u00e9sk\u00e1 mas\u00e1\u017e s exotickou v\u016fn\u00ed. Atmosf\u00e9ru Indon\u00e9sie nasajete d\u00edky mas\u00e1\u017ei, je\u017e prob\u00edh\u00e1 i ve vodn\u00ed l\u00e1zni s kv\u011bty. \u2728\" \/>\n<meta name=\"robots\" content=\"index, follow, max-snippet:-1, max-image-preview:large, max-video-preview:-1\" \/>\n<link rel=\"canonical\" href=\"https:\/\/mystictemple.cz\/en\/product\/paradise-bali\/\" \/>\n<meta property=\"og:locale\" content=\"en_US\" \/>\n<meta property=\"og:type\" content=\"article\" \/>\n<meta property=\"og:title\" content=\"Indon\u00e9sk\u00e1 mas\u00e1\u017e Paradise Bali | Mystic Temple Praha\" \/>\n<meta property=\"og:description\" content=\"Paradise Bali je relaxa\u010dn\u00ed indon\u00e9sk\u00e1 mas\u00e1\u017e s exotickou v\u016fn\u00ed. Atmosf\u00e9ru Indon\u00e9sie nasajete d\u00edky mas\u00e1\u017ei, je\u017e prob\u00edh\u00e1 i ve vodn\u00ed l\u00e1zni s kv\u011bty. \u2728\" \/>\n<meta property=\"og:url\" content=\"https:\/\/mystictemple.cz\/en\/product\/paradise-bali\/\" \/>\n<meta property=\"og:site_name\" content=\"Mystic Temple\" \/>\n<meta property=\"article:modified_time\" content=\"2025-08-14T13:20:34+00:00\" \/>\n<meta property=\"og:image\" content=\"https:\/\/mystictemple.cz\/wp-content\/uploads\/2024\/09\/sluzby_paradise_bali_massage.jpg\" \/>\n\t<meta property=\"og:image:width\" content=\"500\" \/>\n\t<meta property=\"og:image:height\" content=\"300\" \/>\n\t<meta property=\"og:image:type\" content=\"image\/jpeg\" \/>\n<meta name=\"twitter:card\" content=\"summary_large_image\" \/>\n<meta name=\"twitter:label1\" content=\"Est. reading time\" \/>\n\t<meta name=\"twitter:data1\" content=\"1 minute\" \/>\n<script type=\"application\/ld+json\" class=\"yoast-schema-graph\">{\"@context\":\"https:\/\/schema.org\",\"@graph\":[{\"@type\":\"WebPage\",\"@id\":\"https:\/\/mystictemple.cz\/product\/paradise-bali\/\",\"url\":\"https:\/\/mystictemple.cz\/product\/paradise-bali\/\",\"name\":\"Indon\u00e9sk\u00e1 mas\u00e1\u017e Paradise Bali | Mystic Temple Praha\",\"isPartOf\":{\"@id\":\"https:\/\/mystictemple.cz\/#website\"},\"primaryImageOfPage\":{\"@id\":\"https:\/\/mystictemple.cz\/product\/paradise-bali\/#primaryimage\"},\"image\":{\"@id\":\"https:\/\/mystictemple.cz\/product\/paradise-bali\/#primaryimage\"},\"thumbnailUrl\":\"https:\/\/mystictemple.cz\/wp-content\/uploads\/2024\/09\/sluzby_paradise_bali_massage.jpg\",\"datePublished\":\"2024-09-15T13:23:24+00:00\",\"dateModified\":\"2025-08-14T13:20:34+00:00\",\"description\":\"Paradise Bali je relaxa\u010dn\u00ed indon\u00e9sk\u00e1 mas\u00e1\u017e s exotickou v\u016fn\u00ed. Atmosf\u00e9ru Indon\u00e9sie nasajete d\u00edky mas\u00e1\u017ei, je\u017e prob\u00edh\u00e1 i ve vodn\u00ed l\u00e1zni s kv\u011bty. \u2728\",\"breadcrumb\":{\"@id\":\"https:\/\/mystictemple.cz\/product\/paradise-bali\/#breadcrumb\"},\"inLanguage\":\"en-US\",\"potentialAction\":[{\"@type\":\"ReadAction\",\"target\":[\"https:\/\/mystictemple.cz\/product\/paradise-bali\/\"]}]},{\"@type\":\"ImageObject\",\"inLanguage\":\"en-US\",\"@id\":\"https:\/\/mystictemple.cz\/product\/paradise-bali\/#primaryimage\",\"url\":\"https:\/\/mystictemple.cz\/wp-content\/uploads\/2024\/09\/sluzby_paradise_bali_massage.jpg\",\"contentUrl\":\"https:\/\/mystictemple.cz\/wp-content\/uploads\/2024\/09\/sluzby_paradise_bali_massage.jpg\",\"width\":500,\"height\":300,\"caption\":\"Indon\u00e9sk\u00e1 mas\u00e1\u017e Paradise Bali\"},{\"@type\":\"BreadcrumbList\",\"@id\":\"https:\/\/mystictemple.cz\/product\/paradise-bali\/#breadcrumb\",\"itemListElement\":[{\"@type\":\"ListItem\",\"position\":1,\"name\":\"Dom\u016f\",\"item\":\"https:\/\/mystictemple.cz\/\"},{\"@type\":\"ListItem\",\"position\":2,\"name\":\"Produkty\",\"item\":\"https:\/\/mystictemple.cz\/shop\/\"},{\"@type\":\"ListItem\",\"position\":3,\"name\":\"Paradise Bali\"}]},{\"@type\":\"WebSite\",\"@id\":\"https:\/\/mystictemple.cz\/#website\",\"url\":\"https:\/\/mystictemple.cz\/\",\"name\":\"Mystic Temple\",\"description\":\"Mystic Temple je mas\u00e1\u017en\u00ed salon v centru Prahy, kter\u00fd nab\u00edz\u00ed \u0161irokou \u0161k\u00e1lu relaxa\u010dn\u00edch a terapeutick\u00fdch mas\u00e1\u017e\u00ed. Na na\u0161em webu si m\u016f\u017eete snadno vybrat mas\u00e1\u017e, vlo\u017eit ji do ko\u0161\u00edku, zaplatit online a ihned obdr\u017eet d\u00e1rkov\u00fd voucher s unik\u00e1tn\u00edm k\u00f3dem. Voucher pak m\u016f\u017eete uplatnit p\u0159\u00edmo na recepci salonu. Rezervace je mo\u017en\u00e1 telefonicky nebo online. Otev\u0159eno m\u00e1me denn\u011b od 9:00 do 21:00.\",\"publisher\":{\"@id\":\"https:\/\/mystictemple.cz\/#organization\"},\"potentialAction\":[{\"@type\":\"SearchAction\",\"target\":{\"@type\":\"EntryPoint\",\"urlTemplate\":\"https:\/\/mystictemple.cz\/?s={search_term_string}\"},\"query-input\":{\"@type\":\"PropertyValueSpecification\",\"valueRequired\":true,\"valueName\":\"search_term_string\"}}],\"inLanguage\":\"en-US\"},{\"@type\":\"Organization\",\"@id\":\"https:\/\/mystictemple.cz\/#organization\",\"name\":\"Mystic Temple\",\"url\":\"https:\/\/mystictemple.cz\/\",\"logo\":{\"@type\":\"ImageObject\",\"inLanguage\":\"en-US\",\"@id\":\"https:\/\/mystictemple.cz\/#\/schema\/logo\/image\/\",\"url\":\"https:\/\/mystictemple.cz\/wp-content\/uploads\/2024\/02\/logo_temple_transparentni-2.png\",\"contentUrl\":\"https:\/\/mystictemple.cz\/wp-content\/uploads\/2024\/02\/logo_temple_transparentni-2.png\",\"width\":781,\"height\":586,\"caption\":\"Mystic Temple\"},\"image\":{\"@id\":\"https:\/\/mystictemple.cz\/#\/schema\/logo\/image\/\"}}]}<\/script>\n<!-- \/ Yoast SEO plugin. -->","yoast_head_json":{"title":"Indon\u00e9sk\u00e1 mas\u00e1\u017e Paradise Bali | Mystic Temple Praha","description":"Paradise Bali je relaxa\u010dn\u00ed indon\u00e9sk\u00e1 mas\u00e1\u017e s exotickou v\u016fn\u00ed. Atmosf\u00e9ru Indon\u00e9sie nasajete d\u00edky mas\u00e1\u017ei, je\u017e prob\u00edh\u00e1 i ve vodn\u00ed l\u00e1zni s kv\u011bty. \u2728","robots":{"index":"index","follow":"follow","max-snippet":"max-snippet:-1","max-image-preview":"max-image-preview:large","max-video-preview":"max-video-preview:-1"},"canonical":"https:\/\/mystictemple.cz\/en\/product\/paradise-bali\/","og_locale":"en_US","og_type":"article","og_title":"Indon\u00e9sk\u00e1 mas\u00e1\u017e Paradise Bali | Mystic Temple Praha","og_description":"Paradise Bali je relaxa\u010dn\u00ed indon\u00e9sk\u00e1 mas\u00e1\u017e s exotickou v\u016fn\u00ed. Atmosf\u00e9ru Indon\u00e9sie nasajete d\u00edky mas\u00e1\u017ei, je\u017e prob\u00edh\u00e1 i ve vodn\u00ed l\u00e1zni s kv\u011bty. \u2728","og_url":"https:\/\/mystictemple.cz\/en\/product\/paradise-bali\/","og_site_name":"Mystic Temple","article_modified_time":"2025-08-14T13:20:34+00:00","og_image":[{"width":500,"height":300,"url":"https:\/\/mystictemple.cz\/wp-content\/uploads\/2024\/09\/sluzby_paradise_bali_massage.jpg","type":"image\/jpeg"}],"twitter_card":"summary_large_image","twitter_misc":{"Est. reading time":"1 minute"},"schema":{"@context":"https:\/\/schema.org","@graph":[{"@type":"WebPage","@id":"https:\/\/mystictemple.cz\/product\/paradise-bali\/","url":"https:\/\/mystictemple.cz\/product\/paradise-bali\/","name":"Indon\u00e9sk\u00e1 mas\u00e1\u017e Paradise Bali | Mystic Temple Praha","isPartOf":{"@id":"https:\/\/mystictemple.cz\/#website"},"primaryImageOfPage":{"@id":"https:\/\/mystictemple.cz\/product\/paradise-bali\/#primaryimage"},"image":{"@id":"https:\/\/mystictemple.cz\/product\/paradise-bali\/#primaryimage"},"thumbnailUrl":"https:\/\/mystictemple.cz\/wp-content\/uploads\/2024\/09\/sluzby_paradise_bali_massage.jpg","datePublished":"2024-09-15T13:23:24+00:00","dateModified":"2025-08-14T13:20:34+00:00","description":"Paradise Bali je relaxa\u010dn\u00ed indon\u00e9sk\u00e1 mas\u00e1\u017e s exotickou v\u016fn\u00ed. Atmosf\u00e9ru Indon\u00e9sie nasajete d\u00edky mas\u00e1\u017ei, je\u017e prob\u00edh\u00e1 i ve vodn\u00ed l\u00e1zni s kv\u011bty. \u2728","breadcrumb":{"@id":"https:\/\/mystictemple.cz\/product\/paradise-bali\/#breadcrumb"},"inLanguage":"en-US","potentialAction":[{"@type":"ReadAction","target":["https:\/\/mystictemple.cz\/product\/paradise-bali\/"]}]},{"@type":"ImageObject","inLanguage":"en-US","@id":"https:\/\/mystictemple.cz\/product\/paradise-bali\/#primaryimage","url":"https:\/\/mystictemple.cz\/wp-content\/uploads\/2024\/09\/sluzby_paradise_bali_massage.jpg","contentUrl":"https:\/\/mystictemple.cz\/wp-content\/uploads\/2024\/09\/sluzby_paradise_bali_massage.jpg","width":500,"height":300,"caption":"Indon\u00e9sk\u00e1 mas\u00e1\u017e Paradise Bali"},{"@type":"BreadcrumbList","@id":"https:\/\/mystictemple.cz\/product\/paradise-bali\/#breadcrumb","itemListElement":[{"@type":"ListItem","position":1,"name":"Dom\u016f","item":"https:\/\/mystictemple.cz\/"},{"@type":"ListItem","position":2,"name":"Produkty","item":"https:\/\/mystictemple.cz\/shop\/"},{"@type":"ListItem","position":3,"name":"Paradise Bali"}]},{"@type":"WebSite","@id":"https:\/\/mystictemple.cz\/#website","url":"https:\/\/mystictemple.cz\/","name":"Mystic Temple","description":"Mystic Temple je mas\u00e1\u017en\u00ed salon v centru Prahy, kter\u00fd nab\u00edz\u00ed \u0161irokou \u0161k\u00e1lu relaxa\u010dn\u00edch a terapeutick\u00fdch mas\u00e1\u017e\u00ed. Na na\u0161em webu si m\u016f\u017eete snadno vybrat mas\u00e1\u017e, vlo\u017eit ji do ko\u0161\u00edku, zaplatit online a ihned obdr\u017eet d\u00e1rkov\u00fd voucher s unik\u00e1tn\u00edm k\u00f3dem. Voucher pak m\u016f\u017eete uplatnit p\u0159\u00edmo na recepci salonu. Rezervace je mo\u017en\u00e1 telefonicky nebo online. Otev\u0159eno m\u00e1me denn\u011b od 9:00 do 21:00.","publisher":{"@id":"https:\/\/mystictemple.cz\/#organization"},"potentialAction":[{"@type":"SearchAction","target":{"@type":"EntryPoint","urlTemplate":"https:\/\/mystictemple.cz\/?s={search_term_string}"},"query-input":{"@type":"PropertyValueSpecification","valueRequired":true,"valueName":"search_term_string"}}],"inLanguage":"en-US"},{"@type":"Organization","@id":"https:\/\/mystictemple.cz\/#organization","name":"Mystic Temple","url":"https:\/\/mystictemple.cz\/","logo":{"@type":"ImageObject","inLanguage":"en-US","@id":"https:\/\/mystictemple.cz\/#\/schema\/logo\/image\/","url":"https:\/\/mystictemple.cz\/wp-content\/uploads\/2024\/02\/logo_temple_transparentni-2.png","contentUrl":"https:\/\/mystictemple.cz\/wp-content\/uploads\/2024\/02\/logo_temple_transparentni-2.png","width":781,"height":586,"caption":"Mystic Temple"},"image":{"@id":"https:\/\/mystictemple.cz\/#\/schema\/logo\/image\/"}}]}},"_links":{"self":[{"href":"https:\/\/mystictemple.cz\/en\/wp-json\/wp\/v2\/product\/850","targetHints":{"allow":["GET"]}}],"collection":[{"href":"https:\/\/mystictemple.cz\/en\/wp-json\/wp\/v2\/product"}],"about":[{"href":"https:\/\/mystictemple.cz\/en\/wp-json\/wp\/v2\/types\/product"}],"wp:featuredmedia":[{"embeddable":true,"href":"https:\/\/mystictemple.cz\/en\/wp-json\/wp\/v2\/media\/822"}],"wp:attachment":[{"href":"https:\/\/mystictemple.cz\/en\/wp-json\/wp\/v2\/media?parent=850"}],"wp:term":[{"taxonomy":"product_brand","embeddable":true,"href":"https:\/\/mystictemple.cz\/en\/wp-json\/wp\/v2\/product_brand?post=850"},{"taxonomy":"product_cat","embeddable":true,"href":"https:\/\/mystictemple.cz\/en\/wp-json\/wp\/v2\/product_cat?post=850"},{"taxonomy":"product_tag","embeddable":true,"href":"https:\/\/mystictemple.cz\/en\/wp-json\/wp\/v2\/product_tag?post=850"}],"curies":[{"name":"wp","href":"https:\/\/api.w.org\/{rel}","templated":true}]}}