{"id":846,"date":"2024-09-15T13:17:41","date_gmt":"2024-09-15T13:17:41","guid":{"rendered":"https:\/\/mystictemple.cz\/?post_type=product&#038;p=846"},"modified":"2025-08-14T13:23:07","modified_gmt":"2025-08-14T13:23:07","slug":"soap-dream","status":"publish","type":"product","link":"https:\/\/mystictemple.cz\/en\/product\/soap-dream\/","title":{"rendered":"Soap Dream"},"content":{"rendered":"<div class=\"av-special-heading av-2iv10r-1564c7bef2a39b1b07ff0e881c9bd394 av-special-heading-h1 custom-color-heading blockquote modern-quote avia-builder-el-2 el_after_av_gallery el_before_av_textblock\">\n<h1 class=\"av-special-heading-tag\">Soap Dream massage for skin rejuvenation<\/h1>\n<\/div>\n<section class=\"av_textblock_section av-jtfnojnb-eab8df139f5c5775eed94ab00d64c14a\">\n<div class=\"avia_textblock\">\n<h2>A spa treatment originating from Turkey for skin rejuvenation.<\/h2>\n<p class=\"translation-block\">Soap Dream is a <b>rejuvenating skin treatment<\/b> <strong>for the entire body.<\/strong> During the procedure, you will experience a perfect and very pleasant cleanse that will bring new energy and freshness to both your body and soul.<\/p>\n<p class=\"translation-block\">During this cleansing and rejuvenating skin treatment, <strong>you will achieve maximum relaxation and complete warming of the entire body<\/strong>. The soap foam contains exclusive pure natural ingredients that are combined for rejuvenating and toning the skin, leaving it incredibly soft and velvety.<\/p>\n<p>The massage is performed using soap foam and heated pouches with Himalayan stones in a steam bath. In addition to the cleansing, you will also experience a full-body massage.<\/p>\n<p class=\"translation-block\">Are you interested in rejuvenating and cleansing treatments? Also try our <a href=\"https:\/\/mystictemple.cz\/en\/ostatni-masaze\/bamboo-massage\/\" target=\"_blank\" rel=\"noopener\">bamboo massage<\/a>.<\/p>\n<\/div>\n<\/section>","protected":false},"excerpt":{"rendered":"<section class=\"av_textblock_section av-jtfnojnb-56-38f071087cd4499ed3cb06bae4a0ea27\">\n<div class=\"avia_textblock\">\n<p>Cleansing and rejuvenating skin treatment. It contains exclusive pure natural ingredients that are combined for rejuvenation. It leaves the skin incredibly soft and velvety. The massage is performed using soapy foam and heated pouches with Himalayan stones.<\/p>\n<\/div>\n<\/section>","protected":false},"featured_media":824,"template":"","meta":[],"product_brand":[],"product_cat":[29],"product_tag":[],"class_list":{"0":"post-846","1":"product","2":"type-product","3":"status-publish","4":"has-post-thumbnail","6":"product_cat-ostatni-masaze","8":"first","9":"instock","10":"sold-individually","11":"taxable","12":"shipping-taxable","13":"purchasable","14":"product-type-variable"},"yoast_head":"<!-- This site is optimized with the Yoast SEO plugin v27.1.1 - https:\/\/yoast.com\/product\/yoast-seo-wordpress\/ -->\n<title>soap-dream<\/title>\n<meta name=\"description\" content=\"O\u010di\u0161\u0165uj\u00edc\u00ed mas\u00e1\u017e Soap Dream pro omlazen\u00ed poko\u017eky. Mas\u00edrujeme pomoc\u00ed m\u00fddlov\u00e9 p\u011bny a zah\u0159\u00e1t\u00fdch v\u00e1\u010dk\u016f s himal\u00e1jsk\u00fdmi kam\u00ednky. \u27b0 Luxusn\u00ed mas\u00e1\u017e.\" \/>\n<meta name=\"robots\" content=\"index, follow, max-snippet:-1, max-image-preview:large, max-video-preview:-1\" \/>\n<link rel=\"canonical\" href=\"https:\/\/mystictemple.cz\/en\/product\/soap-dream\/\" \/>\n<meta property=\"og:locale\" content=\"en_US\" \/>\n<meta property=\"og:type\" content=\"article\" \/>\n<meta property=\"og:title\" content=\"soap-dream\" \/>\n<meta property=\"og:description\" content=\"O\u010di\u0161\u0165uj\u00edc\u00ed mas\u00e1\u017e Soap Dream pro omlazen\u00ed poko\u017eky. Mas\u00edrujeme pomoc\u00ed m\u00fddlov\u00e9 p\u011bny a zah\u0159\u00e1t\u00fdch v\u00e1\u010dk\u016f s himal\u00e1jsk\u00fdmi kam\u00ednky. \u27b0 Luxusn\u00ed mas\u00e1\u017e.\" \/>\n<meta property=\"og:url\" content=\"https:\/\/mystictemple.cz\/en\/product\/soap-dream\/\" \/>\n<meta property=\"og:site_name\" content=\"Mystic Temple\" \/>\n<meta property=\"article:modified_time\" content=\"2025-08-14T13:23:07+00:00\" \/>\n<meta property=\"og:image\" content=\"https:\/\/mystictemple.cz\/wp-content\/uploads\/2024\/09\/sluzby_soap_dream.jpg\" \/>\n\t<meta property=\"og:image:width\" content=\"500\" \/>\n\t<meta property=\"og:image:height\" content=\"300\" \/>\n\t<meta property=\"og:image:type\" content=\"image\/jpeg\" \/>\n<meta name=\"twitter:card\" content=\"summary_large_image\" \/>\n<meta name=\"twitter:label1\" content=\"Est. reading time\" \/>\n\t<meta name=\"twitter:data1\" content=\"1 minute\" \/>\n<script type=\"application\/ld+json\" class=\"yoast-schema-graph\">{\"@context\":\"https:\/\/schema.org\",\"@graph\":[{\"@type\":\"WebPage\",\"@id\":\"https:\/\/mystictemple.cz\/product\/soap-dream\/\",\"url\":\"https:\/\/mystictemple.cz\/product\/soap-dream\/\",\"name\":\"soap-dream\",\"isPartOf\":{\"@id\":\"https:\/\/mystictemple.cz\/#website\"},\"primaryImageOfPage\":{\"@id\":\"https:\/\/mystictemple.cz\/product\/soap-dream\/#primaryimage\"},\"image\":{\"@id\":\"https:\/\/mystictemple.cz\/product\/soap-dream\/#primaryimage\"},\"thumbnailUrl\":\"https:\/\/mystictemple.cz\/wp-content\/uploads\/2024\/09\/sluzby_soap_dream.jpg\",\"datePublished\":\"2024-09-15T13:17:41+00:00\",\"dateModified\":\"2025-08-14T13:23:07+00:00\",\"description\":\"O\u010di\u0161\u0165uj\u00edc\u00ed mas\u00e1\u017e Soap Dream pro omlazen\u00ed poko\u017eky. Mas\u00edrujeme pomoc\u00ed m\u00fddlov\u00e9 p\u011bny a zah\u0159\u00e1t\u00fdch v\u00e1\u010dk\u016f s himal\u00e1jsk\u00fdmi kam\u00ednky. \u27b0 Luxusn\u00ed mas\u00e1\u017e.\",\"breadcrumb\":{\"@id\":\"https:\/\/mystictemple.cz\/product\/soap-dream\/#breadcrumb\"},\"inLanguage\":\"en-US\",\"potentialAction\":[{\"@type\":\"ReadAction\",\"target\":[\"https:\/\/mystictemple.cz\/product\/soap-dream\/\"]}]},{\"@type\":\"ImageObject\",\"inLanguage\":\"en-US\",\"@id\":\"https:\/\/mystictemple.cz\/product\/soap-dream\/#primaryimage\",\"url\":\"https:\/\/mystictemple.cz\/wp-content\/uploads\/2024\/09\/sluzby_soap_dream.jpg\",\"contentUrl\":\"https:\/\/mystictemple.cz\/wp-content\/uploads\/2024\/09\/sluzby_soap_dream.jpg\",\"width\":500,\"height\":300,\"caption\":\"Omlazen\u00ed poko\u017eky mas\u00e1\u017e\u00ed Soap Dream\"},{\"@type\":\"BreadcrumbList\",\"@id\":\"https:\/\/mystictemple.cz\/product\/soap-dream\/#breadcrumb\",\"itemListElement\":[{\"@type\":\"ListItem\",\"position\":1,\"name\":\"Dom\u016f\",\"item\":\"https:\/\/mystictemple.cz\/\"},{\"@type\":\"ListItem\",\"position\":2,\"name\":\"Produkty\",\"item\":\"https:\/\/mystictemple.cz\/shop\/\"},{\"@type\":\"ListItem\",\"position\":3,\"name\":\"Soap Dream\"}]},{\"@type\":\"WebSite\",\"@id\":\"https:\/\/mystictemple.cz\/#website\",\"url\":\"https:\/\/mystictemple.cz\/\",\"name\":\"Mystic Temple\",\"description\":\"Mystic Temple je mas\u00e1\u017en\u00ed salon v centru Prahy, kter\u00fd nab\u00edz\u00ed \u0161irokou \u0161k\u00e1lu relaxa\u010dn\u00edch a terapeutick\u00fdch mas\u00e1\u017e\u00ed. Na na\u0161em webu si m\u016f\u017eete snadno vybrat mas\u00e1\u017e, vlo\u017eit ji do ko\u0161\u00edku, zaplatit online a ihned obdr\u017eet d\u00e1rkov\u00fd voucher s unik\u00e1tn\u00edm k\u00f3dem. Voucher pak m\u016f\u017eete uplatnit p\u0159\u00edmo na recepci salonu. Rezervace je mo\u017en\u00e1 telefonicky nebo online. Otev\u0159eno m\u00e1me denn\u011b od 9:00 do 21:00.\",\"publisher\":{\"@id\":\"https:\/\/mystictemple.cz\/#organization\"},\"potentialAction\":[{\"@type\":\"SearchAction\",\"target\":{\"@type\":\"EntryPoint\",\"urlTemplate\":\"https:\/\/mystictemple.cz\/?s={search_term_string}\"},\"query-input\":{\"@type\":\"PropertyValueSpecification\",\"valueRequired\":true,\"valueName\":\"search_term_string\"}}],\"inLanguage\":\"en-US\"},{\"@type\":\"Organization\",\"@id\":\"https:\/\/mystictemple.cz\/#organization\",\"name\":\"Mystic Temple\",\"url\":\"https:\/\/mystictemple.cz\/\",\"logo\":{\"@type\":\"ImageObject\",\"inLanguage\":\"en-US\",\"@id\":\"https:\/\/mystictemple.cz\/#\/schema\/logo\/image\/\",\"url\":\"https:\/\/mystictemple.cz\/wp-content\/uploads\/2024\/02\/logo_temple_transparentni-2.png\",\"contentUrl\":\"https:\/\/mystictemple.cz\/wp-content\/uploads\/2024\/02\/logo_temple_transparentni-2.png\",\"width\":781,\"height\":586,\"caption\":\"Mystic Temple\"},\"image\":{\"@id\":\"https:\/\/mystictemple.cz\/#\/schema\/logo\/image\/\"}}]}<\/script>\n<!-- \/ Yoast SEO plugin. -->","yoast_head_json":{"title":"soap-dream","description":"O\u010di\u0161\u0165uj\u00edc\u00ed mas\u00e1\u017e Soap Dream pro omlazen\u00ed poko\u017eky. Mas\u00edrujeme pomoc\u00ed m\u00fddlov\u00e9 p\u011bny a zah\u0159\u00e1t\u00fdch v\u00e1\u010dk\u016f s himal\u00e1jsk\u00fdmi kam\u00ednky. \u27b0 Luxusn\u00ed mas\u00e1\u017e.","robots":{"index":"index","follow":"follow","max-snippet":"max-snippet:-1","max-image-preview":"max-image-preview:large","max-video-preview":"max-video-preview:-1"},"canonical":"https:\/\/mystictemple.cz\/en\/product\/soap-dream\/","og_locale":"en_US","og_type":"article","og_title":"soap-dream","og_description":"O\u010di\u0161\u0165uj\u00edc\u00ed mas\u00e1\u017e Soap Dream pro omlazen\u00ed poko\u017eky. Mas\u00edrujeme pomoc\u00ed m\u00fddlov\u00e9 p\u011bny a zah\u0159\u00e1t\u00fdch v\u00e1\u010dk\u016f s himal\u00e1jsk\u00fdmi kam\u00ednky. \u27b0 Luxusn\u00ed mas\u00e1\u017e.","og_url":"https:\/\/mystictemple.cz\/en\/product\/soap-dream\/","og_site_name":"Mystic Temple","article_modified_time":"2025-08-14T13:23:07+00:00","og_image":[{"width":500,"height":300,"url":"https:\/\/mystictemple.cz\/wp-content\/uploads\/2024\/09\/sluzby_soap_dream.jpg","type":"image\/jpeg"}],"twitter_card":"summary_large_image","twitter_misc":{"Est. reading time":"1 minute"},"schema":{"@context":"https:\/\/schema.org","@graph":[{"@type":"WebPage","@id":"https:\/\/mystictemple.cz\/product\/soap-dream\/","url":"https:\/\/mystictemple.cz\/product\/soap-dream\/","name":"soap-dream","isPartOf":{"@id":"https:\/\/mystictemple.cz\/#website"},"primaryImageOfPage":{"@id":"https:\/\/mystictemple.cz\/product\/soap-dream\/#primaryimage"},"image":{"@id":"https:\/\/mystictemple.cz\/product\/soap-dream\/#primaryimage"},"thumbnailUrl":"https:\/\/mystictemple.cz\/wp-content\/uploads\/2024\/09\/sluzby_soap_dream.jpg","datePublished":"2024-09-15T13:17:41+00:00","dateModified":"2025-08-14T13:23:07+00:00","description":"O\u010di\u0161\u0165uj\u00edc\u00ed mas\u00e1\u017e Soap Dream pro omlazen\u00ed poko\u017eky. Mas\u00edrujeme pomoc\u00ed m\u00fddlov\u00e9 p\u011bny a zah\u0159\u00e1t\u00fdch v\u00e1\u010dk\u016f s himal\u00e1jsk\u00fdmi kam\u00ednky. \u27b0 Luxusn\u00ed mas\u00e1\u017e.","breadcrumb":{"@id":"https:\/\/mystictemple.cz\/product\/soap-dream\/#breadcrumb"},"inLanguage":"en-US","potentialAction":[{"@type":"ReadAction","target":["https:\/\/mystictemple.cz\/product\/soap-dream\/"]}]},{"@type":"ImageObject","inLanguage":"en-US","@id":"https:\/\/mystictemple.cz\/product\/soap-dream\/#primaryimage","url":"https:\/\/mystictemple.cz\/wp-content\/uploads\/2024\/09\/sluzby_soap_dream.jpg","contentUrl":"https:\/\/mystictemple.cz\/wp-content\/uploads\/2024\/09\/sluzby_soap_dream.jpg","width":500,"height":300,"caption":"Omlazen\u00ed poko\u017eky mas\u00e1\u017e\u00ed Soap Dream"},{"@type":"BreadcrumbList","@id":"https:\/\/mystictemple.cz\/product\/soap-dream\/#breadcrumb","itemListElement":[{"@type":"ListItem","position":1,"name":"Dom\u016f","item":"https:\/\/mystictemple.cz\/"},{"@type":"ListItem","position":2,"name":"Produkty","item":"https:\/\/mystictemple.cz\/shop\/"},{"@type":"ListItem","position":3,"name":"Soap Dream"}]},{"@type":"WebSite","@id":"https:\/\/mystictemple.cz\/#website","url":"https:\/\/mystictemple.cz\/","name":"Mystic Temple","description":"Mystic Temple je mas\u00e1\u017en\u00ed salon v centru Prahy, kter\u00fd nab\u00edz\u00ed \u0161irokou \u0161k\u00e1lu relaxa\u010dn\u00edch a terapeutick\u00fdch mas\u00e1\u017e\u00ed. Na na\u0161em webu si m\u016f\u017eete snadno vybrat mas\u00e1\u017e, vlo\u017eit ji do ko\u0161\u00edku, zaplatit online a ihned obdr\u017eet d\u00e1rkov\u00fd voucher s unik\u00e1tn\u00edm k\u00f3dem. Voucher pak m\u016f\u017eete uplatnit p\u0159\u00edmo na recepci salonu. Rezervace je mo\u017en\u00e1 telefonicky nebo online. Otev\u0159eno m\u00e1me denn\u011b od 9:00 do 21:00.","publisher":{"@id":"https:\/\/mystictemple.cz\/#organization"},"potentialAction":[{"@type":"SearchAction","target":{"@type":"EntryPoint","urlTemplate":"https:\/\/mystictemple.cz\/?s={search_term_string}"},"query-input":{"@type":"PropertyValueSpecification","valueRequired":true,"valueName":"search_term_string"}}],"inLanguage":"en-US"},{"@type":"Organization","@id":"https:\/\/mystictemple.cz\/#organization","name":"Mystic Temple","url":"https:\/\/mystictemple.cz\/","logo":{"@type":"ImageObject","inLanguage":"en-US","@id":"https:\/\/mystictemple.cz\/#\/schema\/logo\/image\/","url":"https:\/\/mystictemple.cz\/wp-content\/uploads\/2024\/02\/logo_temple_transparentni-2.png","contentUrl":"https:\/\/mystictemple.cz\/wp-content\/uploads\/2024\/02\/logo_temple_transparentni-2.png","width":781,"height":586,"caption":"Mystic Temple"},"image":{"@id":"https:\/\/mystictemple.cz\/#\/schema\/logo\/image\/"}}]}},"_links":{"self":[{"href":"https:\/\/mystictemple.cz\/en\/wp-json\/wp\/v2\/product\/846","targetHints":{"allow":["GET"]}}],"collection":[{"href":"https:\/\/mystictemple.cz\/en\/wp-json\/wp\/v2\/product"}],"about":[{"href":"https:\/\/mystictemple.cz\/en\/wp-json\/wp\/v2\/types\/product"}],"wp:featuredmedia":[{"embeddable":true,"href":"https:\/\/mystictemple.cz\/en\/wp-json\/wp\/v2\/media\/824"}],"wp:attachment":[{"href":"https:\/\/mystictemple.cz\/en\/wp-json\/wp\/v2\/media?parent=846"}],"wp:term":[{"taxonomy":"product_brand","embeddable":true,"href":"https:\/\/mystictemple.cz\/en\/wp-json\/wp\/v2\/product_brand?post=846"},{"taxonomy":"product_cat","embeddable":true,"href":"https:\/\/mystictemple.cz\/en\/wp-json\/wp\/v2\/product_cat?post=846"},{"taxonomy":"product_tag","embeddable":true,"href":"https:\/\/mystictemple.cz\/en\/wp-json\/wp\/v2\/product_tag?post=846"}],"curies":[{"name":"wp","href":"https:\/\/api.w.org\/{rel}","templated":true}]}}