{"id":839,"date":"2024-09-15T12:58:05","date_gmt":"2024-09-15T12:58:05","guid":{"rendered":"https:\/\/mystictemple.cz\/?post_type=product&#038;p=839"},"modified":"2025-09-15T13:03:50","modified_gmt":"2025-09-15T13:03:50","slug":"ritual-tokoriki-a-matamanoa","status":"publish","type":"product","link":"https:\/\/mystictemple.cz\/en\/product\/ritual-tokoriki-a-matamanoa\/","title":{"rendered":"Tokoriki and Matamanoa Ritual"},"content":{"rendered":"<div class=\"av-special-heading av-2vvkan-3b75513cc8de57d27880e1a27f2a6d8f av-special-heading-h1 custom-color-heading blockquote modern-quote avia-builder-el-2 el_after_av_gallery el_before_av_textblock\">\n<div class=\"av-special-heading av-2nqcqq-f1f0e6f3df20e1edbffe345fffb48d1e av-special-heading-h1 custom-color-heading blockquote modern-quote avia-builder-el-2 el_after_av_gallery el_before_av_textblock\">\n<div class=\"av-special-heading av-2o8cw5-42c4b08fb0a4e24194293469d23ee0cb av-special-heading-h1 custom-color-heading blockquote modern-quote avia-builder-el-2 el_after_av_gallery el_before_av_textblock\">\n<h1 class=\"av-special-heading-tag\">Tokoriki and Matamanoa Ritual<\/h1>\n<\/div>\n<section class=\"av_textblock_section av-jtfnojnb-eab8df139f5c5775eed94ab00d64c14a\">\n<div class=\"avia_textblock\">\n<h2>Luxurious body skincare treatment<\/h2>\n<p>The luxurious body skincare treatment Tokoriki and Matamanoa Ritual comes from the exotic South Pacific.<\/p>\n<p class=\"translation-block\"><strong>Treatment with hot and cold shells combined with a sugar scrub and coconut butter wrap<\/strong>. The result of the treatment is harmonization. This helps to improve lymph flow in the body and accelerates the elimination of toxins that burden our organism. It warms and regenerates the muscles, relieving both physical and psychological tension.<\/p>\n<h3><strong>Tokoriki Ritual<\/strong><\/h3>\n<p class=\"translation-block\">The treatment includes a <strong>sugar scrub, a full body massage with hot shells and a coconut butter wrap<\/strong>. This ritual combines the therapeutic effect of targeted warming and energetic massage. The warming sea shells and the smooth movement of the massage mimic the play of the waves on the seashore. <strong>The radiant heat from the shells warms the skin, relaxing stiff muscles and energy blocks in the body<\/strong>. One pair of sea shells is used during the treatment. Let yourself be carried away to the sun-warmed sandy beaches of Fiji.<\/p>\n<h3><strong>Matamanoa Ritual<\/strong><\/h3>\n<p class=\"translation-block\">Fijian hot and cold shell massage. <strong>The treatment combines thermotherapy with massage<\/strong>. Hot Lava Shells and other sea shells are used, as well as coconut oil from South East Asia and the Fiji Islands. The hot shell massage stimulates blood circulation and the lymphatic system. The Matamanoa ritual relaxes and regenerates.<\/p>\n<p>As part of the treatment, you will experience both rituals in turn.<\/p>\n<\/div>\n<\/section>\n<\/div>\n<section class=\"av_textblock_section av-jtfnojnb-eab8df139f5c5775eed94ab00d64c14a\">\n<div class=\"avia_textblock\"><\/div>\n<\/section>\n<\/div>","protected":false},"excerpt":{"rendered":"<section class=\"av_textblock_section av-jtfnojnb-56-38f071087cd4499ed3cb06bae4a0ea27\">\n<div class=\"avia_textblock\">\n<p>Luxurious body treatment using hot and cold shells combined with a sugar scrub and coconut butter wrap. It ensures better lymph flow in the body and accelerates the removal of toxins that burden the body.<\/p>\n<\/div>\n<\/section>","protected":false},"featured_media":827,"template":"","meta":[],"product_brand":[],"product_cat":[29],"product_tag":[],"class_list":{"0":"post-839","1":"product","2":"type-product","3":"status-publish","4":"has-post-thumbnail","6":"product_cat-ostatni-masaze","8":"first","9":"instock","10":"sold-individually","11":"taxable","12":"shipping-taxable","13":"purchasable","14":"product-type-variable"},"yoast_head":"<!-- This site is optimized with the Yoast SEO plugin v27.1.1 - https:\/\/yoast.com\/product\/yoast-seo-wordpress\/ -->\n<title>Luxusn\u00ed kosmetick\u00e9 o\u0161et\u0159en\u00ed hork\u00fdmi a studen\u00fdmi mu\u0161lemi<\/title>\n<meta name=\"description\" content=\"Vyzkou\u0161ejte luxusn\u00ed kosmetick\u00e9 o\u0161et\u0159en\u00ed hork\u00fdmi a studen\u00fdmi mu\u0161lemi spojen\u00e9 s cukrov\u00fdm peelingem a z\u00e1balem z kokosov\u00e9ho m\u00e1sla. \u2728\" \/>\n<meta name=\"robots\" content=\"index, follow, max-snippet:-1, max-image-preview:large, max-video-preview:-1\" \/>\n<link rel=\"canonical\" href=\"https:\/\/mystictemple.cz\/en\/product\/ritual-tokoriki-a-matamanoa\/\" \/>\n<meta property=\"og:locale\" content=\"en_US\" \/>\n<meta property=\"og:type\" content=\"article\" \/>\n<meta property=\"og:title\" content=\"Luxusn\u00ed kosmetick\u00e9 o\u0161et\u0159en\u00ed hork\u00fdmi a studen\u00fdmi mu\u0161lemi\" \/>\n<meta property=\"og:description\" content=\"Vyzkou\u0161ejte luxusn\u00ed kosmetick\u00e9 o\u0161et\u0159en\u00ed hork\u00fdmi a studen\u00fdmi mu\u0161lemi spojen\u00e9 s cukrov\u00fdm peelingem a z\u00e1balem z kokosov\u00e9ho m\u00e1sla. \u2728\" \/>\n<meta property=\"og:url\" content=\"https:\/\/mystictemple.cz\/en\/product\/ritual-tokoriki-a-matamanoa\/\" \/>\n<meta property=\"og:site_name\" content=\"Mystic Temple\" \/>\n<meta property=\"article:modified_time\" content=\"2025-09-15T13:03:50+00:00\" \/>\n<meta property=\"og:image\" content=\"https:\/\/mystictemple.cz\/wp-content\/uploads\/2024\/09\/sluzby_tokoriki.jpg\" \/>\n\t<meta property=\"og:image:width\" content=\"500\" \/>\n\t<meta property=\"og:image:height\" content=\"300\" \/>\n\t<meta property=\"og:image:type\" content=\"image\/jpeg\" \/>\n<meta name=\"twitter:card\" content=\"summary_large_image\" \/>\n<meta name=\"twitter:label1\" content=\"Est. reading time\" \/>\n\t<meta name=\"twitter:data1\" content=\"2 minutes\" \/>\n<script type=\"application\/ld+json\" class=\"yoast-schema-graph\">{\"@context\":\"https:\/\/schema.org\",\"@graph\":[{\"@type\":\"WebPage\",\"@id\":\"https:\/\/mystictemple.cz\/product\/ritual-tokoriki-a-matamanoa\/\",\"url\":\"https:\/\/mystictemple.cz\/product\/ritual-tokoriki-a-matamanoa\/\",\"name\":\"Luxusn\u00ed kosmetick\u00e9 o\u0161et\u0159en\u00ed hork\u00fdmi a studen\u00fdmi mu\u0161lemi\",\"isPartOf\":{\"@id\":\"https:\/\/mystictemple.cz\/#website\"},\"primaryImageOfPage\":{\"@id\":\"https:\/\/mystictemple.cz\/product\/ritual-tokoriki-a-matamanoa\/#primaryimage\"},\"image\":{\"@id\":\"https:\/\/mystictemple.cz\/product\/ritual-tokoriki-a-matamanoa\/#primaryimage\"},\"thumbnailUrl\":\"https:\/\/mystictemple.cz\/wp-content\/uploads\/2024\/09\/sluzby_tokoriki.jpg\",\"datePublished\":\"2024-09-15T12:58:05+00:00\",\"dateModified\":\"2025-09-15T13:03:50+00:00\",\"description\":\"Vyzkou\u0161ejte luxusn\u00ed kosmetick\u00e9 o\u0161et\u0159en\u00ed hork\u00fdmi a studen\u00fdmi mu\u0161lemi spojen\u00e9 s cukrov\u00fdm peelingem a z\u00e1balem z kokosov\u00e9ho m\u00e1sla. \u2728\",\"breadcrumb\":{\"@id\":\"https:\/\/mystictemple.cz\/product\/ritual-tokoriki-a-matamanoa\/#breadcrumb\"},\"inLanguage\":\"en-US\",\"potentialAction\":[{\"@type\":\"ReadAction\",\"target\":[\"https:\/\/mystictemple.cz\/product\/ritual-tokoriki-a-matamanoa\/\"]}]},{\"@type\":\"ImageObject\",\"inLanguage\":\"en-US\",\"@id\":\"https:\/\/mystictemple.cz\/product\/ritual-tokoriki-a-matamanoa\/#primaryimage\",\"url\":\"https:\/\/mystictemple.cz\/wp-content\/uploads\/2024\/09\/sluzby_tokoriki.jpg\",\"contentUrl\":\"https:\/\/mystictemple.cz\/wp-content\/uploads\/2024\/09\/sluzby_tokoriki.jpg\",\"width\":500,\"height\":300,\"caption\":\"Luxusn\u00ed kosmetick\u00e9 o\u0161et\u0159en\u00ed hork\u00fdmi a studen\u00fdmi mu\u0161lemi\"},{\"@type\":\"BreadcrumbList\",\"@id\":\"https:\/\/mystictemple.cz\/product\/ritual-tokoriki-a-matamanoa\/#breadcrumb\",\"itemListElement\":[{\"@type\":\"ListItem\",\"position\":1,\"name\":\"Dom\u016f\",\"item\":\"https:\/\/mystictemple.cz\/\"},{\"@type\":\"ListItem\",\"position\":2,\"name\":\"Produkty\",\"item\":\"https:\/\/mystictemple.cz\/shop\/\"},{\"@type\":\"ListItem\",\"position\":3,\"name\":\"Ritu\u00e1l Tokoriki a Matamanoa\"}]},{\"@type\":\"WebSite\",\"@id\":\"https:\/\/mystictemple.cz\/#website\",\"url\":\"https:\/\/mystictemple.cz\/\",\"name\":\"Mystic Temple\",\"description\":\"Mystic Temple je mas\u00e1\u017en\u00ed salon v centru Prahy, kter\u00fd nab\u00edz\u00ed \u0161irokou \u0161k\u00e1lu relaxa\u010dn\u00edch a terapeutick\u00fdch mas\u00e1\u017e\u00ed. Na na\u0161em webu si m\u016f\u017eete snadno vybrat mas\u00e1\u017e, vlo\u017eit ji do ko\u0161\u00edku, zaplatit online a ihned obdr\u017eet d\u00e1rkov\u00fd voucher s unik\u00e1tn\u00edm k\u00f3dem. Voucher pak m\u016f\u017eete uplatnit p\u0159\u00edmo na recepci salonu. Rezervace je mo\u017en\u00e1 telefonicky nebo online. Otev\u0159eno m\u00e1me denn\u011b od 9:00 do 21:00.\",\"publisher\":{\"@id\":\"https:\/\/mystictemple.cz\/#organization\"},\"potentialAction\":[{\"@type\":\"SearchAction\",\"target\":{\"@type\":\"EntryPoint\",\"urlTemplate\":\"https:\/\/mystictemple.cz\/?s={search_term_string}\"},\"query-input\":{\"@type\":\"PropertyValueSpecification\",\"valueRequired\":true,\"valueName\":\"search_term_string\"}}],\"inLanguage\":\"en-US\"},{\"@type\":\"Organization\",\"@id\":\"https:\/\/mystictemple.cz\/#organization\",\"name\":\"Mystic Temple\",\"url\":\"https:\/\/mystictemple.cz\/\",\"logo\":{\"@type\":\"ImageObject\",\"inLanguage\":\"en-US\",\"@id\":\"https:\/\/mystictemple.cz\/#\/schema\/logo\/image\/\",\"url\":\"https:\/\/mystictemple.cz\/wp-content\/uploads\/2024\/02\/logo_temple_transparentni-2.png\",\"contentUrl\":\"https:\/\/mystictemple.cz\/wp-content\/uploads\/2024\/02\/logo_temple_transparentni-2.png\",\"width\":781,\"height\":586,\"caption\":\"Mystic Temple\"},\"image\":{\"@id\":\"https:\/\/mystictemple.cz\/#\/schema\/logo\/image\/\"}}]}<\/script>\n<!-- \/ Yoast SEO plugin. -->","yoast_head_json":{"title":"Cosmetic treatment with hot and cold shells","description":"Vyzkou\u0161ejte luxusn\u00ed kosmetick\u00e9 o\u0161et\u0159en\u00ed hork\u00fdmi a studen\u00fdmi mu\u0161lemi spojen\u00e9 s cukrov\u00fdm peelingem a z\u00e1balem z kokosov\u00e9ho m\u00e1sla. \u2728","robots":{"index":"index","follow":"follow","max-snippet":"max-snippet:-1","max-image-preview":"max-image-preview:large","max-video-preview":"max-video-preview:-1"},"canonical":"https:\/\/mystictemple.cz\/en\/product\/ritual-tokoriki-a-matamanoa\/","og_locale":"en_US","og_type":"article","og_title":"Luxusn\u00ed kosmetick\u00e9 o\u0161et\u0159en\u00ed hork\u00fdmi a studen\u00fdmi mu\u0161lemi","og_description":"Vyzkou\u0161ejte luxusn\u00ed kosmetick\u00e9 o\u0161et\u0159en\u00ed hork\u00fdmi a studen\u00fdmi mu\u0161lemi spojen\u00e9 s cukrov\u00fdm peelingem a z\u00e1balem z kokosov\u00e9ho m\u00e1sla. \u2728","og_url":"https:\/\/mystictemple.cz\/en\/product\/ritual-tokoriki-a-matamanoa\/","og_site_name":"Mystic Temple","article_modified_time":"2025-09-15T13:03:50+00:00","og_image":[{"width":500,"height":300,"url":"https:\/\/mystictemple.cz\/wp-content\/uploads\/2024\/09\/sluzby_tokoriki.jpg","type":"image\/jpeg"}],"twitter_card":"summary_large_image","twitter_misc":{"Est. reading time":"2 minutes"},"schema":{"@context":"https:\/\/schema.org","@graph":[{"@type":"WebPage","@id":"https:\/\/mystictemple.cz\/product\/ritual-tokoriki-a-matamanoa\/","url":"https:\/\/mystictemple.cz\/product\/ritual-tokoriki-a-matamanoa\/","name":"Cosmetic treatment with hot and cold shells","isPartOf":{"@id":"https:\/\/mystictemple.cz\/#website"},"primaryImageOfPage":{"@id":"https:\/\/mystictemple.cz\/product\/ritual-tokoriki-a-matamanoa\/#primaryimage"},"image":{"@id":"https:\/\/mystictemple.cz\/product\/ritual-tokoriki-a-matamanoa\/#primaryimage"},"thumbnailUrl":"https:\/\/mystictemple.cz\/wp-content\/uploads\/2024\/09\/sluzby_tokoriki.jpg","datePublished":"2024-09-15T12:58:05+00:00","dateModified":"2025-09-15T13:03:50+00:00","description":"Vyzkou\u0161ejte luxusn\u00ed kosmetick\u00e9 o\u0161et\u0159en\u00ed hork\u00fdmi a studen\u00fdmi mu\u0161lemi spojen\u00e9 s cukrov\u00fdm peelingem a z\u00e1balem z kokosov\u00e9ho m\u00e1sla. \u2728","breadcrumb":{"@id":"https:\/\/mystictemple.cz\/product\/ritual-tokoriki-a-matamanoa\/#breadcrumb"},"inLanguage":"en-US","potentialAction":[{"@type":"ReadAction","target":["https:\/\/mystictemple.cz\/product\/ritual-tokoriki-a-matamanoa\/"]}]},{"@type":"ImageObject","inLanguage":"en-US","@id":"https:\/\/mystictemple.cz\/product\/ritual-tokoriki-a-matamanoa\/#primaryimage","url":"https:\/\/mystictemple.cz\/wp-content\/uploads\/2024\/09\/sluzby_tokoriki.jpg","contentUrl":"https:\/\/mystictemple.cz\/wp-content\/uploads\/2024\/09\/sluzby_tokoriki.jpg","width":500,"height":300,"caption":"Luxusn\u00ed kosmetick\u00e9 o\u0161et\u0159en\u00ed hork\u00fdmi a studen\u00fdmi mu\u0161lemi"},{"@type":"BreadcrumbList","@id":"https:\/\/mystictemple.cz\/product\/ritual-tokoriki-a-matamanoa\/#breadcrumb","itemListElement":[{"@type":"ListItem","position":1,"name":"Dom\u016f","item":"https:\/\/mystictemple.cz\/"},{"@type":"ListItem","position":2,"name":"Produkty","item":"https:\/\/mystictemple.cz\/shop\/"},{"@type":"ListItem","position":3,"name":"Ritu\u00e1l Tokoriki a Matamanoa"}]},{"@type":"WebSite","@id":"https:\/\/mystictemple.cz\/#website","url":"https:\/\/mystictemple.cz\/","name":"Mystic Temple","description":"Mystic Temple je mas\u00e1\u017en\u00ed salon v centru Prahy, kter\u00fd nab\u00edz\u00ed \u0161irokou \u0161k\u00e1lu relaxa\u010dn\u00edch a terapeutick\u00fdch mas\u00e1\u017e\u00ed. Na na\u0161em webu si m\u016f\u017eete snadno vybrat mas\u00e1\u017e, vlo\u017eit ji do ko\u0161\u00edku, zaplatit online a ihned obdr\u017eet d\u00e1rkov\u00fd voucher s unik\u00e1tn\u00edm k\u00f3dem. Voucher pak m\u016f\u017eete uplatnit p\u0159\u00edmo na recepci salonu. Rezervace je mo\u017en\u00e1 telefonicky nebo online. Otev\u0159eno m\u00e1me denn\u011b od 9:00 do 21:00.","publisher":{"@id":"https:\/\/mystictemple.cz\/#organization"},"potentialAction":[{"@type":"SearchAction","target":{"@type":"EntryPoint","urlTemplate":"https:\/\/mystictemple.cz\/?s={search_term_string}"},"query-input":{"@type":"PropertyValueSpecification","valueRequired":true,"valueName":"search_term_string"}}],"inLanguage":"en-US"},{"@type":"Organization","@id":"https:\/\/mystictemple.cz\/#organization","name":"Mystic Temple","url":"https:\/\/mystictemple.cz\/","logo":{"@type":"ImageObject","inLanguage":"en-US","@id":"https:\/\/mystictemple.cz\/#\/schema\/logo\/image\/","url":"https:\/\/mystictemple.cz\/wp-content\/uploads\/2024\/02\/logo_temple_transparentni-2.png","contentUrl":"https:\/\/mystictemple.cz\/wp-content\/uploads\/2024\/02\/logo_temple_transparentni-2.png","width":781,"height":586,"caption":"Mystic Temple"},"image":{"@id":"https:\/\/mystictemple.cz\/#\/schema\/logo\/image\/"}}]}},"_links":{"self":[{"href":"https:\/\/mystictemple.cz\/en\/wp-json\/wp\/v2\/product\/839","targetHints":{"allow":["GET"]}}],"collection":[{"href":"https:\/\/mystictemple.cz\/en\/wp-json\/wp\/v2\/product"}],"about":[{"href":"https:\/\/mystictemple.cz\/en\/wp-json\/wp\/v2\/types\/product"}],"wp:featuredmedia":[{"embeddable":true,"href":"https:\/\/mystictemple.cz\/en\/wp-json\/wp\/v2\/media\/827"}],"wp:attachment":[{"href":"https:\/\/mystictemple.cz\/en\/wp-json\/wp\/v2\/media?parent=839"}],"wp:term":[{"taxonomy":"product_brand","embeddable":true,"href":"https:\/\/mystictemple.cz\/en\/wp-json\/wp\/v2\/product_brand?post=839"},{"taxonomy":"product_cat","embeddable":true,"href":"https:\/\/mystictemple.cz\/en\/wp-json\/wp\/v2\/product_cat?post=839"},{"taxonomy":"product_tag","embeddable":true,"href":"https:\/\/mystictemple.cz\/en\/wp-json\/wp\/v2\/product_tag?post=839"}],"curies":[{"name":"wp","href":"https:\/\/api.w.org\/{rel}","templated":true}]}}