{"id":835,"date":"2024-09-15T12:51:10","date_gmt":"2024-09-15T12:51:10","guid":{"rendered":"https:\/\/mystictemple.cz\/?post_type=product&#038;p=835"},"modified":"2025-08-14T13:26:34","modified_gmt":"2025-08-14T13:26:34","slug":"swedish-school","status":"publish","type":"product","link":"https:\/\/mystictemple.cz\/en\/product\/swedish-school\/","title":{"rendered":"Swedish school"},"content":{"rendered":"<div class=\"av-special-heading av-2vvkan-3b75513cc8de57d27880e1a27f2a6d8f av-special-heading-h1 custom-color-heading blockquote modern-quote avia-builder-el-2 el_after_av_gallery el_before_av_textblock\">\n<div class=\"av-special-heading av-2nqcqq-f1f0e6f3df20e1edbffe345fffb48d1e av-special-heading-h1 custom-color-heading blockquote modern-quote avia-builder-el-2 el_after_av_gallery el_before_av_textblock\">\n<h1 class=\"av-special-heading-tag\">Swedish school<\/h1>\n<\/div>\n<section class=\"av_textblock_section av-jtfnojnb-eab8df139f5c5775eed94ab00d64c14a\">\n<div class=\"avia_textblock\">\n<h2 class=\"translation-block\">Classic sports massage <b>Swedish school<\/b> for fatigue relief<\/h2>\n<p class=\"translation-block\"><strong>Classic Swedish muscle massage<\/strong> Swedish school is based on traditional massage techniques. However, it differs from standard massages as its primary function is to prepare athletes (both physically and mentally) for demanding sports performances. It can also be used after physical exertion to calm the body and accelerate overall recovery.<\/p>\n<p>It serves to refresh and regenerate muscles, improve body metabolism, and promote better blood circulation. This is a type of sports massage designed for accelerated fatigue elimination.<\/p>\n<h3>Other massages at Mystic Temple<\/h3>\n<p class=\"translation-block\"><a href=\"https:\/\/mystictemple.cz\/en\/thajske-masaze\/orient-premium\/\" target=\"_blank\" rel=\"noopener\">Orient Premium<\/a>,\u00a0<a href=\"https:\/\/mystictemple.cz\/en\/thajske-masaze\/spirit-of-siam\/\" target=\"_blank\" rel=\"noopener\">Spirit of Siam<\/a> or popular <a href=\"https:\/\/mystictemple.cz\/en\/thajske-masaze\/queens-park\/\" target=\"_blank\" rel=\"noopener\">Queens Park<\/a><\/p>\n<\/div>\n<\/section>\n<\/div>","protected":false},"excerpt":{"rendered":"<section class=\"av_textblock_section av-jtfnojnb-56-38f071087cd4499ed3cb06bae4a0ea27\">\n<div class=\"avia_textblock\">\n<p>Swedish muscle massage is based on classic massage techniques. It serves to refresh and regenerate the muscles, improve body metabolism, and enhance blood circulation. It is a type of sports massage designed for the rapid removal of fatigue.<\/p>\n<\/div>\n<\/section>","protected":false},"featured_media":825,"template":"","meta":[],"product_brand":[],"product_cat":[29],"product_tag":[],"class_list":{"0":"post-835","1":"product","2":"type-product","3":"status-publish","4":"has-post-thumbnail","6":"product_cat-ostatni-masaze","8":"first","9":"instock","10":"sold-individually","11":"taxable","12":"shipping-taxable","13":"purchasable","14":"product-type-variable"},"yoast_head":"<!-- This site is optimized with the Yoast SEO plugin v27.1.1 - https:\/\/yoast.com\/product\/yoast-seo-wordpress\/ -->\n<title>Sportovn\u00ed mas\u00e1\u017e Swedish school<\/title>\n<meta name=\"description\" content=\"Vyzkou\u0161ejte klasickou sportovn\u00ed mas\u00e1\u017e Swedish school.\u27b0 Mas\u00e1\u017e osv\u011b\u017euje a z\u00e1rove\u0148 regeneruje svalstvo, \u010d\u00edm\u017e pom\u00e1h\u00e1 odbourat \u00fanavu.\" \/>\n<meta name=\"robots\" content=\"index, follow, max-snippet:-1, max-image-preview:large, max-video-preview:-1\" \/>\n<link rel=\"canonical\" href=\"https:\/\/mystictemple.cz\/en\/product\/swedish-school\/\" \/>\n<meta property=\"og:locale\" content=\"en_US\" \/>\n<meta property=\"og:type\" content=\"article\" \/>\n<meta property=\"og:title\" content=\"Sportovn\u00ed mas\u00e1\u017e Swedish school\" \/>\n<meta property=\"og:description\" content=\"Vyzkou\u0161ejte klasickou sportovn\u00ed mas\u00e1\u017e Swedish school.\u27b0 Mas\u00e1\u017e osv\u011b\u017euje a z\u00e1rove\u0148 regeneruje svalstvo, \u010d\u00edm\u017e pom\u00e1h\u00e1 odbourat \u00fanavu.\" \/>\n<meta property=\"og:url\" content=\"https:\/\/mystictemple.cz\/en\/product\/swedish-school\/\" \/>\n<meta property=\"og:site_name\" content=\"Mystic Temple\" \/>\n<meta property=\"article:modified_time\" content=\"2025-08-14T13:26:34+00:00\" \/>\n<meta property=\"og:image\" content=\"https:\/\/mystictemple.cz\/wp-content\/uploads\/2024\/09\/sluzby_swedish_massage.jpg\" \/>\n\t<meta property=\"og:image:width\" content=\"500\" \/>\n\t<meta property=\"og:image:height\" content=\"300\" \/>\n\t<meta property=\"og:image:type\" content=\"image\/jpeg\" \/>\n<meta name=\"twitter:card\" content=\"summary_large_image\" \/>\n<meta name=\"twitter:label1\" content=\"Est. reading time\" \/>\n\t<meta name=\"twitter:data1\" content=\"1 minute\" \/>\n<script type=\"application\/ld+json\" class=\"yoast-schema-graph\">{\"@context\":\"https:\/\/schema.org\",\"@graph\":[{\"@type\":\"WebPage\",\"@id\":\"https:\/\/mystictemple.cz\/product\/swedish-school\/\",\"url\":\"https:\/\/mystictemple.cz\/product\/swedish-school\/\",\"name\":\"Sportovn\u00ed mas\u00e1\u017e Swedish school\",\"isPartOf\":{\"@id\":\"https:\/\/mystictemple.cz\/#website\"},\"primaryImageOfPage\":{\"@id\":\"https:\/\/mystictemple.cz\/product\/swedish-school\/#primaryimage\"},\"image\":{\"@id\":\"https:\/\/mystictemple.cz\/product\/swedish-school\/#primaryimage\"},\"thumbnailUrl\":\"https:\/\/mystictemple.cz\/wp-content\/uploads\/2024\/09\/sluzby_swedish_massage.jpg\",\"datePublished\":\"2024-09-15T12:51:10+00:00\",\"dateModified\":\"2025-08-14T13:26:34+00:00\",\"description\":\"Vyzkou\u0161ejte klasickou sportovn\u00ed mas\u00e1\u017e Swedish school.\u27b0 Mas\u00e1\u017e osv\u011b\u017euje a z\u00e1rove\u0148 regeneruje svalstvo, \u010d\u00edm\u017e pom\u00e1h\u00e1 odbourat \u00fanavu.\",\"breadcrumb\":{\"@id\":\"https:\/\/mystictemple.cz\/product\/swedish-school\/#breadcrumb\"},\"inLanguage\":\"en-US\",\"potentialAction\":[{\"@type\":\"ReadAction\",\"target\":[\"https:\/\/mystictemple.cz\/product\/swedish-school\/\"]}]},{\"@type\":\"ImageObject\",\"inLanguage\":\"en-US\",\"@id\":\"https:\/\/mystictemple.cz\/product\/swedish-school\/#primaryimage\",\"url\":\"https:\/\/mystictemple.cz\/wp-content\/uploads\/2024\/09\/sluzby_swedish_massage.jpg\",\"contentUrl\":\"https:\/\/mystictemple.cz\/wp-content\/uploads\/2024\/09\/sluzby_swedish_massage.jpg\",\"width\":500,\"height\":300,\"caption\":\"Sportovn\u00ed mas\u00e1\u017e Swedish school\"},{\"@type\":\"BreadcrumbList\",\"@id\":\"https:\/\/mystictemple.cz\/product\/swedish-school\/#breadcrumb\",\"itemListElement\":[{\"@type\":\"ListItem\",\"position\":1,\"name\":\"Dom\u016f\",\"item\":\"https:\/\/mystictemple.cz\/\"},{\"@type\":\"ListItem\",\"position\":2,\"name\":\"Produkty\",\"item\":\"https:\/\/mystictemple.cz\/shop\/\"},{\"@type\":\"ListItem\",\"position\":3,\"name\":\"Swedish school\"}]},{\"@type\":\"WebSite\",\"@id\":\"https:\/\/mystictemple.cz\/#website\",\"url\":\"https:\/\/mystictemple.cz\/\",\"name\":\"Mystic Temple\",\"description\":\"Mystic Temple je mas\u00e1\u017en\u00ed salon v centru Prahy, kter\u00fd nab\u00edz\u00ed \u0161irokou \u0161k\u00e1lu relaxa\u010dn\u00edch a terapeutick\u00fdch mas\u00e1\u017e\u00ed. Na na\u0161em webu si m\u016f\u017eete snadno vybrat mas\u00e1\u017e, vlo\u017eit ji do ko\u0161\u00edku, zaplatit online a ihned obdr\u017eet d\u00e1rkov\u00fd voucher s unik\u00e1tn\u00edm k\u00f3dem. Voucher pak m\u016f\u017eete uplatnit p\u0159\u00edmo na recepci salonu. Rezervace je mo\u017en\u00e1 telefonicky nebo online. Otev\u0159eno m\u00e1me denn\u011b od 9:00 do 21:00.\",\"publisher\":{\"@id\":\"https:\/\/mystictemple.cz\/#organization\"},\"potentialAction\":[{\"@type\":\"SearchAction\",\"target\":{\"@type\":\"EntryPoint\",\"urlTemplate\":\"https:\/\/mystictemple.cz\/?s={search_term_string}\"},\"query-input\":{\"@type\":\"PropertyValueSpecification\",\"valueRequired\":true,\"valueName\":\"search_term_string\"}}],\"inLanguage\":\"en-US\"},{\"@type\":\"Organization\",\"@id\":\"https:\/\/mystictemple.cz\/#organization\",\"name\":\"Mystic Temple\",\"url\":\"https:\/\/mystictemple.cz\/\",\"logo\":{\"@type\":\"ImageObject\",\"inLanguage\":\"en-US\",\"@id\":\"https:\/\/mystictemple.cz\/#\/schema\/logo\/image\/\",\"url\":\"https:\/\/mystictemple.cz\/wp-content\/uploads\/2024\/02\/logo_temple_transparentni-2.png\",\"contentUrl\":\"https:\/\/mystictemple.cz\/wp-content\/uploads\/2024\/02\/logo_temple_transparentni-2.png\",\"width\":781,\"height\":586,\"caption\":\"Mystic Temple\"},\"image\":{\"@id\":\"https:\/\/mystictemple.cz\/#\/schema\/logo\/image\/\"}}]}<\/script>\n<!-- \/ Yoast SEO plugin. -->","yoast_head_json":{"title":"Swedish school sports massage","description":"Vyzkou\u0161ejte klasickou sportovn\u00ed mas\u00e1\u017e Swedish school.\u27b0 Mas\u00e1\u017e osv\u011b\u017euje a z\u00e1rove\u0148 regeneruje svalstvo, \u010d\u00edm\u017e pom\u00e1h\u00e1 odbourat \u00fanavu.","robots":{"index":"index","follow":"follow","max-snippet":"max-snippet:-1","max-image-preview":"max-image-preview:large","max-video-preview":"max-video-preview:-1"},"canonical":"https:\/\/mystictemple.cz\/en\/product\/swedish-school\/","og_locale":"en_US","og_type":"article","og_title":"Sportovn\u00ed mas\u00e1\u017e Swedish school","og_description":"Vyzkou\u0161ejte klasickou sportovn\u00ed mas\u00e1\u017e Swedish school.\u27b0 Mas\u00e1\u017e osv\u011b\u017euje a z\u00e1rove\u0148 regeneruje svalstvo, \u010d\u00edm\u017e pom\u00e1h\u00e1 odbourat \u00fanavu.","og_url":"https:\/\/mystictemple.cz\/en\/product\/swedish-school\/","og_site_name":"Mystic Temple","article_modified_time":"2025-08-14T13:26:34+00:00","og_image":[{"width":500,"height":300,"url":"https:\/\/mystictemple.cz\/wp-content\/uploads\/2024\/09\/sluzby_swedish_massage.jpg","type":"image\/jpeg"}],"twitter_card":"summary_large_image","twitter_misc":{"Est. reading time":"1 minute"},"schema":{"@context":"https:\/\/schema.org","@graph":[{"@type":"WebPage","@id":"https:\/\/mystictemple.cz\/product\/swedish-school\/","url":"https:\/\/mystictemple.cz\/product\/swedish-school\/","name":"Swedish school sports massage","isPartOf":{"@id":"https:\/\/mystictemple.cz\/#website"},"primaryImageOfPage":{"@id":"https:\/\/mystictemple.cz\/product\/swedish-school\/#primaryimage"},"image":{"@id":"https:\/\/mystictemple.cz\/product\/swedish-school\/#primaryimage"},"thumbnailUrl":"https:\/\/mystictemple.cz\/wp-content\/uploads\/2024\/09\/sluzby_swedish_massage.jpg","datePublished":"2024-09-15T12:51:10+00:00","dateModified":"2025-08-14T13:26:34+00:00","description":"Vyzkou\u0161ejte klasickou sportovn\u00ed mas\u00e1\u017e Swedish school.\u27b0 Mas\u00e1\u017e osv\u011b\u017euje a z\u00e1rove\u0148 regeneruje svalstvo, \u010d\u00edm\u017e pom\u00e1h\u00e1 odbourat \u00fanavu.","breadcrumb":{"@id":"https:\/\/mystictemple.cz\/product\/swedish-school\/#breadcrumb"},"inLanguage":"en-US","potentialAction":[{"@type":"ReadAction","target":["https:\/\/mystictemple.cz\/product\/swedish-school\/"]}]},{"@type":"ImageObject","inLanguage":"en-US","@id":"https:\/\/mystictemple.cz\/product\/swedish-school\/#primaryimage","url":"https:\/\/mystictemple.cz\/wp-content\/uploads\/2024\/09\/sluzby_swedish_massage.jpg","contentUrl":"https:\/\/mystictemple.cz\/wp-content\/uploads\/2024\/09\/sluzby_swedish_massage.jpg","width":500,"height":300,"caption":"Sportovn\u00ed mas\u00e1\u017e Swedish school"},{"@type":"BreadcrumbList","@id":"https:\/\/mystictemple.cz\/product\/swedish-school\/#breadcrumb","itemListElement":[{"@type":"ListItem","position":1,"name":"Dom\u016f","item":"https:\/\/mystictemple.cz\/"},{"@type":"ListItem","position":2,"name":"Produkty","item":"https:\/\/mystictemple.cz\/shop\/"},{"@type":"ListItem","position":3,"name":"Swedish school"}]},{"@type":"WebSite","@id":"https:\/\/mystictemple.cz\/#website","url":"https:\/\/mystictemple.cz\/","name":"Mystic Temple","description":"Mystic Temple je mas\u00e1\u017en\u00ed salon v centru Prahy, kter\u00fd nab\u00edz\u00ed \u0161irokou \u0161k\u00e1lu relaxa\u010dn\u00edch a terapeutick\u00fdch mas\u00e1\u017e\u00ed. Na na\u0161em webu si m\u016f\u017eete snadno vybrat mas\u00e1\u017e, vlo\u017eit ji do ko\u0161\u00edku, zaplatit online a ihned obdr\u017eet d\u00e1rkov\u00fd voucher s unik\u00e1tn\u00edm k\u00f3dem. Voucher pak m\u016f\u017eete uplatnit p\u0159\u00edmo na recepci salonu. Rezervace je mo\u017en\u00e1 telefonicky nebo online. Otev\u0159eno m\u00e1me denn\u011b od 9:00 do 21:00.","publisher":{"@id":"https:\/\/mystictemple.cz\/#organization"},"potentialAction":[{"@type":"SearchAction","target":{"@type":"EntryPoint","urlTemplate":"https:\/\/mystictemple.cz\/?s={search_term_string}"},"query-input":{"@type":"PropertyValueSpecification","valueRequired":true,"valueName":"search_term_string"}}],"inLanguage":"en-US"},{"@type":"Organization","@id":"https:\/\/mystictemple.cz\/#organization","name":"Mystic Temple","url":"https:\/\/mystictemple.cz\/","logo":{"@type":"ImageObject","inLanguage":"en-US","@id":"https:\/\/mystictemple.cz\/#\/schema\/logo\/image\/","url":"https:\/\/mystictemple.cz\/wp-content\/uploads\/2024\/02\/logo_temple_transparentni-2.png","contentUrl":"https:\/\/mystictemple.cz\/wp-content\/uploads\/2024\/02\/logo_temple_transparentni-2.png","width":781,"height":586,"caption":"Mystic Temple"},"image":{"@id":"https:\/\/mystictemple.cz\/#\/schema\/logo\/image\/"}}]}},"_links":{"self":[{"href":"https:\/\/mystictemple.cz\/en\/wp-json\/wp\/v2\/product\/835","targetHints":{"allow":["GET"]}}],"collection":[{"href":"https:\/\/mystictemple.cz\/en\/wp-json\/wp\/v2\/product"}],"about":[{"href":"https:\/\/mystictemple.cz\/en\/wp-json\/wp\/v2\/types\/product"}],"wp:featuredmedia":[{"embeddable":true,"href":"https:\/\/mystictemple.cz\/en\/wp-json\/wp\/v2\/media\/825"}],"wp:attachment":[{"href":"https:\/\/mystictemple.cz\/en\/wp-json\/wp\/v2\/media?parent=835"}],"wp:term":[{"taxonomy":"product_brand","embeddable":true,"href":"https:\/\/mystictemple.cz\/en\/wp-json\/wp\/v2\/product_brand?post=835"},{"taxonomy":"product_cat","embeddable":true,"href":"https:\/\/mystictemple.cz\/en\/wp-json\/wp\/v2\/product_cat?post=835"},{"taxonomy":"product_tag","embeddable":true,"href":"https:\/\/mystictemple.cz\/en\/wp-json\/wp\/v2\/product_tag?post=835"}],"curies":[{"name":"wp","href":"https:\/\/api.w.org\/{rel}","templated":true}]}}