{"id":832,"date":"2024-09-15T12:48:31","date_gmt":"2024-09-15T12:48:31","guid":{"rendered":"https:\/\/mystictemple.cz\/?post_type=product&#038;p=832"},"modified":"2025-08-14T13:27:16","modified_gmt":"2025-08-14T13:27:16","slug":"bamboo-massage","status":"publish","type":"product","link":"https:\/\/mystictemple.cz\/en\/product\/bamboo-massage\/","title":{"rendered":"Bamboo massage"},"content":{"rendered":"<div class=\"av-special-heading av-2vvkan-3b75513cc8de57d27880e1a27f2a6d8f av-special-heading-h1 custom-color-heading blockquote modern-quote avia-builder-el-2 el_after_av_gallery el_before_av_textblock\">\n<h1 class=\"av-special-heading-tag\">Bamboo massage<\/h1>\n<\/div>\n<section class=\"av_textblock_section av-jtfnojnb-eab8df139f5c5775eed94ab00d64c14a\">\n<div class=\"avia_textblock\">\n<h2>Massage using bamboo sticks for the entire body and face.<\/h2>\n<p class=\"translation-block\">This <b>bamboo massage<\/b> has relaxing, calming, rejuvenating, and draining properties. It involves a massage of both the body and face with a distinctive bio-stimulating and rejuvenating effect.<\/p>\n<p class=\"translation-block\">The draining <b>bamboo massage<\/b> using bamboo sticks relieves back pain, releases tension, and loosens stiff muscles. It is a health-promoting massage ideal for men (especially athletes) and women (particularly those suffering from cellulite with swelling or fibrosis).<\/p>\n<p>The result is deep relaxation, smooth, supple, and more radiant skin.<\/p>\n<\/div>\n<\/section>","protected":false},"excerpt":{"rendered":"<section class=\"av_textblock_section av-jtfnojnb-56-38f071087cd4499ed3cb06bae4a0ea27\">\n<div class=\"avia_textblock\">\n<p>Bamboo massage has relaxing, calming, restorative, and drainage effects. It relieves back pain, relaxes tension, and loosens muscle stiffness. The massage is intended for both the body and face, and its result is deep relaxation, soft, firm, and more radiant skin.<\/p>\n<\/div>\n<\/section>\n<div class=\"hr av-jvmdlwr6-57-310fc4e2d972d09a0548acf69b115aee hr-short avia-builder-el-25 el_after_av_textblock el_before_av_textblock hr-center\"><\/div>","protected":false},"featured_media":779,"template":"","meta":[],"product_brand":[],"product_cat":[29],"product_tag":[],"class_list":{"0":"post-832","1":"product","2":"type-product","3":"status-publish","4":"has-post-thumbnail","6":"product_cat-ostatni-masaze","8":"first","9":"instock","10":"sold-individually","11":"taxable","12":"shipping-taxable","13":"purchasable","14":"product-type-variable"},"yoast_head":"<!-- This site is optimized with the Yoast SEO plugin v27.1.1 - https:\/\/yoast.com\/product\/yoast-seo-wordpress\/ -->\n<title>Bambusov\u00e1 mas\u00e1\u017e v centru Prahy<\/title>\n<meta name=\"description\" content=\"Bambusov\u00e1 mas\u00e1\u017e je kombinace stimuluj\u00edc\u00ed a zklid\u0148uj\u00edc\u00ed mas\u00e1\u017ee. Mas\u00e1\u017e pomoc\u00ed bambusov\u00fdch ty\u010d\u00ed zajist\u00ed lymfodren\u00e1\u017e cel\u00e9ho t\u011bla i obli\u010deje.\" \/>\n<meta name=\"robots\" content=\"index, follow, max-snippet:-1, max-image-preview:large, max-video-preview:-1\" \/>\n<link rel=\"canonical\" href=\"https:\/\/mystictemple.cz\/en\/product\/bamboo-massage\/\" \/>\n<meta property=\"og:locale\" content=\"en_US\" \/>\n<meta property=\"og:type\" content=\"article\" \/>\n<meta property=\"og:title\" content=\"Bambusov\u00e1 mas\u00e1\u017e v centru Prahy\" \/>\n<meta property=\"og:description\" content=\"Bambusov\u00e1 mas\u00e1\u017e je kombinace stimuluj\u00edc\u00ed a zklid\u0148uj\u00edc\u00ed mas\u00e1\u017ee. Mas\u00e1\u017e pomoc\u00ed bambusov\u00fdch ty\u010d\u00ed zajist\u00ed lymfodren\u00e1\u017e cel\u00e9ho t\u011bla i obli\u010deje.\" \/>\n<meta property=\"og:url\" content=\"https:\/\/mystictemple.cz\/en\/product\/bamboo-massage\/\" \/>\n<meta property=\"og:site_name\" content=\"Mystic Temple\" \/>\n<meta property=\"article:modified_time\" content=\"2025-08-14T13:27:16+00:00\" \/>\n<meta property=\"og:image\" content=\"https:\/\/mystictemple.cz\/wp-content\/uploads\/2024\/09\/bambus-front-450x270-1.png\" \/>\n\t<meta property=\"og:image:width\" content=\"450\" \/>\n\t<meta property=\"og:image:height\" content=\"270\" \/>\n\t<meta property=\"og:image:type\" content=\"image\/png\" \/>\n<meta name=\"twitter:card\" content=\"summary_large_image\" \/>\n<meta name=\"twitter:label1\" content=\"Est. reading time\" \/>\n\t<meta name=\"twitter:data1\" content=\"1 minute\" \/>\n<script type=\"application\/ld+json\" class=\"yoast-schema-graph\">{\"@context\":\"https:\/\/schema.org\",\"@graph\":[{\"@type\":\"WebPage\",\"@id\":\"https:\/\/mystictemple.cz\/product\/bamboo-massage\/\",\"url\":\"https:\/\/mystictemple.cz\/product\/bamboo-massage\/\",\"name\":\"Bambusov\u00e1 mas\u00e1\u017e v centru Prahy\",\"isPartOf\":{\"@id\":\"https:\/\/mystictemple.cz\/#website\"},\"primaryImageOfPage\":{\"@id\":\"https:\/\/mystictemple.cz\/product\/bamboo-massage\/#primaryimage\"},\"image\":{\"@id\":\"https:\/\/mystictemple.cz\/product\/bamboo-massage\/#primaryimage\"},\"thumbnailUrl\":\"https:\/\/mystictemple.cz\/wp-content\/uploads\/2024\/09\/bambus-front-450x270-1.png\",\"datePublished\":\"2024-09-15T12:48:31+00:00\",\"dateModified\":\"2025-08-14T13:27:16+00:00\",\"description\":\"Bambusov\u00e1 mas\u00e1\u017e je kombinace stimuluj\u00edc\u00ed a zklid\u0148uj\u00edc\u00ed mas\u00e1\u017ee. Mas\u00e1\u017e pomoc\u00ed bambusov\u00fdch ty\u010d\u00ed zajist\u00ed lymfodren\u00e1\u017e cel\u00e9ho t\u011bla i obli\u010deje.\",\"breadcrumb\":{\"@id\":\"https:\/\/mystictemple.cz\/product\/bamboo-massage\/#breadcrumb\"},\"inLanguage\":\"en-US\",\"potentialAction\":[{\"@type\":\"ReadAction\",\"target\":[\"https:\/\/mystictemple.cz\/product\/bamboo-massage\/\"]}]},{\"@type\":\"ImageObject\",\"inLanguage\":\"en-US\",\"@id\":\"https:\/\/mystictemple.cz\/product\/bamboo-massage\/#primaryimage\",\"url\":\"https:\/\/mystictemple.cz\/wp-content\/uploads\/2024\/09\/bambus-front-450x270-1.png\",\"contentUrl\":\"https:\/\/mystictemple.cz\/wp-content\/uploads\/2024\/09\/bambus-front-450x270-1.png\",\"width\":450,\"height\":270,\"caption\":\"Bambusov\u00e1 mas\u00e1\u017e\"},{\"@type\":\"BreadcrumbList\",\"@id\":\"https:\/\/mystictemple.cz\/product\/bamboo-massage\/#breadcrumb\",\"itemListElement\":[{\"@type\":\"ListItem\",\"position\":1,\"name\":\"Dom\u016f\",\"item\":\"https:\/\/mystictemple.cz\/\"},{\"@type\":\"ListItem\",\"position\":2,\"name\":\"Produkty\",\"item\":\"https:\/\/mystictemple.cz\/shop\/\"},{\"@type\":\"ListItem\",\"position\":3,\"name\":\"Bamboo mas\u00e1\u017e\"}]},{\"@type\":\"WebSite\",\"@id\":\"https:\/\/mystictemple.cz\/#website\",\"url\":\"https:\/\/mystictemple.cz\/\",\"name\":\"Mystic Temple\",\"description\":\"Mystic Temple je mas\u00e1\u017en\u00ed salon v centru Prahy, kter\u00fd nab\u00edz\u00ed \u0161irokou \u0161k\u00e1lu relaxa\u010dn\u00edch a terapeutick\u00fdch mas\u00e1\u017e\u00ed. Na na\u0161em webu si m\u016f\u017eete snadno vybrat mas\u00e1\u017e, vlo\u017eit ji do ko\u0161\u00edku, zaplatit online a ihned obdr\u017eet d\u00e1rkov\u00fd voucher s unik\u00e1tn\u00edm k\u00f3dem. Voucher pak m\u016f\u017eete uplatnit p\u0159\u00edmo na recepci salonu. Rezervace je mo\u017en\u00e1 telefonicky nebo online. Otev\u0159eno m\u00e1me denn\u011b od 9:00 do 21:00.\",\"publisher\":{\"@id\":\"https:\/\/mystictemple.cz\/#organization\"},\"potentialAction\":[{\"@type\":\"SearchAction\",\"target\":{\"@type\":\"EntryPoint\",\"urlTemplate\":\"https:\/\/mystictemple.cz\/?s={search_term_string}\"},\"query-input\":{\"@type\":\"PropertyValueSpecification\",\"valueRequired\":true,\"valueName\":\"search_term_string\"}}],\"inLanguage\":\"en-US\"},{\"@type\":\"Organization\",\"@id\":\"https:\/\/mystictemple.cz\/#organization\",\"name\":\"Mystic Temple\",\"url\":\"https:\/\/mystictemple.cz\/\",\"logo\":{\"@type\":\"ImageObject\",\"inLanguage\":\"en-US\",\"@id\":\"https:\/\/mystictemple.cz\/#\/schema\/logo\/image\/\",\"url\":\"https:\/\/mystictemple.cz\/wp-content\/uploads\/2024\/02\/logo_temple_transparentni-2.png\",\"contentUrl\":\"https:\/\/mystictemple.cz\/wp-content\/uploads\/2024\/02\/logo_temple_transparentni-2.png\",\"width\":781,\"height\":586,\"caption\":\"Mystic Temple\"},\"image\":{\"@id\":\"https:\/\/mystictemple.cz\/#\/schema\/logo\/image\/\"}}]}<\/script>\n<!-- \/ Yoast SEO plugin. -->","yoast_head_json":{"title":"Bambusov\u00e1 mas\u00e1\u017e v centru Prahy","description":"Bambusov\u00e1 mas\u00e1\u017e je kombinace stimuluj\u00edc\u00ed a zklid\u0148uj\u00edc\u00ed mas\u00e1\u017ee. Mas\u00e1\u017e pomoc\u00ed bambusov\u00fdch ty\u010d\u00ed zajist\u00ed lymfodren\u00e1\u017e cel\u00e9ho t\u011bla i obli\u010deje.","robots":{"index":"index","follow":"follow","max-snippet":"max-snippet:-1","max-image-preview":"max-image-preview:large","max-video-preview":"max-video-preview:-1"},"canonical":"https:\/\/mystictemple.cz\/en\/product\/bamboo-massage\/","og_locale":"en_US","og_type":"article","og_title":"Bambusov\u00e1 mas\u00e1\u017e v centru Prahy","og_description":"Bambusov\u00e1 mas\u00e1\u017e je kombinace stimuluj\u00edc\u00ed a zklid\u0148uj\u00edc\u00ed mas\u00e1\u017ee. Mas\u00e1\u017e pomoc\u00ed bambusov\u00fdch ty\u010d\u00ed zajist\u00ed lymfodren\u00e1\u017e cel\u00e9ho t\u011bla i obli\u010deje.","og_url":"https:\/\/mystictemple.cz\/en\/product\/bamboo-massage\/","og_site_name":"Mystic Temple","article_modified_time":"2025-08-14T13:27:16+00:00","og_image":[{"width":450,"height":270,"url":"https:\/\/mystictemple.cz\/wp-content\/uploads\/2024\/09\/bambus-front-450x270-1.png","type":"image\/png"}],"twitter_card":"summary_large_image","twitter_misc":{"Est. reading time":"1 minute"},"schema":{"@context":"https:\/\/schema.org","@graph":[{"@type":"WebPage","@id":"https:\/\/mystictemple.cz\/product\/bamboo-massage\/","url":"https:\/\/mystictemple.cz\/product\/bamboo-massage\/","name":"Bambusov\u00e1 mas\u00e1\u017e v centru Prahy","isPartOf":{"@id":"https:\/\/mystictemple.cz\/#website"},"primaryImageOfPage":{"@id":"https:\/\/mystictemple.cz\/product\/bamboo-massage\/#primaryimage"},"image":{"@id":"https:\/\/mystictemple.cz\/product\/bamboo-massage\/#primaryimage"},"thumbnailUrl":"https:\/\/mystictemple.cz\/wp-content\/uploads\/2024\/09\/bambus-front-450x270-1.png","datePublished":"2024-09-15T12:48:31+00:00","dateModified":"2025-08-14T13:27:16+00:00","description":"Bambusov\u00e1 mas\u00e1\u017e je kombinace stimuluj\u00edc\u00ed a zklid\u0148uj\u00edc\u00ed mas\u00e1\u017ee. Mas\u00e1\u017e pomoc\u00ed bambusov\u00fdch ty\u010d\u00ed zajist\u00ed lymfodren\u00e1\u017e cel\u00e9ho t\u011bla i obli\u010deje.","breadcrumb":{"@id":"https:\/\/mystictemple.cz\/product\/bamboo-massage\/#breadcrumb"},"inLanguage":"en-US","potentialAction":[{"@type":"ReadAction","target":["https:\/\/mystictemple.cz\/product\/bamboo-massage\/"]}]},{"@type":"ImageObject","inLanguage":"en-US","@id":"https:\/\/mystictemple.cz\/product\/bamboo-massage\/#primaryimage","url":"https:\/\/mystictemple.cz\/wp-content\/uploads\/2024\/09\/bambus-front-450x270-1.png","contentUrl":"https:\/\/mystictemple.cz\/wp-content\/uploads\/2024\/09\/bambus-front-450x270-1.png","width":450,"height":270,"caption":"Bambusov\u00e1 mas\u00e1\u017e"},{"@type":"BreadcrumbList","@id":"https:\/\/mystictemple.cz\/product\/bamboo-massage\/#breadcrumb","itemListElement":[{"@type":"ListItem","position":1,"name":"Dom\u016f","item":"https:\/\/mystictemple.cz\/"},{"@type":"ListItem","position":2,"name":"Produkty","item":"https:\/\/mystictemple.cz\/shop\/"},{"@type":"ListItem","position":3,"name":"Bamboo mas\u00e1\u017e"}]},{"@type":"WebSite","@id":"https:\/\/mystictemple.cz\/#website","url":"https:\/\/mystictemple.cz\/","name":"Mystic Temple","description":"Mystic Temple je mas\u00e1\u017en\u00ed salon v centru Prahy, kter\u00fd nab\u00edz\u00ed \u0161irokou \u0161k\u00e1lu relaxa\u010dn\u00edch a terapeutick\u00fdch mas\u00e1\u017e\u00ed. Na na\u0161em webu si m\u016f\u017eete snadno vybrat mas\u00e1\u017e, vlo\u017eit ji do ko\u0161\u00edku, zaplatit online a ihned obdr\u017eet d\u00e1rkov\u00fd voucher s unik\u00e1tn\u00edm k\u00f3dem. Voucher pak m\u016f\u017eete uplatnit p\u0159\u00edmo na recepci salonu. Rezervace je mo\u017en\u00e1 telefonicky nebo online. Otev\u0159eno m\u00e1me denn\u011b od 9:00 do 21:00.","publisher":{"@id":"https:\/\/mystictemple.cz\/#organization"},"potentialAction":[{"@type":"SearchAction","target":{"@type":"EntryPoint","urlTemplate":"https:\/\/mystictemple.cz\/?s={search_term_string}"},"query-input":{"@type":"PropertyValueSpecification","valueRequired":true,"valueName":"search_term_string"}}],"inLanguage":"en-US"},{"@type":"Organization","@id":"https:\/\/mystictemple.cz\/#organization","name":"Mystic Temple","url":"https:\/\/mystictemple.cz\/","logo":{"@type":"ImageObject","inLanguage":"en-US","@id":"https:\/\/mystictemple.cz\/#\/schema\/logo\/image\/","url":"https:\/\/mystictemple.cz\/wp-content\/uploads\/2024\/02\/logo_temple_transparentni-2.png","contentUrl":"https:\/\/mystictemple.cz\/wp-content\/uploads\/2024\/02\/logo_temple_transparentni-2.png","width":781,"height":586,"caption":"Mystic Temple"},"image":{"@id":"https:\/\/mystictemple.cz\/#\/schema\/logo\/image\/"}}]}},"_links":{"self":[{"href":"https:\/\/mystictemple.cz\/en\/wp-json\/wp\/v2\/product\/832","targetHints":{"allow":["GET"]}}],"collection":[{"href":"https:\/\/mystictemple.cz\/en\/wp-json\/wp\/v2\/product"}],"about":[{"href":"https:\/\/mystictemple.cz\/en\/wp-json\/wp\/v2\/types\/product"}],"wp:featuredmedia":[{"embeddable":true,"href":"https:\/\/mystictemple.cz\/en\/wp-json\/wp\/v2\/media\/779"}],"wp:attachment":[{"href":"https:\/\/mystictemple.cz\/en\/wp-json\/wp\/v2\/media?parent=832"}],"wp:term":[{"taxonomy":"product_brand","embeddable":true,"href":"https:\/\/mystictemple.cz\/en\/wp-json\/wp\/v2\/product_brand?post=832"},{"taxonomy":"product_cat","embeddable":true,"href":"https:\/\/mystictemple.cz\/en\/wp-json\/wp\/v2\/product_cat?post=832"},{"taxonomy":"product_tag","embeddable":true,"href":"https:\/\/mystictemple.cz\/en\/wp-json\/wp\/v2\/product_tag?post=832"}],"curies":[{"name":"wp","href":"https:\/\/api.w.org\/{rel}","templated":true}]}}