{"id":830,"date":"2024-09-14T19:29:35","date_gmt":"2024-09-14T19:29:35","guid":{"rendered":"https:\/\/mystictemple.cz\/?post_type=product&#038;p=830"},"modified":"2025-07-28T09:49:12","modified_gmt":"2025-07-28T09:49:12","slug":"tibetska-masaz","status":"publish","type":"product","link":"https:\/\/mystictemple.cz\/en\/product\/tibetska-masaz\/","title":{"rendered":"Tibetan massage"},"content":{"rendered":"<div class=\"av-special-heading av-34hx4s-72c0ab007d74b57bb7c9a1b8483aa9cf av-special-heading-h1 custom-color-heading blockquote modern-quote avia-builder-el-2 el_after_av_gallery el_before_av_textblock\">\n<h1 class=\"av-special-heading-tag\">Tibetan massage<\/h1>\n<\/div>\n<section class=\"av_textblock_section av-jtfnojnb-eab8df139f5c5775eed94ab00d64c14a\">\n<div class=\"avia_textblock\">\n<h2 class=\"translation-block\">Energetic <b>Tibetan massage<\/b> with salt and Himalayan stones.<\/h2>\n<p class=\"translation-block\">The massage is excellent for those who have <strong>sitting jobs, joint pain, back and neck pain, or cellulite<\/strong>. For the massage, we use pouches heated in a steam bath with salt and Himalayan stones. These are placed on areas where tension and pain accumulate.<\/p>\n<p>During the massage, there is a strong fluid drainage, while aromatherapy draws out toxins, cleanses the body, and smooths the skin. The result is a comprehensive relaxation of both the body and mind.<\/p>\n<p>We have been offering Tibetan massage in our salon since the very beginning, for over 12 years. It is one of our most popular treatments. After the massage, you will leave feeling energized.<\/p>\n<p>This type of massage can be performed for two people simultaneously in the same room.<\/p>\n<h3>Other massages at Mystic Temple<\/h3>\n<p><a href=\"https:\/\/mystictemple.cz\/en\/ostatni-masaze\/indicka-masaz\/\" target=\"_blank\" rel=\"noopener\">Indian head massage<\/a>,\u00a0<a href=\"https:\/\/mystictemple.cz\/en\/ostatni-masaze\/liftingova-masaz\/\" target=\"_blank\" rel=\"noopener\">liftingov\u00e1 mas\u00e1\u017e<\/a><\/p>\n<\/div>\n<\/section>","protected":false},"excerpt":{"rendered":"<section class=\"av_textblock_section av-jtfnojnb-62-2c6567cdfbfa08e1cb6bb75ee28c3ee6\">\n<div class=\"avia_textblock\">\n<p>The massage is excellent for those with sedentary jobs, joint pain, back and cervical spine issues, or cellulite. Himalayan salt with stones is used. During the massage, there is strong fluid drainage, while aromatherapy pulls out toxins, detoxifies the body, and smooths the skin.<\/p>\n<\/div>\n<\/section>\n<div class=\"hr av-jvmdlwr6-63-78085d310b9e974729948046e6dae504 hr-short avia-builder-el-18 el_after_av_textblock el_before_av_textblock hr-center\"><\/div>","protected":false},"featured_media":801,"template":"","meta":[],"product_brand":[],"product_cat":[29],"product_tag":[],"class_list":{"0":"post-830","1":"product","2":"type-product","3":"status-publish","4":"has-post-thumbnail","6":"product_cat-ostatni-masaze","8":"first","9":"instock","10":"sold-individually","11":"taxable","12":"shipping-taxable","13":"purchasable","14":"product-type-variable"},"yoast_head":"<!-- This site is optimized with the Yoast SEO plugin v27.1.1 - https:\/\/yoast.com\/product\/yoast-seo-wordpress\/ -->\n<title>Energetick\u00e1 tibetsk\u00e1 mas\u00e1\u017e<\/title>\n<meta name=\"description\" content=\"Tibetsk\u00e1 mas\u00e1\u017e je obl\u00edben\u00e1 pro sv\u00e9 antistresov\u00e9 \u00fa\u010dinky. V\u00fdborn\u00e1 je t\u00e9\u017e pro zm\u00edrn\u011bn\u00ed bolesti kloub\u016f, zad, kr\u010dn\u00ed p\u00e1te\u0159e i odstran\u011bn\u00ed celulitidy.\" \/>\n<meta name=\"robots\" content=\"index, follow, max-snippet:-1, max-image-preview:large, max-video-preview:-1\" \/>\n<link rel=\"canonical\" href=\"https:\/\/mystictemple.cz\/en\/product\/tibetska-masaz\/\" \/>\n<meta property=\"og:locale\" content=\"en_US\" \/>\n<meta property=\"og:type\" content=\"article\" \/>\n<meta property=\"og:title\" content=\"Energetick\u00e1 tibetsk\u00e1 mas\u00e1\u017e\" \/>\n<meta property=\"og:description\" content=\"Tibetsk\u00e1 mas\u00e1\u017e je obl\u00edben\u00e1 pro sv\u00e9 antistresov\u00e9 \u00fa\u010dinky. V\u00fdborn\u00e1 je t\u00e9\u017e pro zm\u00edrn\u011bn\u00ed bolesti kloub\u016f, zad, kr\u010dn\u00ed p\u00e1te\u0159e i odstran\u011bn\u00ed celulitidy.\" \/>\n<meta property=\"og:url\" content=\"https:\/\/mystictemple.cz\/en\/product\/tibetska-masaz\/\" \/>\n<meta property=\"og:site_name\" content=\"Mystic Temple\" \/>\n<meta property=\"article:modified_time\" content=\"2025-07-28T09:49:12+00:00\" \/>\n<meta property=\"og:image\" content=\"https:\/\/mystictemple.cz\/wp-content\/uploads\/2024\/09\/MysticTemple_masaze_101-copy-1-450x270-1.jpg\" \/>\n\t<meta property=\"og:image:width\" content=\"450\" \/>\n\t<meta property=\"og:image:height\" content=\"270\" \/>\n\t<meta property=\"og:image:type\" content=\"image\/jpeg\" \/>\n<meta name=\"twitter:card\" content=\"summary_large_image\" \/>\n<meta name=\"twitter:label1\" content=\"Est. reading time\" \/>\n\t<meta name=\"twitter:data1\" content=\"1 minute\" \/>\n<script type=\"application\/ld+json\" class=\"yoast-schema-graph\">{\"@context\":\"https:\/\/schema.org\",\"@graph\":[{\"@type\":\"WebPage\",\"@id\":\"https:\/\/mystictemple.cz\/product\/tibetska-masaz\/\",\"url\":\"https:\/\/mystictemple.cz\/product\/tibetska-masaz\/\",\"name\":\"Energetick\u00e1 tibetsk\u00e1 mas\u00e1\u017e\",\"isPartOf\":{\"@id\":\"https:\/\/mystictemple.cz\/#website\"},\"primaryImageOfPage\":{\"@id\":\"https:\/\/mystictemple.cz\/product\/tibetska-masaz\/#primaryimage\"},\"image\":{\"@id\":\"https:\/\/mystictemple.cz\/product\/tibetska-masaz\/#primaryimage\"},\"thumbnailUrl\":\"https:\/\/mystictemple.cz\/wp-content\/uploads\/2024\/09\/MysticTemple_masaze_101-copy-1-450x270-1.jpg\",\"datePublished\":\"2024-09-14T19:29:35+00:00\",\"dateModified\":\"2025-07-28T09:49:12+00:00\",\"description\":\"Tibetsk\u00e1 mas\u00e1\u017e je obl\u00edben\u00e1 pro sv\u00e9 antistresov\u00e9 \u00fa\u010dinky. V\u00fdborn\u00e1 je t\u00e9\u017e pro zm\u00edrn\u011bn\u00ed bolesti kloub\u016f, zad, kr\u010dn\u00ed p\u00e1te\u0159e i odstran\u011bn\u00ed celulitidy.\",\"breadcrumb\":{\"@id\":\"https:\/\/mystictemple.cz\/product\/tibetska-masaz\/#breadcrumb\"},\"inLanguage\":\"en-US\",\"potentialAction\":[{\"@type\":\"ReadAction\",\"target\":[\"https:\/\/mystictemple.cz\/product\/tibetska-masaz\/\"]}]},{\"@type\":\"ImageObject\",\"inLanguage\":\"en-US\",\"@id\":\"https:\/\/mystictemple.cz\/product\/tibetska-masaz\/#primaryimage\",\"url\":\"https:\/\/mystictemple.cz\/wp-content\/uploads\/2024\/09\/MysticTemple_masaze_101-copy-1-450x270-1.jpg\",\"contentUrl\":\"https:\/\/mystictemple.cz\/wp-content\/uploads\/2024\/09\/MysticTemple_masaze_101-copy-1-450x270-1.jpg\",\"width\":450,\"height\":270,\"caption\":\"Tibeck\u00e1 mas\u00e1\u017e\"},{\"@type\":\"BreadcrumbList\",\"@id\":\"https:\/\/mystictemple.cz\/product\/tibetska-masaz\/#breadcrumb\",\"itemListElement\":[{\"@type\":\"ListItem\",\"position\":1,\"name\":\"Dom\u016f\",\"item\":\"https:\/\/mystictemple.cz\/\"},{\"@type\":\"ListItem\",\"position\":2,\"name\":\"Produkty\",\"item\":\"https:\/\/mystictemple.cz\/shop\/\"},{\"@type\":\"ListItem\",\"position\":3,\"name\":\"Tibetsk\u00e1 mas\u00e1\u017e\"}]},{\"@type\":\"WebSite\",\"@id\":\"https:\/\/mystictemple.cz\/#website\",\"url\":\"https:\/\/mystictemple.cz\/\",\"name\":\"Mystic Temple\",\"description\":\"Mystic Temple je mas\u00e1\u017en\u00ed salon v centru Prahy, kter\u00fd nab\u00edz\u00ed \u0161irokou \u0161k\u00e1lu relaxa\u010dn\u00edch a terapeutick\u00fdch mas\u00e1\u017e\u00ed. Na na\u0161em webu si m\u016f\u017eete snadno vybrat mas\u00e1\u017e, vlo\u017eit ji do ko\u0161\u00edku, zaplatit online a ihned obdr\u017eet d\u00e1rkov\u00fd voucher s unik\u00e1tn\u00edm k\u00f3dem. Voucher pak m\u016f\u017eete uplatnit p\u0159\u00edmo na recepci salonu. Rezervace je mo\u017en\u00e1 telefonicky nebo online. Otev\u0159eno m\u00e1me denn\u011b od 9:00 do 21:00.\",\"publisher\":{\"@id\":\"https:\/\/mystictemple.cz\/#organization\"},\"potentialAction\":[{\"@type\":\"SearchAction\",\"target\":{\"@type\":\"EntryPoint\",\"urlTemplate\":\"https:\/\/mystictemple.cz\/?s={search_term_string}\"},\"query-input\":{\"@type\":\"PropertyValueSpecification\",\"valueRequired\":true,\"valueName\":\"search_term_string\"}}],\"inLanguage\":\"en-US\"},{\"@type\":\"Organization\",\"@id\":\"https:\/\/mystictemple.cz\/#organization\",\"name\":\"Mystic Temple\",\"url\":\"https:\/\/mystictemple.cz\/\",\"logo\":{\"@type\":\"ImageObject\",\"inLanguage\":\"en-US\",\"@id\":\"https:\/\/mystictemple.cz\/#\/schema\/logo\/image\/\",\"url\":\"https:\/\/mystictemple.cz\/wp-content\/uploads\/2024\/02\/logo_temple_transparentni-2.png\",\"contentUrl\":\"https:\/\/mystictemple.cz\/wp-content\/uploads\/2024\/02\/logo_temple_transparentni-2.png\",\"width\":781,\"height\":586,\"caption\":\"Mystic Temple\"},\"image\":{\"@id\":\"https:\/\/mystictemple.cz\/#\/schema\/logo\/image\/\"}}]}<\/script>\n<!-- \/ Yoast SEO plugin. -->","yoast_head_json":{"title":"Energetick\u00e1 tibetsk\u00e1 mas\u00e1\u017e","description":"Tibetsk\u00e1 mas\u00e1\u017e je obl\u00edben\u00e1 pro sv\u00e9 antistresov\u00e9 \u00fa\u010dinky. V\u00fdborn\u00e1 je t\u00e9\u017e pro zm\u00edrn\u011bn\u00ed bolesti kloub\u016f, zad, kr\u010dn\u00ed p\u00e1te\u0159e i odstran\u011bn\u00ed celulitidy.","robots":{"index":"index","follow":"follow","max-snippet":"max-snippet:-1","max-image-preview":"max-image-preview:large","max-video-preview":"max-video-preview:-1"},"canonical":"https:\/\/mystictemple.cz\/en\/product\/tibetska-masaz\/","og_locale":"en_US","og_type":"article","og_title":"Energetick\u00e1 tibetsk\u00e1 mas\u00e1\u017e","og_description":"Tibetsk\u00e1 mas\u00e1\u017e je obl\u00edben\u00e1 pro sv\u00e9 antistresov\u00e9 \u00fa\u010dinky. V\u00fdborn\u00e1 je t\u00e9\u017e pro zm\u00edrn\u011bn\u00ed bolesti kloub\u016f, zad, kr\u010dn\u00ed p\u00e1te\u0159e i odstran\u011bn\u00ed celulitidy.","og_url":"https:\/\/mystictemple.cz\/en\/product\/tibetska-masaz\/","og_site_name":"Mystic Temple","article_modified_time":"2025-07-28T09:49:12+00:00","og_image":[{"width":450,"height":270,"url":"https:\/\/mystictemple.cz\/wp-content\/uploads\/2024\/09\/MysticTemple_masaze_101-copy-1-450x270-1.jpg","type":"image\/jpeg"}],"twitter_card":"summary_large_image","twitter_misc":{"Est. reading time":"1 minute"},"schema":{"@context":"https:\/\/schema.org","@graph":[{"@type":"WebPage","@id":"https:\/\/mystictemple.cz\/product\/tibetska-masaz\/","url":"https:\/\/mystictemple.cz\/product\/tibetska-masaz\/","name":"Energetick\u00e1 tibetsk\u00e1 mas\u00e1\u017e","isPartOf":{"@id":"https:\/\/mystictemple.cz\/#website"},"primaryImageOfPage":{"@id":"https:\/\/mystictemple.cz\/product\/tibetska-masaz\/#primaryimage"},"image":{"@id":"https:\/\/mystictemple.cz\/product\/tibetska-masaz\/#primaryimage"},"thumbnailUrl":"https:\/\/mystictemple.cz\/wp-content\/uploads\/2024\/09\/MysticTemple_masaze_101-copy-1-450x270-1.jpg","datePublished":"2024-09-14T19:29:35+00:00","dateModified":"2025-07-28T09:49:12+00:00","description":"Tibetsk\u00e1 mas\u00e1\u017e je obl\u00edben\u00e1 pro sv\u00e9 antistresov\u00e9 \u00fa\u010dinky. V\u00fdborn\u00e1 je t\u00e9\u017e pro zm\u00edrn\u011bn\u00ed bolesti kloub\u016f, zad, kr\u010dn\u00ed p\u00e1te\u0159e i odstran\u011bn\u00ed celulitidy.","breadcrumb":{"@id":"https:\/\/mystictemple.cz\/product\/tibetska-masaz\/#breadcrumb"},"inLanguage":"en-US","potentialAction":[{"@type":"ReadAction","target":["https:\/\/mystictemple.cz\/product\/tibetska-masaz\/"]}]},{"@type":"ImageObject","inLanguage":"en-US","@id":"https:\/\/mystictemple.cz\/product\/tibetska-masaz\/#primaryimage","url":"https:\/\/mystictemple.cz\/wp-content\/uploads\/2024\/09\/MysticTemple_masaze_101-copy-1-450x270-1.jpg","contentUrl":"https:\/\/mystictemple.cz\/wp-content\/uploads\/2024\/09\/MysticTemple_masaze_101-copy-1-450x270-1.jpg","width":450,"height":270,"caption":"Tibeck\u00e1 mas\u00e1\u017e"},{"@type":"BreadcrumbList","@id":"https:\/\/mystictemple.cz\/product\/tibetska-masaz\/#breadcrumb","itemListElement":[{"@type":"ListItem","position":1,"name":"Dom\u016f","item":"https:\/\/mystictemple.cz\/"},{"@type":"ListItem","position":2,"name":"Produkty","item":"https:\/\/mystictemple.cz\/shop\/"},{"@type":"ListItem","position":3,"name":"Tibetsk\u00e1 mas\u00e1\u017e"}]},{"@type":"WebSite","@id":"https:\/\/mystictemple.cz\/#website","url":"https:\/\/mystictemple.cz\/","name":"Mystic Temple","description":"Mystic Temple je mas\u00e1\u017en\u00ed salon v centru Prahy, kter\u00fd nab\u00edz\u00ed \u0161irokou \u0161k\u00e1lu relaxa\u010dn\u00edch a terapeutick\u00fdch mas\u00e1\u017e\u00ed. Na na\u0161em webu si m\u016f\u017eete snadno vybrat mas\u00e1\u017e, vlo\u017eit ji do ko\u0161\u00edku, zaplatit online a ihned obdr\u017eet d\u00e1rkov\u00fd voucher s unik\u00e1tn\u00edm k\u00f3dem. Voucher pak m\u016f\u017eete uplatnit p\u0159\u00edmo na recepci salonu. Rezervace je mo\u017en\u00e1 telefonicky nebo online. Otev\u0159eno m\u00e1me denn\u011b od 9:00 do 21:00.","publisher":{"@id":"https:\/\/mystictemple.cz\/#organization"},"potentialAction":[{"@type":"SearchAction","target":{"@type":"EntryPoint","urlTemplate":"https:\/\/mystictemple.cz\/?s={search_term_string}"},"query-input":{"@type":"PropertyValueSpecification","valueRequired":true,"valueName":"search_term_string"}}],"inLanguage":"en-US"},{"@type":"Organization","@id":"https:\/\/mystictemple.cz\/#organization","name":"Mystic Temple","url":"https:\/\/mystictemple.cz\/","logo":{"@type":"ImageObject","inLanguage":"en-US","@id":"https:\/\/mystictemple.cz\/#\/schema\/logo\/image\/","url":"https:\/\/mystictemple.cz\/wp-content\/uploads\/2024\/02\/logo_temple_transparentni-2.png","contentUrl":"https:\/\/mystictemple.cz\/wp-content\/uploads\/2024\/02\/logo_temple_transparentni-2.png","width":781,"height":586,"caption":"Mystic Temple"},"image":{"@id":"https:\/\/mystictemple.cz\/#\/schema\/logo\/image\/"}}]}},"_links":{"self":[{"href":"https:\/\/mystictemple.cz\/en\/wp-json\/wp\/v2\/product\/830","targetHints":{"allow":["GET"]}}],"collection":[{"href":"https:\/\/mystictemple.cz\/en\/wp-json\/wp\/v2\/product"}],"about":[{"href":"https:\/\/mystictemple.cz\/en\/wp-json\/wp\/v2\/types\/product"}],"wp:featuredmedia":[{"embeddable":true,"href":"https:\/\/mystictemple.cz\/en\/wp-json\/wp\/v2\/media\/801"}],"wp:attachment":[{"href":"https:\/\/mystictemple.cz\/en\/wp-json\/wp\/v2\/media?parent=830"}],"wp:term":[{"taxonomy":"product_brand","embeddable":true,"href":"https:\/\/mystictemple.cz\/en\/wp-json\/wp\/v2\/product_brand?post=830"},{"taxonomy":"product_cat","embeddable":true,"href":"https:\/\/mystictemple.cz\/en\/wp-json\/wp\/v2\/product_cat?post=830"},{"taxonomy":"product_tag","embeddable":true,"href":"https:\/\/mystictemple.cz\/en\/wp-json\/wp\/v2\/product_tag?post=830"}],"curies":[{"name":"wp","href":"https:\/\/api.w.org\/{rel}","templated":true}]}}