{"id":763,"date":"2024-09-10T18:55:32","date_gmt":"2024-09-10T18:55:32","guid":{"rendered":"https:\/\/mystictemple.cz\/?post_type=product&#038;p=763"},"modified":"2025-08-14T11:45:41","modified_gmt":"2025-08-14T11:45:41","slug":"lymfaticka-masaz","status":"publish","type":"product","link":"https:\/\/mystictemple.cz\/en\/product\/lymfaticka-masaz\/","title":{"rendered":"Lymphatic massage"},"content":{"rendered":"<div class=\"av-special-heading av-2q1au8-ad3b288b6059ddd51e53989244d400ef av-special-heading-h1 custom-color-heading blockquote modern-quote avia-builder-el-2 el_after_av_gallery el_before_av_textblock\">\n<h1 class=\"av-special-heading-tag\"><\/h1>\n<\/div>\n<section class=\"av_textblock_section av-jtfnojnb-eab8df139f5c5775eed94ab00d64c14a\">\n<div class=\"avia_textblock\">\n<div class=\"av-special-heading av-31890j-a24fcf3ea82fb5f100aff13b8bfa2d67 av-special-heading-h1 custom-color-heading blockquote modern-quote avia-builder-el-2 el_after_av_gallery el_before_av_textblock\">\n<h1 class=\"av-special-heading-tag\">Lymphatic massage<\/h1>\n<\/div>\n<section class=\"av_textblock_section av-jtfnojnb-eab8df139f5c5775eed94ab00d64c14a\">\n<div class=\"avia_textblock\">\n<h2 class=\"translation-block\">Therapeutic <b>lymphatic massage<\/b> for the proper functioning of the lymphatic system<\/h2>\n<p class=\"translation-block\">Lymphatic drainage is an excellent regenerative technique\u2014a series of movements that stimulate and promote lymph flow. This helps remove toxins and waste products formed during metabolism. <strong>Clogged lymphatic pathways can manifest through symptoms such as general fatigue, exhaustion, and swelling<\/strong> (ankles, entire limbs, or even the face, including eyelids).<\/p>\n<p class=\"translation-block\">Compared to a traditional massage, the movements are performed with lighter pressure and at a lower frequency. <strong>Lymphatic massage can address health issues<\/strong> that might be aggravated by a typical sports or restorative massage.<\/p>\n<p class=\"translation-block\">Lymphatic massage <strong>prevents skin aging and addresses complexion issues<\/strong>.<\/p>\n<p>We recommend a course of treatment once a week for 3\u20135 weeks. After that, it is advisable to maintain a routine of once a month. Each individual's needs are different, and the number and frequency of treatments will be determined after a consultation.<\/p>\n<\/div>\n<\/section>\n<div class=\"hr av-jvmdlwr6-19b3bc1ff932f3f08e0897f59e68a7a4 hr-invisible avia-builder-el-4 el_after_av_textblock el_before_av_textblock\"><\/div>\n<\/div>\n<\/section>","protected":false},"excerpt":{"rendered":"<p>Lymphatic drainage is an excellent regeneration technique that utilises set contact points to encourage and stimulate lymphatic drainage. This will divert all pollutants and waste substances that arise during metabolism.<\/p>","protected":false},"featured_media":820,"template":"","meta":[],"product_brand":[],"product_cat":[28],"product_tag":[],"class_list":{"0":"post-763","1":"product","2":"type-product","3":"status-publish","4":"has-post-thumbnail","6":"product_cat-detoxikace","8":"first","9":"instock","10":"featured","11":"sold-individually","12":"taxable","13":"shipping-taxable","14":"purchasable","15":"product-type-variable"},"yoast_head":"<!-- This site is optimized with the Yoast SEO plugin v27.1.1 - https:\/\/yoast.com\/product\/yoast-seo-wordpress\/ -->\n<title>Lymfatick\u00e1 mas\u00e1\u017e | Thajsk\u00e9 mas\u00e1\u017ee<\/title>\n<meta name=\"description\" content=\"Zdravotn\u00ed lymfatick\u00e1 mas\u00e1\u017e pro spr\u00e1vnou funkci lymfatick\u00e9ho syst\u00e9mu. Lymfodren\u00e1\u017en\u00ed technika mas\u00e1\u017ee podporuje stimulaci a odtok lymfy. \u2728\" \/>\n<meta name=\"robots\" content=\"index, follow, max-snippet:-1, max-image-preview:large, max-video-preview:-1\" \/>\n<link rel=\"canonical\" href=\"https:\/\/mystictemple.cz\/en\/product\/lymfaticka-masaz\/\" \/>\n<meta property=\"og:locale\" content=\"en_US\" \/>\n<meta property=\"og:type\" content=\"article\" \/>\n<meta property=\"og:title\" content=\"Lymfatick\u00e1 mas\u00e1\u017e | Thajsk\u00e9 mas\u00e1\u017ee\" \/>\n<meta property=\"og:description\" content=\"Zdravotn\u00ed lymfatick\u00e1 mas\u00e1\u017e pro spr\u00e1vnou funkci lymfatick\u00e9ho syst\u00e9mu. Lymfodren\u00e1\u017en\u00ed technika mas\u00e1\u017ee podporuje stimulaci a odtok lymfy. \u2728\" \/>\n<meta property=\"og:url\" content=\"https:\/\/mystictemple.cz\/en\/product\/lymfaticka-masaz\/\" \/>\n<meta property=\"og:site_name\" content=\"Mystic Temple\" \/>\n<meta property=\"article:modified_time\" content=\"2025-08-14T11:45:41+00:00\" \/>\n<meta property=\"og:image\" content=\"https:\/\/mystictemple.cz\/wp-content\/uploads\/2024\/09\/sluzby_lymfaticka_masaz.jpg\" \/>\n\t<meta property=\"og:image:width\" content=\"500\" \/>\n\t<meta property=\"og:image:height\" content=\"300\" \/>\n\t<meta property=\"og:image:type\" content=\"image\/jpeg\" \/>\n<meta name=\"twitter:card\" content=\"summary_large_image\" \/>\n<meta name=\"twitter:label1\" content=\"Est. reading time\" \/>\n\t<meta name=\"twitter:data1\" content=\"1 minute\" \/>\n<script type=\"application\/ld+json\" class=\"yoast-schema-graph\">{\"@context\":\"https:\/\/schema.org\",\"@graph\":[{\"@type\":\"WebPage\",\"@id\":\"https:\/\/mystictemple.cz\/product\/lymfaticka-masaz\/\",\"url\":\"https:\/\/mystictemple.cz\/product\/lymfaticka-masaz\/\",\"name\":\"Lymfatick\u00e1 mas\u00e1\u017e | Thajsk\u00e9 mas\u00e1\u017ee\",\"isPartOf\":{\"@id\":\"https:\/\/mystictemple.cz\/#website\"},\"primaryImageOfPage\":{\"@id\":\"https:\/\/mystictemple.cz\/product\/lymfaticka-masaz\/#primaryimage\"},\"image\":{\"@id\":\"https:\/\/mystictemple.cz\/product\/lymfaticka-masaz\/#primaryimage\"},\"thumbnailUrl\":\"https:\/\/mystictemple.cz\/wp-content\/uploads\/2024\/09\/sluzby_lymfaticka_masaz.jpg\",\"datePublished\":\"2024-09-10T18:55:32+00:00\",\"dateModified\":\"2025-08-14T11:45:41+00:00\",\"description\":\"Zdravotn\u00ed lymfatick\u00e1 mas\u00e1\u017e pro spr\u00e1vnou funkci lymfatick\u00e9ho syst\u00e9mu. Lymfodren\u00e1\u017en\u00ed technika mas\u00e1\u017ee podporuje stimulaci a odtok lymfy. \u2728\",\"breadcrumb\":{\"@id\":\"https:\/\/mystictemple.cz\/product\/lymfaticka-masaz\/#breadcrumb\"},\"inLanguage\":\"en-US\",\"potentialAction\":[{\"@type\":\"ReadAction\",\"target\":[\"https:\/\/mystictemple.cz\/product\/lymfaticka-masaz\/\"]}]},{\"@type\":\"ImageObject\",\"inLanguage\":\"en-US\",\"@id\":\"https:\/\/mystictemple.cz\/product\/lymfaticka-masaz\/#primaryimage\",\"url\":\"https:\/\/mystictemple.cz\/wp-content\/uploads\/2024\/09\/sluzby_lymfaticka_masaz.jpg\",\"contentUrl\":\"https:\/\/mystictemple.cz\/wp-content\/uploads\/2024\/09\/sluzby_lymfaticka_masaz.jpg\",\"width\":500,\"height\":300,\"caption\":\"Lymfatick\u00e1 mas\u00e1\u017e | Mystic Temple Praha\"},{\"@type\":\"BreadcrumbList\",\"@id\":\"https:\/\/mystictemple.cz\/product\/lymfaticka-masaz\/#breadcrumb\",\"itemListElement\":[{\"@type\":\"ListItem\",\"position\":1,\"name\":\"Dom\u016f\",\"item\":\"https:\/\/mystictemple.cz\/\"},{\"@type\":\"ListItem\",\"position\":2,\"name\":\"Produkty\",\"item\":\"https:\/\/mystictemple.cz\/shop\/\"},{\"@type\":\"ListItem\",\"position\":3,\"name\":\"Lymfatick\u00e1 mas\u00e1\u017e\"}]},{\"@type\":\"WebSite\",\"@id\":\"https:\/\/mystictemple.cz\/#website\",\"url\":\"https:\/\/mystictemple.cz\/\",\"name\":\"Mystic Temple\",\"description\":\"Mystic Temple je mas\u00e1\u017en\u00ed salon v centru Prahy, kter\u00fd nab\u00edz\u00ed \u0161irokou \u0161k\u00e1lu relaxa\u010dn\u00edch a terapeutick\u00fdch mas\u00e1\u017e\u00ed. Na na\u0161em webu si m\u016f\u017eete snadno vybrat mas\u00e1\u017e, vlo\u017eit ji do ko\u0161\u00edku, zaplatit online a ihned obdr\u017eet d\u00e1rkov\u00fd voucher s unik\u00e1tn\u00edm k\u00f3dem. Voucher pak m\u016f\u017eete uplatnit p\u0159\u00edmo na recepci salonu. Rezervace je mo\u017en\u00e1 telefonicky nebo online. Otev\u0159eno m\u00e1me denn\u011b od 9:00 do 21:00.\",\"publisher\":{\"@id\":\"https:\/\/mystictemple.cz\/#organization\"},\"potentialAction\":[{\"@type\":\"SearchAction\",\"target\":{\"@type\":\"EntryPoint\",\"urlTemplate\":\"https:\/\/mystictemple.cz\/?s={search_term_string}\"},\"query-input\":{\"@type\":\"PropertyValueSpecification\",\"valueRequired\":true,\"valueName\":\"search_term_string\"}}],\"inLanguage\":\"en-US\"},{\"@type\":\"Organization\",\"@id\":\"https:\/\/mystictemple.cz\/#organization\",\"name\":\"Mystic Temple\",\"url\":\"https:\/\/mystictemple.cz\/\",\"logo\":{\"@type\":\"ImageObject\",\"inLanguage\":\"en-US\",\"@id\":\"https:\/\/mystictemple.cz\/#\/schema\/logo\/image\/\",\"url\":\"https:\/\/mystictemple.cz\/wp-content\/uploads\/2024\/02\/logo_temple_transparentni-2.png\",\"contentUrl\":\"https:\/\/mystictemple.cz\/wp-content\/uploads\/2024\/02\/logo_temple_transparentni-2.png\",\"width\":781,\"height\":586,\"caption\":\"Mystic Temple\"},\"image\":{\"@id\":\"https:\/\/mystictemple.cz\/#\/schema\/logo\/image\/\"}}]}<\/script>\n<!-- \/ Yoast SEO plugin. -->","yoast_head_json":{"title":"Lymfatick\u00e1 mas\u00e1\u017e | Thajsk\u00e9 mas\u00e1\u017ee","description":"Zdravotn\u00ed lymfatick\u00e1 mas\u00e1\u017e pro spr\u00e1vnou funkci lymfatick\u00e9ho syst\u00e9mu. Lymfodren\u00e1\u017en\u00ed technika mas\u00e1\u017ee podporuje stimulaci a odtok lymfy. \u2728","robots":{"index":"index","follow":"follow","max-snippet":"max-snippet:-1","max-image-preview":"max-image-preview:large","max-video-preview":"max-video-preview:-1"},"canonical":"https:\/\/mystictemple.cz\/en\/product\/lymfaticka-masaz\/","og_locale":"en_US","og_type":"article","og_title":"Lymfatick\u00e1 mas\u00e1\u017e | Thajsk\u00e9 mas\u00e1\u017ee","og_description":"Zdravotn\u00ed lymfatick\u00e1 mas\u00e1\u017e pro spr\u00e1vnou funkci lymfatick\u00e9ho syst\u00e9mu. Lymfodren\u00e1\u017en\u00ed technika mas\u00e1\u017ee podporuje stimulaci a odtok lymfy. \u2728","og_url":"https:\/\/mystictemple.cz\/en\/product\/lymfaticka-masaz\/","og_site_name":"Mystic Temple","article_modified_time":"2025-08-14T11:45:41+00:00","og_image":[{"width":500,"height":300,"url":"https:\/\/mystictemple.cz\/wp-content\/uploads\/2024\/09\/sluzby_lymfaticka_masaz.jpg","type":"image\/jpeg"}],"twitter_card":"summary_large_image","twitter_misc":{"Est. reading time":"1 minute"},"schema":{"@context":"https:\/\/schema.org","@graph":[{"@type":"WebPage","@id":"https:\/\/mystictemple.cz\/product\/lymfaticka-masaz\/","url":"https:\/\/mystictemple.cz\/product\/lymfaticka-masaz\/","name":"Lymfatick\u00e1 mas\u00e1\u017e | Thajsk\u00e9 mas\u00e1\u017ee","isPartOf":{"@id":"https:\/\/mystictemple.cz\/#website"},"primaryImageOfPage":{"@id":"https:\/\/mystictemple.cz\/product\/lymfaticka-masaz\/#primaryimage"},"image":{"@id":"https:\/\/mystictemple.cz\/product\/lymfaticka-masaz\/#primaryimage"},"thumbnailUrl":"https:\/\/mystictemple.cz\/wp-content\/uploads\/2024\/09\/sluzby_lymfaticka_masaz.jpg","datePublished":"2024-09-10T18:55:32+00:00","dateModified":"2025-08-14T11:45:41+00:00","description":"Zdravotn\u00ed lymfatick\u00e1 mas\u00e1\u017e pro spr\u00e1vnou funkci lymfatick\u00e9ho syst\u00e9mu. Lymfodren\u00e1\u017en\u00ed technika mas\u00e1\u017ee podporuje stimulaci a odtok lymfy. \u2728","breadcrumb":{"@id":"https:\/\/mystictemple.cz\/product\/lymfaticka-masaz\/#breadcrumb"},"inLanguage":"en-US","potentialAction":[{"@type":"ReadAction","target":["https:\/\/mystictemple.cz\/product\/lymfaticka-masaz\/"]}]},{"@type":"ImageObject","inLanguage":"en-US","@id":"https:\/\/mystictemple.cz\/product\/lymfaticka-masaz\/#primaryimage","url":"https:\/\/mystictemple.cz\/wp-content\/uploads\/2024\/09\/sluzby_lymfaticka_masaz.jpg","contentUrl":"https:\/\/mystictemple.cz\/wp-content\/uploads\/2024\/09\/sluzby_lymfaticka_masaz.jpg","width":500,"height":300,"caption":"Lymfatick\u00e1 mas\u00e1\u017e | Mystic Temple Praha"},{"@type":"BreadcrumbList","@id":"https:\/\/mystictemple.cz\/product\/lymfaticka-masaz\/#breadcrumb","itemListElement":[{"@type":"ListItem","position":1,"name":"Dom\u016f","item":"https:\/\/mystictemple.cz\/"},{"@type":"ListItem","position":2,"name":"Produkty","item":"https:\/\/mystictemple.cz\/shop\/"},{"@type":"ListItem","position":3,"name":"Lymfatick\u00e1 mas\u00e1\u017e"}]},{"@type":"WebSite","@id":"https:\/\/mystictemple.cz\/#website","url":"https:\/\/mystictemple.cz\/","name":"Mystic Temple","description":"Mystic Temple je mas\u00e1\u017en\u00ed salon v centru Prahy, kter\u00fd nab\u00edz\u00ed \u0161irokou \u0161k\u00e1lu relaxa\u010dn\u00edch a terapeutick\u00fdch mas\u00e1\u017e\u00ed. Na na\u0161em webu si m\u016f\u017eete snadno vybrat mas\u00e1\u017e, vlo\u017eit ji do ko\u0161\u00edku, zaplatit online a ihned obdr\u017eet d\u00e1rkov\u00fd voucher s unik\u00e1tn\u00edm k\u00f3dem. Voucher pak m\u016f\u017eete uplatnit p\u0159\u00edmo na recepci salonu. Rezervace je mo\u017en\u00e1 telefonicky nebo online. Otev\u0159eno m\u00e1me denn\u011b od 9:00 do 21:00.","publisher":{"@id":"https:\/\/mystictemple.cz\/#organization"},"potentialAction":[{"@type":"SearchAction","target":{"@type":"EntryPoint","urlTemplate":"https:\/\/mystictemple.cz\/?s={search_term_string}"},"query-input":{"@type":"PropertyValueSpecification","valueRequired":true,"valueName":"search_term_string"}}],"inLanguage":"en-US"},{"@type":"Organization","@id":"https:\/\/mystictemple.cz\/#organization","name":"Mystic Temple","url":"https:\/\/mystictemple.cz\/","logo":{"@type":"ImageObject","inLanguage":"en-US","@id":"https:\/\/mystictemple.cz\/#\/schema\/logo\/image\/","url":"https:\/\/mystictemple.cz\/wp-content\/uploads\/2024\/02\/logo_temple_transparentni-2.png","contentUrl":"https:\/\/mystictemple.cz\/wp-content\/uploads\/2024\/02\/logo_temple_transparentni-2.png","width":781,"height":586,"caption":"Mystic Temple"},"image":{"@id":"https:\/\/mystictemple.cz\/#\/schema\/logo\/image\/"}}]}},"_links":{"self":[{"href":"https:\/\/mystictemple.cz\/en\/wp-json\/wp\/v2\/product\/763","targetHints":{"allow":["GET"]}}],"collection":[{"href":"https:\/\/mystictemple.cz\/en\/wp-json\/wp\/v2\/product"}],"about":[{"href":"https:\/\/mystictemple.cz\/en\/wp-json\/wp\/v2\/types\/product"}],"wp:featuredmedia":[{"embeddable":true,"href":"https:\/\/mystictemple.cz\/en\/wp-json\/wp\/v2\/media\/820"}],"wp:attachment":[{"href":"https:\/\/mystictemple.cz\/en\/wp-json\/wp\/v2\/media?parent=763"}],"wp:term":[{"taxonomy":"product_brand","embeddable":true,"href":"https:\/\/mystictemple.cz\/en\/wp-json\/wp\/v2\/product_brand?post=763"},{"taxonomy":"product_cat","embeddable":true,"href":"https:\/\/mystictemple.cz\/en\/wp-json\/wp\/v2\/product_cat?post=763"},{"taxonomy":"product_tag","embeddable":true,"href":"https:\/\/mystictemple.cz\/en\/wp-json\/wp\/v2\/product_tag?post=763"}],"curies":[{"name":"wp","href":"https:\/\/api.w.org\/{rel}","templated":true}]}}