{"id":477,"date":"2024-07-30T12:58:21","date_gmt":"2024-07-30T12:58:21","guid":{"rendered":"https:\/\/mystictemple.cz\/?post_type=product&#038;p=477"},"modified":"2025-08-14T11:46:29","modified_gmt":"2025-08-14T11:46:29","slug":"medova-masaz","status":"publish","type":"product","link":"https:\/\/mystictemple.cz\/en\/product\/medova-masaz\/","title":{"rendered":"Honey massage"},"content":{"rendered":"<div class=\"av-special-heading av-2q1au8-ad3b288b6059ddd51e53989244d400ef av-special-heading-h1 custom-color-heading blockquote modern-quote avia-builder-el-2 el_after_av_gallery el_before_av_textblock\">\n<h1 class=\"av-special-heading-tag\">HONEY MASSAGE<\/h1>\n<\/div>\n<section class=\"av_textblock_section av-jtfnojnb-eab8df139f5c5775eed94ab00d64c14a\">\n<div class=\"avia_textblock\">\n<h2 class=\"translation-block\">DETOXIFYING <b>HONEY MASSAGE<\/b> WITH HONEY FROM CZECH BEEKEEPERS<\/h2>\n<p class=\"translation-block\">It is an ancient and proven healing detoxification method. This honey massage utilizes the excellent benefits of honey and compressive massage techniques. <strong>The massage helps remove old deposits and toxins from deep within the body's tissues<\/strong>. For the Honey massage, we also use honey sourced exclusively from trusted Czech beekeepers.<\/p>\n<p>The properties and healing effects of honey were known and utilized by the ancient Chinese, Arabs, Egyptians, Greeks, Romans, and other civilizations \u2013 as well as by Native Americans on the American continent.<\/p>\n<p>An ideal massage for those seeking a combination of detoxification and comprehensive relaxation of the entire body.<\/p>\n<\/div>\n<\/section>","protected":false},"excerpt":{"rendered":"<p>This detoxification massage combines the positive effects of honey with a compression massaging technique, leading to the removal of sediments and toxins from deep within the body tissue.<\/p>","protected":false},"featured_media":479,"template":"","meta":[],"product_brand":[],"product_cat":[28],"product_tag":[],"class_list":{"0":"post-477","1":"product","2":"type-product","3":"status-publish","4":"has-post-thumbnail","6":"product_cat-detoxikace","8":"first","9":"instock","10":"featured","11":"sold-individually","12":"taxable","13":"shipping-taxable","14":"purchasable","15":"product-type-variable"},"yoast_head":"<!-- This site is optimized with the Yoast SEO plugin v27.1.1 - https:\/\/yoast.com\/product\/yoast-seo-wordpress\/ -->\n<title>Medov\u00e1 detoxika\u010dn\u00ed mas\u00e1\u017e v centru Prahy<\/title>\n<meta name=\"description\" content=\"Detoxika\u010dn\u00ed medov\u00e1 mas\u00e1\u017e. Unik\u00e1tn\u00ed procedura s medem v\u00fdhradn\u011b \u010desk\u00fdch v\u010dela\u0159\u016f. Ide\u00e1ln\u00ed kombinace detoxikace a uvoln\u011bn\u00ed. \u2728 Mystic Temple Praha\" \/>\n<meta name=\"robots\" content=\"index, follow, max-snippet:-1, max-image-preview:large, max-video-preview:-1\" \/>\n<link rel=\"canonical\" href=\"https:\/\/mystictemple.cz\/en\/product\/medova-masaz\/\" \/>\n<meta property=\"og:locale\" content=\"en_US\" \/>\n<meta property=\"og:type\" content=\"article\" \/>\n<meta property=\"og:title\" content=\"Medov\u00e1 detoxika\u010dn\u00ed mas\u00e1\u017e v centru Prahy\" \/>\n<meta property=\"og:description\" content=\"Detoxika\u010dn\u00ed medov\u00e1 mas\u00e1\u017e. Unik\u00e1tn\u00ed procedura s medem v\u00fdhradn\u011b \u010desk\u00fdch v\u010dela\u0159\u016f. Ide\u00e1ln\u00ed kombinace detoxikace a uvoln\u011bn\u00ed. \u2728 Mystic Temple Praha\" \/>\n<meta property=\"og:url\" content=\"https:\/\/mystictemple.cz\/en\/product\/medova-masaz\/\" \/>\n<meta property=\"og:site_name\" content=\"Mystic Temple\" \/>\n<meta property=\"article:modified_time\" content=\"2025-08-14T11:46:29+00:00\" \/>\n<meta property=\"og:image\" content=\"https:\/\/mystictemple.cz\/wp-content\/uploads\/2024\/07\/MysticTemple_masaze_154-copy-1030x687-1.jpg\" \/>\n\t<meta property=\"og:image:width\" content=\"1030\" \/>\n\t<meta property=\"og:image:height\" content=\"687\" \/>\n\t<meta property=\"og:image:type\" content=\"image\/jpeg\" \/>\n<meta name=\"twitter:card\" content=\"summary_large_image\" \/>\n<meta name=\"twitter:label1\" content=\"Est. reading time\" \/>\n\t<meta name=\"twitter:data1\" content=\"1 minute\" \/>\n<script type=\"application\/ld+json\" class=\"yoast-schema-graph\">{\"@context\":\"https:\/\/schema.org\",\"@graph\":[{\"@type\":\"WebPage\",\"@id\":\"https:\/\/mystictemple.cz\/product\/medova-masaz\/\",\"url\":\"https:\/\/mystictemple.cz\/product\/medova-masaz\/\",\"name\":\"Medov\u00e1 detoxika\u010dn\u00ed mas\u00e1\u017e v centru Prahy\",\"isPartOf\":{\"@id\":\"https:\/\/mystictemple.cz\/#website\"},\"primaryImageOfPage\":{\"@id\":\"https:\/\/mystictemple.cz\/product\/medova-masaz\/#primaryimage\"},\"image\":{\"@id\":\"https:\/\/mystictemple.cz\/product\/medova-masaz\/#primaryimage\"},\"thumbnailUrl\":\"https:\/\/mystictemple.cz\/wp-content\/uploads\/2024\/07\/MysticTemple_masaze_154-copy-1030x687-1.jpg\",\"datePublished\":\"2024-07-30T12:58:21+00:00\",\"dateModified\":\"2025-08-14T11:46:29+00:00\",\"description\":\"Detoxika\u010dn\u00ed medov\u00e1 mas\u00e1\u017e. Unik\u00e1tn\u00ed procedura s medem v\u00fdhradn\u011b \u010desk\u00fdch v\u010dela\u0159\u016f. Ide\u00e1ln\u00ed kombinace detoxikace a uvoln\u011bn\u00ed. \u2728 Mystic Temple Praha\",\"breadcrumb\":{\"@id\":\"https:\/\/mystictemple.cz\/product\/medova-masaz\/#breadcrumb\"},\"inLanguage\":\"en-US\",\"potentialAction\":[{\"@type\":\"ReadAction\",\"target\":[\"https:\/\/mystictemple.cz\/product\/medova-masaz\/\"]}]},{\"@type\":\"ImageObject\",\"inLanguage\":\"en-US\",\"@id\":\"https:\/\/mystictemple.cz\/product\/medova-masaz\/#primaryimage\",\"url\":\"https:\/\/mystictemple.cz\/wp-content\/uploads\/2024\/07\/MysticTemple_masaze_154-copy-1030x687-1.jpg\",\"contentUrl\":\"https:\/\/mystictemple.cz\/wp-content\/uploads\/2024\/07\/MysticTemple_masaze_154-copy-1030x687-1.jpg\",\"width\":1030,\"height\":687,\"caption\":\"Detoxika\u010dn\u00ed medov\u00e1 mas\u00e1\u017e\"},{\"@type\":\"BreadcrumbList\",\"@id\":\"https:\/\/mystictemple.cz\/product\/medova-masaz\/#breadcrumb\",\"itemListElement\":[{\"@type\":\"ListItem\",\"position\":1,\"name\":\"Dom\u016f\",\"item\":\"https:\/\/mystictemple.cz\/\"},{\"@type\":\"ListItem\",\"position\":2,\"name\":\"Produkty\",\"item\":\"https:\/\/mystictemple.cz\/shop\/\"},{\"@type\":\"ListItem\",\"position\":3,\"name\":\"Medov\u00e1 mas\u00e1\u017e\"}]},{\"@type\":\"WebSite\",\"@id\":\"https:\/\/mystictemple.cz\/#website\",\"url\":\"https:\/\/mystictemple.cz\/\",\"name\":\"Mystic Temple\",\"description\":\"Mystic Temple je mas\u00e1\u017en\u00ed salon v centru Prahy, kter\u00fd nab\u00edz\u00ed \u0161irokou \u0161k\u00e1lu relaxa\u010dn\u00edch a terapeutick\u00fdch mas\u00e1\u017e\u00ed. Na na\u0161em webu si m\u016f\u017eete snadno vybrat mas\u00e1\u017e, vlo\u017eit ji do ko\u0161\u00edku, zaplatit online a ihned obdr\u017eet d\u00e1rkov\u00fd voucher s unik\u00e1tn\u00edm k\u00f3dem. Voucher pak m\u016f\u017eete uplatnit p\u0159\u00edmo na recepci salonu. Rezervace je mo\u017en\u00e1 telefonicky nebo online. Otev\u0159eno m\u00e1me denn\u011b od 9:00 do 21:00.\",\"publisher\":{\"@id\":\"https:\/\/mystictemple.cz\/#organization\"},\"potentialAction\":[{\"@type\":\"SearchAction\",\"target\":{\"@type\":\"EntryPoint\",\"urlTemplate\":\"https:\/\/mystictemple.cz\/?s={search_term_string}\"},\"query-input\":{\"@type\":\"PropertyValueSpecification\",\"valueRequired\":true,\"valueName\":\"search_term_string\"}}],\"inLanguage\":\"en-US\"},{\"@type\":\"Organization\",\"@id\":\"https:\/\/mystictemple.cz\/#organization\",\"name\":\"Mystic Temple\",\"url\":\"https:\/\/mystictemple.cz\/\",\"logo\":{\"@type\":\"ImageObject\",\"inLanguage\":\"en-US\",\"@id\":\"https:\/\/mystictemple.cz\/#\/schema\/logo\/image\/\",\"url\":\"https:\/\/mystictemple.cz\/wp-content\/uploads\/2024\/02\/logo_temple_transparentni-2.png\",\"contentUrl\":\"https:\/\/mystictemple.cz\/wp-content\/uploads\/2024\/02\/logo_temple_transparentni-2.png\",\"width\":781,\"height\":586,\"caption\":\"Mystic Temple\"},\"image\":{\"@id\":\"https:\/\/mystictemple.cz\/#\/schema\/logo\/image\/\"}}]}<\/script>\n<!-- \/ Yoast SEO plugin. -->","yoast_head_json":{"title":"Medov\u00e1 detoxika\u010dn\u00ed mas\u00e1\u017e v centru Prahy","description":"Detoxika\u010dn\u00ed medov\u00e1 mas\u00e1\u017e. Unik\u00e1tn\u00ed procedura s medem v\u00fdhradn\u011b \u010desk\u00fdch v\u010dela\u0159\u016f. Ide\u00e1ln\u00ed kombinace detoxikace a uvoln\u011bn\u00ed. \u2728 Mystic Temple Praha","robots":{"index":"index","follow":"follow","max-snippet":"max-snippet:-1","max-image-preview":"max-image-preview:large","max-video-preview":"max-video-preview:-1"},"canonical":"https:\/\/mystictemple.cz\/en\/product\/medova-masaz\/","og_locale":"en_US","og_type":"article","og_title":"Medov\u00e1 detoxika\u010dn\u00ed mas\u00e1\u017e v centru Prahy","og_description":"Detoxika\u010dn\u00ed medov\u00e1 mas\u00e1\u017e. Unik\u00e1tn\u00ed procedura s medem v\u00fdhradn\u011b \u010desk\u00fdch v\u010dela\u0159\u016f. Ide\u00e1ln\u00ed kombinace detoxikace a uvoln\u011bn\u00ed. \u2728 Mystic Temple Praha","og_url":"https:\/\/mystictemple.cz\/en\/product\/medova-masaz\/","og_site_name":"Mystic Temple","article_modified_time":"2025-08-14T11:46:29+00:00","og_image":[{"width":1030,"height":687,"url":"https:\/\/mystictemple.cz\/wp-content\/uploads\/2024\/07\/MysticTemple_masaze_154-copy-1030x687-1.jpg","type":"image\/jpeg"}],"twitter_card":"summary_large_image","twitter_misc":{"Est. reading time":"1 minute"},"schema":{"@context":"https:\/\/schema.org","@graph":[{"@type":"WebPage","@id":"https:\/\/mystictemple.cz\/product\/medova-masaz\/","url":"https:\/\/mystictemple.cz\/product\/medova-masaz\/","name":"Medov\u00e1 detoxika\u010dn\u00ed mas\u00e1\u017e v centru Prahy","isPartOf":{"@id":"https:\/\/mystictemple.cz\/#website"},"primaryImageOfPage":{"@id":"https:\/\/mystictemple.cz\/product\/medova-masaz\/#primaryimage"},"image":{"@id":"https:\/\/mystictemple.cz\/product\/medova-masaz\/#primaryimage"},"thumbnailUrl":"https:\/\/mystictemple.cz\/wp-content\/uploads\/2024\/07\/MysticTemple_masaze_154-copy-1030x687-1.jpg","datePublished":"2024-07-30T12:58:21+00:00","dateModified":"2025-08-14T11:46:29+00:00","description":"Detoxika\u010dn\u00ed medov\u00e1 mas\u00e1\u017e. Unik\u00e1tn\u00ed procedura s medem v\u00fdhradn\u011b \u010desk\u00fdch v\u010dela\u0159\u016f. Ide\u00e1ln\u00ed kombinace detoxikace a uvoln\u011bn\u00ed. \u2728 Mystic Temple Praha","breadcrumb":{"@id":"https:\/\/mystictemple.cz\/product\/medova-masaz\/#breadcrumb"},"inLanguage":"en-US","potentialAction":[{"@type":"ReadAction","target":["https:\/\/mystictemple.cz\/product\/medova-masaz\/"]}]},{"@type":"ImageObject","inLanguage":"en-US","@id":"https:\/\/mystictemple.cz\/product\/medova-masaz\/#primaryimage","url":"https:\/\/mystictemple.cz\/wp-content\/uploads\/2024\/07\/MysticTemple_masaze_154-copy-1030x687-1.jpg","contentUrl":"https:\/\/mystictemple.cz\/wp-content\/uploads\/2024\/07\/MysticTemple_masaze_154-copy-1030x687-1.jpg","width":1030,"height":687,"caption":"Detoxika\u010dn\u00ed medov\u00e1 mas\u00e1\u017e"},{"@type":"BreadcrumbList","@id":"https:\/\/mystictemple.cz\/product\/medova-masaz\/#breadcrumb","itemListElement":[{"@type":"ListItem","position":1,"name":"Dom\u016f","item":"https:\/\/mystictemple.cz\/"},{"@type":"ListItem","position":2,"name":"Produkty","item":"https:\/\/mystictemple.cz\/shop\/"},{"@type":"ListItem","position":3,"name":"Medov\u00e1 mas\u00e1\u017e"}]},{"@type":"WebSite","@id":"https:\/\/mystictemple.cz\/#website","url":"https:\/\/mystictemple.cz\/","name":"Mystic Temple","description":"Mystic Temple je mas\u00e1\u017en\u00ed salon v centru Prahy, kter\u00fd nab\u00edz\u00ed \u0161irokou \u0161k\u00e1lu relaxa\u010dn\u00edch a terapeutick\u00fdch mas\u00e1\u017e\u00ed. Na na\u0161em webu si m\u016f\u017eete snadno vybrat mas\u00e1\u017e, vlo\u017eit ji do ko\u0161\u00edku, zaplatit online a ihned obdr\u017eet d\u00e1rkov\u00fd voucher s unik\u00e1tn\u00edm k\u00f3dem. Voucher pak m\u016f\u017eete uplatnit p\u0159\u00edmo na recepci salonu. Rezervace je mo\u017en\u00e1 telefonicky nebo online. Otev\u0159eno m\u00e1me denn\u011b od 9:00 do 21:00.","publisher":{"@id":"https:\/\/mystictemple.cz\/#organization"},"potentialAction":[{"@type":"SearchAction","target":{"@type":"EntryPoint","urlTemplate":"https:\/\/mystictemple.cz\/?s={search_term_string}"},"query-input":{"@type":"PropertyValueSpecification","valueRequired":true,"valueName":"search_term_string"}}],"inLanguage":"en-US"},{"@type":"Organization","@id":"https:\/\/mystictemple.cz\/#organization","name":"Mystic Temple","url":"https:\/\/mystictemple.cz\/","logo":{"@type":"ImageObject","inLanguage":"en-US","@id":"https:\/\/mystictemple.cz\/#\/schema\/logo\/image\/","url":"https:\/\/mystictemple.cz\/wp-content\/uploads\/2024\/02\/logo_temple_transparentni-2.png","contentUrl":"https:\/\/mystictemple.cz\/wp-content\/uploads\/2024\/02\/logo_temple_transparentni-2.png","width":781,"height":586,"caption":"Mystic Temple"},"image":{"@id":"https:\/\/mystictemple.cz\/#\/schema\/logo\/image\/"}}]}},"_links":{"self":[{"href":"https:\/\/mystictemple.cz\/en\/wp-json\/wp\/v2\/product\/477","targetHints":{"allow":["GET"]}}],"collection":[{"href":"https:\/\/mystictemple.cz\/en\/wp-json\/wp\/v2\/product"}],"about":[{"href":"https:\/\/mystictemple.cz\/en\/wp-json\/wp\/v2\/types\/product"}],"wp:featuredmedia":[{"embeddable":true,"href":"https:\/\/mystictemple.cz\/en\/wp-json\/wp\/v2\/media\/479"}],"wp:attachment":[{"href":"https:\/\/mystictemple.cz\/en\/wp-json\/wp\/v2\/media?parent=477"}],"wp:term":[{"taxonomy":"product_brand","embeddable":true,"href":"https:\/\/mystictemple.cz\/en\/wp-json\/wp\/v2\/product_brand?post=477"},{"taxonomy":"product_cat","embeddable":true,"href":"https:\/\/mystictemple.cz\/en\/wp-json\/wp\/v2\/product_cat?post=477"},{"taxonomy":"product_tag","embeddable":true,"href":"https:\/\/mystictemple.cz\/en\/wp-json\/wp\/v2\/product_tag?post=477"}],"curies":[{"name":"wp","href":"https:\/\/api.w.org\/{rel}","templated":true}]}}