{"id":451,"date":"2024-07-30T11:09:01","date_gmt":"2024-07-30T11:09:01","guid":{"rendered":"https:\/\/mystictemple.cz\/?post_type=product&#038;p=451"},"modified":"2025-09-30T14:23:18","modified_gmt":"2025-09-30T14:23:18","slug":"queen-of-egypt","status":"publish","type":"product","link":"https:\/\/mystictemple.cz\/en\/product\/queen-of-egypt\/","title":{"rendered":"Queen of Egypt"},"content":{"rendered":"<div class=\"av-special-heading av-kltehb4i-95cdb8c91f3d3ce6324de6775c5774bf av-special-heading-h1 custom-color-heading blockquote modern-quote avia-builder-el-2 el_after_av_gallery el_before_av_textblock av-linked-heading\">\n<div class=\"av-special-heading av-bty5e-270e3da11cb240c242f0c603687b80ea av-special-heading-h1 custom-color-heading blockquote modern-quote avia-builder-el-2 el_after_av_gallery el_before_av_textblock\">\n<div class=\"av-special-heading av-bk37x-a4c94c9586bf784c88383eda19505a0c av-special-heading-h1 custom-color-heading blockquote modern-quote avia-builder-el-2 el_after_av_gallery el_before_av_textblock\">\n<div class=\"av-special-heading av-2m2jy0-e29827356b7f9973cbab84893b624d05 av-special-heading-h1 custom-color-heading blockquote modern-quote avia-builder-el-2 el_after_av_gallery el_before_av_textblock\">\n<h1 class=\"av-special-heading-tag\">EGYPTIAN MASSAGE QUEEN OF EGYPT<\/h1>\n<\/div>\n<section class=\"av_textblock_section av-jtfnojnb-eab8df139f5c5775eed94ab00d64c14a\">\n<div class=\"avia_textblock\">\n<h2 class=\"translation-block\">REVITALIZING <b>EGYPTIAN MASSAGE<\/b> FOR THE BODY AND FACE<\/h2>\n<p>Egyptian massage. The mystery of ancient Egypt within your reach. The mysterious light of candles, the mystical scent of rare resins, and the touch of gentle oils will transport you beyond space and time to places that celebrate beauty and eternal youth.<\/p>\n<p class=\"translation-block\"><strong>Full-body massage inspired by the beautifying rituals of Egyptian queens<\/strong>, combined with a pepper body scrub and a special facial treatment.<\/p>\n<p class=\"translation-block\">The massage uses Alqvimia Queen Of Egypt Body Oil with an exotic fragrance, which deeply nourishes the skin, <strong>fights the signs of aging, regenerates and smooths the skin, while also boosting self-confidence<\/strong>.<\/p>\n<p>Inspired by the customs of the queens of ancient Egypt, made from rare oils, myrrh, and frankincense. This body oil beautifies, hydrates, and softens the skin, giving it a youthful, radiant appearance. The mysterious exotic fragrance that permeates the entire being evokes intense feelings of fascination, femininity, and sensuality. Thanks to the principles of aromatherapy, it boosts the confidence of the woman it accompanies, enhances her self-esteem, and uplifts her spirit.<\/p>\n<h3>Description of the procedure<\/h3>\n<p>20 minutes of full-body scrub, shower, 60 minutes of full-body massage, and finally, 10 minutes of facial massage using small herbal pouches.<\/p>\n<\/div>\n<\/section>\n<\/div>\n<\/div>\n<\/div>","protected":false},"excerpt":{"rendered":"<p>This massage is inspired by the beautifying rituals of Egyptian queens, includes a full-body pepper peel and special treatment of your face. Queen of Egypt is a luxurious treatment.<\/p>","protected":false},"featured_media":453,"template":"","meta":[],"product_brand":[],"product_cat":[26],"product_tag":[],"class_list":{"0":"post-451","1":"product","2":"type-product","3":"status-publish","4":"has-post-thumbnail","6":"product_cat-thajske-masaze","8":"first","9":"instock","10":"featured","11":"taxable","12":"shipping-taxable","13":"purchasable","14":"product-type-variable"},"yoast_head":"<!-- This site is optimized with the Yoast SEO plugin v27.1.1 - https:\/\/yoast.com\/product\/yoast-seo-wordpress\/ -->\n<title>Egyptsk\u00e1 mas\u00e1\u017e Queen of Egypt- Mystic Temple<\/title>\n<meta name=\"description\" content=\"Dop\u0159ejte si omlazuj\u00edc\u00ed k\u00faru. \u2728 Egyptsk\u00e1 mas\u00e1\u017e s pep\u0159ov\u00fdm celot\u011blov\u00fdm peelingem a speci\u00e1ln\u00edm o\u0161et\u0159en\u00edm obli\u010deje. Luxusn\u00ed mas\u00e1\u017e v centru Prahy.\" \/>\n<meta name=\"robots\" content=\"index, follow, max-snippet:-1, max-image-preview:large, max-video-preview:-1\" \/>\n<link rel=\"canonical\" href=\"https:\/\/mystictemple.cz\/en\/product\/queen-of-egypt\/\" \/>\n<meta property=\"og:locale\" content=\"en_US\" \/>\n<meta property=\"og:type\" content=\"article\" \/>\n<meta property=\"og:title\" content=\"Egyptsk\u00e1 mas\u00e1\u017e Queen of Egypt- Mystic Temple\" \/>\n<meta property=\"og:description\" content=\"Dop\u0159ejte si omlazuj\u00edc\u00ed k\u00faru. \u2728 Egyptsk\u00e1 mas\u00e1\u017e s pep\u0159ov\u00fdm celot\u011blov\u00fdm peelingem a speci\u00e1ln\u00edm o\u0161et\u0159en\u00edm obli\u010deje. Luxusn\u00ed mas\u00e1\u017e v centru Prahy.\" \/>\n<meta property=\"og:url\" content=\"https:\/\/mystictemple.cz\/en\/product\/queen-of-egypt\/\" \/>\n<meta property=\"og:site_name\" content=\"Mystic Temple\" \/>\n<meta property=\"article:modified_time\" content=\"2025-09-30T14:23:18+00:00\" \/>\n<meta property=\"og:image\" content=\"https:\/\/mystictemple.cz\/wp-content\/uploads\/2024\/07\/Queen-of-Egypt-masaz-na-sirku-1030x715-1.jpg\" \/>\n\t<meta property=\"og:image:width\" content=\"1030\" \/>\n\t<meta property=\"og:image:height\" content=\"715\" \/>\n\t<meta property=\"og:image:type\" content=\"image\/jpeg\" \/>\n<meta name=\"twitter:card\" content=\"summary_large_image\" \/>\n<meta name=\"twitter:label1\" content=\"Est. reading time\" \/>\n\t<meta name=\"twitter:data1\" content=\"2 minutes\" \/>\n<script type=\"application\/ld+json\" class=\"yoast-schema-graph\">{\"@context\":\"https:\/\/schema.org\",\"@graph\":[{\"@type\":\"WebPage\",\"@id\":\"https:\/\/mystictemple.cz\/product\/queen-of-egypt\/\",\"url\":\"https:\/\/mystictemple.cz\/product\/queen-of-egypt\/\",\"name\":\"Egyptsk\u00e1 mas\u00e1\u017e Queen of Egypt- Mystic Temple\",\"isPartOf\":{\"@id\":\"https:\/\/mystictemple.cz\/#website\"},\"primaryImageOfPage\":{\"@id\":\"https:\/\/mystictemple.cz\/product\/queen-of-egypt\/#primaryimage\"},\"image\":{\"@id\":\"https:\/\/mystictemple.cz\/product\/queen-of-egypt\/#primaryimage\"},\"thumbnailUrl\":\"https:\/\/mystictemple.cz\/wp-content\/uploads\/2024\/07\/Queen-of-Egypt-masaz-na-sirku-1030x715-1.jpg\",\"datePublished\":\"2024-07-30T11:09:01+00:00\",\"dateModified\":\"2025-09-30T14:23:18+00:00\",\"description\":\"Dop\u0159ejte si omlazuj\u00edc\u00ed k\u00faru. \u2728 Egyptsk\u00e1 mas\u00e1\u017e s pep\u0159ov\u00fdm celot\u011blov\u00fdm peelingem a speci\u00e1ln\u00edm o\u0161et\u0159en\u00edm obli\u010deje. Luxusn\u00ed mas\u00e1\u017e v centru Prahy.\",\"breadcrumb\":{\"@id\":\"https:\/\/mystictemple.cz\/product\/queen-of-egypt\/#breadcrumb\"},\"inLanguage\":\"en-US\",\"potentialAction\":[{\"@type\":\"ReadAction\",\"target\":[\"https:\/\/mystictemple.cz\/product\/queen-of-egypt\/\"]}]},{\"@type\":\"ImageObject\",\"inLanguage\":\"en-US\",\"@id\":\"https:\/\/mystictemple.cz\/product\/queen-of-egypt\/#primaryimage\",\"url\":\"https:\/\/mystictemple.cz\/wp-content\/uploads\/2024\/07\/Queen-of-Egypt-masaz-na-sirku-1030x715-1.jpg\",\"contentUrl\":\"https:\/\/mystictemple.cz\/wp-content\/uploads\/2024\/07\/Queen-of-Egypt-masaz-na-sirku-1030x715-1.jpg\",\"width\":1030,\"height\":715,\"caption\":\"Egyptsk\u00e1 mas\u00e1\u017e Queen of Egypt\"},{\"@type\":\"BreadcrumbList\",\"@id\":\"https:\/\/mystictemple.cz\/product\/queen-of-egypt\/#breadcrumb\",\"itemListElement\":[{\"@type\":\"ListItem\",\"position\":1,\"name\":\"Dom\u016f\",\"item\":\"https:\/\/mystictemple.cz\/\"},{\"@type\":\"ListItem\",\"position\":2,\"name\":\"Produkty\",\"item\":\"https:\/\/mystictemple.cz\/shop\/\"},{\"@type\":\"ListItem\",\"position\":3,\"name\":\"Queen of Egypt\"}]},{\"@type\":\"WebSite\",\"@id\":\"https:\/\/mystictemple.cz\/#website\",\"url\":\"https:\/\/mystictemple.cz\/\",\"name\":\"Mystic Temple\",\"description\":\"Mystic Temple je mas\u00e1\u017en\u00ed salon v centru Prahy, kter\u00fd nab\u00edz\u00ed \u0161irokou \u0161k\u00e1lu relaxa\u010dn\u00edch a terapeutick\u00fdch mas\u00e1\u017e\u00ed. Na na\u0161em webu si m\u016f\u017eete snadno vybrat mas\u00e1\u017e, vlo\u017eit ji do ko\u0161\u00edku, zaplatit online a ihned obdr\u017eet d\u00e1rkov\u00fd voucher s unik\u00e1tn\u00edm k\u00f3dem. Voucher pak m\u016f\u017eete uplatnit p\u0159\u00edmo na recepci salonu. Rezervace je mo\u017en\u00e1 telefonicky nebo online. Otev\u0159eno m\u00e1me denn\u011b od 9:00 do 21:00.\",\"publisher\":{\"@id\":\"https:\/\/mystictemple.cz\/#organization\"},\"potentialAction\":[{\"@type\":\"SearchAction\",\"target\":{\"@type\":\"EntryPoint\",\"urlTemplate\":\"https:\/\/mystictemple.cz\/?s={search_term_string}\"},\"query-input\":{\"@type\":\"PropertyValueSpecification\",\"valueRequired\":true,\"valueName\":\"search_term_string\"}}],\"inLanguage\":\"en-US\"},{\"@type\":\"Organization\",\"@id\":\"https:\/\/mystictemple.cz\/#organization\",\"name\":\"Mystic Temple\",\"url\":\"https:\/\/mystictemple.cz\/\",\"logo\":{\"@type\":\"ImageObject\",\"inLanguage\":\"en-US\",\"@id\":\"https:\/\/mystictemple.cz\/#\/schema\/logo\/image\/\",\"url\":\"https:\/\/mystictemple.cz\/wp-content\/uploads\/2024\/02\/logo_temple_transparentni-2.png\",\"contentUrl\":\"https:\/\/mystictemple.cz\/wp-content\/uploads\/2024\/02\/logo_temple_transparentni-2.png\",\"width\":781,\"height\":586,\"caption\":\"Mystic Temple\"},\"image\":{\"@id\":\"https:\/\/mystictemple.cz\/#\/schema\/logo\/image\/\"}}]}<\/script>\n<!-- \/ Yoast SEO plugin. -->","yoast_head_json":{"title":"Egyptsk\u00e1 mas\u00e1\u017e Queen of Egypt- Mystic Temple","description":"Dop\u0159ejte si omlazuj\u00edc\u00ed k\u00faru. \u2728 Egyptsk\u00e1 mas\u00e1\u017e s pep\u0159ov\u00fdm celot\u011blov\u00fdm peelingem a speci\u00e1ln\u00edm o\u0161et\u0159en\u00edm obli\u010deje. Luxusn\u00ed mas\u00e1\u017e v centru Prahy.","robots":{"index":"index","follow":"follow","max-snippet":"max-snippet:-1","max-image-preview":"max-image-preview:large","max-video-preview":"max-video-preview:-1"},"canonical":"https:\/\/mystictemple.cz\/en\/product\/queen-of-egypt\/","og_locale":"en_US","og_type":"article","og_title":"Egyptsk\u00e1 mas\u00e1\u017e Queen of Egypt- Mystic Temple","og_description":"Dop\u0159ejte si omlazuj\u00edc\u00ed k\u00faru. \u2728 Egyptsk\u00e1 mas\u00e1\u017e s pep\u0159ov\u00fdm celot\u011blov\u00fdm peelingem a speci\u00e1ln\u00edm o\u0161et\u0159en\u00edm obli\u010deje. Luxusn\u00ed mas\u00e1\u017e v centru Prahy.","og_url":"https:\/\/mystictemple.cz\/en\/product\/queen-of-egypt\/","og_site_name":"Mystic Temple","article_modified_time":"2025-09-30T14:23:18+00:00","og_image":[{"width":1030,"height":715,"url":"https:\/\/mystictemple.cz\/wp-content\/uploads\/2024\/07\/Queen-of-Egypt-masaz-na-sirku-1030x715-1.jpg","type":"image\/jpeg"}],"twitter_card":"summary_large_image","twitter_misc":{"Est. reading time":"2 minutes"},"schema":{"@context":"https:\/\/schema.org","@graph":[{"@type":"WebPage","@id":"https:\/\/mystictemple.cz\/product\/queen-of-egypt\/","url":"https:\/\/mystictemple.cz\/product\/queen-of-egypt\/","name":"Egyptsk\u00e1 mas\u00e1\u017e Queen of Egypt- Mystic Temple","isPartOf":{"@id":"https:\/\/mystictemple.cz\/#website"},"primaryImageOfPage":{"@id":"https:\/\/mystictemple.cz\/product\/queen-of-egypt\/#primaryimage"},"image":{"@id":"https:\/\/mystictemple.cz\/product\/queen-of-egypt\/#primaryimage"},"thumbnailUrl":"https:\/\/mystictemple.cz\/wp-content\/uploads\/2024\/07\/Queen-of-Egypt-masaz-na-sirku-1030x715-1.jpg","datePublished":"2024-07-30T11:09:01+00:00","dateModified":"2025-09-30T14:23:18+00:00","description":"Dop\u0159ejte si omlazuj\u00edc\u00ed k\u00faru. \u2728 Egyptsk\u00e1 mas\u00e1\u017e s pep\u0159ov\u00fdm celot\u011blov\u00fdm peelingem a speci\u00e1ln\u00edm o\u0161et\u0159en\u00edm obli\u010deje. Luxusn\u00ed mas\u00e1\u017e v centru Prahy.","breadcrumb":{"@id":"https:\/\/mystictemple.cz\/product\/queen-of-egypt\/#breadcrumb"},"inLanguage":"en-US","potentialAction":[{"@type":"ReadAction","target":["https:\/\/mystictemple.cz\/product\/queen-of-egypt\/"]}]},{"@type":"ImageObject","inLanguage":"en-US","@id":"https:\/\/mystictemple.cz\/product\/queen-of-egypt\/#primaryimage","url":"https:\/\/mystictemple.cz\/wp-content\/uploads\/2024\/07\/Queen-of-Egypt-masaz-na-sirku-1030x715-1.jpg","contentUrl":"https:\/\/mystictemple.cz\/wp-content\/uploads\/2024\/07\/Queen-of-Egypt-masaz-na-sirku-1030x715-1.jpg","width":1030,"height":715,"caption":"Egyptsk\u00e1 mas\u00e1\u017e Queen of Egypt"},{"@type":"BreadcrumbList","@id":"https:\/\/mystictemple.cz\/product\/queen-of-egypt\/#breadcrumb","itemListElement":[{"@type":"ListItem","position":1,"name":"Dom\u016f","item":"https:\/\/mystictemple.cz\/"},{"@type":"ListItem","position":2,"name":"Produkty","item":"https:\/\/mystictemple.cz\/shop\/"},{"@type":"ListItem","position":3,"name":"Queen of Egypt"}]},{"@type":"WebSite","@id":"https:\/\/mystictemple.cz\/#website","url":"https:\/\/mystictemple.cz\/","name":"Mystic Temple","description":"Mystic Temple je mas\u00e1\u017en\u00ed salon v centru Prahy, kter\u00fd nab\u00edz\u00ed \u0161irokou \u0161k\u00e1lu relaxa\u010dn\u00edch a terapeutick\u00fdch mas\u00e1\u017e\u00ed. Na na\u0161em webu si m\u016f\u017eete snadno vybrat mas\u00e1\u017e, vlo\u017eit ji do ko\u0161\u00edku, zaplatit online a ihned obdr\u017eet d\u00e1rkov\u00fd voucher s unik\u00e1tn\u00edm k\u00f3dem. Voucher pak m\u016f\u017eete uplatnit p\u0159\u00edmo na recepci salonu. Rezervace je mo\u017en\u00e1 telefonicky nebo online. Otev\u0159eno m\u00e1me denn\u011b od 9:00 do 21:00.","publisher":{"@id":"https:\/\/mystictemple.cz\/#organization"},"potentialAction":[{"@type":"SearchAction","target":{"@type":"EntryPoint","urlTemplate":"https:\/\/mystictemple.cz\/?s={search_term_string}"},"query-input":{"@type":"PropertyValueSpecification","valueRequired":true,"valueName":"search_term_string"}}],"inLanguage":"en-US"},{"@type":"Organization","@id":"https:\/\/mystictemple.cz\/#organization","name":"Mystic Temple","url":"https:\/\/mystictemple.cz\/","logo":{"@type":"ImageObject","inLanguage":"en-US","@id":"https:\/\/mystictemple.cz\/#\/schema\/logo\/image\/","url":"https:\/\/mystictemple.cz\/wp-content\/uploads\/2024\/02\/logo_temple_transparentni-2.png","contentUrl":"https:\/\/mystictemple.cz\/wp-content\/uploads\/2024\/02\/logo_temple_transparentni-2.png","width":781,"height":586,"caption":"Mystic Temple"},"image":{"@id":"https:\/\/mystictemple.cz\/#\/schema\/logo\/image\/"}}]}},"_links":{"self":[{"href":"https:\/\/mystictemple.cz\/en\/wp-json\/wp\/v2\/product\/451","targetHints":{"allow":["GET"]}}],"collection":[{"href":"https:\/\/mystictemple.cz\/en\/wp-json\/wp\/v2\/product"}],"about":[{"href":"https:\/\/mystictemple.cz\/en\/wp-json\/wp\/v2\/types\/product"}],"wp:featuredmedia":[{"embeddable":true,"href":"https:\/\/mystictemple.cz\/en\/wp-json\/wp\/v2\/media\/453"}],"wp:attachment":[{"href":"https:\/\/mystictemple.cz\/en\/wp-json\/wp\/v2\/media?parent=451"}],"wp:term":[{"taxonomy":"product_brand","embeddable":true,"href":"https:\/\/mystictemple.cz\/en\/wp-json\/wp\/v2\/product_brand?post=451"},{"taxonomy":"product_cat","embeddable":true,"href":"https:\/\/mystictemple.cz\/en\/wp-json\/wp\/v2\/product_cat?post=451"},{"taxonomy":"product_tag","embeddable":true,"href":"https:\/\/mystictemple.cz\/en\/wp-json\/wp\/v2\/product_tag?post=451"}],"curies":[{"name":"wp","href":"https:\/\/api.w.org\/{rel}","templated":true}]}}