{"id":447,"date":"2024-07-30T11:05:26","date_gmt":"2024-07-30T11:05:26","guid":{"rendered":"https:\/\/mystictemple.cz\/?post_type=product&#038;p=447"},"modified":"2025-08-15T11:38:54","modified_gmt":"2025-08-15T11:38:54","slug":"thai-silk-prenatal","status":"publish","type":"product","link":"https:\/\/mystictemple.cz\/en\/product\/thai-silk-prenatal\/","title":{"rendered":"Thai silk \u2013 prenatal"},"content":{"rendered":"<div class=\"av-special-heading av-kltehb4i-95cdb8c91f3d3ce6324de6775c5774bf av-special-heading-h1 custom-color-heading blockquote modern-quote avia-builder-el-2 el_after_av_gallery el_before_av_textblock av-linked-heading\">\n<div class=\"av-special-heading av-bty5e-270e3da11cb240c242f0c603687b80ea av-special-heading-h1 custom-color-heading blockquote modern-quote avia-builder-el-2 el_after_av_gallery el_before_av_textblock\">\n<div class=\"av-special-heading av-bk37x-a4c94c9586bf784c88383eda19505a0c av-special-heading-h1 custom-color-heading blockquote modern-quote avia-builder-el-2 el_after_av_gallery el_before_av_textblock\">\n<h1 class=\"av-special-heading-tag\">PREGNANCY MASSAGE THAI SILK<\/h1>\n<\/div>\n<section class=\"av_textblock_section av-jtfnojnb-eab8df139f5c5775eed94ab00d64c14a\">\n<div class=\"avia_textblock\">\n<h2 class=\"translation-block\">GENTLE THAI <strong>PREGNANCY MASSAGE<\/strong><\/h2>\n<p class=\"translation-block\">Silky prenatal relaxing back and neck massage for pregnant women. It is an ancient therapy used in the royal Thai court. The massage is performed in a side or seated position.<\/p>\n<p>The gentle Thai pregnancy massage, Thai Silk, helps alleviate back, neck, and head pain caused not only by pregnancy. It also increases the elasticity of the skin across the entire body, which is under strain during this period.<\/p>\n<p>Today, Thai Silk represents an essential therapeutic and aesthetic part of body care during pregnancy.<\/p>\n<\/div>\n<\/section>\n<\/div>\n<\/div>","protected":false},"excerpt":{"rendered":"<p>A relaxing massage made for pregnant women. This massage relieves pain from spine\/back, neck and head while improving the elasticity of the skin. It is an essential part of therapeutic as well as esthetic body care during pregnancy.<\/p>","protected":false},"featured_media":449,"template":"","meta":[],"product_brand":[],"product_cat":[26],"product_tag":[],"class_list":{"0":"post-447","1":"product","2":"type-product","3":"status-publish","4":"has-post-thumbnail","6":"product_cat-thajske-masaze","8":"first","9":"instock","10":"featured","11":"sold-individually","12":"taxable","13":"shipping-taxable","14":"purchasable","15":"product-type-variable"},"yoast_head":"<!-- This site is optimized with the Yoast SEO plugin v27.1.1 - https:\/\/yoast.com\/product\/yoast-seo-wordpress\/ -->\n<title>T\u011bhotensk\u00e1 mas\u00e1\u017e Thai Silk - Mystic Temple<\/title>\n<meta name=\"description\" content=\"T\u011bhotensk\u00e1 mas\u00e1\u017e Thai Silk je hedv\u00e1bn\u00e1 a uvol\u0148uj\u00edc\u00ed mas\u00e1\u017e zad a \u0161\u00edje. Pom\u00e1h\u00e1 p\u0159i odstran\u011bn\u00ed bolest\u00ed p\u00e1te\u0159e a zvy\u0161uje pru\u017enost poko\u017eky. \u2728\" \/>\n<meta name=\"robots\" content=\"index, follow, max-snippet:-1, max-image-preview:large, max-video-preview:-1\" \/>\n<link rel=\"canonical\" href=\"https:\/\/mystictemple.cz\/en\/product\/thai-silk-prenatal\/\" \/>\n<meta property=\"og:locale\" content=\"en_US\" \/>\n<meta property=\"og:type\" content=\"article\" \/>\n<meta property=\"og:title\" content=\"T\u011bhotensk\u00e1 mas\u00e1\u017e Thai Silk - Mystic Temple\" \/>\n<meta property=\"og:description\" content=\"T\u011bhotensk\u00e1 mas\u00e1\u017e Thai Silk je hedv\u00e1bn\u00e1 a uvol\u0148uj\u00edc\u00ed mas\u00e1\u017e zad a \u0161\u00edje. Pom\u00e1h\u00e1 p\u0159i odstran\u011bn\u00ed bolest\u00ed p\u00e1te\u0159e a zvy\u0161uje pru\u017enost poko\u017eky. \u2728\" \/>\n<meta property=\"og:url\" content=\"https:\/\/mystictemple.cz\/en\/product\/thai-silk-prenatal\/\" \/>\n<meta property=\"og:site_name\" content=\"Mystic Temple\" \/>\n<meta property=\"article:modified_time\" content=\"2025-08-15T11:38:54+00:00\" \/>\n<meta property=\"og:image\" content=\"https:\/\/mystictemple.cz\/wp-content\/uploads\/2024\/07\/MysticTemple_masaze_136-copy-1030x687-3.jpg\" \/>\n\t<meta property=\"og:image:width\" content=\"1030\" \/>\n\t<meta property=\"og:image:height\" content=\"687\" \/>\n\t<meta property=\"og:image:type\" content=\"image\/jpeg\" \/>\n<meta name=\"twitter:card\" content=\"summary_large_image\" \/>\n<meta name=\"twitter:label1\" content=\"Est. reading time\" \/>\n\t<meta name=\"twitter:data1\" content=\"1 minute\" \/>\n<script type=\"application\/ld+json\" class=\"yoast-schema-graph\">{\"@context\":\"https:\/\/schema.org\",\"@graph\":[{\"@type\":\"WebPage\",\"@id\":\"https:\/\/mystictemple.cz\/product\/thai-silk-prenatal\/\",\"url\":\"https:\/\/mystictemple.cz\/product\/thai-silk-prenatal\/\",\"name\":\"T\u011bhotensk\u00e1 mas\u00e1\u017e Thai Silk - Mystic Temple\",\"isPartOf\":{\"@id\":\"https:\/\/mystictemple.cz\/#website\"},\"primaryImageOfPage\":{\"@id\":\"https:\/\/mystictemple.cz\/product\/thai-silk-prenatal\/#primaryimage\"},\"image\":{\"@id\":\"https:\/\/mystictemple.cz\/product\/thai-silk-prenatal\/#primaryimage\"},\"thumbnailUrl\":\"https:\/\/mystictemple.cz\/wp-content\/uploads\/2024\/07\/MysticTemple_masaze_136-copy-1030x687-3.jpg\",\"datePublished\":\"2024-07-30T11:05:26+00:00\",\"dateModified\":\"2025-08-15T11:38:54+00:00\",\"description\":\"T\u011bhotensk\u00e1 mas\u00e1\u017e Thai Silk je hedv\u00e1bn\u00e1 a uvol\u0148uj\u00edc\u00ed mas\u00e1\u017e zad a \u0161\u00edje. Pom\u00e1h\u00e1 p\u0159i odstran\u011bn\u00ed bolest\u00ed p\u00e1te\u0159e a zvy\u0161uje pru\u017enost poko\u017eky. \u2728\",\"breadcrumb\":{\"@id\":\"https:\/\/mystictemple.cz\/product\/thai-silk-prenatal\/#breadcrumb\"},\"inLanguage\":\"en-US\",\"potentialAction\":[{\"@type\":\"ReadAction\",\"target\":[\"https:\/\/mystictemple.cz\/product\/thai-silk-prenatal\/\"]}]},{\"@type\":\"ImageObject\",\"inLanguage\":\"en-US\",\"@id\":\"https:\/\/mystictemple.cz\/product\/thai-silk-prenatal\/#primaryimage\",\"url\":\"https:\/\/mystictemple.cz\/wp-content\/uploads\/2024\/07\/MysticTemple_masaze_136-copy-1030x687-3.jpg\",\"contentUrl\":\"https:\/\/mystictemple.cz\/wp-content\/uploads\/2024\/07\/MysticTemple_masaze_136-copy-1030x687-3.jpg\",\"width\":1030,\"height\":687,\"caption\":\"T\u011bhotensk\u00e1 mas\u00e1\u017e Thai Silk\"},{\"@type\":\"BreadcrumbList\",\"@id\":\"https:\/\/mystictemple.cz\/product\/thai-silk-prenatal\/#breadcrumb\",\"itemListElement\":[{\"@type\":\"ListItem\",\"position\":1,\"name\":\"Dom\u016f\",\"item\":\"https:\/\/mystictemple.cz\/\"},{\"@type\":\"ListItem\",\"position\":2,\"name\":\"Produkty\",\"item\":\"https:\/\/mystictemple.cz\/shop\/\"},{\"@type\":\"ListItem\",\"position\":3,\"name\":\"Thai silk \u2013 prenatal\"}]},{\"@type\":\"WebSite\",\"@id\":\"https:\/\/mystictemple.cz\/#website\",\"url\":\"https:\/\/mystictemple.cz\/\",\"name\":\"Mystic Temple\",\"description\":\"Mystic Temple je mas\u00e1\u017en\u00ed salon v centru Prahy, kter\u00fd nab\u00edz\u00ed \u0161irokou \u0161k\u00e1lu relaxa\u010dn\u00edch a terapeutick\u00fdch mas\u00e1\u017e\u00ed. Na na\u0161em webu si m\u016f\u017eete snadno vybrat mas\u00e1\u017e, vlo\u017eit ji do ko\u0161\u00edku, zaplatit online a ihned obdr\u017eet d\u00e1rkov\u00fd voucher s unik\u00e1tn\u00edm k\u00f3dem. Voucher pak m\u016f\u017eete uplatnit p\u0159\u00edmo na recepci salonu. Rezervace je mo\u017en\u00e1 telefonicky nebo online. Otev\u0159eno m\u00e1me denn\u011b od 9:00 do 21:00.\",\"publisher\":{\"@id\":\"https:\/\/mystictemple.cz\/#organization\"},\"potentialAction\":[{\"@type\":\"SearchAction\",\"target\":{\"@type\":\"EntryPoint\",\"urlTemplate\":\"https:\/\/mystictemple.cz\/?s={search_term_string}\"},\"query-input\":{\"@type\":\"PropertyValueSpecification\",\"valueRequired\":true,\"valueName\":\"search_term_string\"}}],\"inLanguage\":\"en-US\"},{\"@type\":\"Organization\",\"@id\":\"https:\/\/mystictemple.cz\/#organization\",\"name\":\"Mystic Temple\",\"url\":\"https:\/\/mystictemple.cz\/\",\"logo\":{\"@type\":\"ImageObject\",\"inLanguage\":\"en-US\",\"@id\":\"https:\/\/mystictemple.cz\/#\/schema\/logo\/image\/\",\"url\":\"https:\/\/mystictemple.cz\/wp-content\/uploads\/2024\/02\/logo_temple_transparentni-2.png\",\"contentUrl\":\"https:\/\/mystictemple.cz\/wp-content\/uploads\/2024\/02\/logo_temple_transparentni-2.png\",\"width\":781,\"height\":586,\"caption\":\"Mystic Temple\"},\"image\":{\"@id\":\"https:\/\/mystictemple.cz\/#\/schema\/logo\/image\/\"}}]}<\/script>\n<!-- \/ Yoast SEO plugin. -->","yoast_head_json":{"title":"T\u011bhotensk\u00e1 mas\u00e1\u017e Thai Silk - Mystic Temple","description":"T\u011bhotensk\u00e1 mas\u00e1\u017e Thai Silk je hedv\u00e1bn\u00e1 a uvol\u0148uj\u00edc\u00ed mas\u00e1\u017e zad a \u0161\u00edje. Pom\u00e1h\u00e1 p\u0159i odstran\u011bn\u00ed bolest\u00ed p\u00e1te\u0159e a zvy\u0161uje pru\u017enost poko\u017eky. \u2728","robots":{"index":"index","follow":"follow","max-snippet":"max-snippet:-1","max-image-preview":"max-image-preview:large","max-video-preview":"max-video-preview:-1"},"canonical":"https:\/\/mystictemple.cz\/en\/product\/thai-silk-prenatal\/","og_locale":"en_US","og_type":"article","og_title":"T\u011bhotensk\u00e1 mas\u00e1\u017e Thai Silk - Mystic Temple","og_description":"T\u011bhotensk\u00e1 mas\u00e1\u017e Thai Silk je hedv\u00e1bn\u00e1 a uvol\u0148uj\u00edc\u00ed mas\u00e1\u017e zad a \u0161\u00edje. Pom\u00e1h\u00e1 p\u0159i odstran\u011bn\u00ed bolest\u00ed p\u00e1te\u0159e a zvy\u0161uje pru\u017enost poko\u017eky. \u2728","og_url":"https:\/\/mystictemple.cz\/en\/product\/thai-silk-prenatal\/","og_site_name":"Mystic Temple","article_modified_time":"2025-08-15T11:38:54+00:00","og_image":[{"width":1030,"height":687,"url":"https:\/\/mystictemple.cz\/wp-content\/uploads\/2024\/07\/MysticTemple_masaze_136-copy-1030x687-3.jpg","type":"image\/jpeg"}],"twitter_card":"summary_large_image","twitter_misc":{"Est. reading time":"1 minute"},"schema":{"@context":"https:\/\/schema.org","@graph":[{"@type":"WebPage","@id":"https:\/\/mystictemple.cz\/product\/thai-silk-prenatal\/","url":"https:\/\/mystictemple.cz\/product\/thai-silk-prenatal\/","name":"T\u011bhotensk\u00e1 mas\u00e1\u017e Thai Silk - Mystic Temple","isPartOf":{"@id":"https:\/\/mystictemple.cz\/#website"},"primaryImageOfPage":{"@id":"https:\/\/mystictemple.cz\/product\/thai-silk-prenatal\/#primaryimage"},"image":{"@id":"https:\/\/mystictemple.cz\/product\/thai-silk-prenatal\/#primaryimage"},"thumbnailUrl":"https:\/\/mystictemple.cz\/wp-content\/uploads\/2024\/07\/MysticTemple_masaze_136-copy-1030x687-3.jpg","datePublished":"2024-07-30T11:05:26+00:00","dateModified":"2025-08-15T11:38:54+00:00","description":"T\u011bhotensk\u00e1 mas\u00e1\u017e Thai Silk je hedv\u00e1bn\u00e1 a uvol\u0148uj\u00edc\u00ed mas\u00e1\u017e zad a \u0161\u00edje. Pom\u00e1h\u00e1 p\u0159i odstran\u011bn\u00ed bolest\u00ed p\u00e1te\u0159e a zvy\u0161uje pru\u017enost poko\u017eky. \u2728","breadcrumb":{"@id":"https:\/\/mystictemple.cz\/product\/thai-silk-prenatal\/#breadcrumb"},"inLanguage":"en-US","potentialAction":[{"@type":"ReadAction","target":["https:\/\/mystictemple.cz\/product\/thai-silk-prenatal\/"]}]},{"@type":"ImageObject","inLanguage":"en-US","@id":"https:\/\/mystictemple.cz\/product\/thai-silk-prenatal\/#primaryimage","url":"https:\/\/mystictemple.cz\/wp-content\/uploads\/2024\/07\/MysticTemple_masaze_136-copy-1030x687-3.jpg","contentUrl":"https:\/\/mystictemple.cz\/wp-content\/uploads\/2024\/07\/MysticTemple_masaze_136-copy-1030x687-3.jpg","width":1030,"height":687,"caption":"T\u011bhotensk\u00e1 mas\u00e1\u017e Thai Silk"},{"@type":"BreadcrumbList","@id":"https:\/\/mystictemple.cz\/product\/thai-silk-prenatal\/#breadcrumb","itemListElement":[{"@type":"ListItem","position":1,"name":"Dom\u016f","item":"https:\/\/mystictemple.cz\/"},{"@type":"ListItem","position":2,"name":"Produkty","item":"https:\/\/mystictemple.cz\/shop\/"},{"@type":"ListItem","position":3,"name":"Thai silk \u2013 prenatal"}]},{"@type":"WebSite","@id":"https:\/\/mystictemple.cz\/#website","url":"https:\/\/mystictemple.cz\/","name":"Mystic Temple","description":"Mystic Temple je mas\u00e1\u017en\u00ed salon v centru Prahy, kter\u00fd nab\u00edz\u00ed \u0161irokou \u0161k\u00e1lu relaxa\u010dn\u00edch a terapeutick\u00fdch mas\u00e1\u017e\u00ed. Na na\u0161em webu si m\u016f\u017eete snadno vybrat mas\u00e1\u017e, vlo\u017eit ji do ko\u0161\u00edku, zaplatit online a ihned obdr\u017eet d\u00e1rkov\u00fd voucher s unik\u00e1tn\u00edm k\u00f3dem. Voucher pak m\u016f\u017eete uplatnit p\u0159\u00edmo na recepci salonu. Rezervace je mo\u017en\u00e1 telefonicky nebo online. Otev\u0159eno m\u00e1me denn\u011b od 9:00 do 21:00.","publisher":{"@id":"https:\/\/mystictemple.cz\/#organization"},"potentialAction":[{"@type":"SearchAction","target":{"@type":"EntryPoint","urlTemplate":"https:\/\/mystictemple.cz\/?s={search_term_string}"},"query-input":{"@type":"PropertyValueSpecification","valueRequired":true,"valueName":"search_term_string"}}],"inLanguage":"en-US"},{"@type":"Organization","@id":"https:\/\/mystictemple.cz\/#organization","name":"Mystic Temple","url":"https:\/\/mystictemple.cz\/","logo":{"@type":"ImageObject","inLanguage":"en-US","@id":"https:\/\/mystictemple.cz\/#\/schema\/logo\/image\/","url":"https:\/\/mystictemple.cz\/wp-content\/uploads\/2024\/02\/logo_temple_transparentni-2.png","contentUrl":"https:\/\/mystictemple.cz\/wp-content\/uploads\/2024\/02\/logo_temple_transparentni-2.png","width":781,"height":586,"caption":"Mystic Temple"},"image":{"@id":"https:\/\/mystictemple.cz\/#\/schema\/logo\/image\/"}}]}},"_links":{"self":[{"href":"https:\/\/mystictemple.cz\/en\/wp-json\/wp\/v2\/product\/447","targetHints":{"allow":["GET"]}}],"collection":[{"href":"https:\/\/mystictemple.cz\/en\/wp-json\/wp\/v2\/product"}],"about":[{"href":"https:\/\/mystictemple.cz\/en\/wp-json\/wp\/v2\/types\/product"}],"wp:featuredmedia":[{"embeddable":true,"href":"https:\/\/mystictemple.cz\/en\/wp-json\/wp\/v2\/media\/449"}],"wp:attachment":[{"href":"https:\/\/mystictemple.cz\/en\/wp-json\/wp\/v2\/media?parent=447"}],"wp:term":[{"taxonomy":"product_brand","embeddable":true,"href":"https:\/\/mystictemple.cz\/en\/wp-json\/wp\/v2\/product_brand?post=447"},{"taxonomy":"product_cat","embeddable":true,"href":"https:\/\/mystictemple.cz\/en\/wp-json\/wp\/v2\/product_cat?post=447"},{"taxonomy":"product_tag","embeddable":true,"href":"https:\/\/mystictemple.cz\/en\/wp-json\/wp\/v2\/product_tag?post=447"}],"curies":[{"name":"wp","href":"https:\/\/api.w.org\/{rel}","templated":true}]}}