{"id":440,"date":"2024-07-30T10:55:34","date_gmt":"2024-07-30T10:55:34","guid":{"rendered":"https:\/\/mystictemple.cz\/?post_type=product&#038;p=440"},"modified":"2025-10-13T20:46:38","modified_gmt":"2025-10-13T20:46:38","slug":"orient-premium","status":"publish","type":"product","link":"https:\/\/mystictemple.cz\/en\/product\/orient-premium\/","title":{"rendered":"Orient premium"},"content":{"rendered":"<div class=\"av-special-heading av-kltehb4i-95cdb8c91f3d3ce6324de6775c5774bf av-special-heading-h1 custom-color-heading blockquote modern-quote avia-builder-el-2 el_after_av_gallery el_before_av_textblock av-linked-heading\">\n<div class=\"av-special-heading av-bty5e-270e3da11cb240c242f0c603687b80ea av-special-heading-h1 custom-color-heading blockquote modern-quote avia-builder-el-2 el_after_av_gallery el_before_av_textblock\">\n<h2 class=\"translation-block\">UNIQUE RELAXING <b>ORIENTAL MASSAGE<\/b><\/h2>\n<p class=\"translation-block\">The Oriental massage was created by combining several different methods and massage styles. <strong>It offers a specific combination of Thai, Japanese, Chinese, and ancient Indian therapeutic techniques.<\/strong><\/p>\n<p>Orient Premium je ur\u010dena p\u0159edev\u0161\u00edm p<strong>ro\u00a0 unaven\u00e9 a p\u0159et\u00ed\u017een\u00e9\u00a0 svaly plosek nohou a l\u00fdtek a n\u00e1sledn\u00e9 uvoln\u011bn\u00ed zad a z\u00e1dov\u00fdch parti\u00ed.<\/strong><\/p>\n<p>By using oils made from rosewood and lemongrass extracts, we achieve incredible results in a short amount of time. It is therefore ideal after sports activities, long trips, or exceptional work stress.<\/p>\n<\/div>\n<\/div>","protected":false},"excerpt":{"rendered":"<p>A great treatment for feet, hands, back and head. It is a unique combination of Thai, Japanese, Chinese and ancient Indian massages that revitalize extremely tired muscles and dissolve the feeling of overloaded stress and exhaustion.<\/p>","protected":false},"featured_media":444,"template":"","meta":[],"product_brand":[],"product_cat":[26],"product_tag":[],"class_list":{"0":"post-440","1":"product","2":"type-product","3":"status-publish","4":"has-post-thumbnail","6":"product_cat-thajske-masaze","8":"first","9":"instock","10":"featured","11":"sold-individually","12":"taxable","13":"shipping-taxable","14":"purchasable","15":"product-type-variable"},"yoast_head":"<!-- This site is optimized with the Yoast SEO plugin v27.1.1 - https:\/\/yoast.com\/product\/yoast-seo-wordpress\/ -->\n<title>Orient\u00e1ln\u00ed mas\u00e1\u017e Orient Premium - Mystic Temple<\/title>\n<meta name=\"description\" content=\"Souhra japonsk\u00e9 shiatsu, \u010d\u00ednsk\u00e9 tlakov\u00e9 a thajsk\u00e9 klasick\u00e9 mas\u00e1\u017ee. Orient\u00e1ln\u00ed mas\u00e1\u017e pro unaven\u00e9 svaly i pro odstran\u011bn\u00ed pocitu p\u0159epracovanosti.\" \/>\n<meta name=\"robots\" content=\"index, follow, max-snippet:-1, max-image-preview:large, max-video-preview:-1\" \/>\n<link rel=\"canonical\" href=\"https:\/\/mystictemple.cz\/en\/product\/orient-premium\/\" \/>\n<meta property=\"og:locale\" content=\"en_US\" \/>\n<meta property=\"og:type\" content=\"article\" \/>\n<meta property=\"og:title\" content=\"Orient\u00e1ln\u00ed mas\u00e1\u017e Orient Premium - Mystic Temple\" \/>\n<meta property=\"og:description\" content=\"Souhra japonsk\u00e9 shiatsu, \u010d\u00ednsk\u00e9 tlakov\u00e9 a thajsk\u00e9 klasick\u00e9 mas\u00e1\u017ee. Orient\u00e1ln\u00ed mas\u00e1\u017e pro unaven\u00e9 svaly i pro odstran\u011bn\u00ed pocitu p\u0159epracovanosti.\" \/>\n<meta property=\"og:url\" content=\"https:\/\/mystictemple.cz\/en\/product\/orient-premium\/\" \/>\n<meta property=\"og:site_name\" content=\"Mystic Temple\" \/>\n<meta property=\"article:modified_time\" content=\"2025-10-13T20:46:38+00:00\" \/>\n<meta property=\"og:image\" content=\"https:\/\/mystictemple.cz\/wp-content\/uploads\/2024\/07\/sluzby_queens-3.jpg\" \/>\n\t<meta property=\"og:image:width\" content=\"500\" \/>\n\t<meta property=\"og:image:height\" content=\"300\" \/>\n\t<meta property=\"og:image:type\" content=\"image\/jpeg\" \/>\n<meta name=\"twitter:card\" content=\"summary_large_image\" \/>\n<meta name=\"twitter:label1\" content=\"Est. reading time\" \/>\n\t<meta name=\"twitter:data1\" content=\"1 minute\" \/>\n<script type=\"application\/ld+json\" class=\"yoast-schema-graph\">{\"@context\":\"https:\/\/schema.org\",\"@graph\":[{\"@type\":\"WebPage\",\"@id\":\"https:\/\/mystictemple.cz\/product\/orient-premium\/\",\"url\":\"https:\/\/mystictemple.cz\/product\/orient-premium\/\",\"name\":\"Orient\u00e1ln\u00ed mas\u00e1\u017e Orient Premium - Mystic Temple\",\"isPartOf\":{\"@id\":\"https:\/\/mystictemple.cz\/#website\"},\"primaryImageOfPage\":{\"@id\":\"https:\/\/mystictemple.cz\/product\/orient-premium\/#primaryimage\"},\"image\":{\"@id\":\"https:\/\/mystictemple.cz\/product\/orient-premium\/#primaryimage\"},\"thumbnailUrl\":\"https:\/\/mystictemple.cz\/wp-content\/uploads\/2024\/07\/sluzby_queens-3.jpg\",\"datePublished\":\"2024-07-30T10:55:34+00:00\",\"dateModified\":\"2025-10-13T20:46:38+00:00\",\"description\":\"Souhra japonsk\u00e9 shiatsu, \u010d\u00ednsk\u00e9 tlakov\u00e9 a thajsk\u00e9 klasick\u00e9 mas\u00e1\u017ee. Orient\u00e1ln\u00ed mas\u00e1\u017e pro unaven\u00e9 svaly i pro odstran\u011bn\u00ed pocitu p\u0159epracovanosti.\",\"breadcrumb\":{\"@id\":\"https:\/\/mystictemple.cz\/product\/orient-premium\/#breadcrumb\"},\"inLanguage\":\"en-US\",\"potentialAction\":[{\"@type\":\"ReadAction\",\"target\":[\"https:\/\/mystictemple.cz\/product\/orient-premium\/\"]}]},{\"@type\":\"ImageObject\",\"inLanguage\":\"en-US\",\"@id\":\"https:\/\/mystictemple.cz\/product\/orient-premium\/#primaryimage\",\"url\":\"https:\/\/mystictemple.cz\/wp-content\/uploads\/2024\/07\/sluzby_queens-3.jpg\",\"contentUrl\":\"https:\/\/mystictemple.cz\/wp-content\/uploads\/2024\/07\/sluzby_queens-3.jpg\",\"width\":500,\"height\":300,\"caption\":\"Orient\u00e1ln\u00ed mas\u00e1\u017e\"},{\"@type\":\"BreadcrumbList\",\"@id\":\"https:\/\/mystictemple.cz\/product\/orient-premium\/#breadcrumb\",\"itemListElement\":[{\"@type\":\"ListItem\",\"position\":1,\"name\":\"Dom\u016f\",\"item\":\"https:\/\/mystictemple.cz\/\"},{\"@type\":\"ListItem\",\"position\":2,\"name\":\"Produkty\",\"item\":\"https:\/\/mystictemple.cz\/shop\/\"},{\"@type\":\"ListItem\",\"position\":3,\"name\":\"Orient premium\"}]},{\"@type\":\"WebSite\",\"@id\":\"https:\/\/mystictemple.cz\/#website\",\"url\":\"https:\/\/mystictemple.cz\/\",\"name\":\"Mystic Temple\",\"description\":\"Mystic Temple je mas\u00e1\u017en\u00ed salon v centru Prahy, kter\u00fd nab\u00edz\u00ed \u0161irokou \u0161k\u00e1lu relaxa\u010dn\u00edch a terapeutick\u00fdch mas\u00e1\u017e\u00ed. Na na\u0161em webu si m\u016f\u017eete snadno vybrat mas\u00e1\u017e, vlo\u017eit ji do ko\u0161\u00edku, zaplatit online a ihned obdr\u017eet d\u00e1rkov\u00fd voucher s unik\u00e1tn\u00edm k\u00f3dem. Voucher pak m\u016f\u017eete uplatnit p\u0159\u00edmo na recepci salonu. Rezervace je mo\u017en\u00e1 telefonicky nebo online. Otev\u0159eno m\u00e1me denn\u011b od 9:00 do 21:00.\",\"publisher\":{\"@id\":\"https:\/\/mystictemple.cz\/#organization\"},\"potentialAction\":[{\"@type\":\"SearchAction\",\"target\":{\"@type\":\"EntryPoint\",\"urlTemplate\":\"https:\/\/mystictemple.cz\/?s={search_term_string}\"},\"query-input\":{\"@type\":\"PropertyValueSpecification\",\"valueRequired\":true,\"valueName\":\"search_term_string\"}}],\"inLanguage\":\"en-US\"},{\"@type\":\"Organization\",\"@id\":\"https:\/\/mystictemple.cz\/#organization\",\"name\":\"Mystic Temple\",\"url\":\"https:\/\/mystictemple.cz\/\",\"logo\":{\"@type\":\"ImageObject\",\"inLanguage\":\"en-US\",\"@id\":\"https:\/\/mystictemple.cz\/#\/schema\/logo\/image\/\",\"url\":\"https:\/\/mystictemple.cz\/wp-content\/uploads\/2024\/02\/logo_temple_transparentni-2.png\",\"contentUrl\":\"https:\/\/mystictemple.cz\/wp-content\/uploads\/2024\/02\/logo_temple_transparentni-2.png\",\"width\":781,\"height\":586,\"caption\":\"Mystic Temple\"},\"image\":{\"@id\":\"https:\/\/mystictemple.cz\/#\/schema\/logo\/image\/\"}}]}<\/script>\n<!-- \/ Yoast SEO plugin. -->","yoast_head_json":{"title":"Orient\u00e1ln\u00ed mas\u00e1\u017e Orient Premium - Mystic Temple","description":"Souhra japonsk\u00e9 shiatsu, \u010d\u00ednsk\u00e9 tlakov\u00e9 a thajsk\u00e9 klasick\u00e9 mas\u00e1\u017ee. Orient\u00e1ln\u00ed mas\u00e1\u017e pro unaven\u00e9 svaly i pro odstran\u011bn\u00ed pocitu p\u0159epracovanosti.","robots":{"index":"index","follow":"follow","max-snippet":"max-snippet:-1","max-image-preview":"max-image-preview:large","max-video-preview":"max-video-preview:-1"},"canonical":"https:\/\/mystictemple.cz\/en\/product\/orient-premium\/","og_locale":"en_US","og_type":"article","og_title":"Orient\u00e1ln\u00ed mas\u00e1\u017e Orient Premium - Mystic Temple","og_description":"Souhra japonsk\u00e9 shiatsu, \u010d\u00ednsk\u00e9 tlakov\u00e9 a thajsk\u00e9 klasick\u00e9 mas\u00e1\u017ee. Orient\u00e1ln\u00ed mas\u00e1\u017e pro unaven\u00e9 svaly i pro odstran\u011bn\u00ed pocitu p\u0159epracovanosti.","og_url":"https:\/\/mystictemple.cz\/en\/product\/orient-premium\/","og_site_name":"Mystic Temple","article_modified_time":"2025-10-13T20:46:38+00:00","og_image":[{"width":500,"height":300,"url":"https:\/\/mystictemple.cz\/wp-content\/uploads\/2024\/07\/sluzby_queens-3.jpg","type":"image\/jpeg"}],"twitter_card":"summary_large_image","twitter_misc":{"Est. reading time":"1 minute"},"schema":{"@context":"https:\/\/schema.org","@graph":[{"@type":"WebPage","@id":"https:\/\/mystictemple.cz\/product\/orient-premium\/","url":"https:\/\/mystictemple.cz\/product\/orient-premium\/","name":"Orient\u00e1ln\u00ed mas\u00e1\u017e Orient Premium - Mystic Temple","isPartOf":{"@id":"https:\/\/mystictemple.cz\/#website"},"primaryImageOfPage":{"@id":"https:\/\/mystictemple.cz\/product\/orient-premium\/#primaryimage"},"image":{"@id":"https:\/\/mystictemple.cz\/product\/orient-premium\/#primaryimage"},"thumbnailUrl":"https:\/\/mystictemple.cz\/wp-content\/uploads\/2024\/07\/sluzby_queens-3.jpg","datePublished":"2024-07-30T10:55:34+00:00","dateModified":"2025-10-13T20:46:38+00:00","description":"Souhra japonsk\u00e9 shiatsu, \u010d\u00ednsk\u00e9 tlakov\u00e9 a thajsk\u00e9 klasick\u00e9 mas\u00e1\u017ee. Orient\u00e1ln\u00ed mas\u00e1\u017e pro unaven\u00e9 svaly i pro odstran\u011bn\u00ed pocitu p\u0159epracovanosti.","breadcrumb":{"@id":"https:\/\/mystictemple.cz\/product\/orient-premium\/#breadcrumb"},"inLanguage":"en-US","potentialAction":[{"@type":"ReadAction","target":["https:\/\/mystictemple.cz\/product\/orient-premium\/"]}]},{"@type":"ImageObject","inLanguage":"en-US","@id":"https:\/\/mystictemple.cz\/product\/orient-premium\/#primaryimage","url":"https:\/\/mystictemple.cz\/wp-content\/uploads\/2024\/07\/sluzby_queens-3.jpg","contentUrl":"https:\/\/mystictemple.cz\/wp-content\/uploads\/2024\/07\/sluzby_queens-3.jpg","width":500,"height":300,"caption":"Orient\u00e1ln\u00ed mas\u00e1\u017e"},{"@type":"BreadcrumbList","@id":"https:\/\/mystictemple.cz\/product\/orient-premium\/#breadcrumb","itemListElement":[{"@type":"ListItem","position":1,"name":"Dom\u016f","item":"https:\/\/mystictemple.cz\/"},{"@type":"ListItem","position":2,"name":"Produkty","item":"https:\/\/mystictemple.cz\/shop\/"},{"@type":"ListItem","position":3,"name":"Orient premium"}]},{"@type":"WebSite","@id":"https:\/\/mystictemple.cz\/#website","url":"https:\/\/mystictemple.cz\/","name":"Mystic Temple","description":"Mystic Temple je mas\u00e1\u017en\u00ed salon v centru Prahy, kter\u00fd nab\u00edz\u00ed \u0161irokou \u0161k\u00e1lu relaxa\u010dn\u00edch a terapeutick\u00fdch mas\u00e1\u017e\u00ed. Na na\u0161em webu si m\u016f\u017eete snadno vybrat mas\u00e1\u017e, vlo\u017eit ji do ko\u0161\u00edku, zaplatit online a ihned obdr\u017eet d\u00e1rkov\u00fd voucher s unik\u00e1tn\u00edm k\u00f3dem. Voucher pak m\u016f\u017eete uplatnit p\u0159\u00edmo na recepci salonu. Rezervace je mo\u017en\u00e1 telefonicky nebo online. Otev\u0159eno m\u00e1me denn\u011b od 9:00 do 21:00.","publisher":{"@id":"https:\/\/mystictemple.cz\/#organization"},"potentialAction":[{"@type":"SearchAction","target":{"@type":"EntryPoint","urlTemplate":"https:\/\/mystictemple.cz\/?s={search_term_string}"},"query-input":{"@type":"PropertyValueSpecification","valueRequired":true,"valueName":"search_term_string"}}],"inLanguage":"en-US"},{"@type":"Organization","@id":"https:\/\/mystictemple.cz\/#organization","name":"Mystic Temple","url":"https:\/\/mystictemple.cz\/","logo":{"@type":"ImageObject","inLanguage":"en-US","@id":"https:\/\/mystictemple.cz\/#\/schema\/logo\/image\/","url":"https:\/\/mystictemple.cz\/wp-content\/uploads\/2024\/02\/logo_temple_transparentni-2.png","contentUrl":"https:\/\/mystictemple.cz\/wp-content\/uploads\/2024\/02\/logo_temple_transparentni-2.png","width":781,"height":586,"caption":"Mystic Temple"},"image":{"@id":"https:\/\/mystictemple.cz\/#\/schema\/logo\/image\/"}}]}},"_links":{"self":[{"href":"https:\/\/mystictemple.cz\/en\/wp-json\/wp\/v2\/product\/440","targetHints":{"allow":["GET"]}}],"collection":[{"href":"https:\/\/mystictemple.cz\/en\/wp-json\/wp\/v2\/product"}],"about":[{"href":"https:\/\/mystictemple.cz\/en\/wp-json\/wp\/v2\/types\/product"}],"wp:featuredmedia":[{"embeddable":true,"href":"https:\/\/mystictemple.cz\/en\/wp-json\/wp\/v2\/media\/444"}],"wp:attachment":[{"href":"https:\/\/mystictemple.cz\/en\/wp-json\/wp\/v2\/media?parent=440"}],"wp:term":[{"taxonomy":"product_brand","embeddable":true,"href":"https:\/\/mystictemple.cz\/en\/wp-json\/wp\/v2\/product_brand?post=440"},{"taxonomy":"product_cat","embeddable":true,"href":"https:\/\/mystictemple.cz\/en\/wp-json\/wp\/v2\/product_cat?post=440"},{"taxonomy":"product_tag","embeddable":true,"href":"https:\/\/mystictemple.cz\/en\/wp-json\/wp\/v2\/product_tag?post=440"}],"curies":[{"name":"wp","href":"https:\/\/api.w.org\/{rel}","templated":true}]}}