{"id":432,"date":"2024-07-30T10:51:48","date_gmt":"2024-07-30T10:51:48","guid":{"rendered":"https:\/\/mystictemple.cz\/?post_type=product&#038;p=432"},"modified":"2025-07-28T09:39:48","modified_gmt":"2025-07-28T09:39:48","slug":"dark-side-of-the-moon","status":"publish","type":"product","link":"https:\/\/mystictemple.cz\/en\/product\/dark-side-of-the-moon\/","title":{"rendered":"Dark side of the Moon"},"content":{"rendered":"<div class=\"av-special-heading av-kltehb4i-95cdb8c91f3d3ce6324de6775c5774bf av-special-heading-h1 custom-color-heading blockquote modern-quote avia-builder-el-2 el_after_av_gallery el_before_av_textblock av-linked-heading\">\n<div class=\"av-special-heading av-bty5e-270e3da11cb240c242f0c603687b80ea av-special-heading-h1 custom-color-heading blockquote modern-quote avia-builder-el-2 el_after_av_gallery el_before_av_textblock\">\n<h1 class=\"av-special-heading-tag\">DARK SIDE OF THE MOON<\/h1>\n<\/div>\n<section class=\"av_textblock_section av-jtfnojnb-eab8df139f5c5775eed94ab00d64c14a\">\n<div class=\"avia_textblock\">\n<h2 class=\"translation-block\">RELAXING <b>BACK MASSAGE<\/b> IN THE CENTER OF PRAGUE<\/h2>\n<p class=\"translation-block\">This special type of therapy was originally used for the relaxation of horse riders after long hours in the saddle. Therefore, Dark Side of Moon is widely <strong>used to alleviate both acute and chronic back pain<\/strong>.<\/p>\n<p>The combination of massage techniques with the use of relaxing balms made from menthol and camphor helps to relieve blockages and tension in the entire area of the back, neck, and shoulders.<\/p>\n<p class=\"translation-block\"><strong>The comprehensive Dark Side of the Moon back massage also combats fatigue and stress<\/strong>. With regular sessions, it helps to permanently eliminate chronic back pain and improve mental well-being.<\/p>\n<p>This type of massage can be performed for two people simultaneously in the same room.<\/p>\n<\/div>\n<\/section>\n<\/div>","protected":false},"excerpt":{"rendered":"<p>A back massage based on combining techniques that remove both immediate and chronic back pain. Relaxing menthol and camphor ointments are used to relieve blocks and tension throughout the back, neck and shoulders.<\/p>","protected":false},"featured_media":436,"template":"","meta":[],"product_brand":[],"product_cat":[26],"product_tag":[],"class_list":{"0":"post-432","1":"product","2":"type-product","3":"status-publish","4":"has-post-thumbnail","6":"product_cat-thajske-masaze","8":"first","9":"instock","10":"featured","11":"sold-individually","12":"taxable","13":"shipping-taxable","14":"purchasable","15":"product-type-variable"},"yoast_head":"<!-- This site is optimized with the Yoast SEO plugin v27.1.1 - https:\/\/yoast.com\/product\/yoast-seo-wordpress\/ -->\n<title>Mas\u00e1\u017e zad Dark Side of Moon | Thajsk\u00e9 mas\u00e1\u017ee - Mystic Temple<\/title>\n<meta name=\"description\" content=\"Vyzkou\u0161ejte thajskou mas\u00e1\u017e zad Dark Side of Moon. Odbour\u00e1v\u00e1 blokace a tenze v cel\u00e9 oblasti zad, \u0161\u00edje i ramen. Luxusn\u00ed mas\u00e1\u017ee v centru Prahy \u2728\" \/>\n<meta name=\"robots\" content=\"index, follow, max-snippet:-1, max-image-preview:large, max-video-preview:-1\" \/>\n<link rel=\"canonical\" href=\"https:\/\/mystictemple.cz\/en\/product\/dark-side-of-the-moon\/\" \/>\n<meta property=\"og:locale\" content=\"en_US\" \/>\n<meta property=\"og:type\" content=\"article\" \/>\n<meta property=\"og:title\" content=\"Mas\u00e1\u017e zad Dark Side of Moon | Thajsk\u00e9 mas\u00e1\u017ee - Mystic Temple\" \/>\n<meta property=\"og:description\" content=\"Vyzkou\u0161ejte thajskou mas\u00e1\u017e zad Dark Side of Moon. Odbour\u00e1v\u00e1 blokace a tenze v cel\u00e9 oblasti zad, \u0161\u00edje i ramen. Luxusn\u00ed mas\u00e1\u017ee v centru Prahy \u2728\" \/>\n<meta property=\"og:url\" content=\"https:\/\/mystictemple.cz\/en\/product\/dark-side-of-the-moon\/\" \/>\n<meta property=\"og:site_name\" content=\"Mystic Temple\" \/>\n<meta property=\"article:modified_time\" content=\"2025-07-28T09:39:48+00:00\" \/>\n<meta property=\"og:image\" content=\"https:\/\/mystictemple.cz\/wp-content\/uploads\/2024\/07\/sluzby_dark_side_of_the_moon.jpg\" \/>\n\t<meta property=\"og:image:width\" content=\"500\" \/>\n\t<meta property=\"og:image:height\" content=\"300\" \/>\n\t<meta property=\"og:image:type\" content=\"image\/jpeg\" \/>\n<meta name=\"twitter:card\" content=\"summary_large_image\" \/>\n<meta name=\"twitter:label1\" content=\"Est. reading time\" \/>\n\t<meta name=\"twitter:data1\" content=\"1 minute\" \/>\n<script type=\"application\/ld+json\" class=\"yoast-schema-graph\">{\"@context\":\"https:\/\/schema.org\",\"@graph\":[{\"@type\":\"WebPage\",\"@id\":\"https:\/\/mystictemple.cz\/product\/dark-side-of-the-moon\/\",\"url\":\"https:\/\/mystictemple.cz\/product\/dark-side-of-the-moon\/\",\"name\":\"Mas\u00e1\u017e zad Dark Side of Moon | Thajsk\u00e9 mas\u00e1\u017ee - Mystic Temple\",\"isPartOf\":{\"@id\":\"https:\/\/mystictemple.cz\/#website\"},\"primaryImageOfPage\":{\"@id\":\"https:\/\/mystictemple.cz\/product\/dark-side-of-the-moon\/#primaryimage\"},\"image\":{\"@id\":\"https:\/\/mystictemple.cz\/product\/dark-side-of-the-moon\/#primaryimage\"},\"thumbnailUrl\":\"https:\/\/mystictemple.cz\/wp-content\/uploads\/2024\/07\/sluzby_dark_side_of_the_moon.jpg\",\"datePublished\":\"2024-07-30T10:51:48+00:00\",\"dateModified\":\"2025-07-28T09:39:48+00:00\",\"description\":\"Vyzkou\u0161ejte thajskou mas\u00e1\u017e zad Dark Side of Moon. Odbour\u00e1v\u00e1 blokace a tenze v cel\u00e9 oblasti zad, \u0161\u00edje i ramen. Luxusn\u00ed mas\u00e1\u017ee v centru Prahy \u2728\",\"breadcrumb\":{\"@id\":\"https:\/\/mystictemple.cz\/product\/dark-side-of-the-moon\/#breadcrumb\"},\"inLanguage\":\"en-US\",\"potentialAction\":[{\"@type\":\"ReadAction\",\"target\":[\"https:\/\/mystictemple.cz\/product\/dark-side-of-the-moon\/\"]}]},{\"@type\":\"ImageObject\",\"inLanguage\":\"en-US\",\"@id\":\"https:\/\/mystictemple.cz\/product\/dark-side-of-the-moon\/#primaryimage\",\"url\":\"https:\/\/mystictemple.cz\/wp-content\/uploads\/2024\/07\/sluzby_dark_side_of_the_moon.jpg\",\"contentUrl\":\"https:\/\/mystictemple.cz\/wp-content\/uploads\/2024\/07\/sluzby_dark_side_of_the_moon.jpg\",\"width\":500,\"height\":300,\"caption\":\"Mas\u00e1\u017e zad Dark Side of Moon\"},{\"@type\":\"BreadcrumbList\",\"@id\":\"https:\/\/mystictemple.cz\/product\/dark-side-of-the-moon\/#breadcrumb\",\"itemListElement\":[{\"@type\":\"ListItem\",\"position\":1,\"name\":\"Dom\u016f\",\"item\":\"https:\/\/mystictemple.cz\/\"},{\"@type\":\"ListItem\",\"position\":2,\"name\":\"Produkty\",\"item\":\"https:\/\/mystictemple.cz\/shop\/\"},{\"@type\":\"ListItem\",\"position\":3,\"name\":\"Dark side of the Moon\"}]},{\"@type\":\"WebSite\",\"@id\":\"https:\/\/mystictemple.cz\/#website\",\"url\":\"https:\/\/mystictemple.cz\/\",\"name\":\"Mystic Temple\",\"description\":\"Mystic Temple je mas\u00e1\u017en\u00ed salon v centru Prahy, kter\u00fd nab\u00edz\u00ed \u0161irokou \u0161k\u00e1lu relaxa\u010dn\u00edch a terapeutick\u00fdch mas\u00e1\u017e\u00ed. Na na\u0161em webu si m\u016f\u017eete snadno vybrat mas\u00e1\u017e, vlo\u017eit ji do ko\u0161\u00edku, zaplatit online a ihned obdr\u017eet d\u00e1rkov\u00fd voucher s unik\u00e1tn\u00edm k\u00f3dem. Voucher pak m\u016f\u017eete uplatnit p\u0159\u00edmo na recepci salonu. Rezervace je mo\u017en\u00e1 telefonicky nebo online. Otev\u0159eno m\u00e1me denn\u011b od 9:00 do 21:00.\",\"publisher\":{\"@id\":\"https:\/\/mystictemple.cz\/#organization\"},\"potentialAction\":[{\"@type\":\"SearchAction\",\"target\":{\"@type\":\"EntryPoint\",\"urlTemplate\":\"https:\/\/mystictemple.cz\/?s={search_term_string}\"},\"query-input\":{\"@type\":\"PropertyValueSpecification\",\"valueRequired\":true,\"valueName\":\"search_term_string\"}}],\"inLanguage\":\"en-US\"},{\"@type\":\"Organization\",\"@id\":\"https:\/\/mystictemple.cz\/#organization\",\"name\":\"Mystic Temple\",\"url\":\"https:\/\/mystictemple.cz\/\",\"logo\":{\"@type\":\"ImageObject\",\"inLanguage\":\"en-US\",\"@id\":\"https:\/\/mystictemple.cz\/#\/schema\/logo\/image\/\",\"url\":\"https:\/\/mystictemple.cz\/wp-content\/uploads\/2024\/02\/logo_temple_transparentni-2.png\",\"contentUrl\":\"https:\/\/mystictemple.cz\/wp-content\/uploads\/2024\/02\/logo_temple_transparentni-2.png\",\"width\":781,\"height\":586,\"caption\":\"Mystic Temple\"},\"image\":{\"@id\":\"https:\/\/mystictemple.cz\/#\/schema\/logo\/image\/\"}}]}<\/script>\n<!-- \/ Yoast SEO plugin. -->","yoast_head_json":{"title":"Mas\u00e1\u017e zad Dark Side of Moon | Thajsk\u00e9 mas\u00e1\u017ee - Mystic Temple","description":"Vyzkou\u0161ejte thajskou mas\u00e1\u017e zad Dark Side of Moon. Odbour\u00e1v\u00e1 blokace a tenze v cel\u00e9 oblasti zad, \u0161\u00edje i ramen. Luxusn\u00ed mas\u00e1\u017ee v centru Prahy \u2728","robots":{"index":"index","follow":"follow","max-snippet":"max-snippet:-1","max-image-preview":"max-image-preview:large","max-video-preview":"max-video-preview:-1"},"canonical":"https:\/\/mystictemple.cz\/en\/product\/dark-side-of-the-moon\/","og_locale":"en_US","og_type":"article","og_title":"Mas\u00e1\u017e zad Dark Side of Moon | Thajsk\u00e9 mas\u00e1\u017ee - Mystic Temple","og_description":"Vyzkou\u0161ejte thajskou mas\u00e1\u017e zad Dark Side of Moon. Odbour\u00e1v\u00e1 blokace a tenze v cel\u00e9 oblasti zad, \u0161\u00edje i ramen. Luxusn\u00ed mas\u00e1\u017ee v centru Prahy \u2728","og_url":"https:\/\/mystictemple.cz\/en\/product\/dark-side-of-the-moon\/","og_site_name":"Mystic Temple","article_modified_time":"2025-07-28T09:39:48+00:00","og_image":[{"width":500,"height":300,"url":"https:\/\/mystictemple.cz\/wp-content\/uploads\/2024\/07\/sluzby_dark_side_of_the_moon.jpg","type":"image\/jpeg"}],"twitter_card":"summary_large_image","twitter_misc":{"Est. reading time":"1 minute"},"schema":{"@context":"https:\/\/schema.org","@graph":[{"@type":"WebPage","@id":"https:\/\/mystictemple.cz\/product\/dark-side-of-the-moon\/","url":"https:\/\/mystictemple.cz\/product\/dark-side-of-the-moon\/","name":"Mas\u00e1\u017e zad Dark Side of Moon | Thajsk\u00e9 mas\u00e1\u017ee - Mystic Temple","isPartOf":{"@id":"https:\/\/mystictemple.cz\/#website"},"primaryImageOfPage":{"@id":"https:\/\/mystictemple.cz\/product\/dark-side-of-the-moon\/#primaryimage"},"image":{"@id":"https:\/\/mystictemple.cz\/product\/dark-side-of-the-moon\/#primaryimage"},"thumbnailUrl":"https:\/\/mystictemple.cz\/wp-content\/uploads\/2024\/07\/sluzby_dark_side_of_the_moon.jpg","datePublished":"2024-07-30T10:51:48+00:00","dateModified":"2025-07-28T09:39:48+00:00","description":"Vyzkou\u0161ejte thajskou mas\u00e1\u017e zad Dark Side of Moon. Odbour\u00e1v\u00e1 blokace a tenze v cel\u00e9 oblasti zad, \u0161\u00edje i ramen. Luxusn\u00ed mas\u00e1\u017ee v centru Prahy \u2728","breadcrumb":{"@id":"https:\/\/mystictemple.cz\/product\/dark-side-of-the-moon\/#breadcrumb"},"inLanguage":"en-US","potentialAction":[{"@type":"ReadAction","target":["https:\/\/mystictemple.cz\/product\/dark-side-of-the-moon\/"]}]},{"@type":"ImageObject","inLanguage":"en-US","@id":"https:\/\/mystictemple.cz\/product\/dark-side-of-the-moon\/#primaryimage","url":"https:\/\/mystictemple.cz\/wp-content\/uploads\/2024\/07\/sluzby_dark_side_of_the_moon.jpg","contentUrl":"https:\/\/mystictemple.cz\/wp-content\/uploads\/2024\/07\/sluzby_dark_side_of_the_moon.jpg","width":500,"height":300,"caption":"Mas\u00e1\u017e zad Dark Side of Moon"},{"@type":"BreadcrumbList","@id":"https:\/\/mystictemple.cz\/product\/dark-side-of-the-moon\/#breadcrumb","itemListElement":[{"@type":"ListItem","position":1,"name":"Dom\u016f","item":"https:\/\/mystictemple.cz\/"},{"@type":"ListItem","position":2,"name":"Produkty","item":"https:\/\/mystictemple.cz\/shop\/"},{"@type":"ListItem","position":3,"name":"Dark side of the Moon"}]},{"@type":"WebSite","@id":"https:\/\/mystictemple.cz\/#website","url":"https:\/\/mystictemple.cz\/","name":"Mystic Temple","description":"Mystic Temple je mas\u00e1\u017en\u00ed salon v centru Prahy, kter\u00fd nab\u00edz\u00ed \u0161irokou \u0161k\u00e1lu relaxa\u010dn\u00edch a terapeutick\u00fdch mas\u00e1\u017e\u00ed. Na na\u0161em webu si m\u016f\u017eete snadno vybrat mas\u00e1\u017e, vlo\u017eit ji do ko\u0161\u00edku, zaplatit online a ihned obdr\u017eet d\u00e1rkov\u00fd voucher s unik\u00e1tn\u00edm k\u00f3dem. Voucher pak m\u016f\u017eete uplatnit p\u0159\u00edmo na recepci salonu. Rezervace je mo\u017en\u00e1 telefonicky nebo online. Otev\u0159eno m\u00e1me denn\u011b od 9:00 do 21:00.","publisher":{"@id":"https:\/\/mystictemple.cz\/#organization"},"potentialAction":[{"@type":"SearchAction","target":{"@type":"EntryPoint","urlTemplate":"https:\/\/mystictemple.cz\/?s={search_term_string}"},"query-input":{"@type":"PropertyValueSpecification","valueRequired":true,"valueName":"search_term_string"}}],"inLanguage":"en-US"},{"@type":"Organization","@id":"https:\/\/mystictemple.cz\/#organization","name":"Mystic Temple","url":"https:\/\/mystictemple.cz\/","logo":{"@type":"ImageObject","inLanguage":"en-US","@id":"https:\/\/mystictemple.cz\/#\/schema\/logo\/image\/","url":"https:\/\/mystictemple.cz\/wp-content\/uploads\/2024\/02\/logo_temple_transparentni-2.png","contentUrl":"https:\/\/mystictemple.cz\/wp-content\/uploads\/2024\/02\/logo_temple_transparentni-2.png","width":781,"height":586,"caption":"Mystic Temple"},"image":{"@id":"https:\/\/mystictemple.cz\/#\/schema\/logo\/image\/"}}]}},"_links":{"self":[{"href":"https:\/\/mystictemple.cz\/en\/wp-json\/wp\/v2\/product\/432","targetHints":{"allow":["GET"]}}],"collection":[{"href":"https:\/\/mystictemple.cz\/en\/wp-json\/wp\/v2\/product"}],"about":[{"href":"https:\/\/mystictemple.cz\/en\/wp-json\/wp\/v2\/types\/product"}],"wp:featuredmedia":[{"embeddable":true,"href":"https:\/\/mystictemple.cz\/en\/wp-json\/wp\/v2\/media\/436"}],"wp:attachment":[{"href":"https:\/\/mystictemple.cz\/en\/wp-json\/wp\/v2\/media?parent=432"}],"wp:term":[{"taxonomy":"product_brand","embeddable":true,"href":"https:\/\/mystictemple.cz\/en\/wp-json\/wp\/v2\/product_brand?post=432"},{"taxonomy":"product_cat","embeddable":true,"href":"https:\/\/mystictemple.cz\/en\/wp-json\/wp\/v2\/product_cat?post=432"},{"taxonomy":"product_tag","embeddable":true,"href":"https:\/\/mystictemple.cz\/en\/wp-json\/wp\/v2\/product_tag?post=432"}],"curies":[{"name":"wp","href":"https:\/\/api.w.org\/{rel}","templated":true}]}}