{"id":402,"date":"2024-07-30T07:22:51","date_gmt":"2024-07-30T07:22:51","guid":{"rendered":"https:\/\/mystictemple.cz\/?post_type=product&#038;p=402"},"modified":"2025-07-28T09:40:44","modified_gmt":"2025-07-28T09:40:44","slug":"queens-park","status":"publish","type":"product","link":"https:\/\/mystictemple.cz\/en\/product\/queens-park\/","title":{"rendered":"Queen\u2019s Park"},"content":{"rendered":"<div class=\"av-special-heading av-klzipmcz-4d8d8cc711ce463d06747ab53575e08b av-special-heading-h1 custom-color-heading blockquote modern-quote avia-builder-el-1 el_after_av_gallery el_before_av_textblock av-linked-heading\">\n<h1 class=\"av-special-heading-tag\">OIL AROMA MASSAGE QUEEN'S PARK<\/h1>\n<\/div>\n<section class=\"av_textblock_section av-klzi6ao8-9e07dd3021b0e1b8af216e0b926c63ac\">\n<div class=\"avia_textblock\">\n<h2>HARMONIOUS OIL AROMA MASSAGE WITH AROMATHERAPY<\/h2>\n<p class=\"translation-block\">During this harmonious aroma massage, <strong>we use warmed oil, with its essence selected according to the season or your preference<\/strong>. The oils are purely natural and rare, with a typical selection including extracts of lavender, rosewood, eucalyptus, and peppermint.<\/p>\n<p class=\"translation-block\">Queen's Park is an <strong>acupressure massage combined with reflexology, complemented by the inhalation of fragrant oils<\/strong> made from red orange, sandalwood, and jasmine essences, using aroma lamps. This type of therapy is focused on calming and achieving a state of harmony for the mind (inhalation) and body (massage techniques).<\/p>\n<p>It was the most popular type of Thai massage at the Chinese and Japanese imperial courts. Currently, it is the most popular massage at our salon.<\/p>\n<\/div>\n<\/section>","protected":false},"excerpt":{"rendered":"<p>A revitalising aromatherapy massage enriched with acupressure and reflexology and complemented by the inhalation of fragrant oils with scents of blood orange, sandalwood and jasmine.<\/p>","protected":false},"featured_media":407,"template":"","meta":[],"product_brand":[],"product_cat":[26],"product_tag":[],"class_list":{"0":"post-402","1":"product","2":"type-product","3":"status-publish","4":"has-post-thumbnail","6":"product_cat-thajske-masaze","8":"first","9":"instock","10":"featured","11":"sold-individually","12":"taxable","13":"shipping-taxable","14":"purchasable","15":"product-type-variable"},"yoast_head":"<!-- This site is optimized with the Yoast SEO plugin v27.1.1 - https:\/\/yoast.com\/product\/yoast-seo-wordpress\/ -->\n<title>Olejov\u00e1 aroma mas\u00e1\u017e Queen&#039;s Park - Mystic Temple<\/title>\n<meta name=\"description\" content=\"Queen&#039;s Park je olejov\u00e1 aroma mas\u00e1\u017e oh\u0159\u00e1t\u00fdm olejem s aroma esenc\u00ed dle ro\u010dn\u00edho obdob\u00ed. Vyzkou\u0161ejte kvalitn\u00ed mas\u00e1\u017e ve studiu Mystic Temple. \u27b0\" \/>\n<meta name=\"robots\" content=\"index, follow, max-snippet:-1, max-image-preview:large, max-video-preview:-1\" \/>\n<link rel=\"canonical\" href=\"https:\/\/mystictemple.cz\/en\/product\/queens-park\/\" \/>\n<meta property=\"og:locale\" content=\"en_US\" \/>\n<meta property=\"og:type\" content=\"article\" \/>\n<meta property=\"og:title\" content=\"Olejov\u00e1 aroma mas\u00e1\u017e Queen&#039;s Park - Mystic Temple\" \/>\n<meta property=\"og:description\" content=\"Queen&#039;s Park je olejov\u00e1 aroma mas\u00e1\u017e oh\u0159\u00e1t\u00fdm olejem s aroma esenc\u00ed dle ro\u010dn\u00edho obdob\u00ed. Vyzkou\u0161ejte kvalitn\u00ed mas\u00e1\u017e ve studiu Mystic Temple. \u27b0\" \/>\n<meta property=\"og:url\" content=\"https:\/\/mystictemple.cz\/en\/product\/queens-park\/\" \/>\n<meta property=\"og:site_name\" content=\"Mystic Temple\" \/>\n<meta property=\"article:modified_time\" content=\"2025-07-28T09:40:44+00:00\" \/>\n<meta property=\"og:image\" content=\"https:\/\/mystictemple.cz\/wp-content\/uploads\/2024\/07\/sluzby_queens.jpg\" \/>\n\t<meta property=\"og:image:width\" content=\"500\" \/>\n\t<meta property=\"og:image:height\" content=\"300\" \/>\n\t<meta property=\"og:image:type\" content=\"image\/jpeg\" \/>\n<meta name=\"twitter:card\" content=\"summary_large_image\" \/>\n<meta name=\"twitter:label1\" content=\"Est. reading time\" \/>\n\t<meta name=\"twitter:data1\" content=\"1 minute\" \/>\n<script type=\"application\/ld+json\" class=\"yoast-schema-graph\">{\"@context\":\"https:\/\/schema.org\",\"@graph\":[{\"@type\":\"WebPage\",\"@id\":\"https:\/\/mystictemple.cz\/product\/queens-park\/\",\"url\":\"https:\/\/mystictemple.cz\/product\/queens-park\/\",\"name\":\"Olejov\u00e1 aroma mas\u00e1\u017e Queen's Park - Mystic Temple\",\"isPartOf\":{\"@id\":\"https:\/\/mystictemple.cz\/#website\"},\"primaryImageOfPage\":{\"@id\":\"https:\/\/mystictemple.cz\/product\/queens-park\/#primaryimage\"},\"image\":{\"@id\":\"https:\/\/mystictemple.cz\/product\/queens-park\/#primaryimage\"},\"thumbnailUrl\":\"https:\/\/mystictemple.cz\/wp-content\/uploads\/2024\/07\/sluzby_queens.jpg\",\"datePublished\":\"2024-07-30T07:22:51+00:00\",\"dateModified\":\"2025-07-28T09:40:44+00:00\",\"description\":\"Queen's Park je olejov\u00e1 aroma mas\u00e1\u017e oh\u0159\u00e1t\u00fdm olejem s aroma esenc\u00ed dle ro\u010dn\u00edho obdob\u00ed. Vyzkou\u0161ejte kvalitn\u00ed mas\u00e1\u017e ve studiu Mystic Temple. \u27b0\",\"breadcrumb\":{\"@id\":\"https:\/\/mystictemple.cz\/product\/queens-park\/#breadcrumb\"},\"inLanguage\":\"en-US\",\"potentialAction\":[{\"@type\":\"ReadAction\",\"target\":[\"https:\/\/mystictemple.cz\/product\/queens-park\/\"]}]},{\"@type\":\"ImageObject\",\"inLanguage\":\"en-US\",\"@id\":\"https:\/\/mystictemple.cz\/product\/queens-park\/#primaryimage\",\"url\":\"https:\/\/mystictemple.cz\/wp-content\/uploads\/2024\/07\/sluzby_queens.jpg\",\"contentUrl\":\"https:\/\/mystictemple.cz\/wp-content\/uploads\/2024\/07\/sluzby_queens.jpg\",\"width\":500,\"height\":300,\"caption\":\"Olejov\u00e1 aroma mas\u00e1\u017e Queen\u00b4s Park\"},{\"@type\":\"BreadcrumbList\",\"@id\":\"https:\/\/mystictemple.cz\/product\/queens-park\/#breadcrumb\",\"itemListElement\":[{\"@type\":\"ListItem\",\"position\":1,\"name\":\"Dom\u016f\",\"item\":\"https:\/\/mystictemple.cz\/\"},{\"@type\":\"ListItem\",\"position\":2,\"name\":\"Produkty\",\"item\":\"https:\/\/mystictemple.cz\/shop\/\"},{\"@type\":\"ListItem\",\"position\":3,\"name\":\"Queen\u2019s Park\"}]},{\"@type\":\"WebSite\",\"@id\":\"https:\/\/mystictemple.cz\/#website\",\"url\":\"https:\/\/mystictemple.cz\/\",\"name\":\"Mystic Temple\",\"description\":\"Mystic Temple je mas\u00e1\u017en\u00ed salon v centru Prahy, kter\u00fd nab\u00edz\u00ed \u0161irokou \u0161k\u00e1lu relaxa\u010dn\u00edch a terapeutick\u00fdch mas\u00e1\u017e\u00ed. Na na\u0161em webu si m\u016f\u017eete snadno vybrat mas\u00e1\u017e, vlo\u017eit ji do ko\u0161\u00edku, zaplatit online a ihned obdr\u017eet d\u00e1rkov\u00fd voucher s unik\u00e1tn\u00edm k\u00f3dem. Voucher pak m\u016f\u017eete uplatnit p\u0159\u00edmo na recepci salonu. Rezervace je mo\u017en\u00e1 telefonicky nebo online. Otev\u0159eno m\u00e1me denn\u011b od 9:00 do 21:00.\",\"publisher\":{\"@id\":\"https:\/\/mystictemple.cz\/#organization\"},\"potentialAction\":[{\"@type\":\"SearchAction\",\"target\":{\"@type\":\"EntryPoint\",\"urlTemplate\":\"https:\/\/mystictemple.cz\/?s={search_term_string}\"},\"query-input\":{\"@type\":\"PropertyValueSpecification\",\"valueRequired\":true,\"valueName\":\"search_term_string\"}}],\"inLanguage\":\"en-US\"},{\"@type\":\"Organization\",\"@id\":\"https:\/\/mystictemple.cz\/#organization\",\"name\":\"Mystic Temple\",\"url\":\"https:\/\/mystictemple.cz\/\",\"logo\":{\"@type\":\"ImageObject\",\"inLanguage\":\"en-US\",\"@id\":\"https:\/\/mystictemple.cz\/#\/schema\/logo\/image\/\",\"url\":\"https:\/\/mystictemple.cz\/wp-content\/uploads\/2024\/02\/logo_temple_transparentni-2.png\",\"contentUrl\":\"https:\/\/mystictemple.cz\/wp-content\/uploads\/2024\/02\/logo_temple_transparentni-2.png\",\"width\":781,\"height\":586,\"caption\":\"Mystic Temple\"},\"image\":{\"@id\":\"https:\/\/mystictemple.cz\/#\/schema\/logo\/image\/\"}}]}<\/script>\n<!-- \/ Yoast SEO plugin. -->","yoast_head_json":{"title":"Olejov\u00e1 aroma mas\u00e1\u017e Queen's Park - Mystic Temple","description":"Queen's Park je olejov\u00e1 aroma mas\u00e1\u017e oh\u0159\u00e1t\u00fdm olejem s aroma esenc\u00ed dle ro\u010dn\u00edho obdob\u00ed. Vyzkou\u0161ejte kvalitn\u00ed mas\u00e1\u017e ve studiu Mystic Temple. \u27b0","robots":{"index":"index","follow":"follow","max-snippet":"max-snippet:-1","max-image-preview":"max-image-preview:large","max-video-preview":"max-video-preview:-1"},"canonical":"https:\/\/mystictemple.cz\/en\/product\/queens-park\/","og_locale":"en_US","og_type":"article","og_title":"Olejov\u00e1 aroma mas\u00e1\u017e Queen's Park - Mystic Temple","og_description":"Queen's Park je olejov\u00e1 aroma mas\u00e1\u017e oh\u0159\u00e1t\u00fdm olejem s aroma esenc\u00ed dle ro\u010dn\u00edho obdob\u00ed. Vyzkou\u0161ejte kvalitn\u00ed mas\u00e1\u017e ve studiu Mystic Temple. \u27b0","og_url":"https:\/\/mystictemple.cz\/en\/product\/queens-park\/","og_site_name":"Mystic Temple","article_modified_time":"2025-07-28T09:40:44+00:00","og_image":[{"width":500,"height":300,"url":"https:\/\/mystictemple.cz\/wp-content\/uploads\/2024\/07\/sluzby_queens.jpg","type":"image\/jpeg"}],"twitter_card":"summary_large_image","twitter_misc":{"Est. reading time":"1 minute"},"schema":{"@context":"https:\/\/schema.org","@graph":[{"@type":"WebPage","@id":"https:\/\/mystictemple.cz\/product\/queens-park\/","url":"https:\/\/mystictemple.cz\/product\/queens-park\/","name":"Olejov\u00e1 aroma mas\u00e1\u017e Queen's Park - Mystic Temple","isPartOf":{"@id":"https:\/\/mystictemple.cz\/#website"},"primaryImageOfPage":{"@id":"https:\/\/mystictemple.cz\/product\/queens-park\/#primaryimage"},"image":{"@id":"https:\/\/mystictemple.cz\/product\/queens-park\/#primaryimage"},"thumbnailUrl":"https:\/\/mystictemple.cz\/wp-content\/uploads\/2024\/07\/sluzby_queens.jpg","datePublished":"2024-07-30T07:22:51+00:00","dateModified":"2025-07-28T09:40:44+00:00","description":"Queen's Park je olejov\u00e1 aroma mas\u00e1\u017e oh\u0159\u00e1t\u00fdm olejem s aroma esenc\u00ed dle ro\u010dn\u00edho obdob\u00ed. Vyzkou\u0161ejte kvalitn\u00ed mas\u00e1\u017e ve studiu Mystic Temple. \u27b0","breadcrumb":{"@id":"https:\/\/mystictemple.cz\/product\/queens-park\/#breadcrumb"},"inLanguage":"en-US","potentialAction":[{"@type":"ReadAction","target":["https:\/\/mystictemple.cz\/product\/queens-park\/"]}]},{"@type":"ImageObject","inLanguage":"en-US","@id":"https:\/\/mystictemple.cz\/product\/queens-park\/#primaryimage","url":"https:\/\/mystictemple.cz\/wp-content\/uploads\/2024\/07\/sluzby_queens.jpg","contentUrl":"https:\/\/mystictemple.cz\/wp-content\/uploads\/2024\/07\/sluzby_queens.jpg","width":500,"height":300,"caption":"Olejov\u00e1 aroma mas\u00e1\u017e Queen\u00b4s Park"},{"@type":"BreadcrumbList","@id":"https:\/\/mystictemple.cz\/product\/queens-park\/#breadcrumb","itemListElement":[{"@type":"ListItem","position":1,"name":"Dom\u016f","item":"https:\/\/mystictemple.cz\/"},{"@type":"ListItem","position":2,"name":"Produkty","item":"https:\/\/mystictemple.cz\/shop\/"},{"@type":"ListItem","position":3,"name":"Queen\u2019s Park"}]},{"@type":"WebSite","@id":"https:\/\/mystictemple.cz\/#website","url":"https:\/\/mystictemple.cz\/","name":"Mystic Temple","description":"Mystic Temple je mas\u00e1\u017en\u00ed salon v centru Prahy, kter\u00fd nab\u00edz\u00ed \u0161irokou \u0161k\u00e1lu relaxa\u010dn\u00edch a terapeutick\u00fdch mas\u00e1\u017e\u00ed. Na na\u0161em webu si m\u016f\u017eete snadno vybrat mas\u00e1\u017e, vlo\u017eit ji do ko\u0161\u00edku, zaplatit online a ihned obdr\u017eet d\u00e1rkov\u00fd voucher s unik\u00e1tn\u00edm k\u00f3dem. Voucher pak m\u016f\u017eete uplatnit p\u0159\u00edmo na recepci salonu. Rezervace je mo\u017en\u00e1 telefonicky nebo online. Otev\u0159eno m\u00e1me denn\u011b od 9:00 do 21:00.","publisher":{"@id":"https:\/\/mystictemple.cz\/#organization"},"potentialAction":[{"@type":"SearchAction","target":{"@type":"EntryPoint","urlTemplate":"https:\/\/mystictemple.cz\/?s={search_term_string}"},"query-input":{"@type":"PropertyValueSpecification","valueRequired":true,"valueName":"search_term_string"}}],"inLanguage":"en-US"},{"@type":"Organization","@id":"https:\/\/mystictemple.cz\/#organization","name":"Mystic Temple","url":"https:\/\/mystictemple.cz\/","logo":{"@type":"ImageObject","inLanguage":"en-US","@id":"https:\/\/mystictemple.cz\/#\/schema\/logo\/image\/","url":"https:\/\/mystictemple.cz\/wp-content\/uploads\/2024\/02\/logo_temple_transparentni-2.png","contentUrl":"https:\/\/mystictemple.cz\/wp-content\/uploads\/2024\/02\/logo_temple_transparentni-2.png","width":781,"height":586,"caption":"Mystic Temple"},"image":{"@id":"https:\/\/mystictemple.cz\/#\/schema\/logo\/image\/"}}]}},"_links":{"self":[{"href":"https:\/\/mystictemple.cz\/en\/wp-json\/wp\/v2\/product\/402","targetHints":{"allow":["GET"]}}],"collection":[{"href":"https:\/\/mystictemple.cz\/en\/wp-json\/wp\/v2\/product"}],"about":[{"href":"https:\/\/mystictemple.cz\/en\/wp-json\/wp\/v2\/types\/product"}],"wp:featuredmedia":[{"embeddable":true,"href":"https:\/\/mystictemple.cz\/en\/wp-json\/wp\/v2\/media\/407"}],"wp:attachment":[{"href":"https:\/\/mystictemple.cz\/en\/wp-json\/wp\/v2\/media?parent=402"}],"wp:term":[{"taxonomy":"product_brand","embeddable":true,"href":"https:\/\/mystictemple.cz\/en\/wp-json\/wp\/v2\/product_brand?post=402"},{"taxonomy":"product_cat","embeddable":true,"href":"https:\/\/mystictemple.cz\/en\/wp-json\/wp\/v2\/product_cat?post=402"},{"taxonomy":"product_tag","embeddable":true,"href":"https:\/\/mystictemple.cz\/en\/wp-json\/wp\/v2\/product_tag?post=402"}],"curies":[{"name":"wp","href":"https:\/\/api.w.org\/{rel}","templated":true}]}}