{"id":262,"date":"2024-05-16T11:28:53","date_gmt":"2024-05-16T11:28:53","guid":{"rendered":"https:\/\/mystictemple.cz\/?post_type=product&#038;p=262"},"modified":"2025-07-28T09:49:43","modified_gmt":"2025-07-28T09:49:43","slug":"dragon-stones","status":"publish","type":"product","link":"https:\/\/mystictemple.cz\/en\/product\/dragon-stones\/","title":{"rendered":"Dragon stones"},"content":{"rendered":"<div class=\"av-special-heading av-zfhu-f21bf931fd26fe719ed95fb19f126357 av-special-heading-h1 custom-color-heading blockquote modern-quote avia-builder-el-2 el_after_av_gallery el_before_av_textblock\">\n<div class=\"av-special-heading av-33vmnt-e6d0ec5e90ed7d86c04facb2a52143f9 av-special-heading-h1 custom-color-heading blockquote modern-quote avia-builder-el-2 el_after_av_gallery el_before_av_textblock\">\n<h1 class=\"av-special-heading-tag\">DRAGON STONES<\/h1>\n<\/div>\n<section class=\"av_textblock_section av-jtfnojnb-eab8df139f5c5775eed94ab00d64c14a\">\n<div class=\"avia_textblock\">\n<h2 class=\"translation-block\">MASSAGE THERAPY WITH WARMED <b>DRAGON STONES<\/b><\/h2>\n<p class=\"translation-block\">It is an ancient, mythical Chinese massage. <strong>This therapy uses 53 smooth lava (dragon) stones<\/strong>, which are heated in a water bath and then applied warm to the body. At the same time, a massage of the individual parts of the body is carried out with hot oil and two of the largest stones, which are held in the palm of the hand.<\/p>\n<p class=\"translation-block\">For the massage, we use <strong>oils with essences of jasmine, sandalwood, and lime<\/strong>. The heat throughout the procedure penetrates deeply into the body, causing complete relaxation and charging the body with the strength of the dragon. The dragon stone massage is one of the most popular treatments in our salon.<\/p>\n<p class=\"translation-block\">It is possible to offer various combinations of classic massage combined with a massage using hot <b>dragon stones<\/b>. The massage can also be performed for two people simultaneously in one room.<\/p>\n<h2>Interesting Facts about Lava Stones (Dragon Stones)<\/h2>\n<p>Dragon stones support life energy, strength, create warmth, and a sense of safety. From a psychological perspective, they have a positive impact on self-confidence and courage, connecting us with nature.<\/p>\n<p>They also have a unique effect in removing negative energy and reducing stress. They calm emotions and awaken enthusiasm for life.<\/p>\n<\/div>\n<\/section>\n<\/div>","protected":false},"excerpt":{"rendered":"<p>This ancient Chinese therapy uses smooth lava stones, which are heated in a water bath and then applied to the body while warm. At the same time, a massage of individual body parts is performed with hot oil infused with jasmine essence and the two largest stones.<\/p>","protected":false},"featured_media":267,"template":"","meta":[],"product_brand":[],"product_cat":[29],"product_tag":[],"class_list":{"0":"post-262","1":"product","2":"type-product","3":"status-publish","4":"has-post-thumbnail","6":"product_cat-ostatni-masaze","8":"first","9":"instock","10":"sold-individually","11":"taxable","12":"shipping-taxable","13":"purchasable","14":"product-type-variable"},"yoast_head":"<!-- This site is optimized with the Yoast SEO plugin v27.1.1 - https:\/\/yoast.com\/product\/yoast-seo-wordpress\/ -->\n<title>Mas\u00e1\u017e l\u00e1vov\u00fdmi kameny | Dra\u010d\u00ed kameny<\/title>\n<meta name=\"description\" content=\"Dra\u010d\u00ed kameny se nah\u0159\u00edvaj\u00ed v parn\u00ed l\u00e1zni. \u26a1 Teplo z nich prostoup\u00ed hluboko do t\u011bla, a tak dojde k okam\u017eit\u00e9mu uvoln\u011bn\u00ed organismu.\" \/>\n<meta name=\"robots\" content=\"index, follow, max-snippet:-1, max-image-preview:large, max-video-preview:-1\" \/>\n<link rel=\"canonical\" href=\"https:\/\/mystictemple.cz\/en\/product\/dragon-stones\/\" \/>\n<meta property=\"og:locale\" content=\"en_US\" \/>\n<meta property=\"og:type\" content=\"article\" \/>\n<meta property=\"og:title\" content=\"Mas\u00e1\u017e l\u00e1vov\u00fdmi kameny | Dra\u010d\u00ed kameny\" \/>\n<meta property=\"og:description\" content=\"Dra\u010d\u00ed kameny se nah\u0159\u00edvaj\u00ed v parn\u00ed l\u00e1zni. \u26a1 Teplo z nich prostoup\u00ed hluboko do t\u011bla, a tak dojde k okam\u017eit\u00e9mu uvoln\u011bn\u00ed organismu.\" \/>\n<meta property=\"og:url\" content=\"https:\/\/mystictemple.cz\/en\/product\/dragon-stones\/\" \/>\n<meta property=\"og:site_name\" content=\"Mystic Temple\" \/>\n<meta property=\"article:modified_time\" content=\"2025-07-28T09:49:43+00:00\" \/>\n<meta property=\"og:image\" content=\"https:\/\/mystictemple.cz\/wp-content\/uploads\/2024\/05\/ds-front-1.jpg\" \/>\n\t<meta property=\"og:image:width\" content=\"500\" \/>\n\t<meta property=\"og:image:height\" content=\"300\" \/>\n\t<meta property=\"og:image:type\" content=\"image\/jpeg\" \/>\n<meta name=\"twitter:card\" content=\"summary_large_image\" \/>\n<meta name=\"twitter:label1\" content=\"Est. reading time\" \/>\n\t<meta name=\"twitter:data1\" content=\"2 minutes\" \/>\n<script type=\"application\/ld+json\" class=\"yoast-schema-graph\">{\"@context\":\"https:\/\/schema.org\",\"@graph\":[{\"@type\":\"WebPage\",\"@id\":\"https:\/\/mystictemple.cz\/product\/dragon-stones\/\",\"url\":\"https:\/\/mystictemple.cz\/product\/dragon-stones\/\",\"name\":\"Mas\u00e1\u017e l\u00e1vov\u00fdmi kameny | Dra\u010d\u00ed kameny\",\"isPartOf\":{\"@id\":\"https:\/\/mystictemple.cz\/#website\"},\"primaryImageOfPage\":{\"@id\":\"https:\/\/mystictemple.cz\/product\/dragon-stones\/#primaryimage\"},\"image\":{\"@id\":\"https:\/\/mystictemple.cz\/product\/dragon-stones\/#primaryimage\"},\"thumbnailUrl\":\"https:\/\/mystictemple.cz\/wp-content\/uploads\/2024\/05\/ds-front-1.jpg\",\"datePublished\":\"2024-05-16T11:28:53+00:00\",\"dateModified\":\"2025-07-28T09:49:43+00:00\",\"description\":\"Dra\u010d\u00ed kameny se nah\u0159\u00edvaj\u00ed v parn\u00ed l\u00e1zni. \u26a1 Teplo z nich prostoup\u00ed hluboko do t\u011bla, a tak dojde k okam\u017eit\u00e9mu uvoln\u011bn\u00ed organismu.\",\"breadcrumb\":{\"@id\":\"https:\/\/mystictemple.cz\/product\/dragon-stones\/#breadcrumb\"},\"inLanguage\":\"en-US\",\"potentialAction\":[{\"@type\":\"ReadAction\",\"target\":[\"https:\/\/mystictemple.cz\/product\/dragon-stones\/\"]}]},{\"@type\":\"ImageObject\",\"inLanguage\":\"en-US\",\"@id\":\"https:\/\/mystictemple.cz\/product\/dragon-stones\/#primaryimage\",\"url\":\"https:\/\/mystictemple.cz\/wp-content\/uploads\/2024\/05\/ds-front-1.jpg\",\"contentUrl\":\"https:\/\/mystictemple.cz\/wp-content\/uploads\/2024\/05\/ds-front-1.jpg\",\"width\":500,\"height\":300,\"caption\":\"Mas\u00e1\u017e dra\u010d\u00edmi kameny Dragon Stones\"},{\"@type\":\"BreadcrumbList\",\"@id\":\"https:\/\/mystictemple.cz\/product\/dragon-stones\/#breadcrumb\",\"itemListElement\":[{\"@type\":\"ListItem\",\"position\":1,\"name\":\"Dom\u016f\",\"item\":\"https:\/\/mystictemple.cz\/\"},{\"@type\":\"ListItem\",\"position\":2,\"name\":\"Produkty\",\"item\":\"https:\/\/mystictemple.cz\/shop\/\"},{\"@type\":\"ListItem\",\"position\":3,\"name\":\"Dragon stones\"}]},{\"@type\":\"WebSite\",\"@id\":\"https:\/\/mystictemple.cz\/#website\",\"url\":\"https:\/\/mystictemple.cz\/\",\"name\":\"Mystic Temple\",\"description\":\"Mystic Temple je mas\u00e1\u017en\u00ed salon v centru Prahy, kter\u00fd nab\u00edz\u00ed \u0161irokou \u0161k\u00e1lu relaxa\u010dn\u00edch a terapeutick\u00fdch mas\u00e1\u017e\u00ed. Na na\u0161em webu si m\u016f\u017eete snadno vybrat mas\u00e1\u017e, vlo\u017eit ji do ko\u0161\u00edku, zaplatit online a ihned obdr\u017eet d\u00e1rkov\u00fd voucher s unik\u00e1tn\u00edm k\u00f3dem. Voucher pak m\u016f\u017eete uplatnit p\u0159\u00edmo na recepci salonu. Rezervace je mo\u017en\u00e1 telefonicky nebo online. Otev\u0159eno m\u00e1me denn\u011b od 9:00 do 21:00.\",\"publisher\":{\"@id\":\"https:\/\/mystictemple.cz\/#organization\"},\"potentialAction\":[{\"@type\":\"SearchAction\",\"target\":{\"@type\":\"EntryPoint\",\"urlTemplate\":\"https:\/\/mystictemple.cz\/?s={search_term_string}\"},\"query-input\":{\"@type\":\"PropertyValueSpecification\",\"valueRequired\":true,\"valueName\":\"search_term_string\"}}],\"inLanguage\":\"en-US\"},{\"@type\":\"Organization\",\"@id\":\"https:\/\/mystictemple.cz\/#organization\",\"name\":\"Mystic Temple\",\"url\":\"https:\/\/mystictemple.cz\/\",\"logo\":{\"@type\":\"ImageObject\",\"inLanguage\":\"en-US\",\"@id\":\"https:\/\/mystictemple.cz\/#\/schema\/logo\/image\/\",\"url\":\"https:\/\/mystictemple.cz\/wp-content\/uploads\/2024\/02\/logo_temple_transparentni-2.png\",\"contentUrl\":\"https:\/\/mystictemple.cz\/wp-content\/uploads\/2024\/02\/logo_temple_transparentni-2.png\",\"width\":781,\"height\":586,\"caption\":\"Mystic Temple\"},\"image\":{\"@id\":\"https:\/\/mystictemple.cz\/#\/schema\/logo\/image\/\"}}]}<\/script>\n<!-- \/ Yoast SEO plugin. -->","yoast_head_json":{"title":"Mas\u00e1\u017e l\u00e1vov\u00fdmi kameny | Dra\u010d\u00ed kameny","description":"Dra\u010d\u00ed kameny se nah\u0159\u00edvaj\u00ed v parn\u00ed l\u00e1zni. \u26a1 Teplo z nich prostoup\u00ed hluboko do t\u011bla, a tak dojde k okam\u017eit\u00e9mu uvoln\u011bn\u00ed organismu.","robots":{"index":"index","follow":"follow","max-snippet":"max-snippet:-1","max-image-preview":"max-image-preview:large","max-video-preview":"max-video-preview:-1"},"canonical":"https:\/\/mystictemple.cz\/en\/product\/dragon-stones\/","og_locale":"en_US","og_type":"article","og_title":"Mas\u00e1\u017e l\u00e1vov\u00fdmi kameny | Dra\u010d\u00ed kameny","og_description":"Dra\u010d\u00ed kameny se nah\u0159\u00edvaj\u00ed v parn\u00ed l\u00e1zni. \u26a1 Teplo z nich prostoup\u00ed hluboko do t\u011bla, a tak dojde k okam\u017eit\u00e9mu uvoln\u011bn\u00ed organismu.","og_url":"https:\/\/mystictemple.cz\/en\/product\/dragon-stones\/","og_site_name":"Mystic Temple","article_modified_time":"2025-07-28T09:49:43+00:00","og_image":[{"width":500,"height":300,"url":"https:\/\/mystictemple.cz\/wp-content\/uploads\/2024\/05\/ds-front-1.jpg","type":"image\/jpeg"}],"twitter_card":"summary_large_image","twitter_misc":{"Est. reading time":"2 minutes"},"schema":{"@context":"https:\/\/schema.org","@graph":[{"@type":"WebPage","@id":"https:\/\/mystictemple.cz\/product\/dragon-stones\/","url":"https:\/\/mystictemple.cz\/product\/dragon-stones\/","name":"Mas\u00e1\u017e l\u00e1vov\u00fdmi kameny | Dra\u010d\u00ed kameny","isPartOf":{"@id":"https:\/\/mystictemple.cz\/#website"},"primaryImageOfPage":{"@id":"https:\/\/mystictemple.cz\/product\/dragon-stones\/#primaryimage"},"image":{"@id":"https:\/\/mystictemple.cz\/product\/dragon-stones\/#primaryimage"},"thumbnailUrl":"https:\/\/mystictemple.cz\/wp-content\/uploads\/2024\/05\/ds-front-1.jpg","datePublished":"2024-05-16T11:28:53+00:00","dateModified":"2025-07-28T09:49:43+00:00","description":"Dra\u010d\u00ed kameny se nah\u0159\u00edvaj\u00ed v parn\u00ed l\u00e1zni. \u26a1 Teplo z nich prostoup\u00ed hluboko do t\u011bla, a tak dojde k okam\u017eit\u00e9mu uvoln\u011bn\u00ed organismu.","breadcrumb":{"@id":"https:\/\/mystictemple.cz\/product\/dragon-stones\/#breadcrumb"},"inLanguage":"en-US","potentialAction":[{"@type":"ReadAction","target":["https:\/\/mystictemple.cz\/product\/dragon-stones\/"]}]},{"@type":"ImageObject","inLanguage":"en-US","@id":"https:\/\/mystictemple.cz\/product\/dragon-stones\/#primaryimage","url":"https:\/\/mystictemple.cz\/wp-content\/uploads\/2024\/05\/ds-front-1.jpg","contentUrl":"https:\/\/mystictemple.cz\/wp-content\/uploads\/2024\/05\/ds-front-1.jpg","width":500,"height":300,"caption":"Mas\u00e1\u017e dra\u010d\u00edmi kameny Dragon Stones"},{"@type":"BreadcrumbList","@id":"https:\/\/mystictemple.cz\/product\/dragon-stones\/#breadcrumb","itemListElement":[{"@type":"ListItem","position":1,"name":"Dom\u016f","item":"https:\/\/mystictemple.cz\/"},{"@type":"ListItem","position":2,"name":"Produkty","item":"https:\/\/mystictemple.cz\/shop\/"},{"@type":"ListItem","position":3,"name":"Dragon stones"}]},{"@type":"WebSite","@id":"https:\/\/mystictemple.cz\/#website","url":"https:\/\/mystictemple.cz\/","name":"Mystic Temple","description":"Mystic Temple je mas\u00e1\u017en\u00ed salon v centru Prahy, kter\u00fd nab\u00edz\u00ed \u0161irokou \u0161k\u00e1lu relaxa\u010dn\u00edch a terapeutick\u00fdch mas\u00e1\u017e\u00ed. Na na\u0161em webu si m\u016f\u017eete snadno vybrat mas\u00e1\u017e, vlo\u017eit ji do ko\u0161\u00edku, zaplatit online a ihned obdr\u017eet d\u00e1rkov\u00fd voucher s unik\u00e1tn\u00edm k\u00f3dem. Voucher pak m\u016f\u017eete uplatnit p\u0159\u00edmo na recepci salonu. Rezervace je mo\u017en\u00e1 telefonicky nebo online. Otev\u0159eno m\u00e1me denn\u011b od 9:00 do 21:00.","publisher":{"@id":"https:\/\/mystictemple.cz\/#organization"},"potentialAction":[{"@type":"SearchAction","target":{"@type":"EntryPoint","urlTemplate":"https:\/\/mystictemple.cz\/?s={search_term_string}"},"query-input":{"@type":"PropertyValueSpecification","valueRequired":true,"valueName":"search_term_string"}}],"inLanguage":"en-US"},{"@type":"Organization","@id":"https:\/\/mystictemple.cz\/#organization","name":"Mystic Temple","url":"https:\/\/mystictemple.cz\/","logo":{"@type":"ImageObject","inLanguage":"en-US","@id":"https:\/\/mystictemple.cz\/#\/schema\/logo\/image\/","url":"https:\/\/mystictemple.cz\/wp-content\/uploads\/2024\/02\/logo_temple_transparentni-2.png","contentUrl":"https:\/\/mystictemple.cz\/wp-content\/uploads\/2024\/02\/logo_temple_transparentni-2.png","width":781,"height":586,"caption":"Mystic Temple"},"image":{"@id":"https:\/\/mystictemple.cz\/#\/schema\/logo\/image\/"}}]}},"_links":{"self":[{"href":"https:\/\/mystictemple.cz\/en\/wp-json\/wp\/v2\/product\/262","targetHints":{"allow":["GET"]}}],"collection":[{"href":"https:\/\/mystictemple.cz\/en\/wp-json\/wp\/v2\/product"}],"about":[{"href":"https:\/\/mystictemple.cz\/en\/wp-json\/wp\/v2\/types\/product"}],"wp:featuredmedia":[{"embeddable":true,"href":"https:\/\/mystictemple.cz\/en\/wp-json\/wp\/v2\/media\/267"}],"wp:attachment":[{"href":"https:\/\/mystictemple.cz\/en\/wp-json\/wp\/v2\/media?parent=262"}],"wp:term":[{"taxonomy":"product_brand","embeddable":true,"href":"https:\/\/mystictemple.cz\/en\/wp-json\/wp\/v2\/product_brand?post=262"},{"taxonomy":"product_cat","embeddable":true,"href":"https:\/\/mystictemple.cz\/en\/wp-json\/wp\/v2\/product_cat?post=262"},{"taxonomy":"product_tag","embeddable":true,"href":"https:\/\/mystictemple.cz\/en\/wp-json\/wp\/v2\/product_tag?post=262"}],"curies":[{"name":"wp","href":"https:\/\/api.w.org\/{rel}","templated":true}]}}