{"id":164,"date":"2024-04-18T07:10:29","date_gmt":"2024-04-18T07:10:29","guid":{"rendered":"https:\/\/mystictemple.cz\/?post_type=product&#038;p=164"},"modified":"2025-09-30T11:58:06","modified_gmt":"2025-09-30T11:58:06","slug":"temple-classic-30-min","status":"publish","type":"product","link":"https:\/\/mystictemple.cz\/en\/product\/temple-classic-30-min\/","title":{"rendered":"Temple Classic"},"content":{"rendered":"<div class=\"av-special-heading av-klzixed8-b99e5eb7046f0dcb92dc014b2a67e586 av-special-heading-h1 custom-color-heading blockquote modern-quote avia-builder-el-2 el_after_av_gallery el_before_av_textblock av-linked-heading\">\n<h1 class=\"av-special-heading-tag\">TEMPLE CLASSIC<\/h1>\n<\/div>\n<section class=\"av_textblock_section av-jtfnojnb-eab8df139f5c5775eed94ab00d64c14a\">\n<div class=\"avia_textblock\">\n<h2>RELAXING TRADITIONAL FULL-BODY THAI MASSAGE<\/h2>\n<p class=\"translation-block\">Traditional Thai temple massage, referred to in Thai as \"nuat.\" It is a <strong>set of masterful techniques<\/strong> involving manipulative exercises and acupressure on the body's energy points to relieve tension and pain in muscles, tendons, and joints.<\/p>\n<p class=\"translation-block\"><strong>It brings overall relaxation, a sense of renewed vitality, and mental balance<\/strong>. Temple Classic represents traditional Thai massage therapy in its most authentic form, as it has been taught and practiced for centuries.<\/p>\n<p>The massage can also be booked for two people in the same room.<\/p>\n<\/div>\n<\/section>","protected":false},"excerpt":{"rendered":"<p>Classical Thai massage contributes to the relaxation of muscles, tendons and joints in the whole body. Pressing acupuncture points on energy routes throughout the whole body brings overall relaxation of the body and mind.<\/p>","protected":false},"featured_media":165,"template":"","meta":[],"product_brand":[],"product_cat":[26],"product_tag":[],"class_list":{"0":"post-164","1":"product","2":"type-product","3":"status-publish","4":"has-post-thumbnail","6":"product_cat-thajske-masaze","8":"first","9":"instock","10":"featured","11":"sold-individually","12":"taxable","13":"shipping-taxable","14":"purchasable","15":"product-type-variable"},"yoast_head":"<!-- This site is optimized with the Yoast SEO plugin v27.1.1 - https:\/\/yoast.com\/product\/yoast-seo-wordpress\/ -->\n<title>Klasick\u00e1 thajsk\u00e1 mas\u00e1\u017e | Thajsk\u00e9 mas\u00e1\u017ee - Mystic Temple<\/title>\n<meta name=\"description\" content=\"Vyzkou\u0161ejte klasickou thajskou mas\u00e1\u017e Temple Classic. Thajsk\u00e1 mas\u00e1\u017en\u00ed terapie ve sv\u00e9 nejp\u016fvodn\u011bj\u0161\u00ed podob\u011b p\u0159\u00edmo v centru Prahy. \u2728 Mystic Temple\" \/>\n<meta name=\"robots\" content=\"index, follow, max-snippet:-1, max-image-preview:large, max-video-preview:-1\" \/>\n<link rel=\"canonical\" href=\"https:\/\/mystictemple.cz\/en\/product\/temple-classic-30-min\/\" \/>\n<meta property=\"og:locale\" content=\"en_US\" \/>\n<meta property=\"og:type\" content=\"article\" \/>\n<meta property=\"og:title\" content=\"Klasick\u00e1 thajsk\u00e1 mas\u00e1\u017e | Thajsk\u00e9 mas\u00e1\u017ee - Mystic Temple\" \/>\n<meta property=\"og:description\" content=\"Vyzkou\u0161ejte klasickou thajskou mas\u00e1\u017e Temple Classic. Thajsk\u00e1 mas\u00e1\u017en\u00ed terapie ve sv\u00e9 nejp\u016fvodn\u011bj\u0161\u00ed podob\u011b p\u0159\u00edmo v centru Prahy. \u2728 Mystic Temple\" \/>\n<meta property=\"og:url\" content=\"https:\/\/mystictemple.cz\/en\/product\/temple-classic-30-min\/\" \/>\n<meta property=\"og:site_name\" content=\"Mystic Temple\" \/>\n<meta property=\"article:modified_time\" content=\"2025-09-30T11:58:06+00:00\" \/>\n<meta property=\"og:image\" content=\"https:\/\/mystictemple.cz\/wp-content\/uploads\/2024\/04\/MysticTemple_masaze_011-copy-1030x687-1.jpg\" \/>\n\t<meta property=\"og:image:width\" content=\"1030\" \/>\n\t<meta property=\"og:image:height\" content=\"687\" \/>\n\t<meta property=\"og:image:type\" content=\"image\/jpeg\" \/>\n<meta name=\"twitter:card\" content=\"summary_large_image\" \/>\n<meta name=\"twitter:label1\" content=\"Est. reading time\" \/>\n\t<meta name=\"twitter:data1\" content=\"1 minute\" \/>\n<script type=\"application\/ld+json\" class=\"yoast-schema-graph\">{\"@context\":\"https:\/\/schema.org\",\"@graph\":[{\"@type\":\"WebPage\",\"@id\":\"https:\/\/mystictemple.cz\/product\/temple-classic-30-min\/\",\"url\":\"https:\/\/mystictemple.cz\/product\/temple-classic-30-min\/\",\"name\":\"Klasick\u00e1 thajsk\u00e1 mas\u00e1\u017e | Thajsk\u00e9 mas\u00e1\u017ee - Mystic Temple\",\"isPartOf\":{\"@id\":\"https:\/\/mystictemple.cz\/#website\"},\"primaryImageOfPage\":{\"@id\":\"https:\/\/mystictemple.cz\/product\/temple-classic-30-min\/#primaryimage\"},\"image\":{\"@id\":\"https:\/\/mystictemple.cz\/product\/temple-classic-30-min\/#primaryimage\"},\"thumbnailUrl\":\"https:\/\/mystictemple.cz\/wp-content\/uploads\/2024\/04\/MysticTemple_masaze_011-copy-1030x687-1.jpg\",\"datePublished\":\"2024-04-18T07:10:29+00:00\",\"dateModified\":\"2025-09-30T11:58:06+00:00\",\"description\":\"Vyzkou\u0161ejte klasickou thajskou mas\u00e1\u017e Temple Classic. Thajsk\u00e1 mas\u00e1\u017en\u00ed terapie ve sv\u00e9 nejp\u016fvodn\u011bj\u0161\u00ed podob\u011b p\u0159\u00edmo v centru Prahy. \u2728 Mystic Temple\",\"breadcrumb\":{\"@id\":\"https:\/\/mystictemple.cz\/product\/temple-classic-30-min\/#breadcrumb\"},\"inLanguage\":\"en-US\",\"potentialAction\":[{\"@type\":\"ReadAction\",\"target\":[\"https:\/\/mystictemple.cz\/product\/temple-classic-30-min\/\"]}]},{\"@type\":\"ImageObject\",\"inLanguage\":\"en-US\",\"@id\":\"https:\/\/mystictemple.cz\/product\/temple-classic-30-min\/#primaryimage\",\"url\":\"https:\/\/mystictemple.cz\/wp-content\/uploads\/2024\/04\/MysticTemple_masaze_011-copy-1030x687-1.jpg\",\"contentUrl\":\"https:\/\/mystictemple.cz\/wp-content\/uploads\/2024\/04\/MysticTemple_masaze_011-copy-1030x687-1.jpg\",\"width\":1030,\"height\":687,\"caption\":\"Klasick\u00e1 thajsk\u00e1 mas\u00e1\u017e\"},{\"@type\":\"BreadcrumbList\",\"@id\":\"https:\/\/mystictemple.cz\/product\/temple-classic-30-min\/#breadcrumb\",\"itemListElement\":[{\"@type\":\"ListItem\",\"position\":1,\"name\":\"Dom\u016f\",\"item\":\"https:\/\/mystictemple.cz\/\"},{\"@type\":\"ListItem\",\"position\":2,\"name\":\"Produkty\",\"item\":\"https:\/\/mystictemple.cz\/shop\/\"},{\"@type\":\"ListItem\",\"position\":3,\"name\":\"Temple Classic\"}]},{\"@type\":\"WebSite\",\"@id\":\"https:\/\/mystictemple.cz\/#website\",\"url\":\"https:\/\/mystictemple.cz\/\",\"name\":\"Mystic Temple\",\"description\":\"Mystic Temple je mas\u00e1\u017en\u00ed salon v centru Prahy, kter\u00fd nab\u00edz\u00ed \u0161irokou \u0161k\u00e1lu relaxa\u010dn\u00edch a terapeutick\u00fdch mas\u00e1\u017e\u00ed. Na na\u0161em webu si m\u016f\u017eete snadno vybrat mas\u00e1\u017e, vlo\u017eit ji do ko\u0161\u00edku, zaplatit online a ihned obdr\u017eet d\u00e1rkov\u00fd voucher s unik\u00e1tn\u00edm k\u00f3dem. Voucher pak m\u016f\u017eete uplatnit p\u0159\u00edmo na recepci salonu. Rezervace je mo\u017en\u00e1 telefonicky nebo online. Otev\u0159eno m\u00e1me denn\u011b od 9:00 do 21:00.\",\"publisher\":{\"@id\":\"https:\/\/mystictemple.cz\/#organization\"},\"potentialAction\":[{\"@type\":\"SearchAction\",\"target\":{\"@type\":\"EntryPoint\",\"urlTemplate\":\"https:\/\/mystictemple.cz\/?s={search_term_string}\"},\"query-input\":{\"@type\":\"PropertyValueSpecification\",\"valueRequired\":true,\"valueName\":\"search_term_string\"}}],\"inLanguage\":\"en-US\"},{\"@type\":\"Organization\",\"@id\":\"https:\/\/mystictemple.cz\/#organization\",\"name\":\"Mystic Temple\",\"url\":\"https:\/\/mystictemple.cz\/\",\"logo\":{\"@type\":\"ImageObject\",\"inLanguage\":\"en-US\",\"@id\":\"https:\/\/mystictemple.cz\/#\/schema\/logo\/image\/\",\"url\":\"https:\/\/mystictemple.cz\/wp-content\/uploads\/2024\/02\/logo_temple_transparentni-2.png\",\"contentUrl\":\"https:\/\/mystictemple.cz\/wp-content\/uploads\/2024\/02\/logo_temple_transparentni-2.png\",\"width\":781,\"height\":586,\"caption\":\"Mystic Temple\"},\"image\":{\"@id\":\"https:\/\/mystictemple.cz\/#\/schema\/logo\/image\/\"}}]}<\/script>\n<!-- \/ Yoast SEO plugin. -->","yoast_head_json":{"title":"Klasick\u00e1 thajsk\u00e1 mas\u00e1\u017e | Thajsk\u00e9 mas\u00e1\u017ee - Mystic Temple","description":"Vyzkou\u0161ejte klasickou thajskou mas\u00e1\u017e Temple Classic. Thajsk\u00e1 mas\u00e1\u017en\u00ed terapie ve sv\u00e9 nejp\u016fvodn\u011bj\u0161\u00ed podob\u011b p\u0159\u00edmo v centru Prahy. \u2728 Mystic Temple","robots":{"index":"index","follow":"follow","max-snippet":"max-snippet:-1","max-image-preview":"max-image-preview:large","max-video-preview":"max-video-preview:-1"},"canonical":"https:\/\/mystictemple.cz\/en\/product\/temple-classic-30-min\/","og_locale":"en_US","og_type":"article","og_title":"Klasick\u00e1 thajsk\u00e1 mas\u00e1\u017e | Thajsk\u00e9 mas\u00e1\u017ee - Mystic Temple","og_description":"Vyzkou\u0161ejte klasickou thajskou mas\u00e1\u017e Temple Classic. Thajsk\u00e1 mas\u00e1\u017en\u00ed terapie ve sv\u00e9 nejp\u016fvodn\u011bj\u0161\u00ed podob\u011b p\u0159\u00edmo v centru Prahy. \u2728 Mystic Temple","og_url":"https:\/\/mystictemple.cz\/en\/product\/temple-classic-30-min\/","og_site_name":"Mystic Temple","article_modified_time":"2025-09-30T11:58:06+00:00","og_image":[{"width":1030,"height":687,"url":"https:\/\/mystictemple.cz\/wp-content\/uploads\/2024\/04\/MysticTemple_masaze_011-copy-1030x687-1.jpg","type":"image\/jpeg"}],"twitter_card":"summary_large_image","twitter_misc":{"Est. reading time":"1 minute"},"schema":{"@context":"https:\/\/schema.org","@graph":[{"@type":"WebPage","@id":"https:\/\/mystictemple.cz\/product\/temple-classic-30-min\/","url":"https:\/\/mystictemple.cz\/product\/temple-classic-30-min\/","name":"Klasick\u00e1 thajsk\u00e1 mas\u00e1\u017e | Thajsk\u00e9 mas\u00e1\u017ee - Mystic Temple","isPartOf":{"@id":"https:\/\/mystictemple.cz\/#website"},"primaryImageOfPage":{"@id":"https:\/\/mystictemple.cz\/product\/temple-classic-30-min\/#primaryimage"},"image":{"@id":"https:\/\/mystictemple.cz\/product\/temple-classic-30-min\/#primaryimage"},"thumbnailUrl":"https:\/\/mystictemple.cz\/wp-content\/uploads\/2024\/04\/MysticTemple_masaze_011-copy-1030x687-1.jpg","datePublished":"2024-04-18T07:10:29+00:00","dateModified":"2025-09-30T11:58:06+00:00","description":"Vyzkou\u0161ejte klasickou thajskou mas\u00e1\u017e Temple Classic. Thajsk\u00e1 mas\u00e1\u017en\u00ed terapie ve sv\u00e9 nejp\u016fvodn\u011bj\u0161\u00ed podob\u011b p\u0159\u00edmo v centru Prahy. \u2728 Mystic Temple","breadcrumb":{"@id":"https:\/\/mystictemple.cz\/product\/temple-classic-30-min\/#breadcrumb"},"inLanguage":"en-US","potentialAction":[{"@type":"ReadAction","target":["https:\/\/mystictemple.cz\/product\/temple-classic-30-min\/"]}]},{"@type":"ImageObject","inLanguage":"en-US","@id":"https:\/\/mystictemple.cz\/product\/temple-classic-30-min\/#primaryimage","url":"https:\/\/mystictemple.cz\/wp-content\/uploads\/2024\/04\/MysticTemple_masaze_011-copy-1030x687-1.jpg","contentUrl":"https:\/\/mystictemple.cz\/wp-content\/uploads\/2024\/04\/MysticTemple_masaze_011-copy-1030x687-1.jpg","width":1030,"height":687,"caption":"Klasick\u00e1 thajsk\u00e1 mas\u00e1\u017e"},{"@type":"BreadcrumbList","@id":"https:\/\/mystictemple.cz\/product\/temple-classic-30-min\/#breadcrumb","itemListElement":[{"@type":"ListItem","position":1,"name":"Dom\u016f","item":"https:\/\/mystictemple.cz\/"},{"@type":"ListItem","position":2,"name":"Produkty","item":"https:\/\/mystictemple.cz\/shop\/"},{"@type":"ListItem","position":3,"name":"Temple Classic"}]},{"@type":"WebSite","@id":"https:\/\/mystictemple.cz\/#website","url":"https:\/\/mystictemple.cz\/","name":"Mystic Temple","description":"Mystic Temple je mas\u00e1\u017en\u00ed salon v centru Prahy, kter\u00fd nab\u00edz\u00ed \u0161irokou \u0161k\u00e1lu relaxa\u010dn\u00edch a terapeutick\u00fdch mas\u00e1\u017e\u00ed. Na na\u0161em webu si m\u016f\u017eete snadno vybrat mas\u00e1\u017e, vlo\u017eit ji do ko\u0161\u00edku, zaplatit online a ihned obdr\u017eet d\u00e1rkov\u00fd voucher s unik\u00e1tn\u00edm k\u00f3dem. Voucher pak m\u016f\u017eete uplatnit p\u0159\u00edmo na recepci salonu. Rezervace je mo\u017en\u00e1 telefonicky nebo online. Otev\u0159eno m\u00e1me denn\u011b od 9:00 do 21:00.","publisher":{"@id":"https:\/\/mystictemple.cz\/#organization"},"potentialAction":[{"@type":"SearchAction","target":{"@type":"EntryPoint","urlTemplate":"https:\/\/mystictemple.cz\/?s={search_term_string}"},"query-input":{"@type":"PropertyValueSpecification","valueRequired":true,"valueName":"search_term_string"}}],"inLanguage":"en-US"},{"@type":"Organization","@id":"https:\/\/mystictemple.cz\/#organization","name":"Mystic Temple","url":"https:\/\/mystictemple.cz\/","logo":{"@type":"ImageObject","inLanguage":"en-US","@id":"https:\/\/mystictemple.cz\/#\/schema\/logo\/image\/","url":"https:\/\/mystictemple.cz\/wp-content\/uploads\/2024\/02\/logo_temple_transparentni-2.png","contentUrl":"https:\/\/mystictemple.cz\/wp-content\/uploads\/2024\/02\/logo_temple_transparentni-2.png","width":781,"height":586,"caption":"Mystic Temple"},"image":{"@id":"https:\/\/mystictemple.cz\/#\/schema\/logo\/image\/"}}]}},"_links":{"self":[{"href":"https:\/\/mystictemple.cz\/en\/wp-json\/wp\/v2\/product\/164","targetHints":{"allow":["GET"]}}],"collection":[{"href":"https:\/\/mystictemple.cz\/en\/wp-json\/wp\/v2\/product"}],"about":[{"href":"https:\/\/mystictemple.cz\/en\/wp-json\/wp\/v2\/types\/product"}],"wp:featuredmedia":[{"embeddable":true,"href":"https:\/\/mystictemple.cz\/en\/wp-json\/wp\/v2\/media\/165"}],"wp:attachment":[{"href":"https:\/\/mystictemple.cz\/en\/wp-json\/wp\/v2\/media?parent=164"}],"wp:term":[{"taxonomy":"product_brand","embeddable":true,"href":"https:\/\/mystictemple.cz\/en\/wp-json\/wp\/v2\/product_brand?post=164"},{"taxonomy":"product_cat","embeddable":true,"href":"https:\/\/mystictemple.cz\/en\/wp-json\/wp\/v2\/product_cat?post=164"},{"taxonomy":"product_tag","embeddable":true,"href":"https:\/\/mystictemple.cz\/en\/wp-json\/wp\/v2\/product_tag?post=164"}],"curies":[{"name":"wp","href":"https:\/\/api.w.org\/{rel}","templated":true}]}}