{"id":1252,"date":"2024-11-07T13:23:36","date_gmt":"2024-11-07T13:23:36","guid":{"rendered":"https:\/\/mystictemple.cz\/?post_type=product&#038;p=1252"},"modified":"2025-04-09T09:41:08","modified_gmt":"2025-04-09T09:41:08","slug":"masazni-bylinny-sacek","status":"publish","type":"product","link":"https:\/\/mystictemple.cz\/en\/product\/masazni-bylinny-sacek\/","title":{"rendered":"Herbal massage pouch"},"content":{"rendered":"","protected":false},"excerpt":{"rendered":"<section class=\"av_textblock_section av-jtfnojnb-56-38f071087cd4499ed3cb06bae4a0ea27\">\n<div class=\"avia_textblock\">\n<section class=\"av_textblock_section av-jtfnojnb-2-8da423c9dd22d875b2906240f98fe46c\">\n<div class=\"avia_textblock\">\n<p>Herbal pouches are used for various types of massages. They are filled with thirteen types of Thai herbs, offering a very pleasant aroma.<\/p>\n<\/div>\n<\/section>\n<div class=\"hr av-jvmdlwr6-3-5b8e80e54296ce151d4dc0ae26723e8c hr-short avia-builder-el-88 el_after_av_textblock el_before_av_textblock hr-center\">Small pouches are used for facial massage.<\/div>\n<\/div>\n<\/section>","protected":false},"featured_media":1255,"template":"","meta":[],"product_brand":[],"product_cat":[36],"product_tag":[],"class_list":{"0":"post-1252","1":"product","2":"type-product","3":"status-publish","4":"has-post-thumbnail","6":"product_cat-maserske-potreby","8":"first","9":"instock","10":"sold-individually","11":"taxable","12":"shipping-taxable","13":"purchasable","14":"product-type-variable"},"yoast_head":"<!-- This site is optimized with the Yoast SEO plugin v27.1.1 - https:\/\/yoast.com\/product\/yoast-seo-wordpress\/ -->\n<title>Mas\u00e1\u017en\u00ed s\u00e1\u010dek z bylin \u2013 Relax &amp; p\u00e9\u010de<\/title>\n<meta name=\"description\" content=\"Objevte s\u00edlu p\u0159\u00edrody s mas\u00e1\u017en\u00edm bylinn\u00fdm s\u00e1\u010dkem. Ru\u010dn\u011b vyr\u00e1b\u011bn\u00fd, napln\u011bn\u00fd l\u00e9\u010div\u00fdmi bylinami pro relaxaci, \u00falevu od bolesti a regeneraci t\u011bla i mysli. \u2705\" \/>\n<meta name=\"robots\" content=\"index, follow, max-snippet:-1, max-image-preview:large, max-video-preview:-1\" \/>\n<link rel=\"canonical\" href=\"https:\/\/mystictemple.cz\/en\/product\/masazni-bylinny-sacek\/\" \/>\n<meta property=\"og:locale\" content=\"en_US\" \/>\n<meta property=\"og:type\" content=\"article\" \/>\n<meta property=\"og:title\" content=\"Mas\u00e1\u017en\u00ed s\u00e1\u010dek z bylin \u2013 Relax &amp; p\u00e9\u010de\" \/>\n<meta property=\"og:description\" content=\"Objevte s\u00edlu p\u0159\u00edrody s mas\u00e1\u017en\u00edm bylinn\u00fdm s\u00e1\u010dkem. Ru\u010dn\u011b vyr\u00e1b\u011bn\u00fd, napln\u011bn\u00fd l\u00e9\u010div\u00fdmi bylinami pro relaxaci, \u00falevu od bolesti a regeneraci t\u011bla i mysli. \u2705\" \/>\n<meta property=\"og:url\" content=\"https:\/\/mystictemple.cz\/en\/product\/masazni-bylinny-sacek\/\" \/>\n<meta property=\"og:site_name\" content=\"Mystic Temple\" \/>\n<meta property=\"article:modified_time\" content=\"2025-04-09T09:41:08+00:00\" \/>\n<meta property=\"og:image\" content=\"https:\/\/mystictemple.cz\/wp-content\/uploads\/2024\/11\/71398609_2455933748017135_2243195542492413952_n.jpg\" \/>\n\t<meta property=\"og:image:width\" content=\"290\" \/>\n\t<meta property=\"og:image:height\" content=\"174\" \/>\n\t<meta property=\"og:image:type\" content=\"image\/jpeg\" \/>\n<meta name=\"twitter:card\" content=\"summary_large_image\" \/>\n<meta name=\"twitter:label1\" content=\"Est. reading time\" \/>\n\t<meta name=\"twitter:data1\" content=\"1 minute\" \/>\n<script type=\"application\/ld+json\" class=\"yoast-schema-graph\">{\"@context\":\"https:\/\/schema.org\",\"@graph\":[{\"@type\":\"WebPage\",\"@id\":\"https:\/\/mystictemple.cz\/product\/masazni-bylinny-sacek\/\",\"url\":\"https:\/\/mystictemple.cz\/product\/masazni-bylinny-sacek\/\",\"name\":\"Mas\u00e1\u017en\u00ed s\u00e1\u010dek z bylin \u2013 Relax & p\u00e9\u010de\",\"isPartOf\":{\"@id\":\"https:\/\/mystictemple.cz\/#website\"},\"primaryImageOfPage\":{\"@id\":\"https:\/\/mystictemple.cz\/product\/masazni-bylinny-sacek\/#primaryimage\"},\"image\":{\"@id\":\"https:\/\/mystictemple.cz\/product\/masazni-bylinny-sacek\/#primaryimage\"},\"thumbnailUrl\":\"https:\/\/mystictemple.cz\/wp-content\/uploads\/2024\/11\/71398609_2455933748017135_2243195542492413952_n.jpg\",\"datePublished\":\"2024-11-07T13:23:36+00:00\",\"dateModified\":\"2025-04-09T09:41:08+00:00\",\"description\":\"Objevte s\u00edlu p\u0159\u00edrody s mas\u00e1\u017en\u00edm bylinn\u00fdm s\u00e1\u010dkem. Ru\u010dn\u011b vyr\u00e1b\u011bn\u00fd, napln\u011bn\u00fd l\u00e9\u010div\u00fdmi bylinami pro relaxaci, \u00falevu od bolesti a regeneraci t\u011bla i mysli. \u2705\",\"breadcrumb\":{\"@id\":\"https:\/\/mystictemple.cz\/product\/masazni-bylinny-sacek\/#breadcrumb\"},\"inLanguage\":\"en-US\",\"potentialAction\":[{\"@type\":\"ReadAction\",\"target\":[\"https:\/\/mystictemple.cz\/product\/masazni-bylinny-sacek\/\"]}]},{\"@type\":\"ImageObject\",\"inLanguage\":\"en-US\",\"@id\":\"https:\/\/mystictemple.cz\/product\/masazni-bylinny-sacek\/#primaryimage\",\"url\":\"https:\/\/mystictemple.cz\/wp-content\/uploads\/2024\/11\/71398609_2455933748017135_2243195542492413952_n.jpg\",\"contentUrl\":\"https:\/\/mystictemple.cz\/wp-content\/uploads\/2024\/11\/71398609_2455933748017135_2243195542492413952_n.jpg\",\"width\":290,\"height\":174,\"caption\":\"Mas\u00e1\u017en\u00ed bylinn\u00fd s\u00e1\u010dek\"},{\"@type\":\"BreadcrumbList\",\"@id\":\"https:\/\/mystictemple.cz\/product\/masazni-bylinny-sacek\/#breadcrumb\",\"itemListElement\":[{\"@type\":\"ListItem\",\"position\":1,\"name\":\"Dom\u016f\",\"item\":\"https:\/\/mystictemple.cz\/\"},{\"@type\":\"ListItem\",\"position\":2,\"name\":\"Produkty\",\"item\":\"https:\/\/mystictemple.cz\/shop\/\"},{\"@type\":\"ListItem\",\"position\":3,\"name\":\"Mas\u00e1\u017en\u00ed bylinn\u00fd s\u00e1\u010dek\"}]},{\"@type\":\"WebSite\",\"@id\":\"https:\/\/mystictemple.cz\/#website\",\"url\":\"https:\/\/mystictemple.cz\/\",\"name\":\"Mystic Temple\",\"description\":\"Mystic Temple je mas\u00e1\u017en\u00ed salon v centru Prahy, kter\u00fd nab\u00edz\u00ed \u0161irokou \u0161k\u00e1lu relaxa\u010dn\u00edch a terapeutick\u00fdch mas\u00e1\u017e\u00ed. Na na\u0161em webu si m\u016f\u017eete snadno vybrat mas\u00e1\u017e, vlo\u017eit ji do ko\u0161\u00edku, zaplatit online a ihned obdr\u017eet d\u00e1rkov\u00fd voucher s unik\u00e1tn\u00edm k\u00f3dem. Voucher pak m\u016f\u017eete uplatnit p\u0159\u00edmo na recepci salonu. Rezervace je mo\u017en\u00e1 telefonicky nebo online. Otev\u0159eno m\u00e1me denn\u011b od 9:00 do 21:00.\",\"publisher\":{\"@id\":\"https:\/\/mystictemple.cz\/#organization\"},\"potentialAction\":[{\"@type\":\"SearchAction\",\"target\":{\"@type\":\"EntryPoint\",\"urlTemplate\":\"https:\/\/mystictemple.cz\/?s={search_term_string}\"},\"query-input\":{\"@type\":\"PropertyValueSpecification\",\"valueRequired\":true,\"valueName\":\"search_term_string\"}}],\"inLanguage\":\"en-US\"},{\"@type\":\"Organization\",\"@id\":\"https:\/\/mystictemple.cz\/#organization\",\"name\":\"Mystic Temple\",\"url\":\"https:\/\/mystictemple.cz\/\",\"logo\":{\"@type\":\"ImageObject\",\"inLanguage\":\"en-US\",\"@id\":\"https:\/\/mystictemple.cz\/#\/schema\/logo\/image\/\",\"url\":\"https:\/\/mystictemple.cz\/wp-content\/uploads\/2024\/02\/logo_temple_transparentni-2.png\",\"contentUrl\":\"https:\/\/mystictemple.cz\/wp-content\/uploads\/2024\/02\/logo_temple_transparentni-2.png\",\"width\":781,\"height\":586,\"caption\":\"Mystic Temple\"},\"image\":{\"@id\":\"https:\/\/mystictemple.cz\/#\/schema\/logo\/image\/\"}}]}<\/script>\n<!-- \/ Yoast SEO plugin. -->","yoast_head_json":{"title":"Mas\u00e1\u017en\u00ed s\u00e1\u010dek z bylin \u2013 Relax & p\u00e9\u010de","description":"Objevte s\u00edlu p\u0159\u00edrody s mas\u00e1\u017en\u00edm bylinn\u00fdm s\u00e1\u010dkem. Ru\u010dn\u011b vyr\u00e1b\u011bn\u00fd, napln\u011bn\u00fd l\u00e9\u010div\u00fdmi bylinami pro relaxaci, \u00falevu od bolesti a regeneraci t\u011bla i mysli. \u2705","robots":{"index":"index","follow":"follow","max-snippet":"max-snippet:-1","max-image-preview":"max-image-preview:large","max-video-preview":"max-video-preview:-1"},"canonical":"https:\/\/mystictemple.cz\/en\/product\/masazni-bylinny-sacek\/","og_locale":"en_US","og_type":"article","og_title":"Mas\u00e1\u017en\u00ed s\u00e1\u010dek z bylin \u2013 Relax & p\u00e9\u010de","og_description":"Objevte s\u00edlu p\u0159\u00edrody s mas\u00e1\u017en\u00edm bylinn\u00fdm s\u00e1\u010dkem. Ru\u010dn\u011b vyr\u00e1b\u011bn\u00fd, napln\u011bn\u00fd l\u00e9\u010div\u00fdmi bylinami pro relaxaci, \u00falevu od bolesti a regeneraci t\u011bla i mysli. \u2705","og_url":"https:\/\/mystictemple.cz\/en\/product\/masazni-bylinny-sacek\/","og_site_name":"Mystic Temple","article_modified_time":"2025-04-09T09:41:08+00:00","og_image":[{"width":290,"height":174,"url":"https:\/\/mystictemple.cz\/wp-content\/uploads\/2024\/11\/71398609_2455933748017135_2243195542492413952_n.jpg","type":"image\/jpeg"}],"twitter_card":"summary_large_image","twitter_misc":{"Est. reading time":"1 minute"},"schema":{"@context":"https:\/\/schema.org","@graph":[{"@type":"WebPage","@id":"https:\/\/mystictemple.cz\/product\/masazni-bylinny-sacek\/","url":"https:\/\/mystictemple.cz\/product\/masazni-bylinny-sacek\/","name":"Mas\u00e1\u017en\u00ed s\u00e1\u010dek z bylin \u2013 Relax & p\u00e9\u010de","isPartOf":{"@id":"https:\/\/mystictemple.cz\/#website"},"primaryImageOfPage":{"@id":"https:\/\/mystictemple.cz\/product\/masazni-bylinny-sacek\/#primaryimage"},"image":{"@id":"https:\/\/mystictemple.cz\/product\/masazni-bylinny-sacek\/#primaryimage"},"thumbnailUrl":"https:\/\/mystictemple.cz\/wp-content\/uploads\/2024\/11\/71398609_2455933748017135_2243195542492413952_n.jpg","datePublished":"2024-11-07T13:23:36+00:00","dateModified":"2025-04-09T09:41:08+00:00","description":"Objevte s\u00edlu p\u0159\u00edrody s mas\u00e1\u017en\u00edm bylinn\u00fdm s\u00e1\u010dkem. Ru\u010dn\u011b vyr\u00e1b\u011bn\u00fd, napln\u011bn\u00fd l\u00e9\u010div\u00fdmi bylinami pro relaxaci, \u00falevu od bolesti a regeneraci t\u011bla i mysli. \u2705","breadcrumb":{"@id":"https:\/\/mystictemple.cz\/product\/masazni-bylinny-sacek\/#breadcrumb"},"inLanguage":"en-US","potentialAction":[{"@type":"ReadAction","target":["https:\/\/mystictemple.cz\/product\/masazni-bylinny-sacek\/"]}]},{"@type":"ImageObject","inLanguage":"en-US","@id":"https:\/\/mystictemple.cz\/product\/masazni-bylinny-sacek\/#primaryimage","url":"https:\/\/mystictemple.cz\/wp-content\/uploads\/2024\/11\/71398609_2455933748017135_2243195542492413952_n.jpg","contentUrl":"https:\/\/mystictemple.cz\/wp-content\/uploads\/2024\/11\/71398609_2455933748017135_2243195542492413952_n.jpg","width":290,"height":174,"caption":"Mas\u00e1\u017en\u00ed bylinn\u00fd s\u00e1\u010dek"},{"@type":"BreadcrumbList","@id":"https:\/\/mystictemple.cz\/product\/masazni-bylinny-sacek\/#breadcrumb","itemListElement":[{"@type":"ListItem","position":1,"name":"Dom\u016f","item":"https:\/\/mystictemple.cz\/"},{"@type":"ListItem","position":2,"name":"Produkty","item":"https:\/\/mystictemple.cz\/shop\/"},{"@type":"ListItem","position":3,"name":"Mas\u00e1\u017en\u00ed bylinn\u00fd s\u00e1\u010dek"}]},{"@type":"WebSite","@id":"https:\/\/mystictemple.cz\/#website","url":"https:\/\/mystictemple.cz\/","name":"Mystic Temple","description":"Mystic Temple je mas\u00e1\u017en\u00ed salon v centru Prahy, kter\u00fd nab\u00edz\u00ed \u0161irokou \u0161k\u00e1lu relaxa\u010dn\u00edch a terapeutick\u00fdch mas\u00e1\u017e\u00ed. Na na\u0161em webu si m\u016f\u017eete snadno vybrat mas\u00e1\u017e, vlo\u017eit ji do ko\u0161\u00edku, zaplatit online a ihned obdr\u017eet d\u00e1rkov\u00fd voucher s unik\u00e1tn\u00edm k\u00f3dem. Voucher pak m\u016f\u017eete uplatnit p\u0159\u00edmo na recepci salonu. Rezervace je mo\u017en\u00e1 telefonicky nebo online. Otev\u0159eno m\u00e1me denn\u011b od 9:00 do 21:00.","publisher":{"@id":"https:\/\/mystictemple.cz\/#organization"},"potentialAction":[{"@type":"SearchAction","target":{"@type":"EntryPoint","urlTemplate":"https:\/\/mystictemple.cz\/?s={search_term_string}"},"query-input":{"@type":"PropertyValueSpecification","valueRequired":true,"valueName":"search_term_string"}}],"inLanguage":"en-US"},{"@type":"Organization","@id":"https:\/\/mystictemple.cz\/#organization","name":"Mystic Temple","url":"https:\/\/mystictemple.cz\/","logo":{"@type":"ImageObject","inLanguage":"en-US","@id":"https:\/\/mystictemple.cz\/#\/schema\/logo\/image\/","url":"https:\/\/mystictemple.cz\/wp-content\/uploads\/2024\/02\/logo_temple_transparentni-2.png","contentUrl":"https:\/\/mystictemple.cz\/wp-content\/uploads\/2024\/02\/logo_temple_transparentni-2.png","width":781,"height":586,"caption":"Mystic Temple"},"image":{"@id":"https:\/\/mystictemple.cz\/#\/schema\/logo\/image\/"}}]}},"_links":{"self":[{"href":"https:\/\/mystictemple.cz\/en\/wp-json\/wp\/v2\/product\/1252","targetHints":{"allow":["GET"]}}],"collection":[{"href":"https:\/\/mystictemple.cz\/en\/wp-json\/wp\/v2\/product"}],"about":[{"href":"https:\/\/mystictemple.cz\/en\/wp-json\/wp\/v2\/types\/product"}],"wp:featuredmedia":[{"embeddable":true,"href":"https:\/\/mystictemple.cz\/en\/wp-json\/wp\/v2\/media\/1255"}],"wp:attachment":[{"href":"https:\/\/mystictemple.cz\/en\/wp-json\/wp\/v2\/media?parent=1252"}],"wp:term":[{"taxonomy":"product_brand","embeddable":true,"href":"https:\/\/mystictemple.cz\/en\/wp-json\/wp\/v2\/product_brand?post=1252"},{"taxonomy":"product_cat","embeddable":true,"href":"https:\/\/mystictemple.cz\/en\/wp-json\/wp\/v2\/product_cat?post=1252"},{"taxonomy":"product_tag","embeddable":true,"href":"https:\/\/mystictemple.cz\/en\/wp-json\/wp\/v2\/product_tag?post=1252"}],"curies":[{"name":"wp","href":"https:\/\/api.w.org\/{rel}","templated":true}]}}