{"id":1095,"date":"2024-09-26T18:24:08","date_gmt":"2024-09-26T18:24:08","guid":{"rendered":"https:\/\/mystictemple.cz\/?post_type=product&#038;p=1095"},"modified":"2025-08-14T11:51:16","modified_gmt":"2025-08-14T11:51:16","slug":"spa-queens-park-balicek-pro-par","status":"publish","type":"product","link":"https:\/\/mystictemple.cz\/en\/product\/spa-queens-park-balicek-pro-par\/","title":{"rendered":"SPA Queen\u2019s Park: package for couples"},"content":{"rendered":"<div class=\"av-special-heading av-2n1per-07761c0471f102c325d6480da552a674 av-special-heading-h1 custom-color-heading blockquote modern-quote avia-builder-el-2 el_after_av_gallery el_before_av_textblock\">\n<div class=\"av-special-heading av-2km99i-fabece1403dc5ef936d099f75070df8c av-special-heading-h1 custom-color-heading blockquote modern-quote avia-builder-el-2 el_after_av_gallery el_before_av_textblock\">\n<div class=\"av-special-heading av-87mu0-27d34b47e3e989c950cbf58d1c1eec61 av-special-heading-h1 custom-color-heading blockquote modern-quote avia-builder-el-2 el_after_av_gallery el_before_av_textblock\">\n<div class=\"av-special-heading av-35kabx-3a0a6c2ba469f913ceb665f8f59dab1c av-special-heading-h1 custom-color-heading blockquote modern-quote avia-builder-el-2 el_after_av_gallery el_before_av_textblock\"><\/div>\n<section class=\"av_textblock_section av-jtfnojnb-eab8df139f5c5775eed94ab00d64c14a\">\n<div class=\"avia_textblock\">\n<p>&nbsp;<\/p>\n<\/div>\n<\/section>\n<\/div>\n<section class=\"av_textblock_section av-jtfnojnb-ab56eddf27d4f33c0f666c2ec15eb05b\">\n<div class=\"avia_textblock\"><\/div>\n<\/section>\n<\/div>\n<\/div>","protected":false},"excerpt":{"rendered":"<section class=\"av_textblock_section av-jtfnojnb-56-38f071087cd4499ed3cb06bae4a0ea27\">\n<div class=\"avia_textblock\">\n<p>Queen<span class=\"st\">\u2019<\/span>s Park (60 \/ 90 min.)<\/p>\n<p>Mystic Face (30 min.) or Foot Relax (30 min.)<\/p>\n<p>Include: 2x Queen\u2019s Park, 2x Mystic Face OR Foot Relax<\/p>\n<p>&nbsp;<\/p>\n<\/div>\n<\/section>","protected":false},"featured_media":1098,"template":"","meta":[],"product_brand":[],"product_cat":[35],"product_tag":[],"class_list":{"0":"post-1095","1":"product","2":"type-product","3":"status-publish","4":"has-post-thumbnail","6":"product_cat-mystic-zvyhodnene-balicky","8":"first","9":"instock","10":"sold-individually","11":"taxable","12":"shipping-taxable","13":"purchasable","14":"product-type-variable"},"yoast_head":"<!-- This site is optimized with the Yoast SEO plugin v27.1.1 - https:\/\/yoast.com\/product\/yoast-seo-wordpress\/ -->\n<title>V\u00fdhodn\u00e9 p\u00e1rov\u00e9 mas\u00e1\u017ee v centru Prahy<\/title>\n<meta name=\"description\" content=\"Objevte s\u00edlu p\u00e1rov\u00e9 mas\u00e1\u017ee. \u26a1 Zv\u00fdhodn\u011bn\u00fd bal\u00ed\u010dek mas\u00e1\u017e\u00ed pro p\u00e1r v\u00e1m nab\u00edz\u00ed relaxaci, uvoln\u011bn\u00ed a proh\u0159\u00e1t\u00ed cel\u00e9ho t\u011bla v centru Prahy.\" \/>\n<meta name=\"robots\" content=\"index, follow, max-snippet:-1, max-image-preview:large, max-video-preview:-1\" \/>\n<link rel=\"canonical\" href=\"https:\/\/mystictemple.cz\/en\/product\/spa-queens-park-balicek-pro-par\/\" \/>\n<meta property=\"og:locale\" content=\"en_US\" \/>\n<meta property=\"og:type\" content=\"article\" \/>\n<meta property=\"og:title\" content=\"V\u00fdhodn\u00e9 p\u00e1rov\u00e9 mas\u00e1\u017ee v centru Prahy\" \/>\n<meta property=\"og:description\" content=\"Objevte s\u00edlu p\u00e1rov\u00e9 mas\u00e1\u017ee. \u26a1 Zv\u00fdhodn\u011bn\u00fd bal\u00ed\u010dek mas\u00e1\u017e\u00ed pro p\u00e1r v\u00e1m nab\u00edz\u00ed relaxaci, uvoln\u011bn\u00ed a proh\u0159\u00e1t\u00ed cel\u00e9ho t\u011bla v centru Prahy.\" \/>\n<meta property=\"og:url\" content=\"https:\/\/mystictemple.cz\/en\/product\/spa-queens-park-balicek-pro-par\/\" \/>\n<meta property=\"og:site_name\" content=\"Mystic Temple\" \/>\n<meta property=\"article:modified_time\" content=\"2025-08-14T11:51:16+00:00\" \/>\n<meta property=\"og:image\" content=\"https:\/\/mystictemple.cz\/wp-content\/uploads\/2024\/09\/mt-mt.jpg\" \/>\n\t<meta property=\"og:image:width\" content=\"300\" \/>\n\t<meta property=\"og:image:height\" content=\"180\" \/>\n\t<meta property=\"og:image:type\" content=\"image\/jpeg\" \/>\n<meta name=\"twitter:card\" content=\"summary_large_image\" \/>\n<meta name=\"twitter:label1\" content=\"Est. reading time\" \/>\n\t<meta name=\"twitter:data1\" content=\"1 minute\" \/>\n<script type=\"application\/ld+json\" class=\"yoast-schema-graph\">{\"@context\":\"https:\/\/schema.org\",\"@graph\":[{\"@type\":\"WebPage\",\"@id\":\"https:\/\/mystictemple.cz\/product\/spa-queens-park-balicek-pro-par\/\",\"url\":\"https:\/\/mystictemple.cz\/product\/spa-queens-park-balicek-pro-par\/\",\"name\":\"V\u00fdhodn\u00e9 p\u00e1rov\u00e9 mas\u00e1\u017ee v centru Prahy\",\"isPartOf\":{\"@id\":\"https:\/\/mystictemple.cz\/#website\"},\"primaryImageOfPage\":{\"@id\":\"https:\/\/mystictemple.cz\/product\/spa-queens-park-balicek-pro-par\/#primaryimage\"},\"image\":{\"@id\":\"https:\/\/mystictemple.cz\/product\/spa-queens-park-balicek-pro-par\/#primaryimage\"},\"thumbnailUrl\":\"https:\/\/mystictemple.cz\/wp-content\/uploads\/2024\/09\/mt-mt.jpg\",\"datePublished\":\"2024-09-26T18:24:08+00:00\",\"dateModified\":\"2025-08-14T11:51:16+00:00\",\"description\":\"Objevte s\u00edlu p\u00e1rov\u00e9 mas\u00e1\u017ee. \u26a1 Zv\u00fdhodn\u011bn\u00fd bal\u00ed\u010dek mas\u00e1\u017e\u00ed pro p\u00e1r v\u00e1m nab\u00edz\u00ed relaxaci, uvoln\u011bn\u00ed a proh\u0159\u00e1t\u00ed cel\u00e9ho t\u011bla v centru Prahy.\",\"breadcrumb\":{\"@id\":\"https:\/\/mystictemple.cz\/product\/spa-queens-park-balicek-pro-par\/#breadcrumb\"},\"inLanguage\":\"en-US\",\"potentialAction\":[{\"@type\":\"ReadAction\",\"target\":[\"https:\/\/mystictemple.cz\/product\/spa-queens-park-balicek-pro-par\/\"]}]},{\"@type\":\"ImageObject\",\"inLanguage\":\"en-US\",\"@id\":\"https:\/\/mystictemple.cz\/product\/spa-queens-park-balicek-pro-par\/#primaryimage\",\"url\":\"https:\/\/mystictemple.cz\/wp-content\/uploads\/2024\/09\/mt-mt.jpg\",\"contentUrl\":\"https:\/\/mystictemple.cz\/wp-content\/uploads\/2024\/09\/mt-mt.jpg\",\"width\":300,\"height\":180,\"caption\":\"P\u00e1rov\u00e9 mas\u00e1\u017ee v Mystic Temple\"},{\"@type\":\"BreadcrumbList\",\"@id\":\"https:\/\/mystictemple.cz\/product\/spa-queens-park-balicek-pro-par\/#breadcrumb\",\"itemListElement\":[{\"@type\":\"ListItem\",\"position\":1,\"name\":\"Dom\u016f\",\"item\":\"https:\/\/mystictemple.cz\/\"},{\"@type\":\"ListItem\",\"position\":2,\"name\":\"Produkty\",\"item\":\"https:\/\/mystictemple.cz\/shop\/\"},{\"@type\":\"ListItem\",\"position\":3,\"name\":\"SPA Queen\u2019s Park: bal\u00ed\u010dek pro p\u00e1r\"}]},{\"@type\":\"WebSite\",\"@id\":\"https:\/\/mystictemple.cz\/#website\",\"url\":\"https:\/\/mystictemple.cz\/\",\"name\":\"Mystic Temple\",\"description\":\"Mystic Temple je mas\u00e1\u017en\u00ed salon v centru Prahy, kter\u00fd nab\u00edz\u00ed \u0161irokou \u0161k\u00e1lu relaxa\u010dn\u00edch a terapeutick\u00fdch mas\u00e1\u017e\u00ed. Na na\u0161em webu si m\u016f\u017eete snadno vybrat mas\u00e1\u017e, vlo\u017eit ji do ko\u0161\u00edku, zaplatit online a ihned obdr\u017eet d\u00e1rkov\u00fd voucher s unik\u00e1tn\u00edm k\u00f3dem. Voucher pak m\u016f\u017eete uplatnit p\u0159\u00edmo na recepci salonu. Rezervace je mo\u017en\u00e1 telefonicky nebo online. Otev\u0159eno m\u00e1me denn\u011b od 9:00 do 21:00.\",\"publisher\":{\"@id\":\"https:\/\/mystictemple.cz\/#organization\"},\"potentialAction\":[{\"@type\":\"SearchAction\",\"target\":{\"@type\":\"EntryPoint\",\"urlTemplate\":\"https:\/\/mystictemple.cz\/?s={search_term_string}\"},\"query-input\":{\"@type\":\"PropertyValueSpecification\",\"valueRequired\":true,\"valueName\":\"search_term_string\"}}],\"inLanguage\":\"en-US\"},{\"@type\":\"Organization\",\"@id\":\"https:\/\/mystictemple.cz\/#organization\",\"name\":\"Mystic Temple\",\"url\":\"https:\/\/mystictemple.cz\/\",\"logo\":{\"@type\":\"ImageObject\",\"inLanguage\":\"en-US\",\"@id\":\"https:\/\/mystictemple.cz\/#\/schema\/logo\/image\/\",\"url\":\"https:\/\/mystictemple.cz\/wp-content\/uploads\/2024\/02\/logo_temple_transparentni-2.png\",\"contentUrl\":\"https:\/\/mystictemple.cz\/wp-content\/uploads\/2024\/02\/logo_temple_transparentni-2.png\",\"width\":781,\"height\":586,\"caption\":\"Mystic Temple\"},\"image\":{\"@id\":\"https:\/\/mystictemple.cz\/#\/schema\/logo\/image\/\"}}]}<\/script>\n<!-- \/ Yoast SEO plugin. -->","yoast_head_json":{"title":"V\u00fdhodn\u00e9 p\u00e1rov\u00e9 mas\u00e1\u017ee v centru Prahy","description":"Objevte s\u00edlu p\u00e1rov\u00e9 mas\u00e1\u017ee. \u26a1 Zv\u00fdhodn\u011bn\u00fd bal\u00ed\u010dek mas\u00e1\u017e\u00ed pro p\u00e1r v\u00e1m nab\u00edz\u00ed relaxaci, uvoln\u011bn\u00ed a proh\u0159\u00e1t\u00ed cel\u00e9ho t\u011bla v centru Prahy.","robots":{"index":"index","follow":"follow","max-snippet":"max-snippet:-1","max-image-preview":"max-image-preview:large","max-video-preview":"max-video-preview:-1"},"canonical":"https:\/\/mystictemple.cz\/en\/product\/spa-queens-park-balicek-pro-par\/","og_locale":"en_US","og_type":"article","og_title":"V\u00fdhodn\u00e9 p\u00e1rov\u00e9 mas\u00e1\u017ee v centru Prahy","og_description":"Objevte s\u00edlu p\u00e1rov\u00e9 mas\u00e1\u017ee. \u26a1 Zv\u00fdhodn\u011bn\u00fd bal\u00ed\u010dek mas\u00e1\u017e\u00ed pro p\u00e1r v\u00e1m nab\u00edz\u00ed relaxaci, uvoln\u011bn\u00ed a proh\u0159\u00e1t\u00ed cel\u00e9ho t\u011bla v centru Prahy.","og_url":"https:\/\/mystictemple.cz\/en\/product\/spa-queens-park-balicek-pro-par\/","og_site_name":"Mystic Temple","article_modified_time":"2025-08-14T11:51:16+00:00","og_image":[{"width":300,"height":180,"url":"https:\/\/mystictemple.cz\/wp-content\/uploads\/2024\/09\/mt-mt.jpg","type":"image\/jpeg"}],"twitter_card":"summary_large_image","twitter_misc":{"Est. reading time":"1 minute"},"schema":{"@context":"https:\/\/schema.org","@graph":[{"@type":"WebPage","@id":"https:\/\/mystictemple.cz\/product\/spa-queens-park-balicek-pro-par\/","url":"https:\/\/mystictemple.cz\/product\/spa-queens-park-balicek-pro-par\/","name":"V\u00fdhodn\u00e9 p\u00e1rov\u00e9 mas\u00e1\u017ee v centru Prahy","isPartOf":{"@id":"https:\/\/mystictemple.cz\/#website"},"primaryImageOfPage":{"@id":"https:\/\/mystictemple.cz\/product\/spa-queens-park-balicek-pro-par\/#primaryimage"},"image":{"@id":"https:\/\/mystictemple.cz\/product\/spa-queens-park-balicek-pro-par\/#primaryimage"},"thumbnailUrl":"https:\/\/mystictemple.cz\/wp-content\/uploads\/2024\/09\/mt-mt.jpg","datePublished":"2024-09-26T18:24:08+00:00","dateModified":"2025-08-14T11:51:16+00:00","description":"Objevte s\u00edlu p\u00e1rov\u00e9 mas\u00e1\u017ee. \u26a1 Zv\u00fdhodn\u011bn\u00fd bal\u00ed\u010dek mas\u00e1\u017e\u00ed pro p\u00e1r v\u00e1m nab\u00edz\u00ed relaxaci, uvoln\u011bn\u00ed a proh\u0159\u00e1t\u00ed cel\u00e9ho t\u011bla v centru Prahy.","breadcrumb":{"@id":"https:\/\/mystictemple.cz\/product\/spa-queens-park-balicek-pro-par\/#breadcrumb"},"inLanguage":"en-US","potentialAction":[{"@type":"ReadAction","target":["https:\/\/mystictemple.cz\/product\/spa-queens-park-balicek-pro-par\/"]}]},{"@type":"ImageObject","inLanguage":"en-US","@id":"https:\/\/mystictemple.cz\/product\/spa-queens-park-balicek-pro-par\/#primaryimage","url":"https:\/\/mystictemple.cz\/wp-content\/uploads\/2024\/09\/mt-mt.jpg","contentUrl":"https:\/\/mystictemple.cz\/wp-content\/uploads\/2024\/09\/mt-mt.jpg","width":300,"height":180,"caption":"P\u00e1rov\u00e9 mas\u00e1\u017ee v Mystic Temple"},{"@type":"BreadcrumbList","@id":"https:\/\/mystictemple.cz\/product\/spa-queens-park-balicek-pro-par\/#breadcrumb","itemListElement":[{"@type":"ListItem","position":1,"name":"Dom\u016f","item":"https:\/\/mystictemple.cz\/"},{"@type":"ListItem","position":2,"name":"Produkty","item":"https:\/\/mystictemple.cz\/shop\/"},{"@type":"ListItem","position":3,"name":"SPA Queen\u2019s Park: bal\u00ed\u010dek pro p\u00e1r"}]},{"@type":"WebSite","@id":"https:\/\/mystictemple.cz\/#website","url":"https:\/\/mystictemple.cz\/","name":"Mystic Temple","description":"Mystic Temple je mas\u00e1\u017en\u00ed salon v centru Prahy, kter\u00fd nab\u00edz\u00ed \u0161irokou \u0161k\u00e1lu relaxa\u010dn\u00edch a terapeutick\u00fdch mas\u00e1\u017e\u00ed. Na na\u0161em webu si m\u016f\u017eete snadno vybrat mas\u00e1\u017e, vlo\u017eit ji do ko\u0161\u00edku, zaplatit online a ihned obdr\u017eet d\u00e1rkov\u00fd voucher s unik\u00e1tn\u00edm k\u00f3dem. Voucher pak m\u016f\u017eete uplatnit p\u0159\u00edmo na recepci salonu. Rezervace je mo\u017en\u00e1 telefonicky nebo online. Otev\u0159eno m\u00e1me denn\u011b od 9:00 do 21:00.","publisher":{"@id":"https:\/\/mystictemple.cz\/#organization"},"potentialAction":[{"@type":"SearchAction","target":{"@type":"EntryPoint","urlTemplate":"https:\/\/mystictemple.cz\/?s={search_term_string}"},"query-input":{"@type":"PropertyValueSpecification","valueRequired":true,"valueName":"search_term_string"}}],"inLanguage":"en-US"},{"@type":"Organization","@id":"https:\/\/mystictemple.cz\/#organization","name":"Mystic Temple","url":"https:\/\/mystictemple.cz\/","logo":{"@type":"ImageObject","inLanguage":"en-US","@id":"https:\/\/mystictemple.cz\/#\/schema\/logo\/image\/","url":"https:\/\/mystictemple.cz\/wp-content\/uploads\/2024\/02\/logo_temple_transparentni-2.png","contentUrl":"https:\/\/mystictemple.cz\/wp-content\/uploads\/2024\/02\/logo_temple_transparentni-2.png","width":781,"height":586,"caption":"Mystic Temple"},"image":{"@id":"https:\/\/mystictemple.cz\/#\/schema\/logo\/image\/"}}]}},"_links":{"self":[{"href":"https:\/\/mystictemple.cz\/en\/wp-json\/wp\/v2\/product\/1095","targetHints":{"allow":["GET"]}}],"collection":[{"href":"https:\/\/mystictemple.cz\/en\/wp-json\/wp\/v2\/product"}],"about":[{"href":"https:\/\/mystictemple.cz\/en\/wp-json\/wp\/v2\/types\/product"}],"wp:featuredmedia":[{"embeddable":true,"href":"https:\/\/mystictemple.cz\/en\/wp-json\/wp\/v2\/media\/1098"}],"wp:attachment":[{"href":"https:\/\/mystictemple.cz\/en\/wp-json\/wp\/v2\/media?parent=1095"}],"wp:term":[{"taxonomy":"product_brand","embeddable":true,"href":"https:\/\/mystictemple.cz\/en\/wp-json\/wp\/v2\/product_brand?post=1095"},{"taxonomy":"product_cat","embeddable":true,"href":"https:\/\/mystictemple.cz\/en\/wp-json\/wp\/v2\/product_cat?post=1095"},{"taxonomy":"product_tag","embeddable":true,"href":"https:\/\/mystictemple.cz\/en\/wp-json\/wp\/v2\/product_tag?post=1095"}],"curies":[{"name":"wp","href":"https:\/\/api.w.org\/{rel}","templated":true}]}}