{"id":1061,"date":"2024-09-18T14:37:01","date_gmt":"2024-09-18T14:37:01","guid":{"rendered":"https:\/\/mystictemple.cz\/?post_type=product&#038;p=1061"},"modified":"2025-08-14T21:48:08","modified_gmt":"2025-08-14T21:48:08","slug":"lasocare","status":"publish","type":"product","link":"https:\/\/mystictemple.cz\/en\/product\/lasocare\/","title":{"rendered":"Lasocare"},"content":{"rendered":"<div class=\"av-special-heading av-2n1per-07761c0471f102c325d6480da552a674 av-special-heading-h1 custom-color-heading blockquote modern-quote avia-builder-el-2 el_after_av_gallery el_before_av_textblock\">\n<div class=\"av-special-heading av-2km99i-fabece1403dc5ef936d099f75070df8c av-special-heading-h1 custom-color-heading blockquote modern-quote avia-builder-el-2 el_after_av_gallery el_before_av_textblock\">\n<div class=\"av-special-heading av-87mu0-27d34b47e3e989c950cbf58d1c1eec61 av-special-heading-h1 custom-color-heading blockquote modern-quote avia-builder-el-2 el_after_av_gallery el_before_av_textblock\">\n<div class=\"av-special-heading av-35kabx-3a0a6c2ba469f913ceb665f8f59dab1c av-special-heading-h1 custom-color-heading blockquote modern-quote avia-builder-el-2 el_after_av_gallery el_before_av_textblock\">\n<p><strong>Lasocare treatment:<\/strong><\/p>\n<p class=\"translation-block\">An effective method combining the beneficial effects of laser treatment with the rejuvenating and cleansing properties of milk enzymes. Lasocare represents the pinnacle of the current development of so-called <strong>anti-aging<\/strong> products. The application of the Lasocare method is divided into an initial treatment\u2014activation by a trained laser specialist\u2014and daily follow-up care at home.<\/p>\n<p>Mystic Touch: 4 treatments x 8 minutes<\/p>\n<p>Mystic Touch: 8 treatments x 8 minutes<\/p>\n<p>Mystic Touch: 4 treatments x 12 minutes<\/p>\n<p>Mystic Touch: 8 treatments x 12 minutes<\/p>\n<p>Lasocare gel 12,8ml<\/p>\n<\/div>\n<\/div>\n<section class=\"av_textblock_section av-jtfnojnb-ab56eddf27d4f33c0f666c2ec15eb05b\">\n<div class=\"avia_textblock\"><\/div>\n<\/section>\n<\/div>\n<\/div>","protected":false},"excerpt":{"rendered":"<section class=\"translation-block\">An effective method combining the beneficial effects of laser treatment with the rejuvenating and cleansing properties of milk enzymes. Lasocare represents the pinnacle of the current development of so-called <strong>anti-aging<\/strong> products. The application of the Lasocare method is divided into an initial treatment\u2014activation by a trained laser specialist\u2014and daily follow-up care at home.<\/section>","protected":false},"featured_media":1068,"template":"","meta":[],"product_brand":[],"product_cat":[32],"product_tag":[],"class_list":{"0":"post-1061","1":"product","2":"type-product","3":"status-publish","4":"has-post-thumbnail","6":"product_cat-manikura-a-pedikura","8":"first","9":"instock","10":"sold-individually","11":"taxable","12":"shipping-taxable","13":"purchasable","14":"product-type-variable"},"yoast_head":"<!-- This site is optimized with the Yoast SEO plugin v27.1.1 - https:\/\/yoast.com\/product\/yoast-seo-wordpress\/ -->\n<title>Oml\u00e1dn\u011bte s Lasocare - laserov\u00fdm o\u0161et\u0159en\u00edm pleti<\/title>\n<meta name=\"description\" content=\"Vyzkou\u0161ejte profesion\u00e1ln\u00ed laserovou p\u00e9\u010di Lasocare, kter\u00e1 va\u0161i ple\u0165 omlad\u00ed a uvoln\u00ed. P\u0159\u00edjemn\u00e9 prost\u0159ed\u00ed kosmetick\u00e9ho studia v centru Prahy. \u2728\" \/>\n<meta name=\"robots\" content=\"index, follow, max-snippet:-1, max-image-preview:large, max-video-preview:-1\" \/>\n<link rel=\"canonical\" href=\"https:\/\/mystictemple.cz\/en\/product\/lasocare\/\" \/>\n<meta property=\"og:locale\" content=\"en_US\" \/>\n<meta property=\"og:type\" content=\"article\" \/>\n<meta property=\"og:title\" content=\"Oml\u00e1dn\u011bte s Lasocare - laserov\u00fdm o\u0161et\u0159en\u00edm pleti\" \/>\n<meta property=\"og:description\" content=\"Vyzkou\u0161ejte profesion\u00e1ln\u00ed laserovou p\u00e9\u010di Lasocare, kter\u00e1 va\u0161i ple\u0165 omlad\u00ed a uvoln\u00ed. P\u0159\u00edjemn\u00e9 prost\u0159ed\u00ed kosmetick\u00e9ho studia v centru Prahy. \u2728\" \/>\n<meta property=\"og:url\" content=\"https:\/\/mystictemple.cz\/en\/product\/lasocare\/\" \/>\n<meta property=\"og:site_name\" content=\"Mystic Temple\" \/>\n<meta property=\"article:modified_time\" content=\"2025-08-14T21:48:08+00:00\" \/>\n<meta property=\"og:image\" content=\"https:\/\/mystictemple.cz\/wp-content\/uploads\/2024\/09\/sarah-comeau-hcs5KxfmVnQ-unsplash-1-300x180-1.jpg\" \/>\n\t<meta property=\"og:image:width\" content=\"300\" \/>\n\t<meta property=\"og:image:height\" content=\"180\" \/>\n\t<meta property=\"og:image:type\" content=\"image\/jpeg\" \/>\n<meta name=\"twitter:card\" content=\"summary_large_image\" \/>\n<meta name=\"twitter:label1\" content=\"Est. reading time\" \/>\n\t<meta name=\"twitter:data1\" content=\"1 minute\" \/>\n<script type=\"application\/ld+json\" class=\"yoast-schema-graph\">{\"@context\":\"https:\/\/schema.org\",\"@graph\":[{\"@type\":\"WebPage\",\"@id\":\"https:\/\/mystictemple.cz\/product\/lasocare\/\",\"url\":\"https:\/\/mystictemple.cz\/product\/lasocare\/\",\"name\":\"Oml\u00e1dn\u011bte s Lasocare - laserov\u00fdm o\u0161et\u0159en\u00edm pleti\",\"isPartOf\":{\"@id\":\"https:\/\/mystictemple.cz\/#website\"},\"primaryImageOfPage\":{\"@id\":\"https:\/\/mystictemple.cz\/product\/lasocare\/#primaryimage\"},\"image\":{\"@id\":\"https:\/\/mystictemple.cz\/product\/lasocare\/#primaryimage\"},\"thumbnailUrl\":\"https:\/\/mystictemple.cz\/wp-content\/uploads\/2024\/09\/sarah-comeau-hcs5KxfmVnQ-unsplash-1-300x180-1.jpg\",\"datePublished\":\"2024-09-18T14:37:01+00:00\",\"dateModified\":\"2025-08-14T21:48:08+00:00\",\"description\":\"Vyzkou\u0161ejte profesion\u00e1ln\u00ed laserovou p\u00e9\u010di Lasocare, kter\u00e1 va\u0161i ple\u0165 omlad\u00ed a uvoln\u00ed. P\u0159\u00edjemn\u00e9 prost\u0159ed\u00ed kosmetick\u00e9ho studia v centru Prahy. \u2728\",\"breadcrumb\":{\"@id\":\"https:\/\/mystictemple.cz\/product\/lasocare\/#breadcrumb\"},\"inLanguage\":\"en-US\",\"potentialAction\":[{\"@type\":\"ReadAction\",\"target\":[\"https:\/\/mystictemple.cz\/product\/lasocare\/\"]}]},{\"@type\":\"ImageObject\",\"inLanguage\":\"en-US\",\"@id\":\"https:\/\/mystictemple.cz\/product\/lasocare\/#primaryimage\",\"url\":\"https:\/\/mystictemple.cz\/wp-content\/uploads\/2024\/09\/sarah-comeau-hcs5KxfmVnQ-unsplash-1-300x180-1.jpg\",\"contentUrl\":\"https:\/\/mystictemple.cz\/wp-content\/uploads\/2024\/09\/sarah-comeau-hcs5KxfmVnQ-unsplash-1-300x180-1.jpg\",\"width\":300,\"height\":180,\"caption\":\"Lasocare - laserov\u00e9 o\u0161et\u0159en\u00ed pleti\"},{\"@type\":\"BreadcrumbList\",\"@id\":\"https:\/\/mystictemple.cz\/product\/lasocare\/#breadcrumb\",\"itemListElement\":[{\"@type\":\"ListItem\",\"position\":1,\"name\":\"Dom\u016f\",\"item\":\"https:\/\/mystictemple.cz\/\"},{\"@type\":\"ListItem\",\"position\":2,\"name\":\"Produkty\",\"item\":\"https:\/\/mystictemple.cz\/shop\/\"},{\"@type\":\"ListItem\",\"position\":3,\"name\":\"Lasocare\"}]},{\"@type\":\"WebSite\",\"@id\":\"https:\/\/mystictemple.cz\/#website\",\"url\":\"https:\/\/mystictemple.cz\/\",\"name\":\"Mystic Temple\",\"description\":\"Mystic Temple je mas\u00e1\u017en\u00ed salon v centru Prahy, kter\u00fd nab\u00edz\u00ed \u0161irokou \u0161k\u00e1lu relaxa\u010dn\u00edch a terapeutick\u00fdch mas\u00e1\u017e\u00ed. Na na\u0161em webu si m\u016f\u017eete snadno vybrat mas\u00e1\u017e, vlo\u017eit ji do ko\u0161\u00edku, zaplatit online a ihned obdr\u017eet d\u00e1rkov\u00fd voucher s unik\u00e1tn\u00edm k\u00f3dem. Voucher pak m\u016f\u017eete uplatnit p\u0159\u00edmo na recepci salonu. Rezervace je mo\u017en\u00e1 telefonicky nebo online. Otev\u0159eno m\u00e1me denn\u011b od 9:00 do 21:00.\",\"publisher\":{\"@id\":\"https:\/\/mystictemple.cz\/#organization\"},\"potentialAction\":[{\"@type\":\"SearchAction\",\"target\":{\"@type\":\"EntryPoint\",\"urlTemplate\":\"https:\/\/mystictemple.cz\/?s={search_term_string}\"},\"query-input\":{\"@type\":\"PropertyValueSpecification\",\"valueRequired\":true,\"valueName\":\"search_term_string\"}}],\"inLanguage\":\"en-US\"},{\"@type\":\"Organization\",\"@id\":\"https:\/\/mystictemple.cz\/#organization\",\"name\":\"Mystic Temple\",\"url\":\"https:\/\/mystictemple.cz\/\",\"logo\":{\"@type\":\"ImageObject\",\"inLanguage\":\"en-US\",\"@id\":\"https:\/\/mystictemple.cz\/#\/schema\/logo\/image\/\",\"url\":\"https:\/\/mystictemple.cz\/wp-content\/uploads\/2024\/02\/logo_temple_transparentni-2.png\",\"contentUrl\":\"https:\/\/mystictemple.cz\/wp-content\/uploads\/2024\/02\/logo_temple_transparentni-2.png\",\"width\":781,\"height\":586,\"caption\":\"Mystic Temple\"},\"image\":{\"@id\":\"https:\/\/mystictemple.cz\/#\/schema\/logo\/image\/\"}}]}<\/script>\n<!-- \/ Yoast SEO plugin. -->","yoast_head_json":{"title":"Oml\u00e1dn\u011bte s Lasocare - laserov\u00fdm o\u0161et\u0159en\u00edm pleti","description":"Vyzkou\u0161ejte profesion\u00e1ln\u00ed laserovou p\u00e9\u010di Lasocare, kter\u00e1 va\u0161i ple\u0165 omlad\u00ed a uvoln\u00ed. P\u0159\u00edjemn\u00e9 prost\u0159ed\u00ed kosmetick\u00e9ho studia v centru Prahy. \u2728","robots":{"index":"index","follow":"follow","max-snippet":"max-snippet:-1","max-image-preview":"max-image-preview:large","max-video-preview":"max-video-preview:-1"},"canonical":"https:\/\/mystictemple.cz\/en\/product\/lasocare\/","og_locale":"en_US","og_type":"article","og_title":"Oml\u00e1dn\u011bte s Lasocare - laserov\u00fdm o\u0161et\u0159en\u00edm pleti","og_description":"Vyzkou\u0161ejte profesion\u00e1ln\u00ed laserovou p\u00e9\u010di Lasocare, kter\u00e1 va\u0161i ple\u0165 omlad\u00ed a uvoln\u00ed. P\u0159\u00edjemn\u00e9 prost\u0159ed\u00ed kosmetick\u00e9ho studia v centru Prahy. \u2728","og_url":"https:\/\/mystictemple.cz\/en\/product\/lasocare\/","og_site_name":"Mystic Temple","article_modified_time":"2025-08-14T21:48:08+00:00","og_image":[{"width":300,"height":180,"url":"https:\/\/mystictemple.cz\/wp-content\/uploads\/2024\/09\/sarah-comeau-hcs5KxfmVnQ-unsplash-1-300x180-1.jpg","type":"image\/jpeg"}],"twitter_card":"summary_large_image","twitter_misc":{"Est. reading time":"1 minute"},"schema":{"@context":"https:\/\/schema.org","@graph":[{"@type":"WebPage","@id":"https:\/\/mystictemple.cz\/product\/lasocare\/","url":"https:\/\/mystictemple.cz\/product\/lasocare\/","name":"Oml\u00e1dn\u011bte s Lasocare - laserov\u00fdm o\u0161et\u0159en\u00edm pleti","isPartOf":{"@id":"https:\/\/mystictemple.cz\/#website"},"primaryImageOfPage":{"@id":"https:\/\/mystictemple.cz\/product\/lasocare\/#primaryimage"},"image":{"@id":"https:\/\/mystictemple.cz\/product\/lasocare\/#primaryimage"},"thumbnailUrl":"https:\/\/mystictemple.cz\/wp-content\/uploads\/2024\/09\/sarah-comeau-hcs5KxfmVnQ-unsplash-1-300x180-1.jpg","datePublished":"2024-09-18T14:37:01+00:00","dateModified":"2025-08-14T21:48:08+00:00","description":"Vyzkou\u0161ejte profesion\u00e1ln\u00ed laserovou p\u00e9\u010di Lasocare, kter\u00e1 va\u0161i ple\u0165 omlad\u00ed a uvoln\u00ed. P\u0159\u00edjemn\u00e9 prost\u0159ed\u00ed kosmetick\u00e9ho studia v centru Prahy. \u2728","breadcrumb":{"@id":"https:\/\/mystictemple.cz\/product\/lasocare\/#breadcrumb"},"inLanguage":"en-US","potentialAction":[{"@type":"ReadAction","target":["https:\/\/mystictemple.cz\/product\/lasocare\/"]}]},{"@type":"ImageObject","inLanguage":"en-US","@id":"https:\/\/mystictemple.cz\/product\/lasocare\/#primaryimage","url":"https:\/\/mystictemple.cz\/wp-content\/uploads\/2024\/09\/sarah-comeau-hcs5KxfmVnQ-unsplash-1-300x180-1.jpg","contentUrl":"https:\/\/mystictemple.cz\/wp-content\/uploads\/2024\/09\/sarah-comeau-hcs5KxfmVnQ-unsplash-1-300x180-1.jpg","width":300,"height":180,"caption":"Lasocare - laserov\u00e9 o\u0161et\u0159en\u00ed pleti"},{"@type":"BreadcrumbList","@id":"https:\/\/mystictemple.cz\/product\/lasocare\/#breadcrumb","itemListElement":[{"@type":"ListItem","position":1,"name":"Dom\u016f","item":"https:\/\/mystictemple.cz\/"},{"@type":"ListItem","position":2,"name":"Produkty","item":"https:\/\/mystictemple.cz\/shop\/"},{"@type":"ListItem","position":3,"name":"Lasocare"}]},{"@type":"WebSite","@id":"https:\/\/mystictemple.cz\/#website","url":"https:\/\/mystictemple.cz\/","name":"Mystic Temple","description":"Mystic Temple je mas\u00e1\u017en\u00ed salon v centru Prahy, kter\u00fd nab\u00edz\u00ed \u0161irokou \u0161k\u00e1lu relaxa\u010dn\u00edch a terapeutick\u00fdch mas\u00e1\u017e\u00ed. Na na\u0161em webu si m\u016f\u017eete snadno vybrat mas\u00e1\u017e, vlo\u017eit ji do ko\u0161\u00edku, zaplatit online a ihned obdr\u017eet d\u00e1rkov\u00fd voucher s unik\u00e1tn\u00edm k\u00f3dem. Voucher pak m\u016f\u017eete uplatnit p\u0159\u00edmo na recepci salonu. Rezervace je mo\u017en\u00e1 telefonicky nebo online. Otev\u0159eno m\u00e1me denn\u011b od 9:00 do 21:00.","publisher":{"@id":"https:\/\/mystictemple.cz\/#organization"},"potentialAction":[{"@type":"SearchAction","target":{"@type":"EntryPoint","urlTemplate":"https:\/\/mystictemple.cz\/?s={search_term_string}"},"query-input":{"@type":"PropertyValueSpecification","valueRequired":true,"valueName":"search_term_string"}}],"inLanguage":"en-US"},{"@type":"Organization","@id":"https:\/\/mystictemple.cz\/#organization","name":"Mystic Temple","url":"https:\/\/mystictemple.cz\/","logo":{"@type":"ImageObject","inLanguage":"en-US","@id":"https:\/\/mystictemple.cz\/#\/schema\/logo\/image\/","url":"https:\/\/mystictemple.cz\/wp-content\/uploads\/2024\/02\/logo_temple_transparentni-2.png","contentUrl":"https:\/\/mystictemple.cz\/wp-content\/uploads\/2024\/02\/logo_temple_transparentni-2.png","width":781,"height":586,"caption":"Mystic Temple"},"image":{"@id":"https:\/\/mystictemple.cz\/#\/schema\/logo\/image\/"}}]}},"_links":{"self":[{"href":"https:\/\/mystictemple.cz\/en\/wp-json\/wp\/v2\/product\/1061","targetHints":{"allow":["GET"]}}],"collection":[{"href":"https:\/\/mystictemple.cz\/en\/wp-json\/wp\/v2\/product"}],"about":[{"href":"https:\/\/mystictemple.cz\/en\/wp-json\/wp\/v2\/types\/product"}],"wp:featuredmedia":[{"embeddable":true,"href":"https:\/\/mystictemple.cz\/en\/wp-json\/wp\/v2\/media\/1068"}],"wp:attachment":[{"href":"https:\/\/mystictemple.cz\/en\/wp-json\/wp\/v2\/media?parent=1061"}],"wp:term":[{"taxonomy":"product_brand","embeddable":true,"href":"https:\/\/mystictemple.cz\/en\/wp-json\/wp\/v2\/product_brand?post=1061"},{"taxonomy":"product_cat","embeddable":true,"href":"https:\/\/mystictemple.cz\/en\/wp-json\/wp\/v2\/product_cat?post=1061"},{"taxonomy":"product_tag","embeddable":true,"href":"https:\/\/mystictemple.cz\/en\/wp-json\/wp\/v2\/product_tag?post=1061"}],"curies":[{"name":"wp","href":"https:\/\/api.w.org\/{rel}","templated":true}]}}