{"id":1036,"date":"2024-09-18T13:41:41","date_gmt":"2024-09-18T13:41:41","guid":{"rendered":"https:\/\/mystictemple.cz\/?post_type=product&#038;p=1036"},"modified":"2025-10-01T12:25:35","modified_gmt":"2025-10-01T12:25:35","slug":"manikura","status":"publish","type":"product","link":"https:\/\/mystictemple.cz\/en\/product\/manikura\/","title":{"rendered":"Manicure"},"content":{"rendered":"<div class=\"av-special-heading av-2n1per-07761c0471f102c325d6480da552a674 av-special-heading-h1 custom-color-heading blockquote modern-quote avia-builder-el-2 el_after_av_gallery el_before_av_textblock\">\n<div class=\"av-special-heading av-2km99i-fabece1403dc5ef936d099f75070df8c av-special-heading-h1 custom-color-heading blockquote modern-quote avia-builder-el-2 el_after_av_gallery el_before_av_textblock\">\n<div class=\"av-special-heading av-87mu0-27d34b47e3e989c950cbf58d1c1eec61 av-special-heading-h1 custom-color-heading blockquote modern-quote avia-builder-el-2 el_after_av_gallery el_before_av_textblock\">\n<div class=\"av-special-heading av-35kabx-3a0a6c2ba469f913ceb665f8f59dab1c av-special-heading-h1 custom-color-heading blockquote modern-quote avia-builder-el-2 el_after_av_gallery el_before_av_textblock\">\n<p>For the treatment of your hands, we use Enii-nails cosmetics.<\/p>\n<p class=\"translation-block\"><strong>Classic manicure<\/strong><strong>:<br>\n<\/strong><strong>60 min<\/strong> \u2013 Includes regeneration, nourishment of the nails, base coat, and top coat.<\/p>\n<p class=\"translation-block\"><strong>SPA manicure<br>\n<\/strong><strong>90 min<\/strong> \u2013 Includes regeneration, nourishment of the nails, base coat, and top coat.<\/p>\n<p><strong>Paraffin<\/strong><\/p>\n<p><strong>P-shine<\/strong><\/p>\n<p><strong>Polishing<\/strong><\/p>\n<p><strong>Gel nail polish JESSICA GELeration<\/strong><\/p>\n<p>The treatment includes a manicure and Jessica GELeration gel nail polish.<\/p>\n<ul>\n<li>Jessica GELeration nail polish application including removal \u2013 105 min.<\/li>\n<li>Jessica GELeration nail polish application 1 nail \u2013 30 min.<\/li>\n<li>Jessica GELeration nail polish removal only \u2013 45 min.<\/li>\n<\/ul>\n<\/div>\n<section class=\"av_textblock_section av-jtfnojnb-eab8df139f5c5775eed94ab00d64c14a\">\n<div class=\"avia_textblock\">\n<p>&nbsp;<\/p>\n<\/div>\n<\/section>\n<\/div>\n<section class=\"av_textblock_section av-jtfnojnb-ab56eddf27d4f33c0f666c2ec15eb05b\">\n<div class=\"avia_textblock\"><\/div>\n<\/section>\n<\/div>\n<\/div>","protected":false},"excerpt":{"rendered":"<section class=\"translation-block\">Classic manicure<br>  \nSPA manicure<br>  \nParaffin<br>  \nP-shine<br>  \nPolishing<br>  \nGel polish JESSICA GELeration<\/section>\n<section><\/section>","protected":false},"featured_media":1049,"template":"","meta":[],"product_brand":[],"product_cat":[32],"product_tag":[],"class_list":{"0":"post-1036","1":"product","2":"type-product","3":"status-publish","4":"has-post-thumbnail","6":"product_cat-manikura-a-pedikura","8":"first","9":"instock","10":"sold-individually","11":"taxable","12":"shipping-taxable","13":"purchasable","14":"product-type-variable"},"yoast_head":"<!-- This site is optimized with the Yoast SEO plugin v27.1.1 - https:\/\/yoast.com\/product\/yoast-seo-wordpress\/ -->\n<title>Luxusn\u00ed manik\u00fara v centru Prahy<\/title>\n<meta name=\"description\" content=\"Vyzkou\u0161ejte luxusn\u00ed o\u0161et\u0159en\u00ed v na\u0161em studiu. Profesion\u00e1ln\u00ed manik\u00fara s mo\u017enost\u00ed SPA ritu\u00e1l\u016f i mas\u00e1\u017e\u00ed. \u26a1\" \/>\n<meta name=\"robots\" content=\"index, follow, max-snippet:-1, max-image-preview:large, max-video-preview:-1\" \/>\n<link rel=\"canonical\" href=\"https:\/\/mystictemple.cz\/en\/product\/manikura\/\" \/>\n<meta property=\"og:locale\" content=\"en_US\" \/>\n<meta property=\"og:type\" content=\"article\" \/>\n<meta property=\"og:title\" content=\"Luxusn\u00ed manik\u00fara v centru Prahy\" \/>\n<meta property=\"og:description\" content=\"Vyzkou\u0161ejte luxusn\u00ed o\u0161et\u0159en\u00ed v na\u0161em studiu. Profesion\u00e1ln\u00ed manik\u00fara s mo\u017enost\u00ed SPA ritu\u00e1l\u016f i mas\u00e1\u017e\u00ed. \u26a1\" \/>\n<meta property=\"og:url\" content=\"https:\/\/mystictemple.cz\/en\/product\/manikura\/\" \/>\n<meta property=\"og:site_name\" content=\"Mystic Temple\" \/>\n<meta property=\"article:modified_time\" content=\"2025-10-01T12:25:35+00:00\" \/>\n<meta property=\"og:image\" content=\"https:\/\/mystictemple.cz\/wp-content\/uploads\/2024\/09\/sluzby_manikura.jpg\" \/>\n\t<meta property=\"og:image:width\" content=\"500\" \/>\n\t<meta property=\"og:image:height\" content=\"300\" \/>\n\t<meta property=\"og:image:type\" content=\"image\/jpeg\" \/>\n<meta name=\"twitter:card\" content=\"summary_large_image\" \/>\n<meta name=\"twitter:label1\" content=\"Est. reading time\" \/>\n\t<meta name=\"twitter:data1\" content=\"1 minute\" \/>\n<script type=\"application\/ld+json\" class=\"yoast-schema-graph\">{\"@context\":\"https:\/\/schema.org\",\"@graph\":[{\"@type\":\"WebPage\",\"@id\":\"https:\/\/mystictemple.cz\/product\/manikura\/\",\"url\":\"https:\/\/mystictemple.cz\/product\/manikura\/\",\"name\":\"Luxusn\u00ed manik\u00fara v centru Prahy\",\"isPartOf\":{\"@id\":\"https:\/\/mystictemple.cz\/#website\"},\"primaryImageOfPage\":{\"@id\":\"https:\/\/mystictemple.cz\/product\/manikura\/#primaryimage\"},\"image\":{\"@id\":\"https:\/\/mystictemple.cz\/product\/manikura\/#primaryimage\"},\"thumbnailUrl\":\"https:\/\/mystictemple.cz\/wp-content\/uploads\/2024\/09\/sluzby_manikura.jpg\",\"datePublished\":\"2024-09-18T13:41:41+00:00\",\"dateModified\":\"2025-10-01T12:25:35+00:00\",\"description\":\"Vyzkou\u0161ejte luxusn\u00ed o\u0161et\u0159en\u00ed v na\u0161em studiu. Profesion\u00e1ln\u00ed manik\u00fara s mo\u017enost\u00ed SPA ritu\u00e1l\u016f i mas\u00e1\u017e\u00ed. \u26a1\",\"breadcrumb\":{\"@id\":\"https:\/\/mystictemple.cz\/product\/manikura\/#breadcrumb\"},\"inLanguage\":\"en-US\",\"potentialAction\":[{\"@type\":\"ReadAction\",\"target\":[\"https:\/\/mystictemple.cz\/product\/manikura\/\"]}]},{\"@type\":\"ImageObject\",\"inLanguage\":\"en-US\",\"@id\":\"https:\/\/mystictemple.cz\/product\/manikura\/#primaryimage\",\"url\":\"https:\/\/mystictemple.cz\/wp-content\/uploads\/2024\/09\/sluzby_manikura.jpg\",\"contentUrl\":\"https:\/\/mystictemple.cz\/wp-content\/uploads\/2024\/09\/sluzby_manikura.jpg\",\"width\":500,\"height\":300,\"caption\":\"Luxusn\u00ed manik\u00fara v centru Prahy\"},{\"@type\":\"BreadcrumbList\",\"@id\":\"https:\/\/mystictemple.cz\/product\/manikura\/#breadcrumb\",\"itemListElement\":[{\"@type\":\"ListItem\",\"position\":1,\"name\":\"Dom\u016f\",\"item\":\"https:\/\/mystictemple.cz\/\"},{\"@type\":\"ListItem\",\"position\":2,\"name\":\"Produkty\",\"item\":\"https:\/\/mystictemple.cz\/shop\/\"},{\"@type\":\"ListItem\",\"position\":3,\"name\":\"Manik\u00fara\"}]},{\"@type\":\"WebSite\",\"@id\":\"https:\/\/mystictemple.cz\/#website\",\"url\":\"https:\/\/mystictemple.cz\/\",\"name\":\"Mystic Temple\",\"description\":\"Mystic Temple je mas\u00e1\u017en\u00ed salon v centru Prahy, kter\u00fd nab\u00edz\u00ed \u0161irokou \u0161k\u00e1lu relaxa\u010dn\u00edch a terapeutick\u00fdch mas\u00e1\u017e\u00ed. Na na\u0161em webu si m\u016f\u017eete snadno vybrat mas\u00e1\u017e, vlo\u017eit ji do ko\u0161\u00edku, zaplatit online a ihned obdr\u017eet d\u00e1rkov\u00fd voucher s unik\u00e1tn\u00edm k\u00f3dem. Voucher pak m\u016f\u017eete uplatnit p\u0159\u00edmo na recepci salonu. Rezervace je mo\u017en\u00e1 telefonicky nebo online. Otev\u0159eno m\u00e1me denn\u011b od 9:00 do 21:00.\",\"publisher\":{\"@id\":\"https:\/\/mystictemple.cz\/#organization\"},\"potentialAction\":[{\"@type\":\"SearchAction\",\"target\":{\"@type\":\"EntryPoint\",\"urlTemplate\":\"https:\/\/mystictemple.cz\/?s={search_term_string}\"},\"query-input\":{\"@type\":\"PropertyValueSpecification\",\"valueRequired\":true,\"valueName\":\"search_term_string\"}}],\"inLanguage\":\"en-US\"},{\"@type\":\"Organization\",\"@id\":\"https:\/\/mystictemple.cz\/#organization\",\"name\":\"Mystic Temple\",\"url\":\"https:\/\/mystictemple.cz\/\",\"logo\":{\"@type\":\"ImageObject\",\"inLanguage\":\"en-US\",\"@id\":\"https:\/\/mystictemple.cz\/#\/schema\/logo\/image\/\",\"url\":\"https:\/\/mystictemple.cz\/wp-content\/uploads\/2024\/02\/logo_temple_transparentni-2.png\",\"contentUrl\":\"https:\/\/mystictemple.cz\/wp-content\/uploads\/2024\/02\/logo_temple_transparentni-2.png\",\"width\":781,\"height\":586,\"caption\":\"Mystic Temple\"},\"image\":{\"@id\":\"https:\/\/mystictemple.cz\/#\/schema\/logo\/image\/\"}}]}<\/script>\n<!-- \/ Yoast SEO plugin. -->","yoast_head_json":{"title":"Luxusn\u00ed manik\u00fara v centru Prahy","description":"Vyzkou\u0161ejte luxusn\u00ed o\u0161et\u0159en\u00ed v na\u0161em studiu. Profesion\u00e1ln\u00ed manik\u00fara s mo\u017enost\u00ed SPA ritu\u00e1l\u016f i mas\u00e1\u017e\u00ed. \u26a1","robots":{"index":"index","follow":"follow","max-snippet":"max-snippet:-1","max-image-preview":"max-image-preview:large","max-video-preview":"max-video-preview:-1"},"canonical":"https:\/\/mystictemple.cz\/en\/product\/manikura\/","og_locale":"en_US","og_type":"article","og_title":"Luxusn\u00ed manik\u00fara v centru Prahy","og_description":"Vyzkou\u0161ejte luxusn\u00ed o\u0161et\u0159en\u00ed v na\u0161em studiu. Profesion\u00e1ln\u00ed manik\u00fara s mo\u017enost\u00ed SPA ritu\u00e1l\u016f i mas\u00e1\u017e\u00ed. \u26a1","og_url":"https:\/\/mystictemple.cz\/en\/product\/manikura\/","og_site_name":"Mystic Temple","article_modified_time":"2025-10-01T12:25:35+00:00","og_image":[{"width":500,"height":300,"url":"https:\/\/mystictemple.cz\/wp-content\/uploads\/2024\/09\/sluzby_manikura.jpg","type":"image\/jpeg"}],"twitter_card":"summary_large_image","twitter_misc":{"Est. reading time":"1 minute"},"schema":{"@context":"https:\/\/schema.org","@graph":[{"@type":"WebPage","@id":"https:\/\/mystictemple.cz\/product\/manikura\/","url":"https:\/\/mystictemple.cz\/product\/manikura\/","name":"Luxusn\u00ed manik\u00fara v centru Prahy","isPartOf":{"@id":"https:\/\/mystictemple.cz\/#website"},"primaryImageOfPage":{"@id":"https:\/\/mystictemple.cz\/product\/manikura\/#primaryimage"},"image":{"@id":"https:\/\/mystictemple.cz\/product\/manikura\/#primaryimage"},"thumbnailUrl":"https:\/\/mystictemple.cz\/wp-content\/uploads\/2024\/09\/sluzby_manikura.jpg","datePublished":"2024-09-18T13:41:41+00:00","dateModified":"2025-10-01T12:25:35+00:00","description":"Vyzkou\u0161ejte luxusn\u00ed o\u0161et\u0159en\u00ed v na\u0161em studiu. Profesion\u00e1ln\u00ed manik\u00fara s mo\u017enost\u00ed SPA ritu\u00e1l\u016f i mas\u00e1\u017e\u00ed. \u26a1","breadcrumb":{"@id":"https:\/\/mystictemple.cz\/product\/manikura\/#breadcrumb"},"inLanguage":"en-US","potentialAction":[{"@type":"ReadAction","target":["https:\/\/mystictemple.cz\/product\/manikura\/"]}]},{"@type":"ImageObject","inLanguage":"en-US","@id":"https:\/\/mystictemple.cz\/product\/manikura\/#primaryimage","url":"https:\/\/mystictemple.cz\/wp-content\/uploads\/2024\/09\/sluzby_manikura.jpg","contentUrl":"https:\/\/mystictemple.cz\/wp-content\/uploads\/2024\/09\/sluzby_manikura.jpg","width":500,"height":300,"caption":"Luxusn\u00ed manik\u00fara v centru Prahy"},{"@type":"BreadcrumbList","@id":"https:\/\/mystictemple.cz\/product\/manikura\/#breadcrumb","itemListElement":[{"@type":"ListItem","position":1,"name":"Dom\u016f","item":"https:\/\/mystictemple.cz\/"},{"@type":"ListItem","position":2,"name":"Produkty","item":"https:\/\/mystictemple.cz\/shop\/"},{"@type":"ListItem","position":3,"name":"Manik\u00fara"}]},{"@type":"WebSite","@id":"https:\/\/mystictemple.cz\/#website","url":"https:\/\/mystictemple.cz\/","name":"Mystic Temple","description":"Mystic Temple je mas\u00e1\u017en\u00ed salon v centru Prahy, kter\u00fd nab\u00edz\u00ed \u0161irokou \u0161k\u00e1lu relaxa\u010dn\u00edch a terapeutick\u00fdch mas\u00e1\u017e\u00ed. Na na\u0161em webu si m\u016f\u017eete snadno vybrat mas\u00e1\u017e, vlo\u017eit ji do ko\u0161\u00edku, zaplatit online a ihned obdr\u017eet d\u00e1rkov\u00fd voucher s unik\u00e1tn\u00edm k\u00f3dem. Voucher pak m\u016f\u017eete uplatnit p\u0159\u00edmo na recepci salonu. Rezervace je mo\u017en\u00e1 telefonicky nebo online. Otev\u0159eno m\u00e1me denn\u011b od 9:00 do 21:00.","publisher":{"@id":"https:\/\/mystictemple.cz\/#organization"},"potentialAction":[{"@type":"SearchAction","target":{"@type":"EntryPoint","urlTemplate":"https:\/\/mystictemple.cz\/?s={search_term_string}"},"query-input":{"@type":"PropertyValueSpecification","valueRequired":true,"valueName":"search_term_string"}}],"inLanguage":"en-US"},{"@type":"Organization","@id":"https:\/\/mystictemple.cz\/#organization","name":"Mystic Temple","url":"https:\/\/mystictemple.cz\/","logo":{"@type":"ImageObject","inLanguage":"en-US","@id":"https:\/\/mystictemple.cz\/#\/schema\/logo\/image\/","url":"https:\/\/mystictemple.cz\/wp-content\/uploads\/2024\/02\/logo_temple_transparentni-2.png","contentUrl":"https:\/\/mystictemple.cz\/wp-content\/uploads\/2024\/02\/logo_temple_transparentni-2.png","width":781,"height":586,"caption":"Mystic Temple"},"image":{"@id":"https:\/\/mystictemple.cz\/#\/schema\/logo\/image\/"}}]}},"_links":{"self":[{"href":"https:\/\/mystictemple.cz\/en\/wp-json\/wp\/v2\/product\/1036","targetHints":{"allow":["GET"]}}],"collection":[{"href":"https:\/\/mystictemple.cz\/en\/wp-json\/wp\/v2\/product"}],"about":[{"href":"https:\/\/mystictemple.cz\/en\/wp-json\/wp\/v2\/types\/product"}],"wp:featuredmedia":[{"embeddable":true,"href":"https:\/\/mystictemple.cz\/en\/wp-json\/wp\/v2\/media\/1049"}],"wp:attachment":[{"href":"https:\/\/mystictemple.cz\/en\/wp-json\/wp\/v2\/media?parent=1036"}],"wp:term":[{"taxonomy":"product_brand","embeddable":true,"href":"https:\/\/mystictemple.cz\/en\/wp-json\/wp\/v2\/product_brand?post=1036"},{"taxonomy":"product_cat","embeddable":true,"href":"https:\/\/mystictemple.cz\/en\/wp-json\/wp\/v2\/product_cat?post=1036"},{"taxonomy":"product_tag","embeddable":true,"href":"https:\/\/mystictemple.cz\/en\/wp-json\/wp\/v2\/product_tag?post=1036"}],"curies":[{"name":"wp","href":"https:\/\/api.w.org\/{rel}","templated":true}]}}