{"id":1032,"date":"2024-09-17T20:42:44","date_gmt":"2024-09-17T20:42:44","guid":{"rendered":"https:\/\/mystictemple.cz\/?post_type=product&#038;p=1032"},"modified":"2025-08-14T13:17:36","modified_gmt":"2025-08-14T13:17:36","slug":"dragon-stone-face","status":"publish","type":"product","link":"https:\/\/mystictemple.cz\/en\/product\/dragon-stone-face\/","title":{"rendered":"Dragon Stone Face"},"content":{"rendered":"<div class=\"av-special-heading av-1yk5ao-e08d2da21c4ae186ca01e58cbea136a6 av-special-heading-h1 custom-color-heading blockquote modern-quote avia-builder-el-2 el_after_av_gallery el_before_av_textblock\"><\/div>\n<section class=\"av_textblock_section av-jtfnojnb-eab8df139f5c5775eed94ab00d64c14a\">\n<div class=\"avia_textblock\">\n<h2>Gentle, energetic facial massage with heated lava stones.<\/h2>\n<p class=\"translation-block\">A very gentle facial massage with lava stones, which utilizes their excellent thermal and energetic properties. They are heated in a steam bath and then applied to the face so that the heat penetrates deep into the body. The procedure itself is carried out with the help of lava stones and acupressure techniques. <b>Facial massage with lava stones<\/b> has beneficial effects on skin regeneration and facial relaxation.<\/p>\n<p>During the massage, waste products and toxins are released from the subcutaneous tissue and the area of tense facial muscles, which contribute to wrinkle formation and the aging process. It is therefore a rejuvenating massage with a highly relaxing effect.<\/p>\n<\/div>\n<\/section>\n<div class=\"hr av-jvmdlwr6-24c3616515bb630b036f6dc43eebaf44 hr-short avia-builder-el-4 el_after_av_textblock el_before_av_textblock hr-center\">\n<h3>Other massages at Mystic Temple<\/h3>\n<p><a href=\"https:\/\/mystictemple.cz\/en\/ostatni-masaze\/dragon-stones\/\">Dragon Stone<\/a>,\u00a0<a href=\"https:\/\/mystictemple.cz\/en\/ostatni-masaze\/tibet\/\">Tibetan massage<\/a><\/p>\n<\/div>","protected":false},"excerpt":{"rendered":"<section class=\"av_textblock_section av-jtfnojnb-56-38f071087cd4499ed3cb06bae4a0ea27\">\n<div class=\"avia_textblock\">\n<section class=\"av_textblock_section av-jtfnojnb-2-8da423c9dd22d875b2906240f98fe46c\">\n<div class=\"avia_textblock\">\n<p>Facial massage using smooth, heated lava stones provides beneficial effects on skin regeneration and facial relaxation. During the massage, waste products and toxins are released from the subcutaneous layer and tense facial muscles, helping to reduce wrinkles and slow the aging process.<\/p>\n<\/div>\n<\/section>\n<div class=\"hr av-jvmdlwr6-3-5b8e80e54296ce151d4dc0ae26723e8c hr-short avia-builder-el-88 el_after_av_textblock el_before_av_textblock hr-center\"><\/div>\n<\/div>\n<\/section>","protected":false},"featured_media":790,"template":"","meta":[],"product_brand":[],"product_cat":[29],"product_tag":[],"class_list":{"0":"post-1032","1":"product","2":"type-product","3":"status-publish","4":"has-post-thumbnail","6":"product_cat-ostatni-masaze","8":"first","9":"instock","10":"sold-individually","11":"taxable","12":"shipping-taxable","13":"purchasable","14":"product-type-variable"},"yoast_head":"<!-- This site is optimized with the Yoast SEO plugin v27.1.1 - https:\/\/yoast.com\/product\/yoast-seo-wordpress\/ -->\n<title>Mas\u00e1\u017e obli\u010deje l\u00e1vov\u00fdmi kameny v centru Prahy<\/title>\n<meta name=\"description\" content=\"Dop\u0159ejte si jemnou a energetickou mas\u00e1\u017e obli\u010deje nah\u0159\u00e1t\u00fdmi l\u00e1vov\u00fdmi kameny. M\u00e1 blahod\u00e1rn\u00e9 \u00fa\u010dinky na regeneraci pleti a relaxaci obli\u010deje. \u2728\" \/>\n<meta name=\"robots\" content=\"index, follow, max-snippet:-1, max-image-preview:large, max-video-preview:-1\" \/>\n<link rel=\"canonical\" href=\"https:\/\/mystictemple.cz\/en\/product\/dragon-stone-face\/\" \/>\n<meta property=\"og:locale\" content=\"en_US\" \/>\n<meta property=\"og:type\" content=\"article\" \/>\n<meta property=\"og:title\" content=\"Mas\u00e1\u017e obli\u010deje l\u00e1vov\u00fdmi kameny v centru Prahy\" \/>\n<meta property=\"og:description\" content=\"Dop\u0159ejte si jemnou a energetickou mas\u00e1\u017e obli\u010deje nah\u0159\u00e1t\u00fdmi l\u00e1vov\u00fdmi kameny. M\u00e1 blahod\u00e1rn\u00e9 \u00fa\u010dinky na regeneraci pleti a relaxaci obli\u010deje. \u2728\" \/>\n<meta property=\"og:url\" content=\"https:\/\/mystictemple.cz\/en\/product\/dragon-stone-face\/\" \/>\n<meta property=\"og:site_name\" content=\"Mystic Temple\" \/>\n<meta property=\"article:modified_time\" content=\"2025-08-14T13:17:36+00:00\" \/>\n<meta property=\"og:image\" content=\"https:\/\/mystictemple.cz\/wp-content\/uploads\/2024\/09\/Mystic_set_2016_19-1030x687-1.jpg\" \/>\n\t<meta property=\"og:image:width\" content=\"1030\" \/>\n\t<meta property=\"og:image:height\" content=\"687\" \/>\n\t<meta property=\"og:image:type\" content=\"image\/jpeg\" \/>\n<meta name=\"twitter:card\" content=\"summary_large_image\" \/>\n<meta name=\"twitter:label1\" content=\"Est. reading time\" \/>\n\t<meta name=\"twitter:data1\" content=\"1 minute\" \/>\n<script type=\"application\/ld+json\" class=\"yoast-schema-graph\">{\"@context\":\"https:\/\/schema.org\",\"@graph\":[{\"@type\":\"WebPage\",\"@id\":\"https:\/\/mystictemple.cz\/product\/dragon-stone-face\/\",\"url\":\"https:\/\/mystictemple.cz\/product\/dragon-stone-face\/\",\"name\":\"Mas\u00e1\u017e obli\u010deje l\u00e1vov\u00fdmi kameny v centru Prahy\",\"isPartOf\":{\"@id\":\"https:\/\/mystictemple.cz\/#website\"},\"primaryImageOfPage\":{\"@id\":\"https:\/\/mystictemple.cz\/product\/dragon-stone-face\/#primaryimage\"},\"image\":{\"@id\":\"https:\/\/mystictemple.cz\/product\/dragon-stone-face\/#primaryimage\"},\"thumbnailUrl\":\"https:\/\/mystictemple.cz\/wp-content\/uploads\/2024\/09\/Mystic_set_2016_19-1030x687-1.jpg\",\"datePublished\":\"2024-09-17T20:42:44+00:00\",\"dateModified\":\"2025-08-14T13:17:36+00:00\",\"description\":\"Dop\u0159ejte si jemnou a energetickou mas\u00e1\u017e obli\u010deje nah\u0159\u00e1t\u00fdmi l\u00e1vov\u00fdmi kameny. M\u00e1 blahod\u00e1rn\u00e9 \u00fa\u010dinky na regeneraci pleti a relaxaci obli\u010deje. \u2728\",\"breadcrumb\":{\"@id\":\"https:\/\/mystictemple.cz\/product\/dragon-stone-face\/#breadcrumb\"},\"inLanguage\":\"en-US\",\"potentialAction\":[{\"@type\":\"ReadAction\",\"target\":[\"https:\/\/mystictemple.cz\/product\/dragon-stone-face\/\"]}]},{\"@type\":\"ImageObject\",\"inLanguage\":\"en-US\",\"@id\":\"https:\/\/mystictemple.cz\/product\/dragon-stone-face\/#primaryimage\",\"url\":\"https:\/\/mystictemple.cz\/wp-content\/uploads\/2024\/09\/Mystic_set_2016_19-1030x687-1.jpg\",\"contentUrl\":\"https:\/\/mystictemple.cz\/wp-content\/uploads\/2024\/09\/Mystic_set_2016_19-1030x687-1.jpg\",\"width\":1030,\"height\":687,\"caption\":\"Mas\u00e1\u017e obli\u010deje Dragon Stone Face\"},{\"@type\":\"BreadcrumbList\",\"@id\":\"https:\/\/mystictemple.cz\/product\/dragon-stone-face\/#breadcrumb\",\"itemListElement\":[{\"@type\":\"ListItem\",\"position\":1,\"name\":\"Dom\u016f\",\"item\":\"https:\/\/mystictemple.cz\/\"},{\"@type\":\"ListItem\",\"position\":2,\"name\":\"Produkty\",\"item\":\"https:\/\/mystictemple.cz\/shop\/\"},{\"@type\":\"ListItem\",\"position\":3,\"name\":\"Dragon Stone Face\"}]},{\"@type\":\"WebSite\",\"@id\":\"https:\/\/mystictemple.cz\/#website\",\"url\":\"https:\/\/mystictemple.cz\/\",\"name\":\"Mystic Temple\",\"description\":\"Mystic Temple je mas\u00e1\u017en\u00ed salon v centru Prahy, kter\u00fd nab\u00edz\u00ed \u0161irokou \u0161k\u00e1lu relaxa\u010dn\u00edch a terapeutick\u00fdch mas\u00e1\u017e\u00ed. Na na\u0161em webu si m\u016f\u017eete snadno vybrat mas\u00e1\u017e, vlo\u017eit ji do ko\u0161\u00edku, zaplatit online a ihned obdr\u017eet d\u00e1rkov\u00fd voucher s unik\u00e1tn\u00edm k\u00f3dem. Voucher pak m\u016f\u017eete uplatnit p\u0159\u00edmo na recepci salonu. Rezervace je mo\u017en\u00e1 telefonicky nebo online. Otev\u0159eno m\u00e1me denn\u011b od 9:00 do 21:00.\",\"publisher\":{\"@id\":\"https:\/\/mystictemple.cz\/#organization\"},\"potentialAction\":[{\"@type\":\"SearchAction\",\"target\":{\"@type\":\"EntryPoint\",\"urlTemplate\":\"https:\/\/mystictemple.cz\/?s={search_term_string}\"},\"query-input\":{\"@type\":\"PropertyValueSpecification\",\"valueRequired\":true,\"valueName\":\"search_term_string\"}}],\"inLanguage\":\"en-US\"},{\"@type\":\"Organization\",\"@id\":\"https:\/\/mystictemple.cz\/#organization\",\"name\":\"Mystic Temple\",\"url\":\"https:\/\/mystictemple.cz\/\",\"logo\":{\"@type\":\"ImageObject\",\"inLanguage\":\"en-US\",\"@id\":\"https:\/\/mystictemple.cz\/#\/schema\/logo\/image\/\",\"url\":\"https:\/\/mystictemple.cz\/wp-content\/uploads\/2024\/02\/logo_temple_transparentni-2.png\",\"contentUrl\":\"https:\/\/mystictemple.cz\/wp-content\/uploads\/2024\/02\/logo_temple_transparentni-2.png\",\"width\":781,\"height\":586,\"caption\":\"Mystic Temple\"},\"image\":{\"@id\":\"https:\/\/mystictemple.cz\/#\/schema\/logo\/image\/\"}}]}<\/script>\n<!-- \/ Yoast SEO plugin. -->","yoast_head_json":{"title":"Mas\u00e1\u017e obli\u010deje l\u00e1vov\u00fdmi kameny v centru Prahy","description":"Dop\u0159ejte si jemnou a energetickou mas\u00e1\u017e obli\u010deje nah\u0159\u00e1t\u00fdmi l\u00e1vov\u00fdmi kameny. M\u00e1 blahod\u00e1rn\u00e9 \u00fa\u010dinky na regeneraci pleti a relaxaci obli\u010deje. \u2728","robots":{"index":"index","follow":"follow","max-snippet":"max-snippet:-1","max-image-preview":"max-image-preview:large","max-video-preview":"max-video-preview:-1"},"canonical":"https:\/\/mystictemple.cz\/en\/product\/dragon-stone-face\/","og_locale":"en_US","og_type":"article","og_title":"Mas\u00e1\u017e obli\u010deje l\u00e1vov\u00fdmi kameny v centru Prahy","og_description":"Dop\u0159ejte si jemnou a energetickou mas\u00e1\u017e obli\u010deje nah\u0159\u00e1t\u00fdmi l\u00e1vov\u00fdmi kameny. M\u00e1 blahod\u00e1rn\u00e9 \u00fa\u010dinky na regeneraci pleti a relaxaci obli\u010deje. \u2728","og_url":"https:\/\/mystictemple.cz\/en\/product\/dragon-stone-face\/","og_site_name":"Mystic Temple","article_modified_time":"2025-08-14T13:17:36+00:00","og_image":[{"width":1030,"height":687,"url":"https:\/\/mystictemple.cz\/wp-content\/uploads\/2024\/09\/Mystic_set_2016_19-1030x687-1.jpg","type":"image\/jpeg"}],"twitter_card":"summary_large_image","twitter_misc":{"Est. reading time":"1 minute"},"schema":{"@context":"https:\/\/schema.org","@graph":[{"@type":"WebPage","@id":"https:\/\/mystictemple.cz\/product\/dragon-stone-face\/","url":"https:\/\/mystictemple.cz\/product\/dragon-stone-face\/","name":"Mas\u00e1\u017e obli\u010deje l\u00e1vov\u00fdmi kameny v centru Prahy","isPartOf":{"@id":"https:\/\/mystictemple.cz\/#website"},"primaryImageOfPage":{"@id":"https:\/\/mystictemple.cz\/product\/dragon-stone-face\/#primaryimage"},"image":{"@id":"https:\/\/mystictemple.cz\/product\/dragon-stone-face\/#primaryimage"},"thumbnailUrl":"https:\/\/mystictemple.cz\/wp-content\/uploads\/2024\/09\/Mystic_set_2016_19-1030x687-1.jpg","datePublished":"2024-09-17T20:42:44+00:00","dateModified":"2025-08-14T13:17:36+00:00","description":"Dop\u0159ejte si jemnou a energetickou mas\u00e1\u017e obli\u010deje nah\u0159\u00e1t\u00fdmi l\u00e1vov\u00fdmi kameny. M\u00e1 blahod\u00e1rn\u00e9 \u00fa\u010dinky na regeneraci pleti a relaxaci obli\u010deje. \u2728","breadcrumb":{"@id":"https:\/\/mystictemple.cz\/product\/dragon-stone-face\/#breadcrumb"},"inLanguage":"en-US","potentialAction":[{"@type":"ReadAction","target":["https:\/\/mystictemple.cz\/product\/dragon-stone-face\/"]}]},{"@type":"ImageObject","inLanguage":"en-US","@id":"https:\/\/mystictemple.cz\/product\/dragon-stone-face\/#primaryimage","url":"https:\/\/mystictemple.cz\/wp-content\/uploads\/2024\/09\/Mystic_set_2016_19-1030x687-1.jpg","contentUrl":"https:\/\/mystictemple.cz\/wp-content\/uploads\/2024\/09\/Mystic_set_2016_19-1030x687-1.jpg","width":1030,"height":687,"caption":"Mas\u00e1\u017e obli\u010deje Dragon Stone Face"},{"@type":"BreadcrumbList","@id":"https:\/\/mystictemple.cz\/product\/dragon-stone-face\/#breadcrumb","itemListElement":[{"@type":"ListItem","position":1,"name":"Dom\u016f","item":"https:\/\/mystictemple.cz\/"},{"@type":"ListItem","position":2,"name":"Produkty","item":"https:\/\/mystictemple.cz\/shop\/"},{"@type":"ListItem","position":3,"name":"Dragon Stone Face"}]},{"@type":"WebSite","@id":"https:\/\/mystictemple.cz\/#website","url":"https:\/\/mystictemple.cz\/","name":"Mystic Temple","description":"Mystic Temple je mas\u00e1\u017en\u00ed salon v centru Prahy, kter\u00fd nab\u00edz\u00ed \u0161irokou \u0161k\u00e1lu relaxa\u010dn\u00edch a terapeutick\u00fdch mas\u00e1\u017e\u00ed. Na na\u0161em webu si m\u016f\u017eete snadno vybrat mas\u00e1\u017e, vlo\u017eit ji do ko\u0161\u00edku, zaplatit online a ihned obdr\u017eet d\u00e1rkov\u00fd voucher s unik\u00e1tn\u00edm k\u00f3dem. Voucher pak m\u016f\u017eete uplatnit p\u0159\u00edmo na recepci salonu. Rezervace je mo\u017en\u00e1 telefonicky nebo online. Otev\u0159eno m\u00e1me denn\u011b od 9:00 do 21:00.","publisher":{"@id":"https:\/\/mystictemple.cz\/#organization"},"potentialAction":[{"@type":"SearchAction","target":{"@type":"EntryPoint","urlTemplate":"https:\/\/mystictemple.cz\/?s={search_term_string}"},"query-input":{"@type":"PropertyValueSpecification","valueRequired":true,"valueName":"search_term_string"}}],"inLanguage":"en-US"},{"@type":"Organization","@id":"https:\/\/mystictemple.cz\/#organization","name":"Mystic Temple","url":"https:\/\/mystictemple.cz\/","logo":{"@type":"ImageObject","inLanguage":"en-US","@id":"https:\/\/mystictemple.cz\/#\/schema\/logo\/image\/","url":"https:\/\/mystictemple.cz\/wp-content\/uploads\/2024\/02\/logo_temple_transparentni-2.png","contentUrl":"https:\/\/mystictemple.cz\/wp-content\/uploads\/2024\/02\/logo_temple_transparentni-2.png","width":781,"height":586,"caption":"Mystic Temple"},"image":{"@id":"https:\/\/mystictemple.cz\/#\/schema\/logo\/image\/"}}]}},"_links":{"self":[{"href":"https:\/\/mystictemple.cz\/en\/wp-json\/wp\/v2\/product\/1032","targetHints":{"allow":["GET"]}}],"collection":[{"href":"https:\/\/mystictemple.cz\/en\/wp-json\/wp\/v2\/product"}],"about":[{"href":"https:\/\/mystictemple.cz\/en\/wp-json\/wp\/v2\/types\/product"}],"wp:featuredmedia":[{"embeddable":true,"href":"https:\/\/mystictemple.cz\/en\/wp-json\/wp\/v2\/media\/790"}],"wp:attachment":[{"href":"https:\/\/mystictemple.cz\/en\/wp-json\/wp\/v2\/media?parent=1032"}],"wp:term":[{"taxonomy":"product_brand","embeddable":true,"href":"https:\/\/mystictemple.cz\/en\/wp-json\/wp\/v2\/product_brand?post=1032"},{"taxonomy":"product_cat","embeddable":true,"href":"https:\/\/mystictemple.cz\/en\/wp-json\/wp\/v2\/product_cat?post=1032"},{"taxonomy":"product_tag","embeddable":true,"href":"https:\/\/mystictemple.cz\/en\/wp-json\/wp\/v2\/product_tag?post=1032"}],"curies":[{"name":"wp","href":"https:\/\/api.w.org\/{rel}","templated":true}]}}