{"id":1013,"date":"2024-09-17T20:06:10","date_gmt":"2024-09-17T20:06:10","guid":{"rendered":"https:\/\/mystictemple.cz\/?post_type=product&#038;p=1013"},"modified":"2025-08-14T22:22:59","modified_gmt":"2025-08-14T22:22:59","slug":"cokoladova-masaz-a-zabal","status":"publish","type":"product","link":"https:\/\/mystictemple.cz\/en\/product\/cokoladova-masaz-a-zabal\/","title":{"rendered":"Chocolate massage and wrap."},"content":{"rendered":"<p><strong>Other massages at Mystic Temple<\/strong><\/p>\n<p><a href=\"https:\/\/mystictemple.cz\/en\/product\/zabal-ze-zeleneho-caje\/\">Green tea wrap<\/a> or <a href=\"https:\/\/mystictemple.cz\/en\/product\/zabal-z-hroznoveho-vina\/\">Grape wine wrap<\/a><\/p>","protected":false},"excerpt":{"rendered":"<section class=\"av_textblock_section av-jtfnojnb-56-38f071087cd4499ed3cb06bae4a0ea27\">\n<div class=\"avia_textblock\">\n<p>Thanks to the chocolate massage and wrap, the body absorbs vitamins, amino acids, minerals, and antioxidants. These have a beneficial effect on heart function and detoxification, helping to eliminate unwanted and toxic substances.<\/p>\n<\/div>\n<\/section>","protected":false},"featured_media":1017,"template":"","meta":[],"product_brand":[],"product_cat":[31],"product_tag":[],"class_list":{"0":"post-1013","1":"product","2":"type-product","3":"status-publish","4":"has-post-thumbnail","6":"product_cat-telove-zabaly","8":"first","9":"instock","10":"sold-individually","11":"taxable","12":"shipping-taxable","13":"purchasable","14":"product-type-variable"},"yoast_head":"<!-- This site is optimized with the Yoast SEO plugin v27.1.1 - https:\/\/yoast.com\/product\/yoast-seo-wordpress\/ -->\n<title>\u010cokol\u00e1dov\u00e1 mas\u00e1\u017e se z\u00e1balem v centru Prahy<\/title>\n<meta name=\"description\" content=\"\u010cokol\u00e1dov\u00e1 mas\u00e1\u017e a z\u00e1bal je luxusn\u00ed procedurou. V\u00fdborn\u00e1 pro vyhlazen\u00ed a zkr\u00e1\u0161len\u00ed poko\u017eky, odstra\u0148ov\u00e1n\u00ed celulitidy a z\u00edsk\u00e1n\u00ed dobr\u00e9 n\u00e1lady. \u2728\" \/>\n<meta name=\"robots\" content=\"index, follow, max-snippet:-1, max-image-preview:large, max-video-preview:-1\" \/>\n<link rel=\"canonical\" href=\"https:\/\/mystictemple.cz\/en\/product\/cokoladova-masaz-a-zabal\/\" \/>\n<meta property=\"og:locale\" content=\"en_US\" \/>\n<meta property=\"og:type\" content=\"article\" \/>\n<meta property=\"og:title\" content=\"\u010cokol\u00e1dov\u00e1 mas\u00e1\u017e se z\u00e1balem v centru Prahy\" \/>\n<meta property=\"og:description\" content=\"\u010cokol\u00e1dov\u00e1 mas\u00e1\u017e a z\u00e1bal je luxusn\u00ed procedurou. V\u00fdborn\u00e1 pro vyhlazen\u00ed a zkr\u00e1\u0161len\u00ed poko\u017eky, odstra\u0148ov\u00e1n\u00ed celulitidy a z\u00edsk\u00e1n\u00ed dobr\u00e9 n\u00e1lady. \u2728\" \/>\n<meta property=\"og:url\" content=\"https:\/\/mystictemple.cz\/en\/product\/cokoladova-masaz-a-zabal\/\" \/>\n<meta property=\"og:site_name\" content=\"Mystic Temple\" \/>\n<meta property=\"article:modified_time\" content=\"2025-08-14T22:22:59+00:00\" \/>\n<meta property=\"og:image\" content=\"https:\/\/mystictemple.cz\/wp-content\/uploads\/2024\/09\/chocolate-spa-flat-lay-on-600nw-1404438923.webp\" \/>\n\t<meta property=\"og:image:width\" content=\"600\" \/>\n\t<meta property=\"og:image:height\" content=\"400\" \/>\n\t<meta property=\"og:image:type\" content=\"image\/webp\" \/>\n<meta name=\"twitter:card\" content=\"summary_large_image\" \/>\n<meta name=\"twitter:label1\" content=\"Est. reading time\" \/>\n\t<meta name=\"twitter:data1\" content=\"1 minute\" \/>\n<script type=\"application\/ld+json\" class=\"yoast-schema-graph\">{\"@context\":\"https:\/\/schema.org\",\"@graph\":[{\"@type\":\"WebPage\",\"@id\":\"https:\/\/mystictemple.cz\/product\/cokoladova-masaz-a-zabal\/\",\"url\":\"https:\/\/mystictemple.cz\/product\/cokoladova-masaz-a-zabal\/\",\"name\":\"\u010cokol\u00e1dov\u00e1 mas\u00e1\u017e se z\u00e1balem v centru Prahy\",\"isPartOf\":{\"@id\":\"https:\/\/mystictemple.cz\/#website\"},\"primaryImageOfPage\":{\"@id\":\"https:\/\/mystictemple.cz\/product\/cokoladova-masaz-a-zabal\/#primaryimage\"},\"image\":{\"@id\":\"https:\/\/mystictemple.cz\/product\/cokoladova-masaz-a-zabal\/#primaryimage\"},\"thumbnailUrl\":\"https:\/\/mystictemple.cz\/wp-content\/uploads\/2024\/09\/chocolate-spa-flat-lay-on-600nw-1404438923.webp\",\"datePublished\":\"2024-09-17T20:06:10+00:00\",\"dateModified\":\"2025-08-14T22:22:59+00:00\",\"description\":\"\u010cokol\u00e1dov\u00e1 mas\u00e1\u017e a z\u00e1bal je luxusn\u00ed procedurou. V\u00fdborn\u00e1 pro vyhlazen\u00ed a zkr\u00e1\u0161len\u00ed poko\u017eky, odstra\u0148ov\u00e1n\u00ed celulitidy a z\u00edsk\u00e1n\u00ed dobr\u00e9 n\u00e1lady. \u2728\",\"breadcrumb\":{\"@id\":\"https:\/\/mystictemple.cz\/product\/cokoladova-masaz-a-zabal\/#breadcrumb\"},\"inLanguage\":\"en-US\",\"potentialAction\":[{\"@type\":\"ReadAction\",\"target\":[\"https:\/\/mystictemple.cz\/product\/cokoladova-masaz-a-zabal\/\"]}]},{\"@type\":\"ImageObject\",\"inLanguage\":\"en-US\",\"@id\":\"https:\/\/mystictemple.cz\/product\/cokoladova-masaz-a-zabal\/#primaryimage\",\"url\":\"https:\/\/mystictemple.cz\/wp-content\/uploads\/2024\/09\/chocolate-spa-flat-lay-on-600nw-1404438923.webp\",\"contentUrl\":\"https:\/\/mystictemple.cz\/wp-content\/uploads\/2024\/09\/chocolate-spa-flat-lay-on-600nw-1404438923.webp\",\"width\":600,\"height\":400,\"caption\":\"\u010cokol\u00e1dov\u00e1 mas\u00e1\u017e a z\u00e1bal\"},{\"@type\":\"BreadcrumbList\",\"@id\":\"https:\/\/mystictemple.cz\/product\/cokoladova-masaz-a-zabal\/#breadcrumb\",\"itemListElement\":[{\"@type\":\"ListItem\",\"position\":1,\"name\":\"Dom\u016f\",\"item\":\"https:\/\/mystictemple.cz\/\"},{\"@type\":\"ListItem\",\"position\":2,\"name\":\"Produkty\",\"item\":\"https:\/\/mystictemple.cz\/shop\/\"},{\"@type\":\"ListItem\",\"position\":3,\"name\":\"\u010cokol\u00e1dov\u00e1 mas\u00e1\u017e a z\u00e1bal\"}]},{\"@type\":\"WebSite\",\"@id\":\"https:\/\/mystictemple.cz\/#website\",\"url\":\"https:\/\/mystictemple.cz\/\",\"name\":\"Mystic Temple\",\"description\":\"Mystic Temple je mas\u00e1\u017en\u00ed salon v centru Prahy, kter\u00fd nab\u00edz\u00ed \u0161irokou \u0161k\u00e1lu relaxa\u010dn\u00edch a terapeutick\u00fdch mas\u00e1\u017e\u00ed. Na na\u0161em webu si m\u016f\u017eete snadno vybrat mas\u00e1\u017e, vlo\u017eit ji do ko\u0161\u00edku, zaplatit online a ihned obdr\u017eet d\u00e1rkov\u00fd voucher s unik\u00e1tn\u00edm k\u00f3dem. Voucher pak m\u016f\u017eete uplatnit p\u0159\u00edmo na recepci salonu. Rezervace je mo\u017en\u00e1 telefonicky nebo online. Otev\u0159eno m\u00e1me denn\u011b od 9:00 do 21:00.\",\"publisher\":{\"@id\":\"https:\/\/mystictemple.cz\/#organization\"},\"potentialAction\":[{\"@type\":\"SearchAction\",\"target\":{\"@type\":\"EntryPoint\",\"urlTemplate\":\"https:\/\/mystictemple.cz\/?s={search_term_string}\"},\"query-input\":{\"@type\":\"PropertyValueSpecification\",\"valueRequired\":true,\"valueName\":\"search_term_string\"}}],\"inLanguage\":\"en-US\"},{\"@type\":\"Organization\",\"@id\":\"https:\/\/mystictemple.cz\/#organization\",\"name\":\"Mystic Temple\",\"url\":\"https:\/\/mystictemple.cz\/\",\"logo\":{\"@type\":\"ImageObject\",\"inLanguage\":\"en-US\",\"@id\":\"https:\/\/mystictemple.cz\/#\/schema\/logo\/image\/\",\"url\":\"https:\/\/mystictemple.cz\/wp-content\/uploads\/2024\/02\/logo_temple_transparentni-2.png\",\"contentUrl\":\"https:\/\/mystictemple.cz\/wp-content\/uploads\/2024\/02\/logo_temple_transparentni-2.png\",\"width\":781,\"height\":586,\"caption\":\"Mystic Temple\"},\"image\":{\"@id\":\"https:\/\/mystictemple.cz\/#\/schema\/logo\/image\/\"}}]}<\/script>\n<!-- \/ Yoast SEO plugin. -->","yoast_head_json":{"title":"\u010cokol\u00e1dov\u00e1 mas\u00e1\u017e se z\u00e1balem v centru Prahy","description":"\u010cokol\u00e1dov\u00e1 mas\u00e1\u017e a z\u00e1bal je luxusn\u00ed procedurou. V\u00fdborn\u00e1 pro vyhlazen\u00ed a zkr\u00e1\u0161len\u00ed poko\u017eky, odstra\u0148ov\u00e1n\u00ed celulitidy a z\u00edsk\u00e1n\u00ed dobr\u00e9 n\u00e1lady. \u2728","robots":{"index":"index","follow":"follow","max-snippet":"max-snippet:-1","max-image-preview":"max-image-preview:large","max-video-preview":"max-video-preview:-1"},"canonical":"https:\/\/mystictemple.cz\/en\/product\/cokoladova-masaz-a-zabal\/","og_locale":"en_US","og_type":"article","og_title":"\u010cokol\u00e1dov\u00e1 mas\u00e1\u017e se z\u00e1balem v centru Prahy","og_description":"\u010cokol\u00e1dov\u00e1 mas\u00e1\u017e a z\u00e1bal je luxusn\u00ed procedurou. V\u00fdborn\u00e1 pro vyhlazen\u00ed a zkr\u00e1\u0161len\u00ed poko\u017eky, odstra\u0148ov\u00e1n\u00ed celulitidy a z\u00edsk\u00e1n\u00ed dobr\u00e9 n\u00e1lady. \u2728","og_url":"https:\/\/mystictemple.cz\/en\/product\/cokoladova-masaz-a-zabal\/","og_site_name":"Mystic Temple","article_modified_time":"2025-08-14T22:22:59+00:00","og_image":[{"width":600,"height":400,"url":"https:\/\/mystictemple.cz\/wp-content\/uploads\/2024\/09\/chocolate-spa-flat-lay-on-600nw-1404438923.webp","type":"image\/webp"}],"twitter_card":"summary_large_image","twitter_misc":{"Est. reading time":"1 minute"},"schema":{"@context":"https:\/\/schema.org","@graph":[{"@type":"WebPage","@id":"https:\/\/mystictemple.cz\/product\/cokoladova-masaz-a-zabal\/","url":"https:\/\/mystictemple.cz\/product\/cokoladova-masaz-a-zabal\/","name":"\u010cokol\u00e1dov\u00e1 mas\u00e1\u017e se z\u00e1balem v centru Prahy","isPartOf":{"@id":"https:\/\/mystictemple.cz\/#website"},"primaryImageOfPage":{"@id":"https:\/\/mystictemple.cz\/product\/cokoladova-masaz-a-zabal\/#primaryimage"},"image":{"@id":"https:\/\/mystictemple.cz\/product\/cokoladova-masaz-a-zabal\/#primaryimage"},"thumbnailUrl":"https:\/\/mystictemple.cz\/wp-content\/uploads\/2024\/09\/chocolate-spa-flat-lay-on-600nw-1404438923.webp","datePublished":"2024-09-17T20:06:10+00:00","dateModified":"2025-08-14T22:22:59+00:00","description":"\u010cokol\u00e1dov\u00e1 mas\u00e1\u017e a z\u00e1bal je luxusn\u00ed procedurou. V\u00fdborn\u00e1 pro vyhlazen\u00ed a zkr\u00e1\u0161len\u00ed poko\u017eky, odstra\u0148ov\u00e1n\u00ed celulitidy a z\u00edsk\u00e1n\u00ed dobr\u00e9 n\u00e1lady. \u2728","breadcrumb":{"@id":"https:\/\/mystictemple.cz\/product\/cokoladova-masaz-a-zabal\/#breadcrumb"},"inLanguage":"en-US","potentialAction":[{"@type":"ReadAction","target":["https:\/\/mystictemple.cz\/product\/cokoladova-masaz-a-zabal\/"]}]},{"@type":"ImageObject","inLanguage":"en-US","@id":"https:\/\/mystictemple.cz\/product\/cokoladova-masaz-a-zabal\/#primaryimage","url":"https:\/\/mystictemple.cz\/wp-content\/uploads\/2024\/09\/chocolate-spa-flat-lay-on-600nw-1404438923.webp","contentUrl":"https:\/\/mystictemple.cz\/wp-content\/uploads\/2024\/09\/chocolate-spa-flat-lay-on-600nw-1404438923.webp","width":600,"height":400,"caption":"\u010cokol\u00e1dov\u00e1 mas\u00e1\u017e a z\u00e1bal"},{"@type":"BreadcrumbList","@id":"https:\/\/mystictemple.cz\/product\/cokoladova-masaz-a-zabal\/#breadcrumb","itemListElement":[{"@type":"ListItem","position":1,"name":"Dom\u016f","item":"https:\/\/mystictemple.cz\/"},{"@type":"ListItem","position":2,"name":"Produkty","item":"https:\/\/mystictemple.cz\/shop\/"},{"@type":"ListItem","position":3,"name":"\u010cokol\u00e1dov\u00e1 mas\u00e1\u017e a z\u00e1bal"}]},{"@type":"WebSite","@id":"https:\/\/mystictemple.cz\/#website","url":"https:\/\/mystictemple.cz\/","name":"Mystic Temple","description":"Mystic Temple je mas\u00e1\u017en\u00ed salon v centru Prahy, kter\u00fd nab\u00edz\u00ed \u0161irokou \u0161k\u00e1lu relaxa\u010dn\u00edch a terapeutick\u00fdch mas\u00e1\u017e\u00ed. Na na\u0161em webu si m\u016f\u017eete snadno vybrat mas\u00e1\u017e, vlo\u017eit ji do ko\u0161\u00edku, zaplatit online a ihned obdr\u017eet d\u00e1rkov\u00fd voucher s unik\u00e1tn\u00edm k\u00f3dem. Voucher pak m\u016f\u017eete uplatnit p\u0159\u00edmo na recepci salonu. Rezervace je mo\u017en\u00e1 telefonicky nebo online. Otev\u0159eno m\u00e1me denn\u011b od 9:00 do 21:00.","publisher":{"@id":"https:\/\/mystictemple.cz\/#organization"},"potentialAction":[{"@type":"SearchAction","target":{"@type":"EntryPoint","urlTemplate":"https:\/\/mystictemple.cz\/?s={search_term_string}"},"query-input":{"@type":"PropertyValueSpecification","valueRequired":true,"valueName":"search_term_string"}}],"inLanguage":"en-US"},{"@type":"Organization","@id":"https:\/\/mystictemple.cz\/#organization","name":"Mystic Temple","url":"https:\/\/mystictemple.cz\/","logo":{"@type":"ImageObject","inLanguage":"en-US","@id":"https:\/\/mystictemple.cz\/#\/schema\/logo\/image\/","url":"https:\/\/mystictemple.cz\/wp-content\/uploads\/2024\/02\/logo_temple_transparentni-2.png","contentUrl":"https:\/\/mystictemple.cz\/wp-content\/uploads\/2024\/02\/logo_temple_transparentni-2.png","width":781,"height":586,"caption":"Mystic Temple"},"image":{"@id":"https:\/\/mystictemple.cz\/#\/schema\/logo\/image\/"}}]}},"_links":{"self":[{"href":"https:\/\/mystictemple.cz\/en\/wp-json\/wp\/v2\/product\/1013","targetHints":{"allow":["GET"]}}],"collection":[{"href":"https:\/\/mystictemple.cz\/en\/wp-json\/wp\/v2\/product"}],"about":[{"href":"https:\/\/mystictemple.cz\/en\/wp-json\/wp\/v2\/types\/product"}],"wp:featuredmedia":[{"embeddable":true,"href":"https:\/\/mystictemple.cz\/en\/wp-json\/wp\/v2\/media\/1017"}],"wp:attachment":[{"href":"https:\/\/mystictemple.cz\/en\/wp-json\/wp\/v2\/media?parent=1013"}],"wp:term":[{"taxonomy":"product_brand","embeddable":true,"href":"https:\/\/mystictemple.cz\/en\/wp-json\/wp\/v2\/product_brand?post=1013"},{"taxonomy":"product_cat","embeddable":true,"href":"https:\/\/mystictemple.cz\/en\/wp-json\/wp\/v2\/product_cat?post=1013"},{"taxonomy":"product_tag","embeddable":true,"href":"https:\/\/mystictemple.cz\/en\/wp-json\/wp\/v2\/product_tag?post=1013"}],"curies":[{"name":"wp","href":"https:\/\/api.w.org\/{rel}","templated":true}]}}