{"id":1005,"date":"2024-09-17T19:48:53","date_gmt":"2024-09-17T19:48:53","guid":{"rendered":"https:\/\/mystictemple.cz\/?post_type=product&#038;p=1005"},"modified":"2025-08-14T21:23:11","modified_gmt":"2025-08-14T21:23:11","slug":"thalgo-slim-sculpt","status":"publish","type":"product","link":"https:\/\/mystictemple.cz\/en\/product\/thalgo-slim-sculpt\/","title":{"rendered":"THALGO \u2013 Slim &#038; Sculpt"},"content":{"rendered":"<div class=\"av-special-heading av-2n1per-07761c0471f102c325d6480da552a674 av-special-heading-h1 custom-color-heading blockquote modern-quote avia-builder-el-2 el_after_av_gallery el_before_av_textblock\">\n<div class=\"av-special-heading av-2km99i-fabece1403dc5ef936d099f75070df8c av-special-heading-h1 custom-color-heading blockquote modern-quote avia-builder-el-2 el_after_av_gallery el_before_av_textblock\">\n<div class=\"av-special-heading av-87mu0-27d34b47e3e989c950cbf58d1c1eec61 av-special-heading-h1 custom-color-heading blockquote modern-quote avia-builder-el-2 el_after_av_gallery el_before_av_textblock\">\n<div class=\"av-special-heading av-35kabx-3a0a6c2ba469f913ceb665f8f59dab1c av-special-heading-h1 custom-color-heading blockquote modern-quote avia-builder-el-2 el_after_av_gallery el_before_av_textblock\">\n<p><strong>Slim &amp; Sculpt \u2013 firming treatment<\/strong><\/p>\n<p class=\"translation-block\"><strong>Slim &amp; Sculpt<\/strong> is a \"haute couture\" type treatment that can be tailored to each individual. It is ideal for clients seeking an overall treatment for fat deposits, rounded shapes, cellulite, and sagging skin. This treatment helps with slimming and firming the skin.<\/p>\n<p class=\"translation-block\"><strong>Especially suitable<\/strong> <strong>after a diet, pregnancy, or excessive sun exposure<\/strong>. Before starting the Slim &amp; Sculpt treatment, <strong>we recommend undergoing the Thalgo detox wrap<\/strong>. To achieve the best results from the Slim &amp; Sculpt treatment, <strong>we recommend 12 sessions, 2-3 times a week. Maintenance treatment: once a month.<\/strong><\/p>\n<\/div>\n<\/div>\n<\/div>\n<\/div>","protected":false},"excerpt":{"rendered":"<p class=\"translation-block\"><strong>Slim &amp; Sculpt<\/strong> is a \"haute couture\" type treatment that can be tailored to each individual. It is ideal for clients seeking an overall treatment for fat deposits, rounded shapes, cellulite, and sagging skin. This treatment helps with slimming and firming the skin.<\/p>\n<p>&nbsp;<\/p>","protected":false},"featured_media":1010,"template":"","meta":[],"product_brand":[],"product_cat":[33],"product_tag":[],"class_list":{"0":"post-1005","1":"product","2":"type-product","3":"status-publish","4":"has-post-thumbnail","6":"product_cat-kosmetika","8":"first","9":"instock","10":"sold-individually","11":"taxable","12":"shipping-taxable","13":"purchasable","14":"product-type-variable"},"yoast_head":"<!-- This site is optimized with the Yoast SEO plugin v27.1.1 - https:\/\/yoast.com\/product\/yoast-seo-wordpress\/ -->\n<title>Zpevn\u011bn\u00ed poko\u017eky s kosmetikou Thalgo<\/title>\n<meta name=\"description\" content=\"Vyzkou\u0161ejte zpevn\u011bn\u00ed poko\u017eky Slim &amp; Sculpt zna\u010dky Thalgo. Ide\u00e1ln\u00ed proti tukov\u00fdm pol\u0161t\u00e1\u0159k\u016fm, zaoblen\u00fdm tvar\u016fm, celulitid\u011b a povisl\u00e9 poko\u017ece. \u2705\" \/>\n<meta name=\"robots\" content=\"index, follow, max-snippet:-1, max-image-preview:large, max-video-preview:-1\" \/>\n<link rel=\"canonical\" href=\"https:\/\/mystictemple.cz\/en\/product\/thalgo-slim-sculpt\/\" \/>\n<meta property=\"og:locale\" content=\"en_US\" \/>\n<meta property=\"og:type\" content=\"article\" \/>\n<meta property=\"og:title\" content=\"Zpevn\u011bn\u00ed poko\u017eky s kosmetikou Thalgo\" \/>\n<meta property=\"og:description\" content=\"Vyzkou\u0161ejte zpevn\u011bn\u00ed poko\u017eky Slim &amp; Sculpt zna\u010dky Thalgo. Ide\u00e1ln\u00ed proti tukov\u00fdm pol\u0161t\u00e1\u0159k\u016fm, zaoblen\u00fdm tvar\u016fm, celulitid\u011b a povisl\u00e9 poko\u017ece. \u2705\" \/>\n<meta property=\"og:url\" content=\"https:\/\/mystictemple.cz\/en\/product\/thalgo-slim-sculpt\/\" \/>\n<meta property=\"og:site_name\" content=\"Mystic Temple\" \/>\n<meta property=\"article:modified_time\" content=\"2025-08-14T21:23:11+00:00\" \/>\n<meta property=\"og:image\" content=\"https:\/\/mystictemple.cz\/wp-content\/uploads\/2024\/09\/72-image.jpg\" \/>\n\t<meta property=\"og:image:width\" content=\"690\" \/>\n\t<meta property=\"og:image:height\" content=\"540\" \/>\n\t<meta property=\"og:image:type\" content=\"image\/jpeg\" \/>\n<meta name=\"twitter:card\" content=\"summary_large_image\" \/>\n<meta name=\"twitter:label1\" content=\"Est. reading time\" \/>\n\t<meta name=\"twitter:data1\" content=\"1 minute\" \/>\n<script type=\"application\/ld+json\" class=\"yoast-schema-graph\">{\"@context\":\"https:\/\/schema.org\",\"@graph\":[{\"@type\":\"WebPage\",\"@id\":\"https:\/\/mystictemple.cz\/product\/thalgo-slim-sculpt\/\",\"url\":\"https:\/\/mystictemple.cz\/product\/thalgo-slim-sculpt\/\",\"name\":\"Zpevn\u011bn\u00ed poko\u017eky s kosmetikou Thalgo\",\"isPartOf\":{\"@id\":\"https:\/\/mystictemple.cz\/#website\"},\"primaryImageOfPage\":{\"@id\":\"https:\/\/mystictemple.cz\/product\/thalgo-slim-sculpt\/#primaryimage\"},\"image\":{\"@id\":\"https:\/\/mystictemple.cz\/product\/thalgo-slim-sculpt\/#primaryimage\"},\"thumbnailUrl\":\"https:\/\/mystictemple.cz\/wp-content\/uploads\/2024\/09\/72-image.jpg\",\"datePublished\":\"2024-09-17T19:48:53+00:00\",\"dateModified\":\"2025-08-14T21:23:11+00:00\",\"description\":\"Vyzkou\u0161ejte zpevn\u011bn\u00ed poko\u017eky Slim & Sculpt zna\u010dky Thalgo. Ide\u00e1ln\u00ed proti tukov\u00fdm pol\u0161t\u00e1\u0159k\u016fm, zaoblen\u00fdm tvar\u016fm, celulitid\u011b a povisl\u00e9 poko\u017ece. \u2705\",\"breadcrumb\":{\"@id\":\"https:\/\/mystictemple.cz\/product\/thalgo-slim-sculpt\/#breadcrumb\"},\"inLanguage\":\"en-US\",\"potentialAction\":[{\"@type\":\"ReadAction\",\"target\":[\"https:\/\/mystictemple.cz\/product\/thalgo-slim-sculpt\/\"]}]},{\"@type\":\"ImageObject\",\"inLanguage\":\"en-US\",\"@id\":\"https:\/\/mystictemple.cz\/product\/thalgo-slim-sculpt\/#primaryimage\",\"url\":\"https:\/\/mystictemple.cz\/wp-content\/uploads\/2024\/09\/72-image.jpg\",\"contentUrl\":\"https:\/\/mystictemple.cz\/wp-content\/uploads\/2024\/09\/72-image.jpg\",\"width\":690,\"height\":540,\"caption\":\"T\u011blov\u00e1 kosmetika Thalgo v kosmetick\u00e9m studiu\"},{\"@type\":\"BreadcrumbList\",\"@id\":\"https:\/\/mystictemple.cz\/product\/thalgo-slim-sculpt\/#breadcrumb\",\"itemListElement\":[{\"@type\":\"ListItem\",\"position\":1,\"name\":\"Dom\u016f\",\"item\":\"https:\/\/mystictemple.cz\/\"},{\"@type\":\"ListItem\",\"position\":2,\"name\":\"Produkty\",\"item\":\"https:\/\/mystictemple.cz\/shop\/\"},{\"@type\":\"ListItem\",\"position\":3,\"name\":\"THALGO \u2013 Slim &#038; Sculpt\"}]},{\"@type\":\"WebSite\",\"@id\":\"https:\/\/mystictemple.cz\/#website\",\"url\":\"https:\/\/mystictemple.cz\/\",\"name\":\"Mystic Temple\",\"description\":\"Mystic Temple je mas\u00e1\u017en\u00ed salon v centru Prahy, kter\u00fd nab\u00edz\u00ed \u0161irokou \u0161k\u00e1lu relaxa\u010dn\u00edch a terapeutick\u00fdch mas\u00e1\u017e\u00ed. Na na\u0161em webu si m\u016f\u017eete snadno vybrat mas\u00e1\u017e, vlo\u017eit ji do ko\u0161\u00edku, zaplatit online a ihned obdr\u017eet d\u00e1rkov\u00fd voucher s unik\u00e1tn\u00edm k\u00f3dem. Voucher pak m\u016f\u017eete uplatnit p\u0159\u00edmo na recepci salonu. Rezervace je mo\u017en\u00e1 telefonicky nebo online. Otev\u0159eno m\u00e1me denn\u011b od 9:00 do 21:00.\",\"publisher\":{\"@id\":\"https:\/\/mystictemple.cz\/#organization\"},\"potentialAction\":[{\"@type\":\"SearchAction\",\"target\":{\"@type\":\"EntryPoint\",\"urlTemplate\":\"https:\/\/mystictemple.cz\/?s={search_term_string}\"},\"query-input\":{\"@type\":\"PropertyValueSpecification\",\"valueRequired\":true,\"valueName\":\"search_term_string\"}}],\"inLanguage\":\"en-US\"},{\"@type\":\"Organization\",\"@id\":\"https:\/\/mystictemple.cz\/#organization\",\"name\":\"Mystic Temple\",\"url\":\"https:\/\/mystictemple.cz\/\",\"logo\":{\"@type\":\"ImageObject\",\"inLanguage\":\"en-US\",\"@id\":\"https:\/\/mystictemple.cz\/#\/schema\/logo\/image\/\",\"url\":\"https:\/\/mystictemple.cz\/wp-content\/uploads\/2024\/02\/logo_temple_transparentni-2.png\",\"contentUrl\":\"https:\/\/mystictemple.cz\/wp-content\/uploads\/2024\/02\/logo_temple_transparentni-2.png\",\"width\":781,\"height\":586,\"caption\":\"Mystic Temple\"},\"image\":{\"@id\":\"https:\/\/mystictemple.cz\/#\/schema\/logo\/image\/\"}}]}<\/script>\n<!-- \/ Yoast SEO plugin. -->","yoast_head_json":{"title":"Zpevn\u011bn\u00ed poko\u017eky s kosmetikou Thalgo","description":"Vyzkou\u0161ejte zpevn\u011bn\u00ed poko\u017eky Slim & Sculpt zna\u010dky Thalgo. Ide\u00e1ln\u00ed proti tukov\u00fdm pol\u0161t\u00e1\u0159k\u016fm, zaoblen\u00fdm tvar\u016fm, celulitid\u011b a povisl\u00e9 poko\u017ece. \u2705","robots":{"index":"index","follow":"follow","max-snippet":"max-snippet:-1","max-image-preview":"max-image-preview:large","max-video-preview":"max-video-preview:-1"},"canonical":"https:\/\/mystictemple.cz\/en\/product\/thalgo-slim-sculpt\/","og_locale":"en_US","og_type":"article","og_title":"Zpevn\u011bn\u00ed poko\u017eky s kosmetikou Thalgo","og_description":"Vyzkou\u0161ejte zpevn\u011bn\u00ed poko\u017eky Slim & Sculpt zna\u010dky Thalgo. Ide\u00e1ln\u00ed proti tukov\u00fdm pol\u0161t\u00e1\u0159k\u016fm, zaoblen\u00fdm tvar\u016fm, celulitid\u011b a povisl\u00e9 poko\u017ece. \u2705","og_url":"https:\/\/mystictemple.cz\/en\/product\/thalgo-slim-sculpt\/","og_site_name":"Mystic Temple","article_modified_time":"2025-08-14T21:23:11+00:00","og_image":[{"width":690,"height":540,"url":"https:\/\/mystictemple.cz\/wp-content\/uploads\/2024\/09\/72-image.jpg","type":"image\/jpeg"}],"twitter_card":"summary_large_image","twitter_misc":{"Est. reading time":"1 minute"},"schema":{"@context":"https:\/\/schema.org","@graph":[{"@type":"WebPage","@id":"https:\/\/mystictemple.cz\/product\/thalgo-slim-sculpt\/","url":"https:\/\/mystictemple.cz\/product\/thalgo-slim-sculpt\/","name":"Zpevn\u011bn\u00ed poko\u017eky s kosmetikou Thalgo","isPartOf":{"@id":"https:\/\/mystictemple.cz\/#website"},"primaryImageOfPage":{"@id":"https:\/\/mystictemple.cz\/product\/thalgo-slim-sculpt\/#primaryimage"},"image":{"@id":"https:\/\/mystictemple.cz\/product\/thalgo-slim-sculpt\/#primaryimage"},"thumbnailUrl":"https:\/\/mystictemple.cz\/wp-content\/uploads\/2024\/09\/72-image.jpg","datePublished":"2024-09-17T19:48:53+00:00","dateModified":"2025-08-14T21:23:11+00:00","description":"Vyzkou\u0161ejte zpevn\u011bn\u00ed poko\u017eky Slim & Sculpt zna\u010dky Thalgo. Ide\u00e1ln\u00ed proti tukov\u00fdm pol\u0161t\u00e1\u0159k\u016fm, zaoblen\u00fdm tvar\u016fm, celulitid\u011b a povisl\u00e9 poko\u017ece. \u2705","breadcrumb":{"@id":"https:\/\/mystictemple.cz\/product\/thalgo-slim-sculpt\/#breadcrumb"},"inLanguage":"en-US","potentialAction":[{"@type":"ReadAction","target":["https:\/\/mystictemple.cz\/product\/thalgo-slim-sculpt\/"]}]},{"@type":"ImageObject","inLanguage":"en-US","@id":"https:\/\/mystictemple.cz\/product\/thalgo-slim-sculpt\/#primaryimage","url":"https:\/\/mystictemple.cz\/wp-content\/uploads\/2024\/09\/72-image.jpg","contentUrl":"https:\/\/mystictemple.cz\/wp-content\/uploads\/2024\/09\/72-image.jpg","width":690,"height":540,"caption":"T\u011blov\u00e1 kosmetika Thalgo v kosmetick\u00e9m studiu"},{"@type":"BreadcrumbList","@id":"https:\/\/mystictemple.cz\/product\/thalgo-slim-sculpt\/#breadcrumb","itemListElement":[{"@type":"ListItem","position":1,"name":"Dom\u016f","item":"https:\/\/mystictemple.cz\/"},{"@type":"ListItem","position":2,"name":"Produkty","item":"https:\/\/mystictemple.cz\/shop\/"},{"@type":"ListItem","position":3,"name":"THALGO \u2013 Slim &#038; Sculpt"}]},{"@type":"WebSite","@id":"https:\/\/mystictemple.cz\/#website","url":"https:\/\/mystictemple.cz\/","name":"Mystic Temple","description":"Mystic Temple je mas\u00e1\u017en\u00ed salon v centru Prahy, kter\u00fd nab\u00edz\u00ed \u0161irokou \u0161k\u00e1lu relaxa\u010dn\u00edch a terapeutick\u00fdch mas\u00e1\u017e\u00ed. Na na\u0161em webu si m\u016f\u017eete snadno vybrat mas\u00e1\u017e, vlo\u017eit ji do ko\u0161\u00edku, zaplatit online a ihned obdr\u017eet d\u00e1rkov\u00fd voucher s unik\u00e1tn\u00edm k\u00f3dem. Voucher pak m\u016f\u017eete uplatnit p\u0159\u00edmo na recepci salonu. Rezervace je mo\u017en\u00e1 telefonicky nebo online. Otev\u0159eno m\u00e1me denn\u011b od 9:00 do 21:00.","publisher":{"@id":"https:\/\/mystictemple.cz\/#organization"},"potentialAction":[{"@type":"SearchAction","target":{"@type":"EntryPoint","urlTemplate":"https:\/\/mystictemple.cz\/?s={search_term_string}"},"query-input":{"@type":"PropertyValueSpecification","valueRequired":true,"valueName":"search_term_string"}}],"inLanguage":"en-US"},{"@type":"Organization","@id":"https:\/\/mystictemple.cz\/#organization","name":"Mystic Temple","url":"https:\/\/mystictemple.cz\/","logo":{"@type":"ImageObject","inLanguage":"en-US","@id":"https:\/\/mystictemple.cz\/#\/schema\/logo\/image\/","url":"https:\/\/mystictemple.cz\/wp-content\/uploads\/2024\/02\/logo_temple_transparentni-2.png","contentUrl":"https:\/\/mystictemple.cz\/wp-content\/uploads\/2024\/02\/logo_temple_transparentni-2.png","width":781,"height":586,"caption":"Mystic Temple"},"image":{"@id":"https:\/\/mystictemple.cz\/#\/schema\/logo\/image\/"}}]}},"_links":{"self":[{"href":"https:\/\/mystictemple.cz\/en\/wp-json\/wp\/v2\/product\/1005","targetHints":{"allow":["GET"]}}],"collection":[{"href":"https:\/\/mystictemple.cz\/en\/wp-json\/wp\/v2\/product"}],"about":[{"href":"https:\/\/mystictemple.cz\/en\/wp-json\/wp\/v2\/types\/product"}],"wp:featuredmedia":[{"embeddable":true,"href":"https:\/\/mystictemple.cz\/en\/wp-json\/wp\/v2\/media\/1010"}],"wp:attachment":[{"href":"https:\/\/mystictemple.cz\/en\/wp-json\/wp\/v2\/media?parent=1005"}],"wp:term":[{"taxonomy":"product_brand","embeddable":true,"href":"https:\/\/mystictemple.cz\/en\/wp-json\/wp\/v2\/product_brand?post=1005"},{"taxonomy":"product_cat","embeddable":true,"href":"https:\/\/mystictemple.cz\/en\/wp-json\/wp\/v2\/product_cat?post=1005"},{"taxonomy":"product_tag","embeddable":true,"href":"https:\/\/mystictemple.cz\/en\/wp-json\/wp\/v2\/product_tag?post=1005"}],"curies":[{"name":"wp","href":"https:\/\/api.w.org\/{rel}","templated":true}]}}