{"id":898,"date":"2024-09-16T13:57:41","date_gmt":"2024-09-16T13:57:41","guid":{"rendered":"https:\/\/mystictemple.cz\/?page_id=898"},"modified":"2025-09-17T18:19:55","modified_gmt":"2025-09-17T18:19:55","slug":"rekvalifikacni-maserske-kurzy-a-seminare","status":"publish","type":"page","link":"https:\/\/mystictemple.cz\/en\/rekvalifikacni-maserske-kurzy-a-seminare\/","title":{"rendered":"Massage courses"},"content":{"rendered":"<div data-elementor-type=\"wp-page\" data-elementor-id=\"898\" class=\"elementor elementor-898\" data-elementor-post-type=\"page\">\n\t\t\t\t<div class=\"elementor-element elementor-element-260406b7 e-con-full e-flex e-con e-parent\" data-id=\"260406b7\" data-element_type=\"container\" data-e-type=\"container\">\n\t\t<div class=\"elementor-element elementor-element-20c7caf1 e-con-full e-flex e-con e-child\" data-id=\"20c7caf1\" data-element_type=\"container\" data-e-type=\"container\">\n\t\t\t\t<div class=\"elementor-element elementor-element-59d339ff elementor-nav-menu--dropdown-tablet elementor-nav-menu__text-align-aside elementor-nav-menu--toggle elementor-nav-menu--burger elementor-widget elementor-widget-nav-menu\" data-id=\"59d339ff\" data-element_type=\"widget\" data-e-type=\"widget\" data-settings=\"{&quot;layout&quot;:&quot;vertical&quot;,&quot;submenu_icon&quot;:{&quot;value&quot;:&quot;&lt;svg aria-hidden=\\&quot;true\\&quot; class=\\&quot;e-font-icon-svg e-fas-caret-down\\&quot; viewBox=\\&quot;0 0 320 512\\&quot; xmlns=\\&quot;http:\\\/\\\/www.w3.org\\\/2000\\\/svg\\&quot;&gt;&lt;path d=\\&quot;M31.3 192h257.3c17.8 0 26.7 21.5 14.1 34.1L174.1 354.8c-7.8 7.8-20.5 7.8-28.3 0L17.2 226.1C4.6 213.5 13.5 192 31.3 192z\\&quot;&gt;&lt;\\\/path&gt;&lt;\\\/svg&gt;&quot;,&quot;library&quot;:&quot;fa-solid&quot;},&quot;toggle&quot;:&quot;burger&quot;}\" data-widget_type=\"nav-menu.default\">\n\t\t\t\t<div class=\"elementor-widget-container\">\n\t\t\t\t\t\t\t\t<nav aria-label=\"Menu\" class=\"elementor-nav-menu--main elementor-nav-menu__container elementor-nav-menu--layout-vertical e--pointer-underline e--animation-fade\">\n\t\t\t\t<ul id=\"menu-1-59d339ff\" class=\"elementor-nav-menu sm-vertical\"><li class=\"menu-item menu-item-type-custom menu-item-object-custom menu-item-2151\"><a href=\"#masaze\" class=\"elementor-item elementor-item-anchor\">Gift vouchers<\/a><\/li>\n<li class=\"menu-item menu-item-type-post_type menu-item-object-page menu-item-570\"><a href=\"https:\/\/mystictemple.cz\/en\/thajske-masaze\/\" class=\"elementor-item\">Thai massages<\/a><\/li>\n<li class=\"menu-item menu-item-type-post_type menu-item-object-page menu-item-599\"><a href=\"https:\/\/mystictemple.cz\/en\/detoxikace\/\" class=\"elementor-item\">Body detoxication<\/a><\/li>\n<li class=\"menu-item menu-item-type-post_type menu-item-object-page menu-item-917\"><a href=\"https:\/\/mystictemple.cz\/en\/ostatni-masaze\/\" class=\"elementor-item\">Other massages<\/a><\/li>\n<li class=\"menu-item menu-item-type-post_type menu-item-object-page menu-item-912\"><a href=\"https:\/\/mystictemple.cz\/en\/ayurvedske-masaze\/\" class=\"elementor-item\">Ayurvedic massages<\/a><\/li>\n<li class=\"menu-item menu-item-type-post_type menu-item-object-page menu-item-919\"><a href=\"https:\/\/mystictemple.cz\/en\/telove-zabaly\/\" class=\"elementor-item\">Body wraps<\/a><\/li>\n<li class=\"menu-item menu-item-type-post_type menu-item-object-page menu-item-914\"><a href=\"https:\/\/mystictemple.cz\/en\/manikura-a-pedikura\/\" class=\"elementor-item\">Manicure &amp; pedicure<\/a><\/li>\n<li class=\"menu-item menu-item-type-post_type menu-item-object-page menu-item-913\"><a href=\"https:\/\/mystictemple.cz\/en\/kosmetika\/\" class=\"elementor-item\">Natural cosmetics<\/a><\/li>\n<li class=\"menu-item menu-item-type-post_type menu-item-object-page menu-item-638\"><a href=\"https:\/\/mystictemple.cz\/en\/poukazky-na-sluzby\/\" class=\"elementor-item\">Vouchers for value<\/a><\/li>\n<li class=\"menu-item menu-item-type-post_type menu-item-object-page menu-item-916\"><a href=\"https:\/\/mystictemple.cz\/en\/mystic-zvyhodnene-balicky\/\" class=\"elementor-item\">Mystic packages<\/a><\/li>\n<li class=\"menu-item menu-item-type-post_type menu-item-object-page menu-item-2389\"><a href=\"https:\/\/mystictemple.cz\/en\/maserske-potreby\/\" class=\"elementor-item\">Massage supplies<\/a><\/li>\n<li class=\"menu-item menu-item-type-post_type menu-item-object-page menu-item-918\"><a href=\"https:\/\/mystictemple.cz\/en\/rekvalifikacni-maserske-kurzy-a-seminare\/\" class=\"elementor-item\">Massage courses<\/a><\/li>\n<li class=\"menu-item menu-item-type-custom menu-item-object-custom menu-item-920\"><a href=\"http:\/\/www.thajskynabytek.cz\" class=\"elementor-item\">Thai furniture<\/a><\/li>\n<\/ul>\t\t\t<\/nav>\n\t\t\t\t\t<div class=\"elementor-menu-toggle\" role=\"button\" tabindex=\"0\" aria-label=\"Menu Toggle\" aria-expanded=\"false\">\n\t\t\t<svg aria-hidden=\"true\" role=\"presentation\" class=\"elementor-menu-toggle__icon--open e-font-icon-svg e-eicon-menu-bar\" viewbox=\"0 0 1000 1000\" xmlns=\"http:\/\/www.w3.org\/2000\/svg\"><path d=\"M104 333H896C929 333 958 304 958 271S929 208 896 208H104C71 208 42 237 42 271S71 333 104 333ZM104 583H896C929 583 958 554 958 521S929 458 896 458H104C71 458 42 487 42 521S71 583 104 583ZM104 833H896C929 833 958 804 958 771S929 708 896 708H104C71 708 42 737 42 771S71 833 104 833Z\"><\/path><\/svg><svg aria-hidden=\"true\" role=\"presentation\" class=\"elementor-menu-toggle__icon--close e-font-icon-svg e-eicon-close\" viewbox=\"0 0 1000 1000\" xmlns=\"http:\/\/www.w3.org\/2000\/svg\"><path d=\"M742 167L500 408 258 167C246 154 233 150 217 150 196 150 179 158 167 167 154 179 150 196 150 212 150 229 154 242 171 254L408 500 167 742C138 771 138 800 167 829 196 858 225 858 254 829L496 587 738 829C750 842 767 846 783 846 800 846 817 842 829 829 842 817 846 804 846 783 846 767 842 750 829 737L588 500 833 258C863 229 863 200 833 171 804 137 775 137 742 167Z\"><\/path><\/svg>\t\t<\/div>\n\t\t\t\t\t<nav class=\"elementor-nav-menu--dropdown elementor-nav-menu__container\" aria-hidden=\"true\">\n\t\t\t\t<ul id=\"menu-2-59d339ff\" class=\"elementor-nav-menu sm-vertical\"><li class=\"menu-item menu-item-type-custom menu-item-object-custom menu-item-2151\"><a href=\"#masaze\" class=\"elementor-item elementor-item-anchor\" tabindex=\"-1\">Gift vouchers<\/a><\/li>\n<li class=\"menu-item menu-item-type-post_type menu-item-object-page menu-item-570\"><a href=\"https:\/\/mystictemple.cz\/en\/thajske-masaze\/\" class=\"elementor-item\" tabindex=\"-1\">Thai massages<\/a><\/li>\n<li class=\"menu-item menu-item-type-post_type menu-item-object-page menu-item-599\"><a href=\"https:\/\/mystictemple.cz\/en\/detoxikace\/\" class=\"elementor-item\" tabindex=\"-1\">Body detoxication<\/a><\/li>\n<li class=\"menu-item menu-item-type-post_type menu-item-object-page menu-item-917\"><a href=\"https:\/\/mystictemple.cz\/en\/ostatni-masaze\/\" class=\"elementor-item\" tabindex=\"-1\">Other massages<\/a><\/li>\n<li class=\"menu-item menu-item-type-post_type menu-item-object-page menu-item-912\"><a href=\"https:\/\/mystictemple.cz\/en\/ayurvedske-masaze\/\" class=\"elementor-item\" tabindex=\"-1\">Ayurvedic massages<\/a><\/li>\n<li class=\"menu-item menu-item-type-post_type menu-item-object-page menu-item-919\"><a href=\"https:\/\/mystictemple.cz\/en\/telove-zabaly\/\" class=\"elementor-item\" tabindex=\"-1\">Body wraps<\/a><\/li>\n<li class=\"menu-item menu-item-type-post_type menu-item-object-page menu-item-914\"><a href=\"https:\/\/mystictemple.cz\/en\/manikura-a-pedikura\/\" class=\"elementor-item\" tabindex=\"-1\">Manicure &amp; pedicure<\/a><\/li>\n<li class=\"menu-item menu-item-type-post_type menu-item-object-page menu-item-913\"><a href=\"https:\/\/mystictemple.cz\/en\/kosmetika\/\" class=\"elementor-item\" tabindex=\"-1\">Natural cosmetics<\/a><\/li>\n<li class=\"menu-item menu-item-type-post_type menu-item-object-page menu-item-638\"><a href=\"https:\/\/mystictemple.cz\/en\/poukazky-na-sluzby\/\" class=\"elementor-item\" tabindex=\"-1\">Vouchers for value<\/a><\/li>\n<li class=\"menu-item menu-item-type-post_type menu-item-object-page menu-item-916\"><a href=\"https:\/\/mystictemple.cz\/en\/mystic-zvyhodnene-balicky\/\" class=\"elementor-item\" tabindex=\"-1\">Mystic packages<\/a><\/li>\n<li class=\"menu-item menu-item-type-post_type menu-item-object-page menu-item-2389\"><a href=\"https:\/\/mystictemple.cz\/en\/maserske-potreby\/\" class=\"elementor-item\" tabindex=\"-1\">Massage supplies<\/a><\/li>\n<li class=\"menu-item menu-item-type-post_type menu-item-object-page menu-item-918\"><a href=\"https:\/\/mystictemple.cz\/en\/rekvalifikacni-maserske-kurzy-a-seminare\/\" class=\"elementor-item\" tabindex=\"-1\">Massage courses<\/a><\/li>\n<li class=\"menu-item menu-item-type-custom menu-item-object-custom menu-item-920\"><a href=\"http:\/\/www.thajskynabytek.cz\" class=\"elementor-item\" tabindex=\"-1\">Thai furniture<\/a><\/li>\n<\/ul>\t\t\t<\/nav>\n\t\t\t\t\t\t<\/div>\n\t\t\t\t<\/div>\n\t\t\t\t<\/div>\n\t\t<div class=\"elementor-element elementor-element-557a0342 e-con-full e-flex e-con e-child\" data-id=\"557a0342\" data-element_type=\"container\" data-e-type=\"container\">\n\t\t\t\t<div class=\"elementor-element elementor-element-6605a2d7 elementor-widget elementor-widget-heading\" data-id=\"6605a2d7\" data-element_type=\"widget\" data-e-type=\"widget\" data-widget_type=\"heading.default\">\n\t\t\t\t<div class=\"elementor-widget-container\">\n\t\t\t\t\t<h2 class=\"elementor-heading-title elementor-size-default\">Massage courses<\/h2>\t\t\t\t<\/div>\n\t\t\t\t<\/div>\n\t\t\t\t<div class=\"elementor-element elementor-element-0b879f9 elementor-widget elementor-widget-text-editor\" data-id=\"0b879f9\" data-element_type=\"widget\" data-e-type=\"widget\" data-widget_type=\"text-editor.default\">\n\t\t\t\t<div class=\"elementor-widget-container\">\n\t\t\t\t\t\t\t\t\t<div class=\"flex_column av-8ofz3-1eabf78bd8d48ec30ebbbea543f75155 av_one_full  avia-builder-el-2  el_after_av_hr  el_before_av_one_full  first flex_column_div av-zero-column-padding\"><section class=\"av_textblock_section av-ko4iz8yo-9e16bf0ab4623e207421bcf768887c1c\"><div class=\"avia_textblock\"><p class=\"translation-block\">Re-qualification massage courses and seminars offer you <strong>the opportunity to gain education in the field of massage<\/strong>. As part of the training, we share our many years of experience with massages and other treatments in a humane and friendly manner.<\/p><\/div><\/section><\/div><div class=\"flex_column av-h174v-66201873ab6cb4278354ae3742ac36bf av_one_full  avia-builder-el-5  el_after_av_one_full  el_before_av_hr  first flex_column_div av-zero-column-padding column-top-margin\"><div class=\"av-special-heading av-dvx7b-86a5226e94cee5d1c0812229cdb8e649 av-special-heading-h2 blockquote modern-quote  avia-builder-el-6  el_before_av_textblock  avia-builder-el-first\"><h2 class=\"av-special-heading-tag\">MASSAGE COURSES<\/h2><\/div><section class=\"av_textblock_section av-ko4mtn19-ee2c765f3093a2e5deb91671cd5b68b5\"><div class=\"avia_textblock\"><p class=\"translation-block\"><strong>The instructors of the massage course are experienced massage therapists<\/strong> who have worked or are currently working for spa Mystic Temple, as well as hotels such as Intercontinental, Buddha Bar, Radisson, Pa\u0159\u00ed\u017e, Corinthia Towers, Corinthia Panorama, and Movenpick.<\/p><\/div><\/section><div class=\"av-special-heading av-8zby7-58308a7252c74eb2b1c068d893ce3901 av-special-heading-h2 blockquote modern-quote  avia-builder-el-8  el_after_av_textblock  el_before_av_textblock\"><h2 class=\"av-special-heading-tag\">SEMINARS, TRAININGS<\/h2><\/div><section class=\"av_textblock_section av-ko4mtn19-ee2c765f3093a2e5deb91671cd5b68b5\"><div class=\"avia_textblock\"><p class=\"translation-block\"><a href=\"https:\/\/mystictemple.cz\/en\/ostatni-masaze\/\" target=\"_blank\" rel=\"noopener\"><strong>Sports massage<\/strong><\/a> \u2013 Swedish muscle massage based on classic massage techniques. This is a <strong>massage retraining course<\/strong> organized under the patronage of the Ministry of Education. After completing the 150-hour massage course, you will receive a certificate allowing you to obtain a massage license.<\/p><p class=\"translation-block\"><a href=\"http:\/\/www.masersky-kurz-praha.cz\/kurz-chiromasaz.html\" target=\"_blank\" rel=\"noopener\"><strong>Chiromassage<\/strong><\/a> \u2013 chiropractic massage of the facial and scalp area combined with techniques to release muscle tension and joint blockages in the cervical spine (two-day training).<\/p><p class=\"translation-block\"><a href=\"http:\/\/www.masersky-kurz-praha.cz\/kurz-masaz-lavovymi-kameny.html\" target=\"_blank\" rel=\"noopener\"><strong>Hot Stone Massage<\/strong><\/a> \u2013 popular relaxing energy massage using hot lava stones (two-day training).<\/p><p class=\"translation-block\"><a href=\"http:\/\/www.masersky-kurz-praha.cz\/kurz-medova-masaz.html\" target=\"_blank\" rel=\"noopener\"><strong>Honey Massage<\/strong><\/a> \u2013 ancient Ukrainian detoxification method (one-day training).<\/p><p class=\"translation-block\"><strong><a href=\"http:\/\/www.masersky-kurz-praha.cz\/kurz-amma-masaz.html\" target=\"_blank\" rel=\"noopener\">Amma Massage<\/a><\/strong> \u2013 quick energetic massage on a special chair \u2013 kneeling chair (two-day training).<\/p><\/div><\/section><\/div><div class=\"hr av-ko4j5dc6-318b4fa748385c1e49a30233d3e31bfe hr-invisible  avia-builder-el-10  el_after_av_one_full  el_before_av_textblock\">\u00a0<\/div><section class=\"av_textblock_section av-ko4iz8yo-9e16bf0ab4623e207421bcf768887c1c\"><div class=\"avia_textblock\"><p class=\"translation-block\">For more information, contact Petr Nemansk\u00fd: petr@masersky-kurz-praha.cz or visit: <a href=\"http:\/\/masersky-kurz-praha.cz\/\" target=\"_blank\" rel=\"noopener\">masersky-kurz-praha.cz.<\/a><\/p><\/div><\/section>\t\t\t\t\t\t\t\t<\/div>\n\t\t\t\t<\/div>\n\t\t\t\t<div class=\"elementor-element elementor-element-59ae7b1d elementor-widget-divider--view-line_icon elementor-view-default elementor-widget-divider--element-align-center elementor-widget elementor-widget-divider\" data-id=\"59ae7b1d\" data-element_type=\"widget\" data-e-type=\"widget\" data-widget_type=\"divider.default\">\n\t\t\t\t<div class=\"elementor-widget-container\">\n\t\t\t\t\t\t\t<div class=\"elementor-divider\">\n\t\t\t<span class=\"elementor-divider-separator\">\n\t\t\t\t\t\t\t<div class=\"elementor-icon elementor-divider__element\">\n\t\t\t\t\t<svg aria-hidden=\"true\" class=\"e-font-icon-svg e-fas-leaf\" viewbox=\"0 0 576 512\" xmlns=\"http:\/\/www.w3.org\/2000\/svg\"><path d=\"M546.2 9.7c-5.6-12.5-21.6-13-28.3-1.2C486.9 62.4 431.4 96 368 96h-80C182 96 96 182 96 288c0 7 .8 13.7 1.5 20.5C161.3 262.8 253.4 224 384 224c8.8 0 16 7.2 16 16s-7.2 16-16 16C132.6 256 26 410.1 2.4 468c-6.6 16.3 1.2 34.9 17.5 41.6 16.4 6.8 35-1.1 41.8-17.3 1.5-3.6 20.9-47.9 71.9-90.6 32.4 43.9 94 85.8 174.9 77.2C465.5 467.5 576 326.7 576 154.3c0-50.2-10.8-102.2-29.8-144.6z\"><\/path><\/svg><\/div>\n\t\t\t\t\t\t<\/span>\n\t\t<\/div>\n\t\t\t\t\t\t<\/div>\n\t\t\t\t<\/div>\n\t\t\t\t<\/div>\n\t\t\t\t<\/div>\n\t\t\t\t<\/div>","protected":false},"excerpt":{"rendered":"<p>Rekvalifika\u010dn\u00ed mas\u00e9rsk\u00e9 kurzy a semin\u00e1\u0159e Rekvalifika\u010dn\u00ed mas\u00e9rsk\u00e9 kurzy a semin\u00e1\u0159e v\u00e1m nab\u00edzej\u00ed mo\u017enost vzd\u011bl\u00e1n\u00ed v oblasti mas\u00e1\u017e\u00ed. V r\u00e1mci vzd\u011bl\u00e1v\u00e1n\u00ed p\u0159ed\u00e1v\u00e1me svou mnohaletou zku\u0161enost s mas\u00e1\u017eemi i dal\u0161\u00edmi procedurami lidsk\u00fdm a p\u0159\u00e1telsk\u00fdm zp\u016fsobem. MAS\u00c9RSK\u00c9 KURZY Lekto\u0159i mas\u00e9rsk\u00e9ho kurzu\u00a0jsou zku\u0161en\u00ed mas\u00e9\u0159i, kte\u0159\u00ed pracuj\u00ed nebo pracovali pro spa Mystic Temple, hotely Intercontinental, Buddha Bar, Radisson, Pa\u0159\u00ed\u017e, Corinthia [&hellip;]<\/p>\n","protected":false},"author":1,"featured_media":0,"parent":0,"menu_order":0,"comment_status":"closed","ping_status":"closed","template":"","meta":{"footnotes":""},"class_list":["post-898","page","type-page","status-publish","hentry"],"yoast_head":"<!-- This site is optimized with the Yoast SEO plugin v27.1.1 - https:\/\/yoast.com\/product\/yoast-seo-wordpress\/ -->\n<title>Rekvalifika\u010dn\u00ed mas\u00e9rsk\u00e9 kurzy | Mystic Temple Praha<\/title>\n<meta name=\"description\" content=\"Akreditovan\u00e9 rekvalifika\u010dn\u00ed mas\u00e9rsk\u00e9 kurzy a semin\u00e1\u0159e v centru Prahy. Z\u00edskejte certifik\u00e1t a otev\u0159ete si vlastn\u00ed mas\u00e9rskou praxi.\" \/>\n<meta name=\"robots\" content=\"index, follow, max-snippet:-1, max-image-preview:large, max-video-preview:-1\" \/>\n<link rel=\"canonical\" href=\"https:\/\/mystictemple.cz\/en\/rekvalifikacni-maserske-kurzy-a-seminare\/\" \/>\n<meta property=\"og:locale\" content=\"en_US\" \/>\n<meta property=\"og:type\" content=\"article\" \/>\n<meta property=\"og:title\" content=\"Rekvalifika\u010dn\u00ed mas\u00e9rsk\u00e9 kurzy | Mystic Temple Praha\" \/>\n<meta property=\"og:description\" content=\"Akreditovan\u00e9 rekvalifika\u010dn\u00ed mas\u00e9rsk\u00e9 kurzy a semin\u00e1\u0159e v centru Prahy. Z\u00edskejte certifik\u00e1t a otev\u0159ete si vlastn\u00ed mas\u00e9rskou praxi.\" \/>\n<meta property=\"og:url\" content=\"https:\/\/mystictemple.cz\/en\/rekvalifikacni-maserske-kurzy-a-seminare\/\" \/>\n<meta property=\"og:site_name\" content=\"Mystic Temple\" \/>\n<meta property=\"article:modified_time\" content=\"2025-09-17T18:19:55+00:00\" \/>\n<meta name=\"twitter:card\" content=\"summary_large_image\" \/>\n<meta name=\"twitter:label1\" content=\"Est. reading time\" \/>\n\t<meta name=\"twitter:data1\" content=\"1 minute\" \/>\n<script type=\"application\/ld+json\" class=\"yoast-schema-graph\">{\"@context\":\"https:\/\/schema.org\",\"@graph\":[{\"@type\":\"WebPage\",\"@id\":\"https:\/\/mystictemple.cz\/rekvalifikacni-maserske-kurzy-a-seminare\/\",\"url\":\"https:\/\/mystictemple.cz\/rekvalifikacni-maserske-kurzy-a-seminare\/\",\"name\":\"Rekvalifika\u010dn\u00ed mas\u00e9rsk\u00e9 kurzy | Mystic Temple Praha\",\"isPartOf\":{\"@id\":\"https:\/\/mystictemple.cz\/#website\"},\"datePublished\":\"2024-09-16T13:57:41+00:00\",\"dateModified\":\"2025-09-17T18:19:55+00:00\",\"description\":\"Akreditovan\u00e9 rekvalifika\u010dn\u00ed mas\u00e9rsk\u00e9 kurzy a semin\u00e1\u0159e v centru Prahy. Z\u00edskejte certifik\u00e1t a otev\u0159ete si vlastn\u00ed mas\u00e9rskou praxi.\",\"breadcrumb\":{\"@id\":\"https:\/\/mystictemple.cz\/rekvalifikacni-maserske-kurzy-a-seminare\/#breadcrumb\"},\"inLanguage\":\"en-US\",\"potentialAction\":[{\"@type\":\"ReadAction\",\"target\":[\"https:\/\/mystictemple.cz\/rekvalifikacni-maserske-kurzy-a-seminare\/\"]}]},{\"@type\":\"BreadcrumbList\",\"@id\":\"https:\/\/mystictemple.cz\/rekvalifikacni-maserske-kurzy-a-seminare\/#breadcrumb\",\"itemListElement\":[{\"@type\":\"ListItem\",\"position\":1,\"name\":\"Dom\u016f\",\"item\":\"https:\/\/mystictemple.cz\/\"},{\"@type\":\"ListItem\",\"position\":2,\"name\":\"Rekvalifika\u010dn\u00ed mas\u00e9rsk\u00e9 kurzy a semin\u00e1\u0159e\"}]},{\"@type\":\"WebSite\",\"@id\":\"https:\/\/mystictemple.cz\/#website\",\"url\":\"https:\/\/mystictemple.cz\/\",\"name\":\"Mystic Temple\",\"description\":\"Mystic Temple je mas\u00e1\u017en\u00ed salon v centru Prahy, kter\u00fd nab\u00edz\u00ed \u0161irokou \u0161k\u00e1lu relaxa\u010dn\u00edch a terapeutick\u00fdch mas\u00e1\u017e\u00ed. Na na\u0161em webu si m\u016f\u017eete snadno vybrat mas\u00e1\u017e, vlo\u017eit ji do ko\u0161\u00edku, zaplatit online a ihned obdr\u017eet d\u00e1rkov\u00fd voucher s unik\u00e1tn\u00edm k\u00f3dem. Voucher pak m\u016f\u017eete uplatnit p\u0159\u00edmo na recepci salonu. Rezervace je mo\u017en\u00e1 telefonicky nebo online. Otev\u0159eno m\u00e1me denn\u011b od 9:00 do 21:00.\",\"publisher\":{\"@id\":\"https:\/\/mystictemple.cz\/#organization\"},\"potentialAction\":[{\"@type\":\"SearchAction\",\"target\":{\"@type\":\"EntryPoint\",\"urlTemplate\":\"https:\/\/mystictemple.cz\/?s={search_term_string}\"},\"query-input\":{\"@type\":\"PropertyValueSpecification\",\"valueRequired\":true,\"valueName\":\"search_term_string\"}}],\"inLanguage\":\"en-US\"},{\"@type\":\"Organization\",\"@id\":\"https:\/\/mystictemple.cz\/#organization\",\"name\":\"Mystic Temple\",\"url\":\"https:\/\/mystictemple.cz\/\",\"logo\":{\"@type\":\"ImageObject\",\"inLanguage\":\"en-US\",\"@id\":\"https:\/\/mystictemple.cz\/#\/schema\/logo\/image\/\",\"url\":\"https:\/\/mystictemple.cz\/wp-content\/uploads\/2024\/02\/logo_temple_transparentni-2.png\",\"contentUrl\":\"https:\/\/mystictemple.cz\/wp-content\/uploads\/2024\/02\/logo_temple_transparentni-2.png\",\"width\":781,\"height\":586,\"caption\":\"Mystic Temple\"},\"image\":{\"@id\":\"https:\/\/mystictemple.cz\/#\/schema\/logo\/image\/\"}}]}<\/script>\n<!-- \/ Yoast SEO plugin. -->","yoast_head_json":{"title":"Rekvalifika\u010dn\u00ed mas\u00e9rsk\u00e9 kurzy | Mystic Temple Praha","description":"Akreditovan\u00e9 rekvalifika\u010dn\u00ed mas\u00e9rsk\u00e9 kurzy a semin\u00e1\u0159e v centru Prahy. Z\u00edskejte certifik\u00e1t a otev\u0159ete si vlastn\u00ed mas\u00e9rskou praxi.","robots":{"index":"index","follow":"follow","max-snippet":"max-snippet:-1","max-image-preview":"max-image-preview:large","max-video-preview":"max-video-preview:-1"},"canonical":"https:\/\/mystictemple.cz\/en\/rekvalifikacni-maserske-kurzy-a-seminare\/","og_locale":"en_US","og_type":"article","og_title":"Rekvalifika\u010dn\u00ed mas\u00e9rsk\u00e9 kurzy | Mystic Temple Praha","og_description":"Akreditovan\u00e9 rekvalifika\u010dn\u00ed mas\u00e9rsk\u00e9 kurzy a semin\u00e1\u0159e v centru Prahy. Z\u00edskejte certifik\u00e1t a otev\u0159ete si vlastn\u00ed mas\u00e9rskou praxi.","og_url":"https:\/\/mystictemple.cz\/en\/rekvalifikacni-maserske-kurzy-a-seminare\/","og_site_name":"Mystic Temple","article_modified_time":"2025-09-17T18:19:55+00:00","twitter_card":"summary_large_image","twitter_misc":{"Est. reading time":"1 minute"},"schema":{"@context":"https:\/\/schema.org","@graph":[{"@type":"WebPage","@id":"https:\/\/mystictemple.cz\/rekvalifikacni-maserske-kurzy-a-seminare\/","url":"https:\/\/mystictemple.cz\/rekvalifikacni-maserske-kurzy-a-seminare\/","name":"Rekvalifika\u010dn\u00ed mas\u00e9rsk\u00e9 kurzy | Mystic Temple Praha","isPartOf":{"@id":"https:\/\/mystictemple.cz\/#website"},"datePublished":"2024-09-16T13:57:41+00:00","dateModified":"2025-09-17T18:19:55+00:00","description":"Akreditovan\u00e9 rekvalifika\u010dn\u00ed mas\u00e9rsk\u00e9 kurzy a semin\u00e1\u0159e v centru Prahy. Z\u00edskejte certifik\u00e1t a otev\u0159ete si vlastn\u00ed mas\u00e9rskou praxi.","breadcrumb":{"@id":"https:\/\/mystictemple.cz\/rekvalifikacni-maserske-kurzy-a-seminare\/#breadcrumb"},"inLanguage":"en-US","potentialAction":[{"@type":"ReadAction","target":["https:\/\/mystictemple.cz\/rekvalifikacni-maserske-kurzy-a-seminare\/"]}]},{"@type":"BreadcrumbList","@id":"https:\/\/mystictemple.cz\/rekvalifikacni-maserske-kurzy-a-seminare\/#breadcrumb","itemListElement":[{"@type":"ListItem","position":1,"name":"Dom\u016f","item":"https:\/\/mystictemple.cz\/"},{"@type":"ListItem","position":2,"name":"Rekvalifika\u010dn\u00ed mas\u00e9rsk\u00e9 kurzy a semin\u00e1\u0159e"}]},{"@type":"WebSite","@id":"https:\/\/mystictemple.cz\/#website","url":"https:\/\/mystictemple.cz\/","name":"Mystic Temple","description":"Mystic Temple je mas\u00e1\u017en\u00ed salon v centru Prahy, kter\u00fd nab\u00edz\u00ed \u0161irokou \u0161k\u00e1lu relaxa\u010dn\u00edch a terapeutick\u00fdch mas\u00e1\u017e\u00ed. Na na\u0161em webu si m\u016f\u017eete snadno vybrat mas\u00e1\u017e, vlo\u017eit ji do ko\u0161\u00edku, zaplatit online a ihned obdr\u017eet d\u00e1rkov\u00fd voucher s unik\u00e1tn\u00edm k\u00f3dem. Voucher pak m\u016f\u017eete uplatnit p\u0159\u00edmo na recepci salonu. Rezervace je mo\u017en\u00e1 telefonicky nebo online. Otev\u0159eno m\u00e1me denn\u011b od 9:00 do 21:00.","publisher":{"@id":"https:\/\/mystictemple.cz\/#organization"},"potentialAction":[{"@type":"SearchAction","target":{"@type":"EntryPoint","urlTemplate":"https:\/\/mystictemple.cz\/?s={search_term_string}"},"query-input":{"@type":"PropertyValueSpecification","valueRequired":true,"valueName":"search_term_string"}}],"inLanguage":"en-US"},{"@type":"Organization","@id":"https:\/\/mystictemple.cz\/#organization","name":"Mystic Temple","url":"https:\/\/mystictemple.cz\/","logo":{"@type":"ImageObject","inLanguage":"en-US","@id":"https:\/\/mystictemple.cz\/#\/schema\/logo\/image\/","url":"https:\/\/mystictemple.cz\/wp-content\/uploads\/2024\/02\/logo_temple_transparentni-2.png","contentUrl":"https:\/\/mystictemple.cz\/wp-content\/uploads\/2024\/02\/logo_temple_transparentni-2.png","width":781,"height":586,"caption":"Mystic Temple"},"image":{"@id":"https:\/\/mystictemple.cz\/#\/schema\/logo\/image\/"}}]}},"_links":{"self":[{"href":"https:\/\/mystictemple.cz\/en\/wp-json\/wp\/v2\/pages\/898","targetHints":{"allow":["GET"]}}],"collection":[{"href":"https:\/\/mystictemple.cz\/en\/wp-json\/wp\/v2\/pages"}],"about":[{"href":"https:\/\/mystictemple.cz\/en\/wp-json\/wp\/v2\/types\/page"}],"author":[{"embeddable":true,"href":"https:\/\/mystictemple.cz\/en\/wp-json\/wp\/v2\/users\/1"}],"replies":[{"embeddable":true,"href":"https:\/\/mystictemple.cz\/en\/wp-json\/wp\/v2\/comments?post=898"}],"version-history":[{"count":12,"href":"https:\/\/mystictemple.cz\/en\/wp-json\/wp\/v2\/pages\/898\/revisions"}],"predecessor-version":[{"id":1774,"href":"https:\/\/mystictemple.cz\/en\/wp-json\/wp\/v2\/pages\/898\/revisions\/1774"}],"wp:attachment":[{"href":"https:\/\/mystictemple.cz\/en\/wp-json\/wp\/v2\/media?parent=898"}],"curies":[{"name":"wp","href":"https:\/\/api.w.org\/{rel}","templated":true}]}}