{"id":356,"date":"2024-07-24T06:36:33","date_gmt":"2024-07-24T06:36:33","guid":{"rendered":"https:\/\/mystictemple.cz\/?page_id=356"},"modified":"2025-08-15T07:52:38","modified_gmt":"2025-08-15T07:52:38","slug":"rezervace","status":"publish","type":"page","link":"https:\/\/mystictemple.cz\/en\/rezervace\/","title":{"rendered":"Book now"},"content":{"rendered":"\t\t<div data-elementor-type=\"wp-page\" data-elementor-id=\"356\" class=\"elementor elementor-356\" data-elementor-post-type=\"page\">\n\t\t\t\t<div class=\"elementor-element elementor-element-54b5b372 e-flex e-con-boxed e-con e-parent\" data-id=\"54b5b372\" data-element_type=\"container\" data-e-type=\"container\">\n\t\t\t\t\t<div class=\"e-con-inner\">\n\t\t\t\t<div class=\"elementor-element elementor-element-6ce059b6 elementor-widget elementor-widget-text-editor\" data-id=\"6ce059b6\" data-element_type=\"widget\" data-e-type=\"widget\" data-widget_type=\"text-editor.default\">\n\t\t\t\t<div class=\"elementor-widget-container\">\n\t\t\t\t\t\t\t\t\t\t\t\t\t\t\t\t\t<\/div>\n\t\t\t\t<\/div>\n\t\t\t\t\t<\/div>\n\t\t\t\t<\/div>\n\t\t<div class=\"elementor-element elementor-element-8edd070 e-flex e-con-boxed e-con e-parent\" data-id=\"8edd070\" data-element_type=\"container\" data-e-type=\"container\">\n\t\t\t\t\t<div class=\"e-con-inner\">\n\t\t\t\t<div class=\"elementor-element elementor-element-360d56d elementor-widget elementor-widget-wp-widget-wpforms-widget\" data-id=\"360d56d\" data-element_type=\"widget\" data-e-type=\"widget\" data-widget_type=\"wp-widget-wpforms-widget.default\">\n\t\t\t\t<div class=\"elementor-widget-container\">\n\t\t\t\t\t<h5>Rezervace<\/h5><div class=\"wpforms-container wpforms-container-full wpforms-block wpforms-block-6b9f3c47-c93e-4ebd-ab44-f5488c108ad8 wpforms-render-modern\" id=\"wpforms-353\"><form id=\"wpforms-form-353\" class=\"wpforms-validate wpforms-form wpforms-ajax-form\" data-formid=\"353\" method=\"post\" enctype=\"multipart\/form-data\" action=\"\/en\/wp-json\/wp\/v2\/pages\/356\" data-token=\"c19c703fddb8b46222107ad6162c27fd\" data-token-time=\"1775553648\"><noscript class=\"wpforms-error-noscript\">Please enable JavaScript in your browser to complete this form.<\/noscript><div id=\"wpforms-error-noscript\" style=\"display: none;\">Please enable JavaScript in your browser to complete this form.<\/div><div class=\"wpforms-field-container\"><div id=\"wpforms-353-field_2-container\" class=\"wpforms-field wpforms-field-name\" data-field-id=\"2\"><label class=\"wpforms-field-label\" for=\"wpforms-353-field_2\">Jm\u00e9no <span class=\"wpforms-required-label\" aria-hidden=\"true\">*<\/span><\/label><input type=\"text\" id=\"wpforms-353-field_2\" class=\"wpforms-field-medium wpforms-field-required\" name=\"wpforms[fields][2]\" aria-errormessage=\"wpforms-353-field_2-error\" required><\/div><div id=\"wpforms-353-field_3-container\" class=\"wpforms-field wpforms-field-name\" data-field-id=\"3\"><label class=\"wpforms-field-label\" for=\"wpforms-353-field_3\">P\u0159\u00edjmen\u00ed <span class=\"wpforms-required-label\" aria-hidden=\"true\">*<\/span><\/label><input type=\"text\" id=\"wpforms-353-field_3\" class=\"wpforms-field-medium wpforms-field-required\" name=\"wpforms[fields][3]\" aria-errormessage=\"wpforms-353-field_3-error\" required><\/div><div id=\"wpforms-353-field_4-container\" class=\"wpforms-field wpforms-field-email\" data-field-id=\"4\"><label class=\"wpforms-field-label\" for=\"wpforms-353-field_4\">Email <span class=\"wpforms-required-label\" aria-hidden=\"true\">*<\/span><\/label><input type=\"email\" id=\"wpforms-353-field_4\" class=\"wpforms-field-medium wpforms-field-required\" name=\"wpforms[fields][4]\" spellcheck=\"false\" aria-errormessage=\"wpforms-353-field_4-error\" required><\/div><div id=\"wpforms-353-field_11-container\" class=\"wpforms-field wpforms-field-phone\" data-field-id=\"11\"><label class=\"wpforms-field-label\" for=\"wpforms-353-field_11\">Telefon <span class=\"wpforms-required-label\" aria-hidden=\"true\">*<\/span><\/label><input type=\"tel\" id=\"wpforms-353-field_11\" class=\"wpforms-field-medium wpforms-field-required wpforms-smart-phone-field\" data-rule-smart-phone-field=\"true\" name=\"wpforms[fields][11]\" aria-label=\"Telefon\" aria-errormessage=\"wpforms-353-field_11-error\" required><\/div><div id=\"wpforms-353-field_1-container\" class=\"wpforms-field wpforms-field-select wpforms-field-select-style-classic\" data-field-id=\"1\"><label class=\"wpforms-field-label\" for=\"wpforms-353-field_1\">Slu\u017eba <span class=\"wpforms-required-label\" aria-hidden=\"true\">*<\/span><\/label><select id=\"wpforms-353-field_1\" class=\"wpforms-field-medium wpforms-field-required\" name=\"wpforms[fields][1]\" required=\"required\"><option value=\"Temple classic 30 minut - 790 K\u010d\"  class=\"choice-8 depth-1\"  >Temple classic 30 minut - 790 K\u010d<\/option><option value=\"Temple classic 60 minut - 1490 K\u010d\"  class=\"choice-9 depth-1\"  >Temple classic 60 minut - 1490 K\u010d<\/option><option value=\"Temple classic 90 minut - 1790 K\u010d\"  class=\"choice-10 depth-1\"  >Temple classic 90 minut - 1790 K\u010d<\/option><option value=\"Temple classic 120 minut - 2090 K\u010d\"  class=\"choice-11 depth-1\"  >Temple classic 120 minut - 2090 K\u010d<\/option><option value=\"Foot Relax 30 minut - 790 K\u010d\"  class=\"choice-12 depth-1\"  >Foot Relax 30 minut - 790 K\u010d<\/option><option value=\"Foot Relax 60 minut - 1490 K\u010d\"  class=\"choice-13 depth-1\"  >Foot Relax 60 minut - 1490 K\u010d<\/option><option value=\"Spirit of Siam 60 minut - 1590 K\u010d\"  class=\"choice-14 depth-1\"  >Spirit of Siam 60 minut - 1590 K\u010d<\/option><option value=\"Spirit of Siam 90 minut - 1890 K\u010d\"  class=\"choice-15 depth-1\"  >Spirit of Siam 90 minut - 1890 K\u010d<\/option><option value=\"Spirit of Siam 120 minut - 2190 K\u010d\"  class=\"choice-16 depth-1\"  >Spirit of Siam 120 minut - 2190 K\u010d<\/option><option value=\"Queen\u00b4s Park 60 minut - 1590 K\u010d\"  class=\"choice-17 depth-1\"  >Queen\u00b4s Park 60 minut - 1590 K\u010d<\/option><option value=\"Queen\u00b4s Park 90 minut - 1890 K\u010d\"  class=\"choice-18 depth-1\"  >Queen\u00b4s Park 90 minut - 1890 K\u010d<\/option><option value=\"Queen\u00b4s Park 120 minut - 2190 K\u010d\"  class=\"choice-19 depth-1\"  >Queen\u00b4s Park 120 minut - 2190 K\u010d<\/option><option value=\"Dark Side of Moon 30 min - 790 K\u010d\"  class=\"choice-20 depth-1\"  >Dark Side of Moon 30 min - 790 K\u010d<\/option><option value=\"Dark Side of Moon 60 min - 1490 K\u010d\"  class=\"choice-21 depth-1\"  >Dark Side of Moon 60 min - 1490 K\u010d<\/option><option value=\"Dark Side of Moon 90 min - 1790 K\u010d\"  class=\"choice-22 depth-1\"  >Dark Side of Moon 90 min - 1790 K\u010d<\/option><option value=\"Orient Premium 90 min - 1890 K\u010d\"  class=\"choice-23 depth-1\"  >Orient Premium 90 min - 1890 K\u010d<\/option><option value=\"Thai Silk 60 min - 1490 K\u010d\"  class=\"choice-24 depth-1\"  >Thai Silk 60 min - 1490 K\u010d<\/option><option value=\"Queen of Egypt 120 min - 2390 K\u010d\"  class=\"choice-25 depth-1\"  >Queen of Egypt 120 min - 2390 K\u010d<\/option><option value=\"Ritu\u00e1l Tokoriki a Matamanoa 60 min - 1590 K\u010d\"  class=\"choice-26 depth-1\"  >Ritu\u00e1l Tokoriki a Matamanoa 60 min - 1590 K\u010d<\/option><option value=\"Ritu\u00e1l Tokoriki a Matamanoa 120 min - 2190 K\u010d\"  class=\"choice-27 depth-1\"  >Ritu\u00e1l Tokoriki a Matamanoa 120 min - 2190 K\u010d<\/option><option value=\"Detoxika\u010dn\u00ed z\u00e1bal 90min - 1790 K\u010d\"  class=\"choice-28 depth-1\"  >Detoxika\u010dn\u00ed z\u00e1bal 90min - 1790 K\u010d<\/option><option value=\"Detoxika\u010dn\u00ed z\u00e1bal 120 min - 2090 K\u010d\"  class=\"choice-29 depth-1\"  >Detoxika\u010dn\u00ed z\u00e1bal 120 min - 2090 K\u010d<\/option><option value=\"Honey 60 min - 1390 K\u010d\"  class=\"choice-30 depth-1\"  >Honey 60 min - 1390 K\u010d<\/option><option value=\"Lymfatick\u00e1 mas\u00e1\u017e 60 min - 1490 K\u010d\"  class=\"choice-31 depth-1\"  >Lymfatick\u00e1 mas\u00e1\u017e 60 min - 1490 K\u010d<\/option><option value=\"Lymfatick\u00e1 mas\u00e1\u017e 90 min - 1790 K\u010d\"  class=\"choice-32 depth-1\"  >Lymfatick\u00e1 mas\u00e1\u017e 90 min - 1790 K\u010d<\/option><option value=\"Lymfatick\u00e1 mas\u00e1\u017e 120 min - 2090 K\u010d\"  class=\"choice-33 depth-1\"  >Lymfatick\u00e1 mas\u00e1\u017e 120 min - 2090 K\u010d<\/option><option value=\"Paradise Bali mas\u00e1\u017e 60 min - 1590 K\u010d\"  class=\"choice-34 depth-1\"  >Paradise Bali mas\u00e1\u017e 60 min - 1590 K\u010d<\/option><option value=\"Indick\u00e1 mas\u00e1\u017e 60 min - 1590 K\u010d\"  class=\"choice-35 depth-1\"  >Indick\u00e1 mas\u00e1\u017e 60 min - 1590 K\u010d<\/option><option value=\"Liftingov\u00e1 mas\u00e1\u017e 60 min - 1590 K\u010d\"  class=\"choice-36 depth-1\"  >Liftingov\u00e1 mas\u00e1\u017e 60 min - 1590 K\u010d<\/option><option value=\"Dragon Stones 75 min - 1790 K\u010d\"  class=\"choice-37 depth-1\"  >Dragon Stones 75 min - 1790 K\u010d<\/option><option value=\"Dargon Stone Face 30 min - 790 K\u010d\"  class=\"choice-38 depth-1\"  >Dargon Stone Face 30 min - 790 K\u010d<\/option><option value=\"Swedish School 30 min - 790 K\u010d\"  class=\"choice-39 depth-1\"  >Swedish School 30 min - 790 K\u010d<\/option><option value=\"Swedish School 60 min - 1490 K\u010d\"  class=\"choice-40 depth-1\"  >Swedish School 60 min - 1490 K\u010d<\/option><option value=\"Swedish School 90 min - 1790 K\u010d\"  class=\"choice-41 depth-1\"  >Swedish School 90 min - 1790 K\u010d<\/option><option value=\"Mystic Face 30 min - 790 K\u010d\"  class=\"choice-42 depth-1\"  >Mystic Face 30 min - 790 K\u010d<\/option><option value=\"Tibet mas\u00e1\u017e 60 min - 1750 K\u010d\"  class=\"choice-43 depth-1\"  >Tibet mas\u00e1\u017e 60 min - 1750 K\u010d<\/option><option value=\"Bamboo mas\u00e1\u017e 60 min - 1590 K\u010d\"  class=\"choice-44 depth-1\"  >Bamboo mas\u00e1\u017e 60 min - 1590 K\u010d<\/option><option value=\"Ritual Candle 90 min - 1850 K\u010d\"  class=\"choice-45 depth-1\"  >Ritual Candle 90 min - 1850 K\u010d<\/option><option value=\"Soap Dream 90 min - 1750 K\u010d\"  class=\"choice-46 depth-1\"  >Soap Dream 90 min - 1750 K\u010d<\/option><option value=\"Just Slim 60 min - 1590 K\u010d\"  class=\"choice-47 depth-1\"  >Just Slim 60 min - 1590 K\u010d<\/option><option value=\"Chocolate Treatment 90min - 1750 K\u010d\"  class=\"choice-48 depth-1\"  >Chocolate Treatment 90min - 1750 K\u010d<\/option><option value=\"Green Tea Ceremony 90 min - 1750 K\u010d\"  class=\"choice-49 depth-1\"  >Green Tea Ceremony 90 min - 1750 K\u010d<\/option><option value=\"Grape treatment 90 min - 1750 K\u010d\"  class=\"choice-50 depth-1\"  >Grape treatment 90 min - 1750 K\u010d<\/option><option value=\"Abhyanga 60 min - 1690 K\u010d\"  class=\"choice-51 depth-1\"  >Abhyanga 60 min - 1690 K\u010d<\/option><option value=\"Shirodara 60 min - 2050 K\u010d\"  class=\"choice-52 depth-1\"  >Shirodara 60 min - 2050 K\u010d<\/option><option value=\"Thalia Vimardana 90 min - 2250 K\u010d\"  class=\"choice-53 depth-1\"  >Thalia Vimardana 90 min - 2250 K\u010d<\/option><option value=\"Pada Abyanga 30 min - 850 K\u010d\"  class=\"choice-54 depth-1\"  >Pada Abyanga 30 min - 850 K\u010d<\/option><option value=\"Kati Abyanga 30 min - 850 K\u010d\"  class=\"choice-55 depth-1\"  >Kati Abyanga 30 min - 850 K\u010d<\/option><option value=\"Darphin  60 min 1590 K\u010d\"  class=\"choice-56 depth-1\"  >Darphin  60 min 1590 K\u010d<\/option><option value=\"Darphin  90 min 2090 K\u010d\"  class=\"choice-58 depth-1\"  >Darphin  90 min 2090 K\u010d<\/option><option value=\"Darphin Perfectly Radiant 60 min 1790 K\u010d\"  class=\"choice-57 depth-1\"  >Darphin Perfectly Radiant 60 min 1790 K\u010d<\/option><option value=\"Darphin Perfectly Radiant 90 min 2390 K\u010d\"  class=\"choice-59 depth-1\"  >Darphin Perfectly Radiant 90 min 2390 K\u010d<\/option><option value=\"Thalgo 60 min 1590 K\u010d\"  class=\"choice-60 depth-1\"  >Thalgo 60 min 1590 K\u010d<\/option><option value=\"Thalgo 90 min 2090 K\u010d\"  class=\"choice-61 depth-1\"  >Thalgo 90 min 2090 K\u010d<\/option><option value=\"Thalgo Prodixi 60 min 1790 K\u010d\"  class=\"choice-62 depth-1\"  >Thalgo Prodixi 60 min 1790 K\u010d<\/option><option value=\"Thalgo Prodixi 90 min 2390 K\u010d\"  class=\"choice-63 depth-1\"  >Thalgo Prodixi 90 min 2390 K\u010d<\/option><option value=\"Thalgo Vulkanick\u00fd sen 90 min 2100 K\u010d\"  class=\"choice-64 depth-1\"  >Thalgo Vulkanick\u00fd sen 90 min 2100 K\u010d<\/option><option value=\"Thalgo Vulkanick\u00fd sen 120 min 2600 K\u010d\"  class=\"choice-65 depth-1\"  >Thalgo Vulkanick\u00fd sen 120 min 2600 K\u010d<\/option><option value=\"Manik\u00fara 60 min 950 K\u010d\"  class=\"choice-66 depth-1\"  >Manik\u00fara 60 min 950 K\u010d<\/option><option value=\"Spa Manik\u00fara 90 min 1190 K\u010d\"  class=\"choice-67 depth-1\"  >Spa Manik\u00fara 90 min 1190 K\u010d<\/option><option value=\"Pedik\u00fara 60 min 1090 K\u010d\"  class=\"choice-68 depth-1\"  >Pedik\u00fara 60 min 1090 K\u010d<\/option><option value=\"Spa Pedik\u00fara 90 min 1290 K\u010d\"  class=\"choice-69 depth-1\"  >Spa Pedik\u00fara 90 min 1290 K\u010d<\/option><\/select><\/div><div id=\"wpforms-353-field_9-container\" class=\"wpforms-field wpforms-field-date-time\" data-field-id=\"9\"><fieldset><legend class=\"wpforms-field-label\">Datum \/ \u010cas rezervace<\/legend><div class=\"wpforms-field-row wpforms-field-medium\"><div class=\"wpforms-field-row-block wpforms-date-type-datepicker\"><div class=\"wpforms-datepicker-wrap\"><input type=\"text\" id=\"wpforms-353-field_9\" class=\"wpforms-field-date-time-date wpforms-datepicker\" data-date-format=\"d\/m\/Y\" data-disable-past-dates=\"1\" data-disable-todays-date=\"0\" data-input=\"true\" name=\"wpforms[fields][9][date]\" aria-errormessage=\"wpforms-353-field_9-error\" ><a title=\"Clear Date\" data-clear role=\"button\" tabindex=\"0\" class=\"wpforms-datepicker-clear\" aria-label=\"Clear Date\" style=\"display:none;\"><\/a><\/div><label for=\"wpforms-353-field_9\" class=\"wpforms-field-sublabel after\">Date<\/label><\/div><div class=\"wpforms-field-row-block\"><input type=\"text\" id=\"wpforms-353-field_9-time\" class=\"wpforms-field-date-time-time wpforms-timepicker\" data-time-format=\"H:i\" data-step=\"30\" data-rule-time24h=\"true\" data-min-time=\"09:00\" data-max-time=\"20:30\" data-rule-time-limit=\"true\" name=\"wpforms[fields][9][time]\" aria-errormessage=\"wpforms-353-field_9-time-error\" ><label for=\"wpforms-353-field_9-time\" class=\"wpforms-field-sublabel after\">Time<\/label><\/div><\/div><\/fieldset><\/div><div id=\"wpforms-353-field_7-container\" class=\"wpforms-field wpforms-field-textarea\" data-field-id=\"7\"><label class=\"wpforms-field-label\" for=\"wpforms-353-field_7\">Pozn\u00e1mka<\/label><textarea id=\"wpforms-353-field_7\" class=\"wpforms-field-medium\" name=\"wpforms[fields][7]\" aria-errormessage=\"wpforms-353-field_7-error\" ><\/textarea><\/div><\/div><!-- .wpforms-field-container --><div class=\"wpforms-submit-container\" ><input type=\"hidden\" name=\"wpforms[id]\" value=\"353\"><input type=\"hidden\" name=\"page_title\" value=\"\"><input type=\"hidden\" name=\"page_url\" value=\"https:\/\/mystictemple.cz\/en\/wp-json\/wp\/v2\/pages\/356\"><input type=\"hidden\" name=\"url_referer\" value=\"\"><button type=\"submit\" name=\"wpforms[submit]\" id=\"wpforms-submit-353\" class=\"wpforms-submit\" data-alt-text=\"Sending...\" data-submit-text=\"Rezervovat\" aria-live=\"assertive\" value=\"wpforms-submit\">Rezervovat<\/button><img decoding=\"async\" src=\"https:\/\/mystictemple.cz\/wp-content\/plugins\/wpforms\/assets\/images\/submit-spin.svg\" class=\"wpforms-submit-spinner\" style=\"display: none;\" width=\"26\" height=\"26\" alt=\"Loading\"><\/div><\/form><\/div>  <!-- .wpforms-container -->\t\t\t\t<\/div>\n\t\t\t\t<\/div>\n\t\t\t\t\t<\/div>\n\t\t\t\t<\/div>\n\t\t\t\t<\/div>\n\t\t","protected":false},"excerpt":{"rendered":"","protected":false},"author":1,"featured_media":0,"parent":0,"menu_order":0,"comment_status":"closed","ping_status":"closed","template":"","meta":{"footnotes":""},"class_list":["post-356","page","type-page","status-publish","hentry"],"yoast_head":"<!-- This site is optimized with the Yoast SEO plugin v27.1.1 - https:\/\/yoast.com\/product\/yoast-seo-wordpress\/ -->\n<title>Rezervace - Mystic Temple<\/title>\n<meta name=\"robots\" content=\"index, follow, max-snippet:-1, max-image-preview:large, max-video-preview:-1\" \/>\n<link rel=\"canonical\" href=\"https:\/\/mystictemple.cz\/en\/rezervace\/\" \/>\n<meta property=\"og:locale\" content=\"en_US\" \/>\n<meta property=\"og:type\" content=\"article\" \/>\n<meta property=\"og:title\" content=\"Rezervace - Mystic Temple\" \/>\n<meta property=\"og:url\" content=\"https:\/\/mystictemple.cz\/en\/rezervace\/\" \/>\n<meta property=\"og:site_name\" content=\"Mystic Temple\" \/>\n<meta property=\"article:modified_time\" content=\"2025-08-15T07:52:38+00:00\" \/>\n<meta name=\"twitter:card\" content=\"summary_large_image\" \/>\n<meta name=\"twitter:label1\" content=\"Est. reading time\" \/>\n\t<meta name=\"twitter:data1\" content=\"2 minutes\" \/>\n<script type=\"application\/ld+json\" class=\"yoast-schema-graph\">{\"@context\":\"https:\/\/schema.org\",\"@graph\":[{\"@type\":\"WebPage\",\"@id\":\"https:\/\/mystictemple.cz\/rezervace\/\",\"url\":\"https:\/\/mystictemple.cz\/rezervace\/\",\"name\":\"Rezervace - Mystic Temple\",\"isPartOf\":{\"@id\":\"https:\/\/mystictemple.cz\/#website\"},\"datePublished\":\"2024-07-24T06:36:33+00:00\",\"dateModified\":\"2025-08-15T07:52:38+00:00\",\"breadcrumb\":{\"@id\":\"https:\/\/mystictemple.cz\/rezervace\/#breadcrumb\"},\"inLanguage\":\"en-US\",\"potentialAction\":[{\"@type\":\"ReadAction\",\"target\":[\"https:\/\/mystictemple.cz\/rezervace\/\"]}]},{\"@type\":\"BreadcrumbList\",\"@id\":\"https:\/\/mystictemple.cz\/rezervace\/#breadcrumb\",\"itemListElement\":[{\"@type\":\"ListItem\",\"position\":1,\"name\":\"Dom\u016f\",\"item\":\"https:\/\/mystictemple.cz\/\"},{\"@type\":\"ListItem\",\"position\":2,\"name\":\"Rezervace\"}]},{\"@type\":\"WebSite\",\"@id\":\"https:\/\/mystictemple.cz\/#website\",\"url\":\"https:\/\/mystictemple.cz\/\",\"name\":\"Mystic Temple\",\"description\":\"Mystic Temple je mas\u00e1\u017en\u00ed salon v centru Prahy, kter\u00fd nab\u00edz\u00ed \u0161irokou \u0161k\u00e1lu relaxa\u010dn\u00edch a terapeutick\u00fdch mas\u00e1\u017e\u00ed. Na na\u0161em webu si m\u016f\u017eete snadno vybrat mas\u00e1\u017e, vlo\u017eit ji do ko\u0161\u00edku, zaplatit online a ihned obdr\u017eet d\u00e1rkov\u00fd voucher s unik\u00e1tn\u00edm k\u00f3dem. Voucher pak m\u016f\u017eete uplatnit p\u0159\u00edmo na recepci salonu. Rezervace je mo\u017en\u00e1 telefonicky nebo online. Otev\u0159eno m\u00e1me denn\u011b od 9:00 do 21:00.\",\"publisher\":{\"@id\":\"https:\/\/mystictemple.cz\/#organization\"},\"potentialAction\":[{\"@type\":\"SearchAction\",\"target\":{\"@type\":\"EntryPoint\",\"urlTemplate\":\"https:\/\/mystictemple.cz\/?s={search_term_string}\"},\"query-input\":{\"@type\":\"PropertyValueSpecification\",\"valueRequired\":true,\"valueName\":\"search_term_string\"}}],\"inLanguage\":\"en-US\"},{\"@type\":\"Organization\",\"@id\":\"https:\/\/mystictemple.cz\/#organization\",\"name\":\"Mystic Temple\",\"url\":\"https:\/\/mystictemple.cz\/\",\"logo\":{\"@type\":\"ImageObject\",\"inLanguage\":\"en-US\",\"@id\":\"https:\/\/mystictemple.cz\/#\/schema\/logo\/image\/\",\"url\":\"https:\/\/mystictemple.cz\/wp-content\/uploads\/2024\/02\/logo_temple_transparentni-2.png\",\"contentUrl\":\"https:\/\/mystictemple.cz\/wp-content\/uploads\/2024\/02\/logo_temple_transparentni-2.png\",\"width\":781,\"height\":586,\"caption\":\"Mystic Temple\"},\"image\":{\"@id\":\"https:\/\/mystictemple.cz\/#\/schema\/logo\/image\/\"}}]}<\/script>\n<!-- \/ Yoast SEO plugin. -->","yoast_head_json":{"title":"Rezervace - Mystic Temple","robots":{"index":"index","follow":"follow","max-snippet":"max-snippet:-1","max-image-preview":"max-image-preview:large","max-video-preview":"max-video-preview:-1"},"canonical":"https:\/\/mystictemple.cz\/en\/rezervace\/","og_locale":"en_US","og_type":"article","og_title":"Rezervace - Mystic Temple","og_url":"https:\/\/mystictemple.cz\/en\/rezervace\/","og_site_name":"Mystic Temple","article_modified_time":"2025-08-15T07:52:38+00:00","twitter_card":"summary_large_image","twitter_misc":{"Est. reading time":"2 minutes"},"schema":{"@context":"https:\/\/schema.org","@graph":[{"@type":"WebPage","@id":"https:\/\/mystictemple.cz\/rezervace\/","url":"https:\/\/mystictemple.cz\/rezervace\/","name":"Rezervace - Mystic Temple","isPartOf":{"@id":"https:\/\/mystictemple.cz\/#website"},"datePublished":"2024-07-24T06:36:33+00:00","dateModified":"2025-08-15T07:52:38+00:00","breadcrumb":{"@id":"https:\/\/mystictemple.cz\/rezervace\/#breadcrumb"},"inLanguage":"en-US","potentialAction":[{"@type":"ReadAction","target":["https:\/\/mystictemple.cz\/rezervace\/"]}]},{"@type":"BreadcrumbList","@id":"https:\/\/mystictemple.cz\/rezervace\/#breadcrumb","itemListElement":[{"@type":"ListItem","position":1,"name":"Dom\u016f","item":"https:\/\/mystictemple.cz\/"},{"@type":"ListItem","position":2,"name":"Rezervace"}]},{"@type":"WebSite","@id":"https:\/\/mystictemple.cz\/#website","url":"https:\/\/mystictemple.cz\/","name":"Mystic Temple","description":"Mystic Temple je mas\u00e1\u017en\u00ed salon v centru Prahy, kter\u00fd nab\u00edz\u00ed \u0161irokou \u0161k\u00e1lu relaxa\u010dn\u00edch a terapeutick\u00fdch mas\u00e1\u017e\u00ed. Na na\u0161em webu si m\u016f\u017eete snadno vybrat mas\u00e1\u017e, vlo\u017eit ji do ko\u0161\u00edku, zaplatit online a ihned obdr\u017eet d\u00e1rkov\u00fd voucher s unik\u00e1tn\u00edm k\u00f3dem. Voucher pak m\u016f\u017eete uplatnit p\u0159\u00edmo na recepci salonu. Rezervace je mo\u017en\u00e1 telefonicky nebo online. Otev\u0159eno m\u00e1me denn\u011b od 9:00 do 21:00.","publisher":{"@id":"https:\/\/mystictemple.cz\/#organization"},"potentialAction":[{"@type":"SearchAction","target":{"@type":"EntryPoint","urlTemplate":"https:\/\/mystictemple.cz\/?s={search_term_string}"},"query-input":{"@type":"PropertyValueSpecification","valueRequired":true,"valueName":"search_term_string"}}],"inLanguage":"en-US"},{"@type":"Organization","@id":"https:\/\/mystictemple.cz\/#organization","name":"Mystic Temple","url":"https:\/\/mystictemple.cz\/","logo":{"@type":"ImageObject","inLanguage":"en-US","@id":"https:\/\/mystictemple.cz\/#\/schema\/logo\/image\/","url":"https:\/\/mystictemple.cz\/wp-content\/uploads\/2024\/02\/logo_temple_transparentni-2.png","contentUrl":"https:\/\/mystictemple.cz\/wp-content\/uploads\/2024\/02\/logo_temple_transparentni-2.png","width":781,"height":586,"caption":"Mystic Temple"},"image":{"@id":"https:\/\/mystictemple.cz\/#\/schema\/logo\/image\/"}}]}},"_links":{"self":[{"href":"https:\/\/mystictemple.cz\/en\/wp-json\/wp\/v2\/pages\/356","targetHints":{"allow":["GET"]}}],"collection":[{"href":"https:\/\/mystictemple.cz\/en\/wp-json\/wp\/v2\/pages"}],"about":[{"href":"https:\/\/mystictemple.cz\/en\/wp-json\/wp\/v2\/types\/page"}],"author":[{"embeddable":true,"href":"https:\/\/mystictemple.cz\/en\/wp-json\/wp\/v2\/users\/1"}],"replies":[{"embeddable":true,"href":"https:\/\/mystictemple.cz\/en\/wp-json\/wp\/v2\/comments?post=356"}],"version-history":[{"count":13,"href":"https:\/\/mystictemple.cz\/en\/wp-json\/wp\/v2\/pages\/356\/revisions"}],"predecessor-version":[{"id":1923,"href":"https:\/\/mystictemple.cz\/en\/wp-json\/wp\/v2\/pages\/356\/revisions\/1923"}],"wp:attachment":[{"href":"https:\/\/mystictemple.cz\/en\/wp-json\/wp\/v2\/media?parent=356"}],"curies":[{"name":"wp","href":"https:\/\/api.w.org\/{rel}","templated":true}]}}